{"id":6612,"date":"2025-04-18T07:28:19","date_gmt":"2025-04-18T07:28:19","guid":{"rendered":"https:\/\/www.ceramicbasin.com\/?post_type=product&#038;p=6612"},"modified":"2025-11-05T03:39:09","modified_gmt":"2025-11-05T03:39:09","slug":"custom-sink-countertops","status":"publish","type":"product","link":"https:\/\/www.ceramicbasin.com\/pt\/produto\/custom-sink-countertops\/","title":{"rendered":"Bancadas de lavat\u00f3rio personalizadas Bacias por atacado com impress\u00e3o OEM"},"content":{"rendered":"<div class=\"wp-block-columns is-layout-flex wp-container-core-columns-is-layout-9d6595d7 wp-block-columns-is-layout-flex\">\n<div class=\"wp-block-column is-layout-flow wp-block-column-is-layout-flow\">\n<h2 class=\"wp-block-heading\">Carater\u00edsticas das bancadas de lavat\u00f3rio personalizadas Premium:<\/h2>\n\n\n\n<ul class=\"wp-block-list\">\n<li><strong>Tecnologia \u00fanica de transfer\u00eancia de \u00e1gua para criar uma textura preta de alta qualidade: <\/strong>As nossas bancadas de lavat\u00f3rio personalizadas utilizam uma t\u00e9cnica de transfer\u00eancia de \u00e1gua de \u00faltima gera\u00e7\u00e3o e a superf\u00edcie do lavat\u00f3rio de cer\u00e2mica apresenta um brilho preto intenso e com v\u00e1rias camadas, uma textura fina e uniforme e suavidade.<\/li>\n\n\n\n<li><strong>Design oval elegante, adequado para uma variedade de estilos de espa\u00e7o:<\/strong> Este lavat\u00f3rio art\u00edstico mate a granel apresenta um design oval cl\u00e1ssico com linhas suaves e finas, sendo simultaneamente moderno e art\u00edstico. Independentemente do estilo de simplicidade moderna, do estilo industrial ou do estilo de luxo retro, este lavat\u00f3rio art\u00edstico em cer\u00e2mica pode ser facilmente incorporado.<\/li>\n\n\n\n<li><strong>Material cer\u00e2mico de alta qualidade, dur\u00e1vel e f\u00e1cil de limpar: <\/strong>S\u00e3o utilizadas mat\u00e9rias-primas cer\u00e2micas de alta qualidade para produzir estas bancadas de lavat\u00f3rio personalizadas, que s\u00e3o cozidas a altas temperaturas. O corpo do lavat\u00f3rio \u00e9 duro e resistente, com resist\u00eancia \u00e0s manchas e aos riscos. A superf\u00edcie \u00e9 suave e lisa, e \u00e9 dif\u00edcil deixar manchas de \u00e1gua e sujidade. A limpeza di\u00e1ria \u00e9 f\u00e1cil e pode restaurar o brilho.<\/li>\n\n\n\n<li><strong>Apoiar servi\u00e7os personalizados para responder a necessidades personalizadas: <\/strong>Fornecemos uma gama completa de servi\u00e7os personalizados para bacia de arte mate a granel. Os clientes podem escolher o tamanho, a cor e o padr\u00e3o de acordo com as suas necessidades para criar uma arte de casa de banho \u00fanica.<\/li>\n<\/ul>\n<\/div>\n\n\n\n<div class=\"wp-block-column is-layout-flow wp-block-column-is-layout-flow\">\n<figure class=\"wp-block-image size-full\"><img fetchpriority=\"high\" decoding=\"async\" width=\"916\" height=\"1211\" src=\"https:\/\/www.ceramicbasin.com\/wp-content\/uploads\/2025\/04\/Water-Transfer-Printing-Ceramic-Hand-Wash-Basin-6.jpg\" alt=\"impress\u00e3o de transfer\u00eancia de \u00e1gua de tampos de lavat\u00f3rio personalizados-1\" class=\"wp-image-6613\" srcset=\"https:\/\/www.ceramicbasin.com\/wp-content\/uploads\/2025\/04\/Water-Transfer-Printing-Ceramic-Hand-Wash-Basin-6.jpg 916w, https:\/\/www.ceramicbasin.com\/wp-content\/uploads\/2025\/04\/Water-Transfer-Printing-Ceramic-Hand-Wash-Basin-6-227x300.jpg 227w, https:\/\/www.ceramicbasin.com\/wp-content\/uploads\/2025\/04\/Water-Transfer-Printing-Ceramic-Hand-Wash-Basin-6-768x1015.jpg 768w, https:\/\/www.ceramicbasin.com\/wp-content\/uploads\/2025\/04\/Water-Transfer-Printing-Ceramic-Hand-Wash-Basin-6-9x12.jpg 9w, https:\/\/www.ceramicbasin.com\/wp-content\/uploads\/2025\/04\/Water-Transfer-Printing-Ceramic-Hand-Wash-Basin-6-285x377.jpg 285w, https:\/\/www.ceramicbasin.com\/wp-content\/uploads\/2025\/04\/Water-Transfer-Printing-Ceramic-Hand-Wash-Basin-6-499x660.jpg 499w, https:\/\/www.ceramicbasin.com\/wp-content\/uploads\/2025\/04\/Water-Transfer-Printing-Ceramic-Hand-Wash-Basin-6-113x150.jpg 113w\" sizes=\"(max-width: 916px) 100vw, 916px\" \/><\/figure>\n<\/div>\n<\/div>\n\n\n\n<p><\/p>","protected":false},"excerpt":{"rendered":"<p>Bem-vindo \u00e0 compra de bancadas de lavat\u00f3rio personalizadas. Este lavat\u00f3rio oval preto mate a granel adopta uma tecnologia avan\u00e7ada de impress\u00e3o por transfer\u00eancia de \u00e1gua, apresentando uma textura preta profunda e elegante, com uma forma oval suave, adequada a uma variedade de estilos de espa\u00e7o.<\/p>\n<table style=\"border-collapse: collapse; width: 311.02pt;\" border=\"0\" width=\"311\" cellspacing=\"0\" cellpadding=\"0\">\n<tbody>\n<tr style=\"height: 17.60pt;\">\n<td class=\"et3\" style=\"height: 17.60pt; width: 108.35pt;\" width=\"108\" height=\"17\">Fabricante<\/td>\n<td class=\"et3\" style=\"width: 202.95pt;\" width=\"202\">HanYu<\/td>\n<\/tr>\n<tr style=\"height: 17.60pt;\">\n<td class=\"et3\" style=\"height: 17.60pt;\" height=\"17\">Modelo n.<\/td>\n<td class=\"et4\">HY-8024D114<\/td>\n<\/tr>\n<tr style=\"height: 17.60pt;\">\n<td class=\"et3\" style=\"height: 17.60pt;\" height=\"17\">Tipo<\/td>\n<td class=\"et3\">Lavat\u00f3rio de bancada<\/td>\n<\/tr>\n<tr style=\"height: 17.60pt;\">\n<td class=\"et3\" style=\"height: 17.60pt;\" height=\"17\">Forma\u00a0\u00a0<\/td>\n<td class=\"et2\">Forma retangular<\/td>\n<\/tr>\n<tr style=\"height: 17.60pt;\">\n<td class=\"et4\" style=\"height: 17.60pt;\" height=\"17\">Cor<\/td>\n<td class=\"et3\">Preto<\/td>\n<\/tr>\n<tr style=\"height: 18.00pt;\">\n<td class=\"et3\" style=\"height: 18.00pt;\" height=\"18\">Dimens\u00e3o<\/td>\n<td class=\"et5\" style=\"width: 202.95pt;\" width=\"202\">50*38.5*13<\/td>\n<\/tr>\n<tr style=\"height: 17.60pt;\">\n<td class=\"et3\" style=\"height: 17.60pt;\" height=\"17\">N.W \/SET<\/td>\n<td class=\"et3\">12KGS\/PCS<\/td>\n<\/tr>\n<tr style=\"height: 17.60pt;\">\n<td class=\"et3\" style=\"height: 17.60pt;\" height=\"17\">MOQ<\/td>\n<td class=\"et3\">20 unidades<\/td>\n<\/tr>\n<tr style=\"height: 17.60pt;\">\n<td class=\"et3\" style=\"height: 17.60pt;\" height=\"17\">Op\u00e7\u00e3o personalizada<\/td>\n<td class=\"et3\">Cor\/Patente\/Tamanho\/Logotipo\/Embalagem<\/td>\n<\/tr>\n<\/tbody>\n<\/table>","protected":false},"featured_media":6614,"comment_status":"closed","ping_status":"closed","template":"","meta":{"_acf_changed":false},"product_brand":[],"product_cat":[50,54],"product_tag":[],"class_list":{"0":"post-6612","1":"product","2":"type-product","3":"status-publish","4":"has-post-thumbnail","6":"product_cat-wholesale-countertop-sinks","7":"product_cat-wholesale-marble-sinks","9":"first","10":"instock","11":"shipping-taxable","12":"product-type-simple"},"acf":[],"_links":{"self":[{"href":"https:\/\/www.ceramicbasin.com\/pt\/wp-json\/wp\/v2\/product\/6612","targetHints":{"allow":["GET"]}}],"collection":[{"href":"https:\/\/www.ceramicbasin.com\/pt\/wp-json\/wp\/v2\/product"}],"about":[{"href":"https:\/\/www.ceramicbasin.com\/pt\/wp-json\/wp\/v2\/types\/product"}],"replies":[{"embeddable":true,"href":"https:\/\/www.ceramicbasin.com\/pt\/wp-json\/wp\/v2\/comments?post=6612"}],"wp:featuredmedia":[{"embeddable":true,"href":"https:\/\/www.ceramicbasin.com\/pt\/wp-json\/wp\/v2\/media\/6614"}],"wp:attachment":[{"href":"https:\/\/www.ceramicbasin.com\/pt\/wp-json\/wp\/v2\/media?parent=6612"}],"wp:term":[{"taxonomy":"product_brand","embeddable":true,"href":"https:\/\/www.ceramicbasin.com\/pt\/wp-json\/wp\/v2\/product_brand?post=6612"},{"taxonomy":"product_cat","embeddable":true,"href":"https:\/\/www.ceramicbasin.com\/pt\/wp-json\/wp\/v2\/product_cat?post=6612"},{"taxonomy":"product_tag","embeddable":true,"href":"https:\/\/www.ceramicbasin.com\/pt\/wp-json\/wp\/v2\/product_tag?post=6612"}],"curies":[{"name":"wp","href":"https:\/\/api.w.org\/{rel}","templated":true}]}}