{"id":6665,"date":"2025-04-25T03:43:12","date_gmt":"2025-04-25T03:43:12","guid":{"rendered":"https:\/\/www.ceramicbasin.com\/?post_type=product&#038;p=6665"},"modified":"2025-04-25T03:43:29","modified_gmt":"2025-04-25T03:43:29","slug":"custom-made-vanity-basins","status":"publish","type":"product","link":"https:\/\/www.ceramicbasin.com\/pt\/produto\/custom-made-vanity-basins\/","title":{"rendered":"Bacias de toucador feitas \u00e0 medida, lavat\u00f3rio de vaso de cor mate por atacado"},"content":{"rendered":"<div class=\"wp-block-columns is-layout-flex wp-container-core-columns-is-layout-9d6595d7 wp-block-columns-is-layout-flex\">\n<div class=\"wp-block-column is-layout-flow wp-block-column-is-layout-flow\">\n<h2 class=\"wp-block-heading\">Bacias de toucador Premium feitas \u00e0 medida Carater\u00edsticas:<\/h2>\n\n\n\n<ul class=\"wp-block-list\">\n<li><strong>Design de moda:<\/strong>\u00a0Os nossos lavat\u00f3rios feitos \u00e0 medida t\u00eam um design moderno e elegante com linhas suaves, s\u00e3o adequados para v\u00e1rias disposi\u00e7\u00f5es de casa de banho e melhoram a beleza e o grau geral do espa\u00e7o.<\/li>\n\n\n\n<li><strong>Material cer\u00e2mico de alta qualidade:\u00a0<\/strong>Este lava-loi\u00e7a por atacado \u00e9 feito de vidro de alta qualidade com elevada transpar\u00eancia e textura delicada, que tem excelentes efeitos visuais e um sentido moderno, garantindo a durabilidade e a beleza do produto.<\/li>\n\n\n\n<li><strong>Colorido:\u00a0<\/strong>A cor de m\u00e1rmore das nossas bacias de toucador personalizadas \u00e9 feita por impress\u00e3o de transfer\u00eancia de \u00e1gua b\u00e1sica em bacias de cer\u00e2mica normais. Tem bom aspeto e \u00e9 elegante. Temos mais de 100 op\u00e7\u00f5es de cores. Pode ser feita em todos os modelos que temos.<\/li>\n\n\n\n<li><strong>Otimiza\u00e7\u00e3o de custos:\u00a0<\/strong>Como fabricante de lavat\u00f3rios de casa de banho, o nosso lavat\u00f3rio de vaso por atacado \u00e9 vendido diretamente da f\u00e1brica, garantindo que pode desfrutar de produtos de alta qualidade, mantendo o or\u00e7amento do projeto e maximizando a rela\u00e7\u00e3o custo-efic\u00e1cia.<\/li>\n<\/ul>\n<\/div>\n\n\n\n<div class=\"wp-block-column is-layout-flow wp-block-column-is-layout-flow\">\n<figure class=\"wp-block-image size-full\"><img fetchpriority=\"high\" decoding=\"async\" width=\"800\" height=\"1068\" src=\"https:\/\/www.ceramicbasin.com\/wp-content\/uploads\/2025\/04\/Wholesale-basin-factory-Counter-top-marble-color-sinks-5.webp\" alt=\"Bacias de toucador feitas \u00e0 medida, lavat\u00f3rio de vaso de cor mate por atacado-1\" class=\"wp-image-6664\" srcset=\"https:\/\/www.ceramicbasin.com\/wp-content\/uploads\/2025\/04\/Wholesale-basin-factory-Counter-top-marble-color-sinks-5.webp 800w, https:\/\/www.ceramicbasin.com\/wp-content\/uploads\/2025\/04\/Wholesale-basin-factory-Counter-top-marble-color-sinks-5-225x300.webp 225w, https:\/\/www.ceramicbasin.com\/wp-content\/uploads\/2025\/04\/Wholesale-basin-factory-Counter-top-marble-color-sinks-5-768x1025.webp 768w, https:\/\/www.ceramicbasin.com\/wp-content\/uploads\/2025\/04\/Wholesale-basin-factory-Counter-top-marble-color-sinks-5-9x12.webp 9w, https:\/\/www.ceramicbasin.com\/wp-content\/uploads\/2025\/04\/Wholesale-basin-factory-Counter-top-marble-color-sinks-5-285x380.webp 285w, https:\/\/www.ceramicbasin.com\/wp-content\/uploads\/2025\/04\/Wholesale-basin-factory-Counter-top-marble-color-sinks-5-494x660.webp 494w, https:\/\/www.ceramicbasin.com\/wp-content\/uploads\/2025\/04\/Wholesale-basin-factory-Counter-top-marble-color-sinks-5-112x150.webp 112w\" sizes=\"(max-width: 800px) 100vw, 800px\" \/><\/figure>\n<\/div>\n<\/div>\n\n\n\n<p><\/p>","protected":false},"excerpt":{"rendered":"<p>Bem-vindo \u00e0 compra de bacias de vaidade feitas \u00e0 medida. O nosso lavat\u00f3rio de cor mate por atacado tem um design moderno e elegante com linhas suaves, \u00e9 adequado para v\u00e1rias disposi\u00e7\u00f5es de casa de banho e real\u00e7a a beleza geral e o grau do espa\u00e7o. Temos mais de 100 op\u00e7\u00f5es de cores. Pode ser feito em todos os modelos que temos.<\/p>\n<table style=\"border-collapse: collapse; width: 358.52pt;\" border=\"0\" width=\"478\" cellspacing=\"0\" cellpadding=\"0\">\n<tbody>\n<tr style=\"height: 17.25pt;\">\n<td class=\"et3\" style=\"height: 17.25pt; width: 125.00pt;\" width=\"166\" height=\"23\">Fabricante<\/td>\n<td class=\"et3\" style=\"width: 234.15pt;\" width=\"312\">HanYu<\/td>\n<\/tr>\n<tr style=\"height: 17.25pt;\">\n<td class=\"et3\" style=\"height: 17.25pt;\" height=\"23\">Modelo n.<\/td>\n<td class=\"et4\">HY-8064-45D110<\/td>\n<\/tr>\n<tr style=\"height: 17.25pt;\">\n<td class=\"et3\" style=\"height: 17.25pt;\" height=\"23\">Tipo<\/td>\n<td class=\"et5\" style=\"width: 234.15pt;\" width=\"312\">Pias de m\u00e1rmore<\/td>\n<\/tr>\n<tr style=\"height: 18.00pt;\">\n<td class=\"et3\" style=\"height: 18.00pt;\" height=\"24\">Forma<\/td>\n<td class=\"et3\">Forma retangular<\/td>\n<\/tr>\n<tr style=\"height: 34.50pt;\">\n<td class=\"et4\" style=\"height: 34.50pt;\" height=\"46\">Cor<\/td>\n<td class=\"et5\" style=\"width: 234.15pt;\" width=\"312\">preto\/branco\/azul\/cinzento\/rosa\/verde\/castanho\/caqui<\/td>\n<\/tr>\n<tr style=\"height: 18.00pt;\">\n<td class=\"et3\" style=\"height: 18.00pt;\" height=\"24\">Dimens\u00e3o<\/td>\n<td class=\"et5\" style=\"width: 234.15pt;\" width=\"312\">45*38*11<\/td>\n<\/tr>\n<tr style=\"height: 17.25pt;\">\n<td class=\"et3\" style=\"height: 17.25pt;\" height=\"23\">N.W \/SET<\/td>\n<td class=\"et3\">8KGS\/PCS<\/td>\n<\/tr>\n<tr style=\"height: 17.25pt;\">\n<td class=\"et3\" style=\"height: 17.25pt;\" height=\"23\">MOQ<\/td>\n<td class=\"et3\">20 unidades<\/td>\n<\/tr>\n<tr style=\"height: 17.25pt;\">\n<td class=\"et3\" style=\"height: 17.25pt;\" height=\"23\">Op\u00e7\u00e3o personalizada<\/td>\n<td class=\"et3\">Cor\/Patente\/Tamanho\/Logotipo\/Embalagem<\/td>\n<\/tr>\n<\/tbody>\n<\/table>","protected":false},"featured_media":6660,"comment_status":"closed","ping_status":"closed","template":"","meta":{"_acf_changed":false},"product_brand":[],"product_cat":[55,50,53],"product_tag":[],"class_list":{"0":"post-6665","1":"product","2":"type-product","3":"status-publish","4":"has-post-thumbnail","6":"product_cat-wholesale-matte-sinks","7":"product_cat-wholesale-countertop-sinks","8":"product_cat-electroplated-bathroom-sinks","10":"first","11":"instock","12":"shipping-taxable","13":"product-type-simple"},"acf":[],"_links":{"self":[{"href":"https:\/\/www.ceramicbasin.com\/pt\/wp-json\/wp\/v2\/product\/6665","targetHints":{"allow":["GET"]}}],"collection":[{"href":"https:\/\/www.ceramicbasin.com\/pt\/wp-json\/wp\/v2\/product"}],"about":[{"href":"https:\/\/www.ceramicbasin.com\/pt\/wp-json\/wp\/v2\/types\/product"}],"replies":[{"embeddable":true,"href":"https:\/\/www.ceramicbasin.com\/pt\/wp-json\/wp\/v2\/comments?post=6665"}],"wp:featuredmedia":[{"embeddable":true,"href":"https:\/\/www.ceramicbasin.com\/pt\/wp-json\/wp\/v2\/media\/6660"}],"wp:attachment":[{"href":"https:\/\/www.ceramicbasin.com\/pt\/wp-json\/wp\/v2\/media?parent=6665"}],"wp:term":[{"taxonomy":"product_brand","embeddable":true,"href":"https:\/\/www.ceramicbasin.com\/pt\/wp-json\/wp\/v2\/product_brand?post=6665"},{"taxonomy":"product_cat","embeddable":true,"href":"https:\/\/www.ceramicbasin.com\/pt\/wp-json\/wp\/v2\/product_cat?post=6665"},{"taxonomy":"product_tag","embeddable":true,"href":"https:\/\/www.ceramicbasin.com\/pt\/wp-json\/wp\/v2\/product_tag?post=6665"}],"curies":[{"name":"wp","href":"https:\/\/api.w.org\/{rel}","templated":true}]}}