{"id":6689,"date":"2025-05-02T08:49:20","date_gmt":"2025-05-02T08:49:20","guid":{"rendered":"https:\/\/www.ceramicbasin.com\/?post_type=product&#038;p=6689"},"modified":"2025-11-05T03:35:49","modified_gmt":"2025-11-05T03:35:49","slug":"custom-ceramic-vessel-sinks","status":"publish","type":"product","link":"https:\/\/www.ceramicbasin.com\/pt\/produto\/custom-ceramic-vessel-sinks\/","title":{"rendered":"Pias para vasos de cer\u00e2mica personalizadas, bacias de arte de bancada por atacado"},"content":{"rendered":"<div class=\"wp-block-columns is-layout-flex wp-container-core-columns-is-layout-9d6595d7 wp-block-columns-is-layout-flex\">\n<div class=\"wp-block-column is-layout-flow wp-block-column-is-layout-flow\">\n<h2 class=\"wp-block-heading\">Pias de vaso de cer\u00e2mica personalizadas Premium Carater\u00edsticas:<\/h2>\n\n\n\n<ul class=\"wp-block-list\">\n<li><strong>Instala\u00e7\u00e3o f\u00e1cil:<\/strong> Concebidos para instala\u00e7\u00e3o acima do balc\u00e3o, estes lavat\u00f3rios de cer\u00e2mica personalizados s\u00e3o f\u00e1ceis de instalar, oferecendo uma solu\u00e7\u00e3o sem complica\u00e7\u00f5es para novas constru\u00e7\u00f5es e remodela\u00e7\u00f5es de casas de banho.<\/li>\n\n\n\n<li><strong>Suave e macio: <\/strong>O nosso lavat\u00f3rio de bancada por atacado oferece um acabamento suave e macio, que \u00e9 f\u00e1cil de limpar e pode suportar a fric\u00e7\u00e3o e as manchas provocadas pelo desgaste di\u00e1rio para se manter em \u00f3ptimas condi\u00e7\u00f5es durante d\u00e9cadas.<\/li>\n\n\n\n<li><strong>Aplica\u00e7\u00e3o universal: <\/strong>Estes lava-lou\u00e7as de cer\u00e2mica personalizados s\u00e3o ideais para projectos residenciais, hoteleiros, comerciais e de design de interiores de luxo, funcionais e est\u00e9ticos.<\/li>\n\n\n\n<li><strong>Servi\u00e7o de personaliza\u00e7\u00e3o de suporte: <\/strong>As nossas bacias de bancada por atacado fornecem um servi\u00e7o de personaliza\u00e7\u00e3o de cor, tamanho, padr\u00e3o e log\u00f3tipo para satisfazer as necessidades personalizadas dos propriet\u00e1rios de marcas e clientes de projectos.<\/li>\n<\/ul>\n<\/div>\n\n\n\n<div class=\"wp-block-column is-layout-flow wp-block-column-is-layout-flow\">\n<figure class=\"wp-block-image size-full\"><img fetchpriority=\"high\" decoding=\"async\" width=\"800\" height=\"800\" src=\"https:\/\/www.ceramicbasin.com\/wp-content\/uploads\/2025\/05\/porcelain-sinks-for-bathroom\uff0cVanity-Basins\uff0ccountertop-bathroom-sink6.png\" alt=\"lou\u00e7a sanit\u00e1ria-lava-loi\u00e7as-cer\u00e2mica-personalizada-lava-loi\u00e7as-por-grosso-balc\u00e3o-bacia-1\" class=\"wp-image-6695\" srcset=\"https:\/\/www.ceramicbasin.com\/wp-content\/uploads\/2025\/05\/porcelain-sinks-for-bathroom\uff0cVanity-Basins\uff0ccountertop-bathroom-sink6.png 800w, https:\/\/www.ceramicbasin.com\/wp-content\/uploads\/2025\/05\/porcelain-sinks-for-bathroom\uff0cVanity-Basins\uff0ccountertop-bathroom-sink6-300x300.png 300w, https:\/\/www.ceramicbasin.com\/wp-content\/uploads\/2025\/05\/porcelain-sinks-for-bathroom\uff0cVanity-Basins\uff0ccountertop-bathroom-sink6-150x150.png 150w, https:\/\/www.ceramicbasin.com\/wp-content\/uploads\/2025\/05\/porcelain-sinks-for-bathroom\uff0cVanity-Basins\uff0ccountertop-bathroom-sink6-768x768.png 768w, https:\/\/www.ceramicbasin.com\/wp-content\/uploads\/2025\/05\/porcelain-sinks-for-bathroom\uff0cVanity-Basins\uff0ccountertop-bathroom-sink6-12x12.png 12w, https:\/\/www.ceramicbasin.com\/wp-content\/uploads\/2025\/05\/porcelain-sinks-for-bathroom\uff0cVanity-Basins\uff0ccountertop-bathroom-sink6-285x285.png 285w, https:\/\/www.ceramicbasin.com\/wp-content\/uploads\/2025\/05\/porcelain-sinks-for-bathroom\uff0cVanity-Basins\uff0ccountertop-bathroom-sink6-270x270.png 270w, https:\/\/www.ceramicbasin.com\/wp-content\/uploads\/2025\/05\/porcelain-sinks-for-bathroom\uff0cVanity-Basins\uff0ccountertop-bathroom-sink6-540x540.png 540w, https:\/\/www.ceramicbasin.com\/wp-content\/uploads\/2025\/05\/porcelain-sinks-for-bathroom\uff0cVanity-Basins\uff0ccountertop-bathroom-sink6-660x660.png 660w\" sizes=\"(max-width: 800px) 100vw, 800px\" \/><\/figure>\n<\/div>\n<\/div>\n\n\n\n<p><\/p>","protected":false},"excerpt":{"rendered":"<p>Bem-vindo a comprar os nossos lavat\u00f3rios de bancada por atacado. D\u00ea \u00e0 sua casa de banho uma apar\u00eancia luxuosa com os nossos lavat\u00f3rios de cer\u00e2mica personalizados, que t\u00eam um aspeto de arte moderna que \u00e9 simultaneamente elegante e funcional. Fabricados em cer\u00e2mica robusta e cozidos a alta temperatura, cada lavat\u00f3rio tem uma resist\u00eancia refor\u00e7ada e um acabamento sedoso, suave e n\u00e3o poroso que pode ser limpo com facilidade. Simples de instalar, s\u00e3o uma solu\u00e7\u00e3o f\u00e1cil para novas constru\u00e7\u00f5es, bem como para remodela\u00e7\u00f5es de casas de banho.<\/p>\n<table style=\"border-collapse: collapse; width: 358.52pt;\" border=\"0\" width=\"478\" cellspacing=\"0\" cellpadding=\"0\">\n<tbody>\n<tr style=\"height: 17.25pt;\">\n<td class=\"et3\" style=\"height: 17.25pt; width: 125.00pt;\" width=\"166\" height=\"23\">Fabricante<\/td>\n<td class=\"et3\" style=\"width: 234.15pt;\" width=\"312\">HanYu<\/td>\n<\/tr>\n<tr style=\"height: 17.25pt;\">\n<td class=\"et3\" style=\"height: 17.25pt;\" height=\"23\">Modelo n.<\/td>\n<td class=\"et4\">HY-8133A<\/td>\n<\/tr>\n<tr style=\"height: 17.25pt;\">\n<td class=\"et3\" style=\"height: 17.25pt;\" height=\"23\">Tipo<\/td>\n<td class=\"et5\" style=\"width: 234.15pt;\" width=\"312\">Lava-lou\u00e7as de bancada<\/td>\n<\/tr>\n<tr style=\"height: 18.00pt;\">\n<td class=\"et3\" style=\"height: 18.00pt;\" height=\"24\">Forma<\/td>\n<td class=\"et3\">Forma oval<\/td>\n<\/tr>\n<tr style=\"height: 34.50pt;\">\n<td class=\"et4\" style=\"height: 34.50pt;\" height=\"46\">Cor<\/td>\n<td class=\"et5\" style=\"width: 234.15pt;\" width=\"312\">preto\/branco\/azul\/cinzento\/rosa\/verde\/castanho\/caqui<\/td>\n<\/tr>\n<tr style=\"height: 18.00pt;\">\n<td class=\"et3\" style=\"height: 18.00pt;\" height=\"24\">Dimens\u00e3o<\/td>\n<td class=\"et5\" style=\"width: 234.15pt;\" width=\"312\">60*42*15<\/td>\n<\/tr>\n<tr style=\"height: 17.25pt;\">\n<td class=\"et3\" style=\"height: 17.25pt;\" height=\"23\">N.W \/SET<\/td>\n<td class=\"et3\">15KGS\/PCS<\/td>\n<\/tr>\n<tr style=\"height: 17.25pt;\">\n<td class=\"et3\" style=\"height: 17.25pt;\" height=\"23\">MOQ<\/td>\n<td class=\"et3\">20 unidades<\/td>\n<\/tr>\n<tr style=\"height: 17.25pt;\">\n<td class=\"et3\" style=\"height: 17.25pt;\" height=\"23\">Op\u00e7\u00e3o personalizada<\/td>\n<td class=\"et3\">Cor\/Patente\/Tamanho\/Logotipo\/Embalagem<\/td>\n<\/tr>\n<\/tbody>\n<\/table>","protected":false},"featured_media":6690,"comment_status":"closed","ping_status":"closed","template":"","meta":{"_acf_changed":false},"product_brand":[],"product_cat":[50],"product_tag":[],"class_list":{"0":"post-6689","1":"product","2":"type-product","3":"status-publish","4":"has-post-thumbnail","6":"product_cat-wholesale-countertop-sinks","8":"first","9":"instock","10":"shipping-taxable","11":"product-type-simple"},"acf":[],"_links":{"self":[{"href":"https:\/\/www.ceramicbasin.com\/pt\/wp-json\/wp\/v2\/product\/6689","targetHints":{"allow":["GET"]}}],"collection":[{"href":"https:\/\/www.ceramicbasin.com\/pt\/wp-json\/wp\/v2\/product"}],"about":[{"href":"https:\/\/www.ceramicbasin.com\/pt\/wp-json\/wp\/v2\/types\/product"}],"replies":[{"embeddable":true,"href":"https:\/\/www.ceramicbasin.com\/pt\/wp-json\/wp\/v2\/comments?post=6689"}],"wp:featuredmedia":[{"embeddable":true,"href":"https:\/\/www.ceramicbasin.com\/pt\/wp-json\/wp\/v2\/media\/6690"}],"wp:attachment":[{"href":"https:\/\/www.ceramicbasin.com\/pt\/wp-json\/wp\/v2\/media?parent=6689"}],"wp:term":[{"taxonomy":"product_brand","embeddable":true,"href":"https:\/\/www.ceramicbasin.com\/pt\/wp-json\/wp\/v2\/product_brand?post=6689"},{"taxonomy":"product_cat","embeddable":true,"href":"https:\/\/www.ceramicbasin.com\/pt\/wp-json\/wp\/v2\/product_cat?post=6689"},{"taxonomy":"product_tag","embeddable":true,"href":"https:\/\/www.ceramicbasin.com\/pt\/wp-json\/wp\/v2\/product_tag?post=6689"}],"curies":[{"name":"wp","href":"https:\/\/api.w.org\/{rel}","templated":true}]}}