{"id":6703,"date":"2025-05-02T09:33:54","date_gmt":"2025-05-02T09:33:54","guid":{"rendered":"https:\/\/www.ceramicbasin.com\/?post_type=product&#038;p=6703"},"modified":"2025-11-05T03:34:16","modified_gmt":"2025-11-05T03:34:16","slug":"custom-porcelain-bathroom-sinks","status":"publish","type":"product","link":"https:\/\/www.ceramicbasin.com\/pt\/produto\/custom-porcelain-bathroom-sinks\/","title":{"rendered":"Lavat\u00f3rios de casa de banho de porcelana personalizados, bacia de bancada por atacado"},"content":{"rendered":"<div class=\"wp-block-columns is-layout-flex wp-container-core-columns-is-layout-9d6595d7 wp-block-columns-is-layout-flex\">\n<div class=\"wp-block-column is-layout-flow wp-block-column-is-layout-flow\">\n<h2 class=\"wp-block-heading\">Pias de casa de banho em porcelana personalizadas Premium Carater\u00edsticas:<\/h2>\n\n\n\n<ul class=\"wp-block-list\">\n<li><strong>Tratamento de esmalte f\u00e1cil de limpar:\u00a0<\/strong>A superf\u00edcie destes lava-loi\u00e7as de bancada a granel adopta uma tecnologia especial de esmalte f\u00e1cil de limpar, que \u00e9 suave e delicada, as manchas n\u00e3o s\u00e3o f\u00e1ceis de aderir e s\u00e3o f\u00e1ceis de limpar.<\/li>\n\n\n\n<li><strong>Vendas a quente: <\/strong>Estes lavat\u00f3rios de casa de banho em porcelana personalizada s\u00e3o bem recebidos pelo mercado porque s\u00e3o dur\u00e1veis, t\u00eam uma cor consistente, s\u00e3o f\u00e1ceis de limpar e manter e oferecem uma elevada rela\u00e7\u00e3o pre\u00e7o\/desempenho.<\/li>\n\n\n\n<li><strong>Design elegante: <\/strong>Os nossos lavat\u00f3rios de bancada em ta\u00e7as para lavat\u00f3rios de casa de banho a granel conferem eleg\u00e2ncia e modernidade a qualquer casa de banho, criando uma pe\u00e7a central com estilo.<\/li>\n\n\n\n<li><strong>Econ\u00f3mica:<\/strong>\u00a0Oferecemos pre\u00e7os mais favor\u00e1veis para grandes encomendas de lavat\u00f3rios de porcelana para casa de banho, o que significa alta qualidade mas ainda a um pre\u00e7o razo\u00e1vel para o ajudar a poupar custos em grandes projectos.<\/li>\n<\/ul>\n<\/div>\n\n\n\n<div class=\"wp-block-column is-layout-flow wp-block-column-is-layout-flow\">\n<figure class=\"wp-block-image size-full\"><img fetchpriority=\"high\" decoding=\"async\" width=\"800\" height=\"800\" src=\"https:\/\/www.ceramicbasin.com\/wp-content\/uploads\/2025\/05\/vessel-sinks-bathroom\uff0cwashroom-sink\uff0cbathroom-sink-above-counter6.png\" alt=\"hot-sale-custom-porcelain-bathroom-sinks-white-oval-shape-countertop-sinks-in-bulk-1\" class=\"wp-image-6709\" srcset=\"https:\/\/www.ceramicbasin.com\/wp-content\/uploads\/2025\/05\/vessel-sinks-bathroom\uff0cwashroom-sink\uff0cbathroom-sink-above-counter6.png 800w, https:\/\/www.ceramicbasin.com\/wp-content\/uploads\/2025\/05\/vessel-sinks-bathroom\uff0cwashroom-sink\uff0cbathroom-sink-above-counter6-300x300.png 300w, https:\/\/www.ceramicbasin.com\/wp-content\/uploads\/2025\/05\/vessel-sinks-bathroom\uff0cwashroom-sink\uff0cbathroom-sink-above-counter6-150x150.png 150w, https:\/\/www.ceramicbasin.com\/wp-content\/uploads\/2025\/05\/vessel-sinks-bathroom\uff0cwashroom-sink\uff0cbathroom-sink-above-counter6-768x768.png 768w, https:\/\/www.ceramicbasin.com\/wp-content\/uploads\/2025\/05\/vessel-sinks-bathroom\uff0cwashroom-sink\uff0cbathroom-sink-above-counter6-12x12.png 12w, https:\/\/www.ceramicbasin.com\/wp-content\/uploads\/2025\/05\/vessel-sinks-bathroom\uff0cwashroom-sink\uff0cbathroom-sink-above-counter6-285x285.png 285w, https:\/\/www.ceramicbasin.com\/wp-content\/uploads\/2025\/05\/vessel-sinks-bathroom\uff0cwashroom-sink\uff0cbathroom-sink-above-counter6-270x270.png 270w, https:\/\/www.ceramicbasin.com\/wp-content\/uploads\/2025\/05\/vessel-sinks-bathroom\uff0cwashroom-sink\uff0cbathroom-sink-above-counter6-540x540.png 540w, https:\/\/www.ceramicbasin.com\/wp-content\/uploads\/2025\/05\/vessel-sinks-bathroom\uff0cwashroom-sink\uff0cbathroom-sink-above-counter6-660x660.png 660w\" sizes=\"(max-width: 800px) 100vw, 800px\" \/><\/figure>\n<\/div>\n<\/div>\n\n\n\n<p><\/p>","protected":false},"excerpt":{"rendered":"<p>Bem-vindo a comprar os nossos lavat\u00f3rios de bancada a granel. Estes lavat\u00f3rios de casa de banho de porcelana personalizados s\u00e3o muito apreciados no mercado porque s\u00e3o dur\u00e1veis, t\u00eam uma cor est\u00e1vel, s\u00e3o f\u00e1ceis de limpar e manter e oferecem uma excelente rela\u00e7\u00e3o pre\u00e7o-desempenho. Sendo um fornecedor de pia de cer\u00e2mica, temos uma cadeia de suprimentos responsiva com resposta r\u00e1pida que pode processar pedidos rapidamente e enviar bacia de acabamento de ouro por atacado a tempo.<\/p>\n<table style=\"border-collapse: collapse; width: 358.52pt;\" border=\"0\" width=\"478\" cellspacing=\"0\" cellpadding=\"0\">\n<tbody>\n<tr style=\"height: 17.25pt;\">\n<td class=\"et3\" style=\"height: 17.25pt; width: 125.00pt;\" width=\"166\" height=\"23\">Fabricante<\/td>\n<td class=\"et3\" style=\"width: 234.15pt;\" width=\"312\">HanYu<\/td>\n<\/tr>\n<tr style=\"height: 17.25pt;\">\n<td class=\"et3\" style=\"height: 17.25pt;\" height=\"23\">Modelo n.<\/td>\n<td class=\"et4\">HY-8246<\/td>\n<\/tr>\n<tr style=\"height: 17.25pt;\">\n<td class=\"et3\" style=\"height: 17.25pt;\" height=\"23\">Tipo<\/td>\n<td class=\"et5\" style=\"width: 234.15pt;\" width=\"312\">Lava-lou\u00e7as de bancada<\/td>\n<\/tr>\n<tr style=\"height: 18.00pt;\">\n<td class=\"et3\" style=\"height: 18.00pt;\" height=\"24\">Forma<\/td>\n<td class=\"et3\">Forma oval<\/td>\n<\/tr>\n<tr style=\"height: 34.50pt;\">\n<td class=\"et4\" style=\"height: 34.50pt;\" height=\"46\">Cor<\/td>\n<td class=\"et5\" style=\"width: 234.15pt;\" width=\"312\">preto\/branco\/azul\/cinzento\/rosa\/verde\/castanho\/caqui<\/td>\n<\/tr>\n<tr style=\"height: 18.00pt;\">\n<td class=\"et3\" style=\"height: 18.00pt;\" height=\"24\">Dimens\u00e3o<\/td>\n<td class=\"et5\" style=\"width: 234.15pt;\" width=\"312\">51*39*20<\/td>\n<\/tr>\n<tr style=\"height: 17.25pt;\">\n<td class=\"et3\" style=\"height: 17.25pt;\" height=\"23\">N.W \/SET<\/td>\n<td class=\"et3\">12KGS\/PCS<\/td>\n<\/tr>\n<tr style=\"height: 17.25pt;\">\n<td class=\"et3\" style=\"height: 17.25pt;\" height=\"23\">MOQ<\/td>\n<td class=\"et3\">20 unidades<\/td>\n<\/tr>\n<tr style=\"height: 17.25pt;\">\n<td class=\"et3\" style=\"height: 17.25pt;\" height=\"23\">Op\u00e7\u00e3o personalizada<\/td>\n<td class=\"et3\">Cor\/Patente\/Tamanho\/Logotipo\/Embalagem<\/td>\n<\/tr>\n<\/tbody>\n<\/table>","protected":false},"featured_media":6707,"comment_status":"closed","ping_status":"closed","template":"","meta":{"_acf_changed":false},"product_brand":[],"product_cat":[50],"product_tag":[],"class_list":{"0":"post-6703","1":"product","2":"type-product","3":"status-publish","4":"has-post-thumbnail","6":"product_cat-wholesale-countertop-sinks","8":"first","9":"instock","10":"shipping-taxable","11":"product-type-simple"},"acf":[],"_links":{"self":[{"href":"https:\/\/www.ceramicbasin.com\/pt\/wp-json\/wp\/v2\/product\/6703","targetHints":{"allow":["GET"]}}],"collection":[{"href":"https:\/\/www.ceramicbasin.com\/pt\/wp-json\/wp\/v2\/product"}],"about":[{"href":"https:\/\/www.ceramicbasin.com\/pt\/wp-json\/wp\/v2\/types\/product"}],"replies":[{"embeddable":true,"href":"https:\/\/www.ceramicbasin.com\/pt\/wp-json\/wp\/v2\/comments?post=6703"}],"wp:featuredmedia":[{"embeddable":true,"href":"https:\/\/www.ceramicbasin.com\/pt\/wp-json\/wp\/v2\/media\/6707"}],"wp:attachment":[{"href":"https:\/\/www.ceramicbasin.com\/pt\/wp-json\/wp\/v2\/media?parent=6703"}],"wp:term":[{"taxonomy":"product_brand","embeddable":true,"href":"https:\/\/www.ceramicbasin.com\/pt\/wp-json\/wp\/v2\/product_brand?post=6703"},{"taxonomy":"product_cat","embeddable":true,"href":"https:\/\/www.ceramicbasin.com\/pt\/wp-json\/wp\/v2\/product_cat?post=6703"},{"taxonomy":"product_tag","embeddable":true,"href":"https:\/\/www.ceramicbasin.com\/pt\/wp-json\/wp\/v2\/product_tag?post=6703"}],"curies":[{"name":"wp","href":"https:\/\/api.w.org\/{rel}","templated":true}]}}