{"id":6742,"date":"2025-05-09T09:53:19","date_gmt":"2025-05-09T09:53:19","guid":{"rendered":"https:\/\/www.ceramicbasin.com\/?post_type=product&#038;p=6742"},"modified":"2025-05-09T09:53:22","modified_gmt":"2025-05-09T09:53:22","slug":"wholesale-ceramic-sink","status":"publish","type":"product","link":"https:\/\/www.ceramicbasin.com\/pt\/produto\/wholesale-ceramic-sink\/","title":{"rendered":"Lavat\u00f3rio de cer\u00e2mica escovado prateado por atacado, lavat\u00f3rios de balc\u00e3o"},"content":{"rendered":"<div class=\"wp-block-columns is-layout-flex wp-container-core-columns-is-layout-9d6595d7 wp-block-columns-is-layout-flex\">\n<div class=\"wp-block-column is-layout-flow wp-block-column-is-layout-flow\">\n<h2 class=\"wp-block-heading\">Lavat\u00f3rio de cer\u00e2mica Premium Silver Wholesale Carater\u00edsticas:<\/h2>\n\n\n\n<ul class=\"wp-block-list\">\n<li><strong>Prata escovada artesanal, textura de alta qualidade: <\/strong>A superf\u00edcie deste lavat\u00f3rio de cer\u00e2mica por atacado \u00e9 tratada com um efeito escovado met\u00e1lico, tendo um novo brilho cinzento-prateado, com grande apre\u00e7o pelo estilo moderno, sendo adequado para espa\u00e7os de banho de luxo.<\/li>\n\n\n\n<li><strong>Material cer\u00e2mico, resistente \u00e0s manchas e f\u00e1cil de limpar: <\/strong>Os nossos lava-loi\u00e7as por atacado s\u00e3o feitos de cer\u00e2mica cozida a alta temperatura, com uma superf\u00edcie densa e uniforme, n\u00e3o suscet\u00edvel de ficar suja e f\u00e1cil de limpar diariamente.<\/li>\n\n\n\n<li><strong>Design de bancada, f\u00e1cil instala\u00e7\u00e3o: <\/strong>A bacia de bancada deste lavat\u00f3rio de cer\u00e2mica por atacado tem uma estrutura simples e uma instala\u00e7\u00e3o flex\u00edvel, adequada para uma variedade de bancadas de casa de banho e disposi\u00e7\u00f5es de espa\u00e7o.<\/li>\n\n\n\n<li><strong>Est\u00e3o dispon\u00edveis v\u00e1rios tamanhos, que permitem a personaliza\u00e7\u00e3o: <\/strong>N\u00f3s fornecemos pias para vasos por atacado com diferentes especifica\u00e7\u00f5es e tamanhos para atender \u00e0s necessidades do projeto, e pode ser personalizado por OEM\/ODM de acordo com as necessidades do cliente.<\/li>\n<\/ul>\n<\/div>\n\n\n\n<div class=\"wp-block-column is-layout-flow wp-block-column-is-layout-flow\">\n<figure class=\"wp-block-image size-full\"><img fetchpriority=\"high\" decoding=\"async\" width=\"1024\" height=\"1024\" src=\"https:\/\/www.ceramicbasin.com\/wp-content\/uploads\/2025\/05\/Electroplated-Silver-Brushed-Hand-Washbasin-Sink-Supplier-5.webp\" alt=\"Lava-loi\u00e7a de cer\u00e2mica por atacado com escovado de prata, lavat\u00f3rios de balc\u00e3o-1\" class=\"wp-image-6747\" srcset=\"https:\/\/www.ceramicbasin.com\/wp-content\/uploads\/2025\/05\/Electroplated-Silver-Brushed-Hand-Washbasin-Sink-Supplier-5.webp 1024w, https:\/\/www.ceramicbasin.com\/wp-content\/uploads\/2025\/05\/Electroplated-Silver-Brushed-Hand-Washbasin-Sink-Supplier-5-300x300.webp 300w, https:\/\/www.ceramicbasin.com\/wp-content\/uploads\/2025\/05\/Electroplated-Silver-Brushed-Hand-Washbasin-Sink-Supplier-5-150x150.webp 150w, https:\/\/www.ceramicbasin.com\/wp-content\/uploads\/2025\/05\/Electroplated-Silver-Brushed-Hand-Washbasin-Sink-Supplier-5-768x768.webp 768w, https:\/\/www.ceramicbasin.com\/wp-content\/uploads\/2025\/05\/Electroplated-Silver-Brushed-Hand-Washbasin-Sink-Supplier-5-12x12.webp 12w, https:\/\/www.ceramicbasin.com\/wp-content\/uploads\/2025\/05\/Electroplated-Silver-Brushed-Hand-Washbasin-Sink-Supplier-5-285x285.webp 285w, https:\/\/www.ceramicbasin.com\/wp-content\/uploads\/2025\/05\/Electroplated-Silver-Brushed-Hand-Washbasin-Sink-Supplier-5-270x270.webp 270w, https:\/\/www.ceramicbasin.com\/wp-content\/uploads\/2025\/05\/Electroplated-Silver-Brushed-Hand-Washbasin-Sink-Supplier-5-540x540.webp 540w, https:\/\/www.ceramicbasin.com\/wp-content\/uploads\/2025\/05\/Electroplated-Silver-Brushed-Hand-Washbasin-Sink-Supplier-5-660x660.webp 660w\" sizes=\"(max-width: 1024px) 100vw, 1024px\" \/><\/figure>\n<\/div>\n<\/div>","protected":false},"excerpt":{"rendered":"<p>Bem-vindo \u00e0 compra de lavat\u00f3rios para vasos por atacado. Este lavat\u00f3rio de cer\u00e2mica escovado prateado por atacado acrescenta uma beleza requintada ao espa\u00e7o da casa de banho com o seu design moderno e textura escovada de alta qualidade. O material \u00e9 dur\u00e1vel e f\u00e1cil de cuidar, adequado para compras a granel de v\u00e1rios projectos comerciais e dom\u00e9sticos.<\/p>\n<table style=\"border-collapse: collapse; width: 311.02pt;\" border=\"0\" width=\"311\" cellspacing=\"0\" cellpadding=\"0\">\n<tbody>\n<tr style=\"height: 17.60pt;\">\n<td class=\"et3\" style=\"height: 17.60pt; width: 108.35pt;\" width=\"108\" height=\"17\">Fabricante<\/td>\n<td class=\"et3\" style=\"width: 202.95pt;\" width=\"202\">HanYu<\/td>\n<\/tr>\n<tr style=\"height: 17.60pt;\">\n<td class=\"et3\" style=\"height: 17.60pt;\" height=\"17\">Modelo n.<\/td>\n<td class=\"et4\">HY-8020SS<\/td>\n<\/tr>\n<tr style=\"height: 36.00pt;\">\n<td class=\"et3\" style=\"height: 36.00pt;\" height=\"36\">Tipo<\/td>\n<td class=\"et5\" style=\"width: 202.95pt;\" width=\"202\">Lavat\u00f3rio galvanizado, Lavat\u00f3rio de bancada<\/td>\n<\/tr>\n<tr style=\"height: 17.60pt;\">\n<td class=\"et3\" style=\"height: 17.60pt;\" height=\"17\">Forma<\/td>\n<td class=\"et3\">Forma quadrada<\/td>\n<\/tr>\n<tr style=\"height: 18.00pt;\">\n<td class=\"et4\" style=\"height: 18.00pt;\" height=\"18\">Cor<\/td>\n<td class=\"et5\" style=\"width: 202.95pt;\" width=\"202\">Branco + Prata escovado<\/td>\n<\/tr>\n<tr style=\"height: 18.00pt;\">\n<td class=\"et3\" style=\"height: 18.00pt;\" height=\"18\">Dimens\u00e3o<\/td>\n<td class=\"et5\" style=\"width: 202.95pt;\" width=\"202\">42*42*14<\/td>\n<\/tr>\n<tr style=\"height: 17.60pt;\">\n<td class=\"et3\" style=\"height: 17.60pt;\" height=\"17\">N.W \/SET<\/td>\n<td class=\"et3\">8KGS\/PCS<\/td>\n<\/tr>\n<tr style=\"height: 17.60pt;\">\n<td class=\"et3\" style=\"height: 17.60pt;\" height=\"17\">MOQ<\/td>\n<td class=\"et3\">20 unidades<\/td>\n<\/tr>\n<tr style=\"height: 17.60pt;\">\n<td class=\"et3\" style=\"height: 17.60pt;\" height=\"17\">Op\u00e7\u00e3o personalizada<\/td>\n<td class=\"et3\">Cor\/Patente\/Tamanho\/Logotipo\/Embalagem<\/td>\n<\/tr>\n<\/tbody>\n<\/table>","protected":false},"featured_media":6746,"comment_status":"closed","ping_status":"closed","template":"","meta":{"_acf_changed":false},"product_brand":[],"product_cat":[50,53],"product_tag":[],"class_list":{"0":"post-6742","1":"product","2":"type-product","3":"status-publish","4":"has-post-thumbnail","6":"product_cat-wholesale-countertop-sinks","7":"product_cat-electroplated-bathroom-sinks","9":"first","10":"instock","11":"shipping-taxable","12":"product-type-simple"},"acf":[],"_links":{"self":[{"href":"https:\/\/www.ceramicbasin.com\/pt\/wp-json\/wp\/v2\/product\/6742","targetHints":{"allow":["GET"]}}],"collection":[{"href":"https:\/\/www.ceramicbasin.com\/pt\/wp-json\/wp\/v2\/product"}],"about":[{"href":"https:\/\/www.ceramicbasin.com\/pt\/wp-json\/wp\/v2\/types\/product"}],"replies":[{"embeddable":true,"href":"https:\/\/www.ceramicbasin.com\/pt\/wp-json\/wp\/v2\/comments?post=6742"}],"wp:featuredmedia":[{"embeddable":true,"href":"https:\/\/www.ceramicbasin.com\/pt\/wp-json\/wp\/v2\/media\/6746"}],"wp:attachment":[{"href":"https:\/\/www.ceramicbasin.com\/pt\/wp-json\/wp\/v2\/media?parent=6742"}],"wp:term":[{"taxonomy":"product_brand","embeddable":true,"href":"https:\/\/www.ceramicbasin.com\/pt\/wp-json\/wp\/v2\/product_brand?post=6742"},{"taxonomy":"product_cat","embeddable":true,"href":"https:\/\/www.ceramicbasin.com\/pt\/wp-json\/wp\/v2\/product_cat?post=6742"},{"taxonomy":"product_tag","embeddable":true,"href":"https:\/\/www.ceramicbasin.com\/pt\/wp-json\/wp\/v2\/product_tag?post=6742"}],"curies":[{"name":"wp","href":"https:\/\/api.w.org\/{rel}","templated":true}]}}