{"id":6749,"date":"2025-05-09T10:10:29","date_gmt":"2025-05-09T10:10:29","guid":{"rendered":"https:\/\/www.ceramicbasin.com\/?post_type=product&#038;p=6749"},"modified":"2025-05-09T10:10:31","modified_gmt":"2025-05-09T10:10:31","slug":"wholesale-ceramic-vessel-sinks","status":"publish","type":"product","link":"https:\/\/www.ceramicbasin.com\/pt\/produto\/wholesale-ceramic-vessel-sinks\/","title":{"rendered":"Pias de cer\u00e2mica para vasos, bacias quadradas personalizadas"},"content":{"rendered":"<div class=\"wp-block-columns is-layout-flex wp-container-core-columns-is-layout-9d6595d7 wp-block-columns-is-layout-flex\">\n<div class=\"wp-block-column is-layout-flow wp-block-column-is-layout-flow\">\n<h2 class=\"wp-block-heading\">Pias de cer\u00e2mica para vasos Premium Gold Wholesale Carater\u00edsticas:<\/h2>\n\n\n\n<ul class=\"wp-block-list\">\n<li><strong>Esmalte dourado de alto brilho, luxo visual: <\/strong>A superf\u00edcie destes lavat\u00f3rios para vasos de cer\u00e2mica por atacado \u00e9 tratada com esmalte dourado de alta temperatura ou galvanoplastia, com um brilho forte, mostrando o temperamento sofisticado e \u00fanico do espa\u00e7o da casa de banho.<\/li>\n\n\n\n<li><strong>Design quadrado, linhas simples: <\/strong>Esta bacia de cer\u00e2mica personalizada tem uma forma quadrada moderna e simples, uma estrutura est\u00e1vel, adequada para uma variedade de bancadas e estilos de decora\u00e7\u00e3o de casa, e \u00e9 simultaneamente bonita e pr\u00e1tica.<\/li>\n\n\n\n<li><strong>Suporte \u00e0 personaliza\u00e7\u00e3o para atender \u00e0s necessidades personalizadas: <\/strong>Os nossos lavat\u00f3rios para vasos de cer\u00e2mica por atacado fornecem servi\u00e7os personalizados, tais como tamanho, cor e log\u00f3tipo, adequados para engenharia de projectos, personaliza\u00e7\u00e3o de marcas, com\u00e9rcio por atacado e outros fins.<\/li>\n\n\n\n<li><strong>Material cer\u00e2mico, resistente ao desgaste e f\u00e1cil de limpar: <\/strong>As nossas bacias de cer\u00e2mica personalizadas s\u00e3o feitas de cer\u00e2mica de alta qualidade cozida a alta temperatura, com um esmalte denso e suave, n\u00e3o \u00e9 f\u00e1cil de sujar, \u00e9 resistente a riscos e ao desgaste e \u00e9 f\u00e1cil de manter.<\/li>\n<\/ul>\n<\/div>\n\n\n\n<div class=\"wp-block-column is-layout-flow wp-block-column-is-layout-flow\">\n<figure class=\"wp-block-image size-full\"><img fetchpriority=\"high\" decoding=\"async\" width=\"1024\" height=\"1024\" src=\"https:\/\/www.ceramicbasin.com\/wp-content\/uploads\/2025\/05\/Countertop-White-Basin-With-Gold-Decoration-Hand-Washing-Basin-Wholesale-5.webp\" alt=\"Pias de cer\u00e2mica para vasos, bacias quadradas personalizadas-1\" class=\"wp-image-6754\" srcset=\"https:\/\/www.ceramicbasin.com\/wp-content\/uploads\/2025\/05\/Countertop-White-Basin-With-Gold-Decoration-Hand-Washing-Basin-Wholesale-5.webp 1024w, https:\/\/www.ceramicbasin.com\/wp-content\/uploads\/2025\/05\/Countertop-White-Basin-With-Gold-Decoration-Hand-Washing-Basin-Wholesale-5-300x300.webp 300w, https:\/\/www.ceramicbasin.com\/wp-content\/uploads\/2025\/05\/Countertop-White-Basin-With-Gold-Decoration-Hand-Washing-Basin-Wholesale-5-150x150.webp 150w, https:\/\/www.ceramicbasin.com\/wp-content\/uploads\/2025\/05\/Countertop-White-Basin-With-Gold-Decoration-Hand-Washing-Basin-Wholesale-5-768x768.webp 768w, https:\/\/www.ceramicbasin.com\/wp-content\/uploads\/2025\/05\/Countertop-White-Basin-With-Gold-Decoration-Hand-Washing-Basin-Wholesale-5-12x12.webp 12w, https:\/\/www.ceramicbasin.com\/wp-content\/uploads\/2025\/05\/Countertop-White-Basin-With-Gold-Decoration-Hand-Washing-Basin-Wholesale-5-285x285.webp 285w, https:\/\/www.ceramicbasin.com\/wp-content\/uploads\/2025\/05\/Countertop-White-Basin-With-Gold-Decoration-Hand-Washing-Basin-Wholesale-5-270x270.webp 270w, https:\/\/www.ceramicbasin.com\/wp-content\/uploads\/2025\/05\/Countertop-White-Basin-With-Gold-Decoration-Hand-Washing-Basin-Wholesale-5-540x540.webp 540w, https:\/\/www.ceramicbasin.com\/wp-content\/uploads\/2025\/05\/Countertop-White-Basin-With-Gold-Decoration-Hand-Washing-Basin-Wholesale-5-660x660.webp 660w\" sizes=\"(max-width: 1024px) 100vw, 1024px\" \/><\/figure>\n<\/div>\n<\/div>","protected":false},"excerpt":{"rendered":"<p>Bem-vindo \u00e0 compra de lavat\u00f3rios de cer\u00e2mica por grosso. Esta bacia de cer\u00e2mica quadrada dourada personalizada, com a sua forma simples e luxuoso esmalte dourado, cria um espa\u00e7o de casa de banho \u00fanico, adequado para personaliza\u00e7\u00e3o de alta qualidade e compras em grande escala.<\/p>\n<table style=\"border-collapse: collapse; width: 311.02pt;\" border=\"0\" width=\"311\" cellspacing=\"0\" cellpadding=\"0\">\n<tbody>\n<tr style=\"height: 17.60pt;\">\n<td class=\"et3\" style=\"height: 17.60pt; width: 108.35pt;\" width=\"108\" height=\"17\">Fabricante<\/td>\n<td class=\"et3\" style=\"width: 202.95pt;\" width=\"202\">HanYu<\/td>\n<\/tr>\n<tr style=\"height: 17.60pt;\">\n<td class=\"et3\" style=\"height: 17.60pt;\" height=\"17\">Modelo n.<\/td>\n<td class=\"et4\">HY-8025RGY<\/td>\n<\/tr>\n<tr style=\"height: 36.00pt;\">\n<td class=\"et3\" style=\"height: 36.00pt;\" height=\"36\">Tipo<\/td>\n<td class=\"et5\" style=\"width: 202.95pt;\" width=\"202\">Lavat\u00f3rio galvanizado, Lavat\u00f3rio de bancada<\/td>\n<\/tr>\n<tr style=\"height: 17.60pt;\">\n<td class=\"et3\" style=\"height: 17.60pt;\" height=\"17\">Forma<\/td>\n<td class=\"et3\">Forma quadrada<\/td>\n<\/tr>\n<tr style=\"height: 18.00pt;\">\n<td class=\"et4\" style=\"height: 18.00pt;\" height=\"18\">Cor<\/td>\n<td class=\"et5\" style=\"width: 202.95pt;\" width=\"202\">Branco + Decora\u00e7\u00e3o dourada<\/td>\n<\/tr>\n<tr style=\"height: 18.00pt;\">\n<td class=\"et3\" style=\"height: 18.00pt;\" height=\"18\">Dimens\u00e3o<\/td>\n<td class=\"et5\" style=\"width: 202.95pt;\" width=\"202\">39.5*39.5*14<\/td>\n<\/tr>\n<tr style=\"height: 17.60pt;\">\n<td class=\"et3\" style=\"height: 17.60pt;\" height=\"17\">N.W \/SET<\/td>\n<td class=\"et3\">7KGS\/PCS<\/td>\n<\/tr>\n<tr style=\"height: 17.60pt;\">\n<td class=\"et3\" style=\"height: 17.60pt;\" height=\"17\">MOQ<\/td>\n<td class=\"et3\">20 unidades<\/td>\n<\/tr>\n<tr style=\"height: 17.60pt;\">\n<td class=\"et3\" style=\"height: 17.60pt;\" height=\"17\">Op\u00e7\u00e3o personalizada<\/td>\n<td class=\"et3\">Cor\/Patente\/Tamanho\/Logotipo\/Embalagem<\/td>\n<\/tr>\n<\/tbody>\n<\/table>","protected":false},"featured_media":6750,"comment_status":"closed","ping_status":"closed","template":"","meta":{"_acf_changed":false},"product_brand":[],"product_cat":[50,53],"product_tag":[],"class_list":{"0":"post-6749","1":"product","2":"type-product","3":"status-publish","4":"has-post-thumbnail","6":"product_cat-wholesale-countertop-sinks","7":"product_cat-electroplated-bathroom-sinks","9":"first","10":"instock","11":"shipping-taxable","12":"product-type-simple"},"acf":[],"_links":{"self":[{"href":"https:\/\/www.ceramicbasin.com\/pt\/wp-json\/wp\/v2\/product\/6749","targetHints":{"allow":["GET"]}}],"collection":[{"href":"https:\/\/www.ceramicbasin.com\/pt\/wp-json\/wp\/v2\/product"}],"about":[{"href":"https:\/\/www.ceramicbasin.com\/pt\/wp-json\/wp\/v2\/types\/product"}],"replies":[{"embeddable":true,"href":"https:\/\/www.ceramicbasin.com\/pt\/wp-json\/wp\/v2\/comments?post=6749"}],"wp:featuredmedia":[{"embeddable":true,"href":"https:\/\/www.ceramicbasin.com\/pt\/wp-json\/wp\/v2\/media\/6750"}],"wp:attachment":[{"href":"https:\/\/www.ceramicbasin.com\/pt\/wp-json\/wp\/v2\/media?parent=6749"}],"wp:term":[{"taxonomy":"product_brand","embeddable":true,"href":"https:\/\/www.ceramicbasin.com\/pt\/wp-json\/wp\/v2\/product_brand?post=6749"},{"taxonomy":"product_cat","embeddable":true,"href":"https:\/\/www.ceramicbasin.com\/pt\/wp-json\/wp\/v2\/product_cat?post=6749"},{"taxonomy":"product_tag","embeddable":true,"href":"https:\/\/www.ceramicbasin.com\/pt\/wp-json\/wp\/v2\/product_tag?post=6749"}],"curies":[{"name":"wp","href":"https:\/\/api.w.org\/{rel}","templated":true}]}}