{"id":6761,"date":"2025-05-09T09:59:04","date_gmt":"2025-05-09T09:59:04","guid":{"rendered":"https:\/\/www.ceramicbasin.com\/?post_type=product&#038;p=6761"},"modified":"2025-05-09T09:59:07","modified_gmt":"2025-05-09T09:59:07","slug":"wholesale-porcelain-basins","status":"publish","type":"product","link":"https:\/\/www.ceramicbasin.com\/pt\/produto\/wholesale-porcelain-basins\/","title":{"rendered":"Bacias de porcelana douradas escovadas por atacado, lavat\u00f3rios de vaso redondos"},"content":{"rendered":"<div class=\"wp-block-columns is-layout-flex wp-container-core-columns-is-layout-9d6595d7 wp-block-columns-is-layout-flex\">\n<div class=\"wp-block-column is-layout-flow wp-block-column-is-layout-flow\">\n<h2 class=\"wp-block-heading\">Bacias de porcelana Premium Gold Brushed Wholesale Carater\u00edsticas:<\/h2>\n\n\n\n<ul class=\"wp-block-list\">\n<li><strong>O trabalho artesanal escovado a ouro e preto real\u00e7a a textura luxuosa:<\/strong> O trabalho artesanal escovado a ouro e preto espalha-se pela superf\u00edcie destes lavat\u00f3rios de porcelana por atacado, com um forte impacto visual e criando um estilo de casa de banho moderno e sofisticado.<\/li>\n\n\n\n<li><strong>Porcelana de alta qualidade, resistente e duradoura: <\/strong>Os nossos lavat\u00f3rios para vasos de ouro por atacado s\u00e3o feitos de argila de porcelana cozida a alta temperatura, com um esmalte denso e suave, n\u00e3o \u00e9 f\u00e1cil de manchar, \u00e9 resistente a riscos e ao desgaste, e dur\u00e1vel.<\/li>\n\n\n\n<li><strong>Forma redonda, macia e suave: <\/strong>As linhas de design redondas destas bacias de porcelana para venda por grosso s\u00e3o suaves, de acordo com os h\u00e1bitos de utiliza\u00e7\u00e3o humana, e adequadas a uma variedade de bancadas e estilos de decora\u00e7\u00e3o.<\/li>\n\n\n\n<li><strong>Suporta v\u00e1rios tamanhos e servi\u00e7os personalizados: <\/strong>Fornecemos uma variedade de di\u00e2metros e profundidades para lava-loi\u00e7as por atacado, e podemos personalizar cores, log\u00f3tipos, etc. de acordo com as necessidades do cliente para satisfazer as necessidades personalizadas de engenharia e de marca.<\/li>\n<\/ul>\n<\/div>\n\n\n\n<div class=\"wp-block-column is-layout-flow wp-block-column-is-layout-flow\">\n<figure class=\"wp-block-image size-full\"><img fetchpriority=\"high\" decoding=\"async\" width=\"1024\" height=\"1024\" src=\"https:\/\/www.ceramicbasin.com\/wp-content\/uploads\/2025\/05\/Round-Shape-Gold-And-Grey-Brushed-Hand-Washing-Ceramic-Basin-5.webp\" alt=\"Bacias de porcelana douradas escovadas por atacado, lavat\u00f3rios de vaso redondos-1\" class=\"wp-image-6766\" srcset=\"https:\/\/www.ceramicbasin.com\/wp-content\/uploads\/2025\/05\/Round-Shape-Gold-And-Grey-Brushed-Hand-Washing-Ceramic-Basin-5.webp 1024w, https:\/\/www.ceramicbasin.com\/wp-content\/uploads\/2025\/05\/Round-Shape-Gold-And-Grey-Brushed-Hand-Washing-Ceramic-Basin-5-300x300.webp 300w, https:\/\/www.ceramicbasin.com\/wp-content\/uploads\/2025\/05\/Round-Shape-Gold-And-Grey-Brushed-Hand-Washing-Ceramic-Basin-5-150x150.webp 150w, https:\/\/www.ceramicbasin.com\/wp-content\/uploads\/2025\/05\/Round-Shape-Gold-And-Grey-Brushed-Hand-Washing-Ceramic-Basin-5-768x768.webp 768w, https:\/\/www.ceramicbasin.com\/wp-content\/uploads\/2025\/05\/Round-Shape-Gold-And-Grey-Brushed-Hand-Washing-Ceramic-Basin-5-12x12.webp 12w, https:\/\/www.ceramicbasin.com\/wp-content\/uploads\/2025\/05\/Round-Shape-Gold-And-Grey-Brushed-Hand-Washing-Ceramic-Basin-5-285x285.webp 285w, https:\/\/www.ceramicbasin.com\/wp-content\/uploads\/2025\/05\/Round-Shape-Gold-And-Grey-Brushed-Hand-Washing-Ceramic-Basin-5-270x270.webp 270w, https:\/\/www.ceramicbasin.com\/wp-content\/uploads\/2025\/05\/Round-Shape-Gold-And-Grey-Brushed-Hand-Washing-Ceramic-Basin-5-540x540.webp 540w, https:\/\/www.ceramicbasin.com\/wp-content\/uploads\/2025\/05\/Round-Shape-Gold-And-Grey-Brushed-Hand-Washing-Ceramic-Basin-5-660x660.webp 660w\" sizes=\"(max-width: 1024px) 100vw, 1024px\" \/><\/figure>\n<\/div>\n<\/div>","protected":false},"excerpt":{"rendered":"<p>Bem-vindo ao comprar lavat\u00f3rios de porcelana por grosso. Este lavat\u00f3rio redondo dourado e preto escovado combina cores luxuosas e formas modernas. \u00c9 simultaneamente consciente do design e pr\u00e1tico e dur\u00e1vel, adequado para espa\u00e7os de banho residenciais e comerciais de alta qualidade.<\/p>\n<table style=\"border-collapse: collapse; width: 311.02pt;\" border=\"0\" width=\"311\" cellspacing=\"0\" cellpadding=\"0\">\n<tbody>\n<tr style=\"height: 17.60pt;\">\n<td class=\"et3\" style=\"height: 17.60pt; width: 108.35pt;\" width=\"108\" height=\"17\">Fabricante<\/td>\n<td class=\"et3\" style=\"width: 202.95pt;\" width=\"202\">HanYu<\/td>\n<\/tr>\n<tr style=\"height: 17.60pt;\">\n<td class=\"et3\" style=\"height: 17.60pt;\" height=\"17\">Modelo n.<\/td>\n<td class=\"et4\">HY-8253BG<\/td>\n<\/tr>\n<tr style=\"height: 36.00pt;\">\n<td class=\"et3\" style=\"height: 36.00pt;\" height=\"36\">Tipo<\/td>\n<td class=\"et5\" style=\"width: 202.95pt;\" width=\"202\">Lavat\u00f3rio galvanizado, Lavat\u00f3rio de bancada<\/td>\n<\/tr>\n<tr style=\"height: 17.60pt;\">\n<td class=\"et3\" style=\"height: 17.60pt;\" height=\"17\">Forma<\/td>\n<td class=\"et3\">Forma redonda<\/td>\n<\/tr>\n<tr style=\"height: 18.00pt;\">\n<td class=\"et4\" style=\"height: 18.00pt;\" height=\"18\">Cor<\/td>\n<td class=\"et5\" style=\"width: 202.95pt;\" width=\"202\">Ouro + cinzento escovado<\/td>\n<\/tr>\n<tr style=\"height: 18.00pt;\">\n<td class=\"et3\" style=\"height: 18.00pt;\" height=\"18\">Dimens\u00e3o<\/td>\n<td class=\"et5\" style=\"width: 202.95pt;\" width=\"202\">41*41*12<\/td>\n<\/tr>\n<tr style=\"height: 17.60pt;\">\n<td class=\"et3\" style=\"height: 17.60pt;\" height=\"17\">N.W \/SET<\/td>\n<td class=\"et3\">8KGS\/PCS<\/td>\n<\/tr>\n<tr style=\"height: 17.60pt;\">\n<td class=\"et3\" style=\"height: 17.60pt;\" height=\"17\">MOQ<\/td>\n<td class=\"et3\">20 unidades<\/td>\n<\/tr>\n<tr style=\"height: 17.60pt;\">\n<td class=\"et3\" style=\"height: 17.60pt;\" height=\"17\">Op\u00e7\u00e3o personalizada<\/td>\n<td class=\"et3\">Cor\/Patente\/Tamanho\/Logotipo\/Embalagem<\/td>\n<\/tr>\n<\/tbody>\n<\/table>","protected":false},"featured_media":6765,"comment_status":"closed","ping_status":"closed","template":"","meta":{"_acf_changed":false},"product_brand":[],"product_cat":[50,53],"product_tag":[],"class_list":{"0":"post-6761","1":"product","2":"type-product","3":"status-publish","4":"has-post-thumbnail","6":"product_cat-wholesale-countertop-sinks","7":"product_cat-electroplated-bathroom-sinks","9":"first","10":"instock","11":"shipping-taxable","12":"product-type-simple"},"acf":[],"_links":{"self":[{"href":"https:\/\/www.ceramicbasin.com\/pt\/wp-json\/wp\/v2\/product\/6761","targetHints":{"allow":["GET"]}}],"collection":[{"href":"https:\/\/www.ceramicbasin.com\/pt\/wp-json\/wp\/v2\/product"}],"about":[{"href":"https:\/\/www.ceramicbasin.com\/pt\/wp-json\/wp\/v2\/types\/product"}],"replies":[{"embeddable":true,"href":"https:\/\/www.ceramicbasin.com\/pt\/wp-json\/wp\/v2\/comments?post=6761"}],"wp:featuredmedia":[{"embeddable":true,"href":"https:\/\/www.ceramicbasin.com\/pt\/wp-json\/wp\/v2\/media\/6765"}],"wp:attachment":[{"href":"https:\/\/www.ceramicbasin.com\/pt\/wp-json\/wp\/v2\/media?parent=6761"}],"wp:term":[{"taxonomy":"product_brand","embeddable":true,"href":"https:\/\/www.ceramicbasin.com\/pt\/wp-json\/wp\/v2\/product_brand?post=6761"},{"taxonomy":"product_cat","embeddable":true,"href":"https:\/\/www.ceramicbasin.com\/pt\/wp-json\/wp\/v2\/product_cat?post=6761"},{"taxonomy":"product_tag","embeddable":true,"href":"https:\/\/www.ceramicbasin.com\/pt\/wp-json\/wp\/v2\/product_tag?post=6761"}],"curies":[{"name":"wp","href":"https:\/\/api.w.org\/{rel}","templated":true}]}}