{"id":6776,"date":"2025-05-15T06:40:52","date_gmt":"2025-05-15T06:40:52","guid":{"rendered":"https:\/\/www.ceramicbasin.com\/?post_type=product&#038;p=6776"},"modified":"2025-05-16T08:42:40","modified_gmt":"2025-05-16T08:42:40","slug":"wholesale-ceramic-sink-bowl","status":"publish","type":"product","link":"https:\/\/www.ceramicbasin.com\/pt\/produto\/wholesale-ceramic-sink-bowl\/","title":{"rendered":"Bacia de pia de cer\u00e2mica redonda moderna por atacado com cor de m\u00e1rmore"},"content":{"rendered":"<div class=\"wp-block-columns is-layout-flex wp-container-core-columns-is-layout-9d6595d7 wp-block-columns-is-layout-flex\">\n<div class=\"wp-block-column is-layout-flow wp-block-column-is-layout-flow\">\n<h2 class=\"wp-block-heading\">Bacia de pia de cer\u00e2mica Premium Wholesale Carater\u00edsticas:<\/h2>\n\n\n\n<ul class=\"wp-block-list\">\n<li><strong>Textura de m\u00e1rmore castanho-avermelhado, textura \u00fanica:<\/strong> Este lavat\u00f3rio de cer\u00e2mica por atacado tem uma textura de m\u00e1rmore que flui naturalmente, um tom profundo e completo, criando um estilo de casa de banho calmo e sofisticado.<\/li>\n\n\n\n<li><strong>Design redondo moderno, simples e atmosf\u00e9rico:<\/strong> Este lavat\u00f3rio de cer\u00e2mica por atacado \u00e9 arredondado e liso, o que pode melhorar mais eficazmente a apar\u00eancia moderna e a beleza decorativa do espa\u00e7o.<\/li>\n\n\n\n<li><strong>Cer\u00e2mica de alta qualidade, resistente ao desgaste e f\u00e1cil de limpar: <\/strong>As nossas ta\u00e7as de cer\u00e2mica para lavat\u00f3rio por atacado s\u00e3o cozidas com argila de porcelana de alta qualidade, com uma superf\u00edcie densa e lisa, que \u00e9 mais conveniente e sem problemas para a limpeza di\u00e1ria.<\/li>\n\n\n\n<li><strong>Adequado para engenharia e personaliza\u00e7\u00e3o, entrega r\u00e1pida de lotes: <\/strong>O nosso lavat\u00f3rio de cer\u00e2mica por atacado suporta OEM\/ODM, que pode satisfazer as diversas necessidades de projectos de engenharia em grande escala, aquisi\u00e7\u00e3o de hot\u00e9is e correspond\u00eancia de marcas.<\/li>\n<\/ul>\n<\/div>\n\n\n\n<div class=\"wp-block-column is-layout-flow wp-block-column-is-layout-flow\">\n<figure class=\"wp-block-image size-full\"><img fetchpriority=\"high\" decoding=\"async\" width=\"827\" height=\"1232\" src=\"https:\/\/www.ceramicbasin.com\/wp-content\/uploads\/2025\/05\/Modern-Round-Wholesale-Ceramic-Sink-Bowl-With-Marble-Color-6.webp\" alt=\"Bacia de pia de cer\u00e2mica redonda moderna por atacado com cor de m\u00e1rmore-6\" class=\"wp-image-6834\" srcset=\"https:\/\/www.ceramicbasin.com\/wp-content\/uploads\/2025\/05\/Modern-Round-Wholesale-Ceramic-Sink-Bowl-With-Marble-Color-6.webp 827w, https:\/\/www.ceramicbasin.com\/wp-content\/uploads\/2025\/05\/Modern-Round-Wholesale-Ceramic-Sink-Bowl-With-Marble-Color-6-201x300.webp 201w, https:\/\/www.ceramicbasin.com\/wp-content\/uploads\/2025\/05\/Modern-Round-Wholesale-Ceramic-Sink-Bowl-With-Marble-Color-6-768x1144.webp 768w, https:\/\/www.ceramicbasin.com\/wp-content\/uploads\/2025\/05\/Modern-Round-Wholesale-Ceramic-Sink-Bowl-With-Marble-Color-6-8x12.webp 8w, https:\/\/www.ceramicbasin.com\/wp-content\/uploads\/2025\/05\/Modern-Round-Wholesale-Ceramic-Sink-Bowl-With-Marble-Color-6-285x425.webp 285w, https:\/\/www.ceramicbasin.com\/wp-content\/uploads\/2025\/05\/Modern-Round-Wholesale-Ceramic-Sink-Bowl-With-Marble-Color-6-443x660.webp 443w, https:\/\/www.ceramicbasin.com\/wp-content\/uploads\/2025\/05\/Modern-Round-Wholesale-Ceramic-Sink-Bowl-With-Marble-Color-6-101x150.webp 101w\" sizes=\"(max-width: 827px) 100vw, 827px\" \/><\/figure>\n<\/div>\n<\/div>\n\n\n\n<p><\/p>","protected":false},"excerpt":{"rendered":"<p>Bem-vindo \u00e0 compra de bacias de pia de cer\u00e2mica por atacado. Este moderno lavat\u00f3rio redondo de cer\u00e2mica por atacado adota um design de textura de m\u00e1rmore marrom-avermelhado, cor rica, textura \u00fanica, atmosfera natural e beleza moderna, adequado para resid\u00eancias de alto padr\u00e3o, banheiros de hot\u00e9is e espa\u00e7os comerciais.<\/p>\n<table style=\"border-collapse: collapse; width: 311.02pt;\" border=\"0\" width=\"311\" cellspacing=\"0\" cellpadding=\"0\">\n<tbody>\n<tr style=\"height: 17.60pt;\">\n<td class=\"et3\" style=\"height: 17.60pt; width: 108.35pt;\" width=\"108\" height=\"17\">Fabricante<\/td>\n<td class=\"et3\" style=\"width: 202.95pt;\" width=\"202\">HanYu<\/td>\n<\/tr>\n<tr style=\"height: 17.60pt;\">\n<td class=\"et3\" style=\"height: 17.60pt;\" height=\"17\">Modelo n.<\/td>\n<td class=\"et4\">HY5004D63<\/td>\n<\/tr>\n<tr style=\"height: 17.60pt;\">\n<td class=\"et3\" style=\"height: 17.60pt;\" height=\"17\">Tipo<\/td>\n<td class=\"et3\">Lavat\u00f3rio de bancada<\/td>\n<\/tr>\n<tr style=\"height: 17.60pt;\">\n<td class=\"et3\" style=\"height: 17.60pt;\" height=\"17\">Forma<\/td>\n<td class=\"et2\">Forma redonda<\/td>\n<\/tr>\n<tr style=\"height: 17.60pt;\">\n<td class=\"et4\" style=\"height: 17.60pt;\" height=\"17\">Cor<\/td>\n<td class=\"et3\">Cor de m\u00e1rmore<\/td>\n<\/tr>\n<tr style=\"height: 18.00pt;\">\n<td class=\"et3\" style=\"height: 18.00pt;\" height=\"18\">Dimens\u00e3o<\/td>\n<td class=\"et5\" style=\"width: 202.95pt;\" width=\"202\">41*41*15.5<\/td>\n<\/tr>\n<tr style=\"height: 17.60pt;\">\n<td class=\"et3\" style=\"height: 17.60pt;\" height=\"17\">N.W \/SET<\/td>\n<td class=\"et3\">8KGS\/PCS<\/td>\n<\/tr>\n<tr style=\"height: 17.60pt;\">\n<td class=\"et3\" style=\"height: 17.60pt;\" height=\"17\">MOQ<\/td>\n<td class=\"et3\">20 unidades<\/td>\n<\/tr>\n<tr style=\"height: 17.60pt;\">\n<td class=\"et3\" style=\"height: 17.60pt;\" height=\"17\">Op\u00e7\u00e3o personalizada<\/td>\n<td class=\"et3\">Cor\/Patente\/Tamanho\/Logotipo\/Embalagem<\/td>\n<\/tr>\n<\/tbody>\n<\/table>","protected":false},"featured_media":6829,"comment_status":"closed","ping_status":"closed","template":"","meta":{"_acf_changed":false},"product_brand":[],"product_cat":[50,54],"product_tag":[],"class_list":{"0":"post-6776","1":"product","2":"type-product","3":"status-publish","4":"has-post-thumbnail","6":"product_cat-wholesale-countertop-sinks","7":"product_cat-wholesale-marble-sinks","9":"first","10":"instock","11":"shipping-taxable","12":"product-type-simple"},"acf":[],"_links":{"self":[{"href":"https:\/\/www.ceramicbasin.com\/pt\/wp-json\/wp\/v2\/product\/6776","targetHints":{"allow":["GET"]}}],"collection":[{"href":"https:\/\/www.ceramicbasin.com\/pt\/wp-json\/wp\/v2\/product"}],"about":[{"href":"https:\/\/www.ceramicbasin.com\/pt\/wp-json\/wp\/v2\/types\/product"}],"replies":[{"embeddable":true,"href":"https:\/\/www.ceramicbasin.com\/pt\/wp-json\/wp\/v2\/comments?post=6776"}],"wp:featuredmedia":[{"embeddable":true,"href":"https:\/\/www.ceramicbasin.com\/pt\/wp-json\/wp\/v2\/media\/6829"}],"wp:attachment":[{"href":"https:\/\/www.ceramicbasin.com\/pt\/wp-json\/wp\/v2\/media?parent=6776"}],"wp:term":[{"taxonomy":"product_brand","embeddable":true,"href":"https:\/\/www.ceramicbasin.com\/pt\/wp-json\/wp\/v2\/product_brand?post=6776"},{"taxonomy":"product_cat","embeddable":true,"href":"https:\/\/www.ceramicbasin.com\/pt\/wp-json\/wp\/v2\/product_cat?post=6776"},{"taxonomy":"product_tag","embeddable":true,"href":"https:\/\/www.ceramicbasin.com\/pt\/wp-json\/wp\/v2\/product_tag?post=6776"}],"curies":[{"name":"wp","href":"https:\/\/api.w.org\/{rel}","templated":true}]}}