{"id":6790,"date":"2025-05-15T08:16:34","date_gmt":"2025-05-15T08:16:34","guid":{"rendered":"https:\/\/www.ceramicbasin.com\/?post_type=product&#038;p=6790"},"modified":"2025-05-16T08:18:50","modified_gmt":"2025-05-16T08:18:50","slug":"wholesale-porcelain-basin","status":"publish","type":"product","link":"https:\/\/www.ceramicbasin.com\/pt\/produto\/wholesale-porcelain-basin\/","title":{"rendered":"Lavat\u00f3rio de porcelana elegante por atacado, lavat\u00f3rios de casa de banho em m\u00e1rmore falso"},"content":{"rendered":"<div class=\"wp-block-columns is-layout-flex wp-container-core-columns-is-layout-9d6595d7 wp-block-columns-is-layout-flex\">\n<div class=\"wp-block-column is-layout-flow wp-block-column-is-layout-flow\">\n<h2 class=\"wp-block-heading\">Bacia de porcelana Premium Wholesale Carater\u00edsticas:<\/h2>\n\n\n\n<ul class=\"wp-block-list\">\n<li><strong>Textura de m\u00e1rmore castanho quente:<\/strong> O nosso lavat\u00f3rio de porcelana por atacado combina o calor terroso e a fluidez do m\u00e1rmore verdadeiro para introduzir um toque de eleg\u00e2ncia e textura no ambiente da casa de banho.<\/li>\n\n\n\n<li><strong>Processo de transfer\u00eancia de \u00e1gua de alta simula\u00e7\u00e3o:<\/strong> Os nossos lavat\u00f3rios de casa de banho em m\u00e1rmore falso utilizam tecnologia avan\u00e7ada para introduzir um maior grau de realismo na textura, bem como brilho no acabamento em porcelana, proporcionando uma combina\u00e7\u00e3o perfeita de pedra e cer\u00e2mica.<\/li>\n\n\n\n<li><strong>Porcelana de alta qualidade, dur\u00e1vel e f\u00e1cil de limpar: <\/strong>O nosso lavat\u00f3rio de porcelana por atacado tem um toque suave e delicado, \u00e9 resistente a manchas, resistente a riscos e f\u00e1cil e r\u00e1pido de limpar todos os dias.<\/li>\n\n\n\n<li><strong>Apoio \u00e0 personaliza\u00e7\u00e3o e venda por grosso, entrega r\u00e1pida:<\/strong> Estes lavat\u00f3rios de m\u00e1rmore falso para casa de banho por atacado podem ser utilizados para projectos de constru\u00e7\u00e3o de engenharia ou necessidades de correspond\u00eancia de marca com entrega de lote est\u00e1vel e tempo de entrega garantido.<\/li>\n<\/ul>\n<\/div>\n\n\n\n<div class=\"wp-block-column is-layout-flow wp-block-column-is-layout-flow\">\n<figure class=\"wp-block-image size-full\"><img fetchpriority=\"high\" decoding=\"async\" width=\"1345\" height=\"1787\" src=\"https:\/\/www.ceramicbasin.com\/wp-content\/uploads\/2025\/05\/Elegant-Wholesale-Porcelain-Basin-Faux-Marble-Bathroom-Sinks-5.webp\" alt=\"Lavat\u00f3rio de porcelana elegante por atacado, lavat\u00f3rios de casa de banho em m\u00e1rmore falso-5\" class=\"wp-image-6818\" srcset=\"https:\/\/www.ceramicbasin.com\/wp-content\/uploads\/2025\/05\/Elegant-Wholesale-Porcelain-Basin-Faux-Marble-Bathroom-Sinks-5.webp 1345w, https:\/\/www.ceramicbasin.com\/wp-content\/uploads\/2025\/05\/Elegant-Wholesale-Porcelain-Basin-Faux-Marble-Bathroom-Sinks-5-226x300.webp 226w, https:\/\/www.ceramicbasin.com\/wp-content\/uploads\/2025\/05\/Elegant-Wholesale-Porcelain-Basin-Faux-Marble-Bathroom-Sinks-5-768x1020.webp 768w, https:\/\/www.ceramicbasin.com\/wp-content\/uploads\/2025\/05\/Elegant-Wholesale-Porcelain-Basin-Faux-Marble-Bathroom-Sinks-5-9x12.webp 9w, https:\/\/www.ceramicbasin.com\/wp-content\/uploads\/2025\/05\/Elegant-Wholesale-Porcelain-Basin-Faux-Marble-Bathroom-Sinks-5-285x379.webp 285w, https:\/\/www.ceramicbasin.com\/wp-content\/uploads\/2025\/05\/Elegant-Wholesale-Porcelain-Basin-Faux-Marble-Bathroom-Sinks-5-497x660.webp 497w, https:\/\/www.ceramicbasin.com\/wp-content\/uploads\/2025\/05\/Elegant-Wholesale-Porcelain-Basin-Faux-Marble-Bathroom-Sinks-5-113x150.webp 113w\" sizes=\"(max-width: 1345px) 100vw, 1345px\" \/><\/figure>\n<\/div>\n<\/div>\n\n\n\n<p><\/p>","protected":false},"excerpt":{"rendered":"<p>Bem-vindo \u00e0 compra de lavat\u00f3rios de casa de banho em m\u00e1rmore falso a granel. Esta elegante bacia de porcelana por atacado adopta um design de textura de m\u00e1rmore castanho, apresentando a beleza natural e quente da pedra. Atrav\u00e9s do processo de transfer\u00eancia de \u00e1gua fina, a textura \u00e9 rica e realista.<\/p>\n<table style=\"border-collapse: collapse; width: 311.02pt;\" border=\"0\" width=\"311\" cellspacing=\"0\" cellpadding=\"0\">\n<tbody>\n<tr style=\"height: 17.60pt;\">\n<td class=\"et3\" style=\"height: 17.60pt; width: 108.35pt;\" width=\"108\" height=\"17\">Fabricante<\/td>\n<td class=\"et3\" style=\"width: 202.95pt;\" width=\"202\">HanYu<\/td>\n<\/tr>\n<tr style=\"height: 17.60pt;\">\n<td class=\"et3\" style=\"height: 17.60pt;\" height=\"17\">Modelo n.<\/td>\n<td class=\"et4\">HY-5104D56<\/td>\n<\/tr>\n<tr style=\"height: 36.00pt;\">\n<td class=\"et3\" style=\"height: 36.00pt;\" height=\"36\">Tipo<\/td>\n<td class=\"et5\" style=\"width: 202.95pt;\" width=\"202\">Lavat\u00f3rio em m\u00e1rmore, Lavat\u00f3rio de bancada<\/td>\n<\/tr>\n<tr style=\"height: 17.60pt;\">\n<td class=\"et3\" style=\"height: 17.60pt;\" height=\"17\">Forma<\/td>\n<td class=\"et3\">Forma retangular<\/td>\n<\/tr>\n<tr style=\"height: 18.00pt;\">\n<td class=\"et4\" style=\"height: 18.00pt;\" height=\"18\">Cor<\/td>\n<td class=\"et5\" style=\"width: 202.95pt;\" width=\"202\">Preto e branco<\/td>\n<\/tr>\n<tr style=\"height: 18.00pt;\">\n<td class=\"et3\" style=\"height: 18.00pt;\" height=\"18\">Dimens\u00e3o<\/td>\n<td class=\"et5\" style=\"width: 202.95pt;\" width=\"202\">45*40*14.5<\/td>\n<\/tr>\n<tr style=\"height: 17.60pt;\">\n<td class=\"et3\" style=\"height: 17.60pt;\" height=\"17\">N.W \/SET<\/td>\n<td class=\"et3\">10 KGS\/PCS<\/td>\n<\/tr>\n<tr style=\"height: 17.60pt;\">\n<td class=\"et3\" style=\"height: 17.60pt;\" height=\"17\">MOQ<\/td>\n<td class=\"et3\">20 unidades<\/td>\n<\/tr>\n<tr style=\"height: 17.60pt;\">\n<td class=\"et3\" style=\"height: 17.60pt;\" height=\"17\">Op\u00e7\u00e3o personalizada<\/td>\n<td class=\"et3\">Cor\/Patente\/Tamanho\/Logotipo\/Embalagem<\/td>\n<\/tr>\n<\/tbody>\n<\/table>","protected":false},"featured_media":6819,"comment_status":"closed","ping_status":"closed","template":"","meta":{"_acf_changed":false},"product_brand":[],"product_cat":[54,50],"product_tag":[],"class_list":{"0":"post-6790","1":"product","2":"type-product","3":"status-publish","4":"has-post-thumbnail","6":"product_cat-wholesale-marble-sinks","7":"product_cat-wholesale-countertop-sinks","9":"first","10":"instock","11":"shipping-taxable","12":"product-type-simple"},"acf":[],"_links":{"self":[{"href":"https:\/\/www.ceramicbasin.com\/pt\/wp-json\/wp\/v2\/product\/6790","targetHints":{"allow":["GET"]}}],"collection":[{"href":"https:\/\/www.ceramicbasin.com\/pt\/wp-json\/wp\/v2\/product"}],"about":[{"href":"https:\/\/www.ceramicbasin.com\/pt\/wp-json\/wp\/v2\/types\/product"}],"replies":[{"embeddable":true,"href":"https:\/\/www.ceramicbasin.com\/pt\/wp-json\/wp\/v2\/comments?post=6790"}],"wp:featuredmedia":[{"embeddable":true,"href":"https:\/\/www.ceramicbasin.com\/pt\/wp-json\/wp\/v2\/media\/6819"}],"wp:attachment":[{"href":"https:\/\/www.ceramicbasin.com\/pt\/wp-json\/wp\/v2\/media?parent=6790"}],"wp:term":[{"taxonomy":"product_brand","embeddable":true,"href":"https:\/\/www.ceramicbasin.com\/pt\/wp-json\/wp\/v2\/product_brand?post=6790"},{"taxonomy":"product_cat","embeddable":true,"href":"https:\/\/www.ceramicbasin.com\/pt\/wp-json\/wp\/v2\/product_cat?post=6790"},{"taxonomy":"product_tag","embeddable":true,"href":"https:\/\/www.ceramicbasin.com\/pt\/wp-json\/wp\/v2\/product_tag?post=6790"}],"curies":[{"name":"wp","href":"https:\/\/api.w.org\/{rel}","templated":true}]}}