{"id":6798,"date":"2025-05-15T08:57:35","date_gmt":"2025-05-15T08:57:35","guid":{"rendered":"https:\/\/www.ceramicbasin.com\/?post_type=product&#038;p=6798"},"modified":"2025-05-16T08:11:22","modified_gmt":"2025-05-16T08:11:22","slug":"wholesale-ceramic-sink-bowls","status":"publish","type":"product","link":"https:\/\/www.ceramicbasin.com\/pt\/produto\/wholesale-ceramic-sink-bowls\/","title":{"rendered":"Ta\u00e7as de pia de cer\u00e2mica de luxo com aspeto de m\u00e1rmore para casa de banho"},"content":{"rendered":"<div class=\"wp-block-columns is-layout-flex wp-container-core-columns-is-layout-9d6595d7 wp-block-columns-is-layout-flex\">\n<div class=\"wp-block-column is-layout-flow wp-block-column-is-layout-flow\">\n<h2 class=\"wp-block-heading\">Tigelas de pia de cer\u00e2mica premium por atacado Carater\u00edsticas:<\/h2>\n\n\n\n<ul class=\"wp-block-list\">\n<li><strong>Textura de simula\u00e7\u00e3o de m\u00e1rmore: <\/strong>Estas bacias de pia de cer\u00e2mica por atacado adotam o design de textura de m\u00e1rmore preto e branco, que \u00e9 elegante e natural, criando uma atmosfera de banheiro de alta qualidade.<\/li>\n\n\n\n<li><strong>Restauro requintado da tecnologia de transfer\u00eancia de \u00e1gua: <\/strong>O nosso lavat\u00f3rio de cer\u00e2mica de bancada com textura de m\u00e1rmore utiliza tecnologia de transfer\u00eancia de \u00e1gua de alta qualidade para tornar a textura clara e tridimensional, com elevado realismo, beleza e durabilidade.<\/li>\n\n\n\n<li><strong>Design de bacia de bancada, f\u00e1cil instala\u00e7\u00e3o: <\/strong>Estas bacias de pia de cer\u00e2mica por atacado t\u00eam uma estrutura de bancada simples, adequada para uma variedade de bancadas, e melhoram a sensa\u00e7\u00e3o geral de espa\u00e7o.<\/li>\n\n\n\n<li><strong>Entrega r\u00e1pida, otimiza\u00e7\u00e3o da engenharia: <\/strong>Os nossos lavat\u00f3rios de cer\u00e2mica de bancada personalizados podem ser fornecidos de forma est\u00e1vel e entregues rapidamente para satisfazer as necessidades eficientes de projectos de engenharia e propriet\u00e1rios de marcas.<\/li>\n<\/ul>\n<\/div>\n\n\n\n<div class=\"wp-block-column is-layout-flow wp-block-column-is-layout-flow\">\n<figure class=\"wp-block-image size-full\"><img fetchpriority=\"high\" decoding=\"async\" width=\"980\" height=\"1352\" src=\"https:\/\/www.ceramicbasin.com\/wp-content\/uploads\/2025\/05\/Luxury-Marble-Look-Wholesale-Ceramic-Sink-Bowls-For-Bathroom-6.webp\" alt=\"Ta\u00e7as de pia de cer\u00e2mica de luxo com aspeto de m\u00e1rmore para casa de banho-6\" class=\"wp-image-6812\" srcset=\"https:\/\/www.ceramicbasin.com\/wp-content\/uploads\/2025\/05\/Luxury-Marble-Look-Wholesale-Ceramic-Sink-Bowls-For-Bathroom-6.webp 980w, https:\/\/www.ceramicbasin.com\/wp-content\/uploads\/2025\/05\/Luxury-Marble-Look-Wholesale-Ceramic-Sink-Bowls-For-Bathroom-6-217x300.webp 217w, https:\/\/www.ceramicbasin.com\/wp-content\/uploads\/2025\/05\/Luxury-Marble-Look-Wholesale-Ceramic-Sink-Bowls-For-Bathroom-6-768x1060.webp 768w, https:\/\/www.ceramicbasin.com\/wp-content\/uploads\/2025\/05\/Luxury-Marble-Look-Wholesale-Ceramic-Sink-Bowls-For-Bathroom-6-9x12.webp 9w, https:\/\/www.ceramicbasin.com\/wp-content\/uploads\/2025\/05\/Luxury-Marble-Look-Wholesale-Ceramic-Sink-Bowls-For-Bathroom-6-285x393.webp 285w, https:\/\/www.ceramicbasin.com\/wp-content\/uploads\/2025\/05\/Luxury-Marble-Look-Wholesale-Ceramic-Sink-Bowls-For-Bathroom-6-478x660.webp 478w, https:\/\/www.ceramicbasin.com\/wp-content\/uploads\/2025\/05\/Luxury-Marble-Look-Wholesale-Ceramic-Sink-Bowls-For-Bathroom-6-109x150.webp 109w\" sizes=\"(max-width: 980px) 100vw, 980px\" \/><\/figure>\n<\/div>\n<\/div>","protected":false},"excerpt":{"rendered":"<p>Bem-vindo \u00e0 compra por grosso de bacias de lavat\u00f3rio em cer\u00e2mica. Este lavat\u00f3rio de cer\u00e2mica de bancada personalizado apresenta a beleza natural fluida das texturas em preto e branco por meio da tecnologia de impress\u00e3o por transfer\u00eancia de \u00e1gua. Tem luxo moderno e f\u00e1cil manuten\u00e7\u00e3o, adequado para v\u00e1rios espa\u00e7os de banho de alta qualidade.<\/p>\n<table style=\"border-collapse: collapse; width: 311.02pt;\" border=\"0\" width=\"311\" cellspacing=\"0\" cellpadding=\"0\">\n<tbody>\n<tr style=\"height: 17.60pt;\">\n<td class=\"et3\" style=\"height: 17.60pt; width: 108.35pt;\" width=\"108\" height=\"17\">Fabricante<\/td>\n<td class=\"et3\" style=\"width: 202.95pt;\" width=\"202\">HanYu<\/td>\n<\/tr>\n<tr style=\"height: 17.60pt;\">\n<td class=\"et3\" style=\"height: 17.60pt;\" height=\"17\">Modelo n.<\/td>\n<td class=\"et4\">HY-5105D120<\/td>\n<\/tr>\n<tr style=\"height: 17.60pt;\">\n<td class=\"et3\" style=\"height: 17.60pt;\" height=\"17\">Tipo<\/td>\n<td class=\"et3\">Lavat\u00f3rio de bancada<\/td>\n<\/tr>\n<tr style=\"height: 17.60pt;\">\n<td class=\"et3\" style=\"height: 17.60pt;\" height=\"17\">Forma<\/td>\n<td class=\"et2\">Forma retangular<\/td>\n<\/tr>\n<tr style=\"height: 17.60pt;\">\n<td class=\"et4\" style=\"height: 17.60pt;\" height=\"17\">Cor<\/td>\n<td class=\"et3\">Preto<\/td>\n<\/tr>\n<tr style=\"height: 18.00pt;\">\n<td class=\"et3\" style=\"height: 18.00pt;\" height=\"18\">Dimens\u00e3o<\/td>\n<td class=\"et5\" style=\"width: 202.95pt;\" width=\"202\">56*42*14<\/td>\n<\/tr>\n<tr style=\"height: 17.60pt;\">\n<td class=\"et3\" style=\"height: 17.60pt;\" height=\"17\">N.W \/SET<\/td>\n<td class=\"et3\">12KGS\/PCS<\/td>\n<\/tr>\n<tr style=\"height: 17.60pt;\">\n<td class=\"et3\" style=\"height: 17.60pt;\" height=\"17\">MOQ<\/td>\n<td class=\"et3\">20 unidades<\/td>\n<\/tr>\n<tr style=\"height: 17.60pt;\">\n<td class=\"et3\" style=\"height: 17.60pt;\" height=\"17\">Op\u00e7\u00e3o personalizada<\/td>\n<td class=\"et3\">Cor\/Patente\/Tamanho\/Logotipo\/Embalagem<\/td>\n<\/tr>\n<\/tbody>\n<\/table>","protected":false},"featured_media":6807,"comment_status":"closed","ping_status":"closed","template":"","meta":{"_acf_changed":false},"product_brand":[],"product_cat":[50,54],"product_tag":[],"class_list":{"0":"post-6798","1":"product","2":"type-product","3":"status-publish","4":"has-post-thumbnail","6":"product_cat-wholesale-countertop-sinks","7":"product_cat-wholesale-marble-sinks","9":"first","10":"instock","11":"shipping-taxable","12":"product-type-simple"},"acf":[],"_links":{"self":[{"href":"https:\/\/www.ceramicbasin.com\/pt\/wp-json\/wp\/v2\/product\/6798","targetHints":{"allow":["GET"]}}],"collection":[{"href":"https:\/\/www.ceramicbasin.com\/pt\/wp-json\/wp\/v2\/product"}],"about":[{"href":"https:\/\/www.ceramicbasin.com\/pt\/wp-json\/wp\/v2\/types\/product"}],"replies":[{"embeddable":true,"href":"https:\/\/www.ceramicbasin.com\/pt\/wp-json\/wp\/v2\/comments?post=6798"}],"wp:featuredmedia":[{"embeddable":true,"href":"https:\/\/www.ceramicbasin.com\/pt\/wp-json\/wp\/v2\/media\/6807"}],"wp:attachment":[{"href":"https:\/\/www.ceramicbasin.com\/pt\/wp-json\/wp\/v2\/media?parent=6798"}],"wp:term":[{"taxonomy":"product_brand","embeddable":true,"href":"https:\/\/www.ceramicbasin.com\/pt\/wp-json\/wp\/v2\/product_brand?post=6798"},{"taxonomy":"product_cat","embeddable":true,"href":"https:\/\/www.ceramicbasin.com\/pt\/wp-json\/wp\/v2\/product_cat?post=6798"},{"taxonomy":"product_tag","embeddable":true,"href":"https:\/\/www.ceramicbasin.com\/pt\/wp-json\/wp\/v2\/product_tag?post=6798"}],"curies":[{"name":"wp","href":"https:\/\/api.w.org\/{rel}","templated":true}]}}