{"id":6865,"date":"2025-05-22T07:28:00","date_gmt":"2025-05-22T07:28:00","guid":{"rendered":"https:\/\/www.ceramicbasin.com\/?post_type=product&#038;p=6865"},"modified":"2025-05-22T07:28:03","modified_gmt":"2025-05-22T07:28:03","slug":"custom-bathroom-sink-countertops","status":"publish","type":"product","link":"https:\/\/www.ceramicbasin.com\/pt\/produto\/custom-bathroom-sink-countertops\/","title":{"rendered":"Bancadas de lavat\u00f3rio de casa de banho com aspeto de m\u00e1rmore oval por atacado"},"content":{"rendered":"<div class=\"wp-block-columns is-layout-flex wp-container-core-columns-is-layout-9d6595d7 wp-block-columns-is-layout-flex\">\n<div class=\"wp-block-column is-layout-flow wp-block-column-is-layout-flow\">\n<h2 class=\"wp-block-heading\">Carater\u00edsticas das bancadas de lavat\u00f3rio de casa de banho personalizadas Premium:<\/h2>\n\n\n\n<ul class=\"wp-block-list\">\n<li><strong>Design oval, linhas suaves adequadas a uma variedade de bancadas: <\/strong>A forma arredondada desta bancada de lavat\u00f3rio de casa de banho personalizada \u00e9 mais elegante e suave, o que n\u00e3o s\u00f3 poupa espa\u00e7o como tamb\u00e9m real\u00e7a a beleza visual de toda a casa de banho.<\/li>\n\n\n\n<li><strong>A apar\u00eancia da cor do m\u00e1rmore, a textura natural mostra uma sensa\u00e7\u00e3o de luxo:<\/strong> As nossas bacias de cer\u00e2mica por atacado adoptam a tecnologia de correspond\u00eancia de cores e textura de imita\u00e7\u00e3o de m\u00e1rmore, apresentando uma textura natural \u00fanica, que se adapta ao luxo moderno leve e \u00e0 decora\u00e7\u00e3o de estilo natural.<\/li>\n\n\n\n<li><strong>Material cer\u00e2mico de alta qualidade, resistente ao desgaste e aos riscos, f\u00e1cil de limpar: <\/strong>As nossas bancadas de lavat\u00f3rio de casa de banho personalizadas adoptam tecnologia de queima de alta temperatura, a superf\u00edcie \u00e9 lisa e n\u00e3o absorvente, forte capacidade anti-incrustante, e ainda \u00e9 brilhante e limpa ap\u00f3s o uso a longo prazo.<\/li>\n\n\n\n<li><strong>Apoiar servi\u00e7os personalizados para satisfazer as necessidades de projectos personalizados: <\/strong>Podemos personalizar o tamanho, a cor, a textura e o LOGOTIPO da marca de bacias de cer\u00e2mica por atacado de acordo com as necessidades do cliente, com MOQ flex\u00edvel e adequado para coopera\u00e7\u00e3o OEM\/ODM.<\/li>\n<\/ul>\n<\/div>\n\n\n\n<div class=\"wp-block-column is-layout-flow wp-block-column-is-layout-flow\">\n<figure class=\"wp-block-image size-full\"><img fetchpriority=\"high\" decoding=\"async\" width=\"721\" height=\"890\" src=\"https:\/\/www.ceramicbasin.com\/wp-content\/uploads\/2025\/05\/Oval-shape-color-ceramic-basin-factory-cabinet-washbasin-wholesale-1.webp\" alt=\"Bancadas de lavat\u00f3rio de casa de banho personalizadas com aspeto de m\u00e1rmore Wholesale-1\" class=\"wp-image-6860\" srcset=\"https:\/\/www.ceramicbasin.com\/wp-content\/uploads\/2025\/05\/Oval-shape-color-ceramic-basin-factory-cabinet-washbasin-wholesale-1.webp 721w, https:\/\/www.ceramicbasin.com\/wp-content\/uploads\/2025\/05\/Oval-shape-color-ceramic-basin-factory-cabinet-washbasin-wholesale-1-243x300.webp 243w, https:\/\/www.ceramicbasin.com\/wp-content\/uploads\/2025\/05\/Oval-shape-color-ceramic-basin-factory-cabinet-washbasin-wholesale-1-10x12.webp 10w, https:\/\/www.ceramicbasin.com\/wp-content\/uploads\/2025\/05\/Oval-shape-color-ceramic-basin-factory-cabinet-washbasin-wholesale-1-285x352.webp 285w, https:\/\/www.ceramicbasin.com\/wp-content\/uploads\/2025\/05\/Oval-shape-color-ceramic-basin-factory-cabinet-washbasin-wholesale-1-535x660.webp 535w, https:\/\/www.ceramicbasin.com\/wp-content\/uploads\/2025\/05\/Oval-shape-color-ceramic-basin-factory-cabinet-washbasin-wholesale-1-122x150.webp 122w\" sizes=\"(max-width: 721px) 100vw, 721px\" \/><\/figure>\n<\/div>\n<\/div>","protected":false},"excerpt":{"rendered":"<p>Bem-vindo ao comprar bacias de cer\u00e2mica por atacado. Esta bancada oval de pia de banheiro personalizada adota um design elegante de cor de m\u00e1rmore e materiais cer\u00e2micos de alta qualidade. \u00c9 bonito e pr\u00e1tico, adequado para uma variedade de espa\u00e7os de banho.<\/p>\n<table style=\"border-collapse: collapse; width: 358.52pt;\" border=\"0\" width=\"478\" cellspacing=\"0\" cellpadding=\"0\">\n<tbody>\n<tr style=\"height: 17.25pt;\">\n<td class=\"et3\" style=\"height: 17.25pt; width: 125.00pt;\" width=\"166\" height=\"23\">Fabricante<\/td>\n<td class=\"et3\" style=\"width: 234.15pt;\" width=\"312\">HanYu<\/td>\n<\/tr>\n<tr style=\"height: 17.25pt;\">\n<td class=\"et3\" style=\"height: 17.25pt;\" height=\"23\">Modelo n.<\/td>\n<td class=\"et4\">HY-5056D26<\/td>\n<\/tr>\n<tr style=\"height: 17.25pt;\">\n<td class=\"et3\" style=\"height: 17.25pt;\" height=\"23\">Tipo<\/td>\n<td class=\"et5\" style=\"width: 234.15pt;\" width=\"312\">Pias de m\u00e1rmore<\/td>\n<\/tr>\n<tr style=\"height: 18.00pt;\">\n<td class=\"et3\" style=\"height: 18.00pt;\" height=\"24\">Forma<\/td>\n<td class=\"et3\">Forma oval<\/td>\n<\/tr>\n<tr style=\"height: 34.50pt;\">\n<td class=\"et4\" style=\"height: 34.50pt;\" height=\"46\">Cor<\/td>\n<td class=\"et5\" style=\"width: 234.15pt;\" width=\"312\">preto\/branco\/azul\/cinzento\/rosa\/verde\/castanho\/caqui<\/td>\n<\/tr>\n<tr style=\"height: 18.00pt;\">\n<td class=\"et3\" style=\"height: 18.00pt;\" height=\"24\">Dimens\u00e3o<\/td>\n<td class=\"et5\" style=\"width: 234.15pt;\" width=\"312\">60*41.5*11.5<\/td>\n<\/tr>\n<tr style=\"height: 17.25pt;\">\n<td class=\"et3\" style=\"height: 17.25pt;\" height=\"23\">N.W \/SET<\/td>\n<td class=\"et3\">10KGS\/PCS<\/td>\n<\/tr>\n<tr style=\"height: 17.25pt;\">\n<td class=\"et3\" style=\"height: 17.25pt;\" height=\"23\">MOQ<\/td>\n<td class=\"et3\">20 unidades<\/td>\n<\/tr>\n<tr style=\"height: 17.25pt;\">\n<td class=\"et3\" style=\"height: 17.25pt;\" height=\"23\">Op\u00e7\u00e3o personalizada<\/td>\n<td class=\"et3\">Cor\/Patente\/Tamanho\/Logotipo\/Embalagem<\/td>\n<\/tr>\n<\/tbody>\n<\/table>","protected":false},"featured_media":6863,"comment_status":"closed","ping_status":"closed","template":"","meta":{"_acf_changed":false},"product_brand":[],"product_cat":[54,50],"product_tag":[],"class_list":{"0":"post-6865","1":"product","2":"type-product","3":"status-publish","4":"has-post-thumbnail","6":"product_cat-wholesale-marble-sinks","7":"product_cat-wholesale-countertop-sinks","9":"first","10":"instock","11":"shipping-taxable","12":"product-type-simple"},"acf":[],"_links":{"self":[{"href":"https:\/\/www.ceramicbasin.com\/pt\/wp-json\/wp\/v2\/product\/6865","targetHints":{"allow":["GET"]}}],"collection":[{"href":"https:\/\/www.ceramicbasin.com\/pt\/wp-json\/wp\/v2\/product"}],"about":[{"href":"https:\/\/www.ceramicbasin.com\/pt\/wp-json\/wp\/v2\/types\/product"}],"replies":[{"embeddable":true,"href":"https:\/\/www.ceramicbasin.com\/pt\/wp-json\/wp\/v2\/comments?post=6865"}],"wp:featuredmedia":[{"embeddable":true,"href":"https:\/\/www.ceramicbasin.com\/pt\/wp-json\/wp\/v2\/media\/6863"}],"wp:attachment":[{"href":"https:\/\/www.ceramicbasin.com\/pt\/wp-json\/wp\/v2\/media?parent=6865"}],"wp:term":[{"taxonomy":"product_brand","embeddable":true,"href":"https:\/\/www.ceramicbasin.com\/pt\/wp-json\/wp\/v2\/product_brand?post=6865"},{"taxonomy":"product_cat","embeddable":true,"href":"https:\/\/www.ceramicbasin.com\/pt\/wp-json\/wp\/v2\/product_cat?post=6865"},{"taxonomy":"product_tag","embeddable":true,"href":"https:\/\/www.ceramicbasin.com\/pt\/wp-json\/wp\/v2\/product_tag?post=6865"}],"curies":[{"name":"wp","href":"https:\/\/api.w.org\/{rel}","templated":true}]}}