{"id":6866,"date":"2025-05-22T07:21:26","date_gmt":"2025-05-22T07:21:26","guid":{"rendered":"https:\/\/www.ceramicbasin.com\/?post_type=product&#038;p=6866"},"modified":"2025-05-22T07:21:29","modified_gmt":"2025-05-22T07:21:29","slug":"custom-ceramic-bathroom-sinks","status":"publish","type":"product","link":"https:\/\/www.ceramicbasin.com\/pt\/produto\/custom-ceramic-bathroom-sinks\/","title":{"rendered":"Pias de casa de banho em cer\u00e2mica com aspeto de m\u00e1rmore raso por atacado"},"content":{"rendered":"<div class=\"wp-block-columns is-layout-flex wp-container-core-columns-is-layout-9d6595d7 wp-block-columns-is-layout-flex\">\n<div class=\"wp-block-column is-layout-flow wp-block-column-is-layout-flow\">\n<h2 class=\"wp-block-heading\">Pias de casa de banho em cer\u00e2mica personalizada Premium Carater\u00edsticas:<\/h2>\n\n\n\n<ul class=\"wp-block-list\">\n<li><strong>Design raso, economiza espa\u00e7o e \u00e9 simples e elegante: <\/strong>O design rebaixado destes lavat\u00f3rios de casa de banho em cer\u00e2mica personalizados \u00e9 adequado para casas de banho pequenas e espa\u00e7os multifuncionais, visualmente leves, mais flex\u00edveis para combinar e satisfazer a est\u00e9tica da casa moderna.<\/li>\n\n\n\n<li><strong>Imita\u00e7\u00e3o de textura de m\u00e1rmore, apresentando uma textura natural de alta qualidade: <\/strong>A superf\u00edcie destes lavat\u00f3rios de casa de banho por atacado \u00e9 processada com tecnologia de gr\u00e3o de pedra realista, combinada com o brilho delicado da cer\u00e2mica, criando uma atmosfera de m\u00e1rmore de alta qualidade e melhorando a qualidade do espa\u00e7o.<\/li>\n\n\n\n<li><strong>Cozedura de cer\u00e2mica a alta temperatura, suave, resistente a manchas e f\u00e1cil de cuidar: <\/strong>Os nossos lavat\u00f3rios de casa de banho em cer\u00e2mica personalizados s\u00e3o robustos e dur\u00e1veis, e a superf\u00edcie n\u00e3o \u00e9 f\u00e1cil de deixar manchas de \u00e1gua e sujidade, \u00e9 f\u00e1cil de limpar e adequada para uma utiliza\u00e7\u00e3o di\u00e1ria frequente.<\/li>\n\n\n\n<li><strong>Apoiar servi\u00e7os personalizados e adaptar-se a uma variedade de necessidades empresariais: <\/strong>Os nossos lavat\u00f3rios de casa de banho por atacado t\u00eam uma quantidade m\u00ednima de encomenda flex\u00edvel, e podem ser personalizados em cor, tamanho, textura e log\u00f3tipo da marca, especialmente adequados para engenharia de projectos, coopera\u00e7\u00e3o OEM e vendedores transfronteiri\u00e7os.<\/li>\n<\/ul>\n<\/div>\n\n\n\n<div class=\"wp-block-column is-layout-flow wp-block-column-is-layout-flow\">\n<figure class=\"wp-block-image size-full\"><img fetchpriority=\"high\" decoding=\"async\" width=\"709\" height=\"791\" src=\"https:\/\/www.ceramicbasin.com\/wp-content\/uploads\/2025\/05\/Custom-ceramic-sink-manufacturer-large-size-top-counter-washbasin-1.webp\" alt=\"Pias de casa de banho em cer\u00e2mica com aspeto de m\u00e1rmore raso Wholesale-1\" class=\"wp-image-6854\" srcset=\"https:\/\/www.ceramicbasin.com\/wp-content\/uploads\/2025\/05\/Custom-ceramic-sink-manufacturer-large-size-top-counter-washbasin-1.webp 709w, https:\/\/www.ceramicbasin.com\/wp-content\/uploads\/2025\/05\/Custom-ceramic-sink-manufacturer-large-size-top-counter-washbasin-1-269x300.webp 269w, https:\/\/www.ceramicbasin.com\/wp-content\/uploads\/2025\/05\/Custom-ceramic-sink-manufacturer-large-size-top-counter-washbasin-1-11x12.webp 11w, https:\/\/www.ceramicbasin.com\/wp-content\/uploads\/2025\/05\/Custom-ceramic-sink-manufacturer-large-size-top-counter-washbasin-1-285x318.webp 285w, https:\/\/www.ceramicbasin.com\/wp-content\/uploads\/2025\/05\/Custom-ceramic-sink-manufacturer-large-size-top-counter-washbasin-1-592x660.webp 592w, https:\/\/www.ceramicbasin.com\/wp-content\/uploads\/2025\/05\/Custom-ceramic-sink-manufacturer-large-size-top-counter-washbasin-1-134x150.webp 134w\" sizes=\"(max-width: 709px) 100vw, 709px\" \/><\/figure>\n<\/div>\n<\/div>","protected":false},"excerpt":{"rendered":"<p>Bem-vindo ao comprar lavat\u00f3rios de casa de banho em cer\u00e2mica personalizados. Este lavat\u00f3rio de casa de banho raso por atacado adota um design de textura de m\u00e1rmore realista, com apar\u00eancia natural e elegante, adequado para espa\u00e7os de banho modernos, simples e leves de luxo. Personaliza\u00e7\u00e3o de suporte, amplamente utilizada em espa\u00e7os residenciais, comerciais e canais de atacado e varejo.<\/p>\n<table style=\"border-collapse: collapse; width: 358.52pt;\" border=\"0\" width=\"478\" cellspacing=\"0\" cellpadding=\"0\">\n<tbody>\n<tr style=\"height: 17.25pt;\">\n<td class=\"et3\" style=\"height: 17.25pt; width: 125.00pt;\" width=\"166\" height=\"23\">Fabricante<\/td>\n<td class=\"et3\" style=\"width: 234.15pt;\" width=\"312\">HanYu<\/td>\n<\/tr>\n<tr style=\"height: 17.25pt;\">\n<td class=\"et3\" style=\"height: 17.25pt;\" height=\"23\">Modelo n.<\/td>\n<td class=\"et4\">HY-5057D54<\/td>\n<\/tr>\n<tr style=\"height: 17.25pt;\">\n<td class=\"et3\" style=\"height: 17.25pt;\" height=\"23\">Tipo<\/td>\n<td class=\"et5\" style=\"width: 234.15pt;\" width=\"312\">Pias de m\u00e1rmore<\/td>\n<\/tr>\n<tr style=\"height: 18.00pt;\">\n<td class=\"et3\" style=\"height: 18.00pt;\" height=\"24\">Forma<\/td>\n<td class=\"et3\">Forma oval<\/td>\n<\/tr>\n<tr style=\"height: 34.50pt;\">\n<td class=\"et4\" style=\"height: 34.50pt;\" height=\"46\">Cor<\/td>\n<td class=\"et5\" style=\"width: 234.15pt;\" width=\"312\">preto\/branco\/azul\/cinzento\/rosa\/verde\/castanho\/caqui<\/td>\n<\/tr>\n<tr style=\"height: 18.00pt;\">\n<td class=\"et3\" style=\"height: 18.00pt;\" height=\"24\">Dimens\u00e3o<\/td>\n<td class=\"et5\" style=\"width: 234.15pt;\" width=\"312\">80*42.5*11.5<\/td>\n<\/tr>\n<tr style=\"height: 17.25pt;\">\n<td class=\"et3\" style=\"height: 17.25pt;\" height=\"23\">N.W \/SET<\/td>\n<td class=\"et3\">13KGS\/PCS<\/td>\n<\/tr>\n<tr style=\"height: 17.25pt;\">\n<td class=\"et3\" style=\"height: 17.25pt;\" height=\"23\">MOQ<\/td>\n<td class=\"et3\">20 unidades<\/td>\n<\/tr>\n<tr style=\"height: 17.25pt;\">\n<td class=\"et3\" style=\"height: 17.25pt;\" height=\"23\">Op\u00e7\u00e3o personalizada<\/td>\n<td class=\"et3\">Cor\/Patente\/Tamanho\/Logotipo\/Embalagem<\/td>\n<\/tr>\n<\/tbody>\n<\/table>","protected":false},"featured_media":6858,"comment_status":"closed","ping_status":"closed","template":"","meta":{"_acf_changed":false},"product_brand":[],"product_cat":[54,50],"product_tag":[],"class_list":{"0":"post-6866","1":"product","2":"type-product","3":"status-publish","4":"has-post-thumbnail","6":"product_cat-wholesale-marble-sinks","7":"product_cat-wholesale-countertop-sinks","9":"first","10":"instock","11":"shipping-taxable","12":"product-type-simple"},"acf":[],"_links":{"self":[{"href":"https:\/\/www.ceramicbasin.com\/pt\/wp-json\/wp\/v2\/product\/6866","targetHints":{"allow":["GET"]}}],"collection":[{"href":"https:\/\/www.ceramicbasin.com\/pt\/wp-json\/wp\/v2\/product"}],"about":[{"href":"https:\/\/www.ceramicbasin.com\/pt\/wp-json\/wp\/v2\/types\/product"}],"replies":[{"embeddable":true,"href":"https:\/\/www.ceramicbasin.com\/pt\/wp-json\/wp\/v2\/comments?post=6866"}],"wp:featuredmedia":[{"embeddable":true,"href":"https:\/\/www.ceramicbasin.com\/pt\/wp-json\/wp\/v2\/media\/6858"}],"wp:attachment":[{"href":"https:\/\/www.ceramicbasin.com\/pt\/wp-json\/wp\/v2\/media?parent=6866"}],"wp:term":[{"taxonomy":"product_brand","embeddable":true,"href":"https:\/\/www.ceramicbasin.com\/pt\/wp-json\/wp\/v2\/product_brand?post=6866"},{"taxonomy":"product_cat","embeddable":true,"href":"https:\/\/www.ceramicbasin.com\/pt\/wp-json\/wp\/v2\/product_cat?post=6866"},{"taxonomy":"product_tag","embeddable":true,"href":"https:\/\/www.ceramicbasin.com\/pt\/wp-json\/wp\/v2\/product_tag?post=6866"}],"curies":[{"name":"wp","href":"https:\/\/api.w.org\/{rel}","templated":true}]}}