{"id":6867,"date":"2025-05-22T07:16:16","date_gmt":"2025-05-22T07:16:16","guid":{"rendered":"https:\/\/www.ceramicbasin.com\/?post_type=product&#038;p=6867"},"modified":"2025-05-22T07:16:19","modified_gmt":"2025-05-22T07:16:19","slug":"wholesale-ceramic-vessel-sink","status":"publish","type":"product","link":"https:\/\/www.ceramicbasin.com\/pt\/produto\/wholesale-ceramic-vessel-sink\/","title":{"rendered":"Fornecimento de f\u00e1brica de pia de cer\u00e2mica para vaso com textura de pedra"},"content":{"rendered":"<div class=\"wp-block-columns is-layout-flex wp-container-core-columns-is-layout-9d6595d7 wp-block-columns-is-layout-flex\">\n<div class=\"wp-block-column is-layout-flow wp-block-column-is-layout-flow\">\n<h2 class=\"wp-block-heading\">Carater\u00edstica do lavat\u00f3rio de vaso de cer\u00e2mica por atacado Premium:<\/h2>\n\n\n\n<ul class=\"wp-block-list\">\n<li><strong>Design de textura de imita\u00e7\u00e3o de pedra, apresentando a beleza natural e robusta: <\/strong>A textura da superf\u00edcie deste lava-loi\u00e7a de cer\u00e2mica por atacado imita a textura da pedra natural, com efeitos visuais reais e um toque delicado, melhorando a atmosfera natural e r\u00fastica da casa de banho.<\/li>\n\n\n\n<li><strong>Material cer\u00e2mico de alta qualidade, bonito e pr\u00e1tico:<\/strong> Os nossos lavat\u00f3rios de casa de banho por atacado s\u00e3o feitos de cer\u00e2mica cozida a alta temperatura, com uma superf\u00edcie dura e densa, resistente a riscos e ao desgaste, duradoura como nova, adequada para cen\u00e1rios de utiliza\u00e7\u00e3o di\u00e1ria de alta frequ\u00eancia.<\/li>\n\n\n\n<li><strong>Instala\u00e7\u00e3o em bancada, f\u00e1cil instala\u00e7\u00e3o e forte compatibilidade:<\/strong> Este lavat\u00f3rio de cer\u00e2mica por atacado adopta um design de estrutura de bancada, que \u00e9 f\u00e1cil de instalar e adequado para bancadas de v\u00e1rios materiais. \u00c9 adequado para uma ampla gama de aplica\u00e7\u00f5es em hot\u00e9is, projetos residenciais e comerciais.<\/li>\n\n\n\n<li><strong>Fornecimento a granel, apoio \u00e0 personaliza\u00e7\u00e3o e coopera\u00e7\u00e3o OEM: <\/strong>Fornecemos uma variedade de tamanhos e texturas para lavat\u00f3rios de casa de banho por atacado, apoiamos a personaliza\u00e7\u00e3o a granel de solu\u00e7\u00f5es de LOGO e embalagem e satisfazemos as diversas necessidades dos propriet\u00e1rios de marcas e clientes de engenharia.<\/li>\n<\/ul>\n<\/div>\n\n\n\n<div class=\"wp-block-column is-layout-flow wp-block-column-is-layout-flow\">\n<figure class=\"wp-block-image size-full\"><img fetchpriority=\"high\" decoding=\"async\" width=\"1346\" height=\"1787\" src=\"https:\/\/www.ceramicbasin.com\/wp-content\/uploads\/2025\/05\/Factory-supplier-washbasin-ceramic-color-face-washing-basin-5.webp\" alt=\"F\u00e1brica de pia de cer\u00e2mica para vaso com textura de pedra-1\" class=\"wp-image-6853\" srcset=\"https:\/\/www.ceramicbasin.com\/wp-content\/uploads\/2025\/05\/Factory-supplier-washbasin-ceramic-color-face-washing-basin-5.webp 1346w, https:\/\/www.ceramicbasin.com\/wp-content\/uploads\/2025\/05\/Factory-supplier-washbasin-ceramic-color-face-washing-basin-5-226x300.webp 226w, https:\/\/www.ceramicbasin.com\/wp-content\/uploads\/2025\/05\/Factory-supplier-washbasin-ceramic-color-face-washing-basin-5-768x1020.webp 768w, https:\/\/www.ceramicbasin.com\/wp-content\/uploads\/2025\/05\/Factory-supplier-washbasin-ceramic-color-face-washing-basin-5-9x12.webp 9w, https:\/\/www.ceramicbasin.com\/wp-content\/uploads\/2025\/05\/Factory-supplier-washbasin-ceramic-color-face-washing-basin-5-285x378.webp 285w, https:\/\/www.ceramicbasin.com\/wp-content\/uploads\/2025\/05\/Factory-supplier-washbasin-ceramic-color-face-washing-basin-5-497x660.webp 497w, https:\/\/www.ceramicbasin.com\/wp-content\/uploads\/2025\/05\/Factory-supplier-washbasin-ceramic-color-face-washing-basin-5-113x150.webp 113w\" sizes=\"(max-width: 1346px) 100vw, 1346px\" \/><\/figure>\n<\/div>\n<\/div>","protected":false},"excerpt":{"rendered":"<p>Bem-vindo \u00e0 compra de lavat\u00f3rios de casa de banho por atacado. Este lavat\u00f3rio de cer\u00e2mica com textura de imita\u00e7\u00e3o de pedra combina a textura natural com um processo moderno de transfer\u00eancia de \u00e1gua, apresentando uma est\u00e9tica de design simples e em camadas. Fornecimento por atacado, personaliza\u00e7\u00e3o de suporte e entrega r\u00e1pida.<\/p>\n<table style=\"border-collapse: collapse; width: 358.52pt;\" border=\"0\" width=\"478\" cellspacing=\"0\" cellpadding=\"0\">\n<tbody>\n<tr style=\"height: 17.25pt;\">\n<td class=\"et3\" style=\"height: 17.25pt; width: 125.00pt;\" width=\"166\" height=\"23\">Fabricante<\/td>\n<td class=\"et3\" style=\"width: 234.15pt;\" width=\"312\">HanYu<\/td>\n<\/tr>\n<tr style=\"height: 17.25pt;\">\n<td class=\"et3\" style=\"height: 17.25pt;\" height=\"23\">Modelo n.<\/td>\n<td class=\"et4\">HY-8018AD57<\/td>\n<\/tr>\n<tr style=\"height: 17.25pt;\">\n<td class=\"et3\" style=\"height: 17.25pt;\" height=\"23\">Tipo<\/td>\n<td class=\"et5\" style=\"width: 234.15pt;\" width=\"312\">Pias de m\u00e1rmore<\/td>\n<\/tr>\n<tr style=\"height: 18.00pt;\">\n<td class=\"et3\" style=\"height: 18.00pt;\" height=\"24\">Forma<\/td>\n<td class=\"et3\">Forma retangular<\/td>\n<\/tr>\n<tr style=\"height: 34.50pt;\">\n<td class=\"et4\" style=\"height: 34.50pt;\" height=\"46\">Cor<\/td>\n<td class=\"et5\" style=\"width: 234.15pt;\" width=\"312\">preto\/branco\/azul\/cinzento\/rosa\/verde\/castanho\/caqui<\/td>\n<\/tr>\n<tr style=\"height: 18.00pt;\">\n<td class=\"et3\" style=\"height: 18.00pt;\" height=\"24\">Dimens\u00e3o<\/td>\n<td class=\"et5\" style=\"width: 234.15pt;\" width=\"312\">46*32*13.5<\/td>\n<\/tr>\n<tr style=\"height: 17.25pt;\">\n<td class=\"et3\" style=\"height: 17.25pt;\" height=\"23\">N.W \/SET<\/td>\n<td class=\"et3\">7KGS\/PCS<\/td>\n<\/tr>\n<tr style=\"height: 17.25pt;\">\n<td class=\"et3\" style=\"height: 17.25pt;\" height=\"23\">MOQ<\/td>\n<td class=\"et3\">20 unidades<\/td>\n<\/tr>\n<tr style=\"height: 17.25pt;\">\n<td class=\"et3\" style=\"height: 17.25pt;\" height=\"23\">Op\u00e7\u00e3o personalizada<\/td>\n<td class=\"et3\">Cor\/Patente\/Tamanho\/Logotipo\/Embalagem<\/td>\n<\/tr>\n<\/tbody>\n<\/table>","protected":false},"featured_media":6851,"comment_status":"closed","ping_status":"closed","template":"","meta":{"_acf_changed":false},"product_brand":[],"product_cat":[54,50],"product_tag":[],"class_list":{"0":"post-6867","1":"product","2":"type-product","3":"status-publish","4":"has-post-thumbnail","6":"product_cat-wholesale-marble-sinks","7":"product_cat-wholesale-countertop-sinks","9":"first","10":"instock","11":"shipping-taxable","12":"product-type-simple"},"acf":[],"_links":{"self":[{"href":"https:\/\/www.ceramicbasin.com\/pt\/wp-json\/wp\/v2\/product\/6867","targetHints":{"allow":["GET"]}}],"collection":[{"href":"https:\/\/www.ceramicbasin.com\/pt\/wp-json\/wp\/v2\/product"}],"about":[{"href":"https:\/\/www.ceramicbasin.com\/pt\/wp-json\/wp\/v2\/types\/product"}],"replies":[{"embeddable":true,"href":"https:\/\/www.ceramicbasin.com\/pt\/wp-json\/wp\/v2\/comments?post=6867"}],"wp:featuredmedia":[{"embeddable":true,"href":"https:\/\/www.ceramicbasin.com\/pt\/wp-json\/wp\/v2\/media\/6851"}],"wp:attachment":[{"href":"https:\/\/www.ceramicbasin.com\/pt\/wp-json\/wp\/v2\/media?parent=6867"}],"wp:term":[{"taxonomy":"product_brand","embeddable":true,"href":"https:\/\/www.ceramicbasin.com\/pt\/wp-json\/wp\/v2\/product_brand?post=6867"},{"taxonomy":"product_cat","embeddable":true,"href":"https:\/\/www.ceramicbasin.com\/pt\/wp-json\/wp\/v2\/product_cat?post=6867"},{"taxonomy":"product_tag","embeddable":true,"href":"https:\/\/www.ceramicbasin.com\/pt\/wp-json\/wp\/v2\/product_tag?post=6867"}],"curies":[{"name":"wp","href":"https:\/\/api.w.org\/{rel}","templated":true}]}}