{"id":6868,"date":"2025-05-22T07:06:46","date_gmt":"2025-05-22T07:06:46","guid":{"rendered":"https:\/\/www.ceramicbasin.com\/?post_type=product&#038;p=6868"},"modified":"2025-05-22T07:06:49","modified_gmt":"2025-05-22T07:06:49","slug":"wholesale-counter-top-basins","status":"publish","type":"product","link":"https:\/\/www.ceramicbasin.com\/pt\/produto\/wholesale-counter-top-basins\/","title":{"rendered":"Imita\u00e7\u00e3o de m\u00e1rmore por atacado Bancadas lavat\u00f3rios de cer\u00e2mica"},"content":{"rendered":"<div class=\"wp-block-columns is-layout-flex wp-container-core-columns-is-layout-9d6595d7 wp-block-columns-is-layout-flex\">\n<div class=\"wp-block-column is-layout-flow wp-block-column-is-layout-flow\">\n<h2 class=\"wp-block-heading\">Bacias de balc\u00e3o Premium Wholesale Carater\u00edsticas:<\/h2>\n\n\n\n<ul class=\"wp-block-list\">\n<li><strong>Textura de m\u00e1rmore simulado, estilo luxuoso e natural: <\/strong>A superf\u00edcie desta bacia de bancada por atacado \u00e9 decorada com textura de m\u00e1rmore preto e branco, com textura natural e suave, efeito visual realista, criando uma atmosfera de espa\u00e7o de casa de banho de alta qualidade.<\/li>\n\n\n\n<li><strong>Cozedura de cer\u00e2mica a alta temperatura, superf\u00edcie lisa e f\u00e1cil de limpar: <\/strong>Os nossos lavat\u00f3rios de cer\u00e2mica para casa de banho por atacado s\u00e3o feitos de cer\u00e2mica de alta qualidade, que \u00e9 resistente a altas temperaturas, manchas e arranh\u00f5es, f\u00e1cil de limpar diariamente, e ainda brilhante e limpo ap\u00f3s o uso a longo prazo.<\/li>\n\n\n\n<li><strong>Instala\u00e7\u00e3o em bancadas, adequada a v\u00e1rias bancadas e estilos de casa de banho: <\/strong>Os nossos lavat\u00f3rios de balc\u00e3o por atacado s\u00e3o f\u00e1ceis de instalar e adequados para uma variedade de estilos de decora\u00e7\u00e3o de casas de banho, tais como simplicidade moderna, luxo leve, estilo natural, etc.<\/li>\n\n\n\n<li><strong>Fornecimento por grosso, apoio \u00e0 personaliza\u00e7\u00e3o OEM e entrega r\u00e1pida: <\/strong>Estas pias de banheiro de cer\u00e2mica por atacado t\u00eam quantidade m\u00ednima de pedido flex\u00edvel, suportam personaliza\u00e7\u00e3o de LOGO e embalagem exclusiva e fornecem um servi\u00e7o completo para clientes de projetos e marcas.<\/li>\n<\/ul>\n<\/div>\n\n\n\n<div class=\"wp-block-column is-layout-flow wp-block-column-is-layout-flow\">\n<figure class=\"wp-block-image size-full\"><img fetchpriority=\"high\" decoding=\"async\" width=\"1345\" height=\"1786\" src=\"https:\/\/www.ceramicbasin.com\/wp-content\/uploads\/2025\/05\/Ceramic-color-basin-supplier-marble-color-hand-washing-basin-with-wholesale-price-5.webp\" alt=\"Imita\u00e7\u00e3o de m\u00e1rmore por atacado Bancadas lavat\u00f3rios de cer\u00e2mica-1\" class=\"wp-image-6848\" srcset=\"https:\/\/www.ceramicbasin.com\/wp-content\/uploads\/2025\/05\/Ceramic-color-basin-supplier-marble-color-hand-washing-basin-with-wholesale-price-5.webp 1345w, https:\/\/www.ceramicbasin.com\/wp-content\/uploads\/2025\/05\/Ceramic-color-basin-supplier-marble-color-hand-washing-basin-with-wholesale-price-5-226x300.webp 226w, https:\/\/www.ceramicbasin.com\/wp-content\/uploads\/2025\/05\/Ceramic-color-basin-supplier-marble-color-hand-washing-basin-with-wholesale-price-5-768x1020.webp 768w, https:\/\/www.ceramicbasin.com\/wp-content\/uploads\/2025\/05\/Ceramic-color-basin-supplier-marble-color-hand-washing-basin-with-wholesale-price-5-9x12.webp 9w, https:\/\/www.ceramicbasin.com\/wp-content\/uploads\/2025\/05\/Ceramic-color-basin-supplier-marble-color-hand-washing-basin-with-wholesale-price-5-285x378.webp 285w, https:\/\/www.ceramicbasin.com\/wp-content\/uploads\/2025\/05\/Ceramic-color-basin-supplier-marble-color-hand-washing-basin-with-wholesale-price-5-497x660.webp 497w, https:\/\/www.ceramicbasin.com\/wp-content\/uploads\/2025\/05\/Ceramic-color-basin-supplier-marble-color-hand-washing-basin-with-wholesale-price-5-113x150.webp 113w\" sizes=\"(max-width: 1345px) 100vw, 1345px\" \/><\/figure>\n<\/div>\n<\/div>","protected":false},"excerpt":{"rendered":"<p>Bem-vindo \u00e0 compra de lavat\u00f3rios de cer\u00e2mica para casa de banho por atacado. Os nossos lavat\u00f3rios de imita\u00e7\u00e3o de m\u00e1rmore por atacado apresentam a textura de alta qualidade da pedra natural com textura de m\u00e1rmore preto e branco, combinada com uma forma moderna e simples, que \u00e9 a escolha ideal para retalhistas e projectos de engenharia.<\/p>\n<table style=\"border-collapse: collapse; width: 358.52pt;\" border=\"0\" width=\"478\" cellspacing=\"0\" cellpadding=\"0\">\n<tbody>\n<tr style=\"height: 17.25pt;\">\n<td class=\"et3\" style=\"height: 17.25pt; width: 125.00pt;\" width=\"166\" height=\"23\">Fabricante<\/td>\n<td class=\"et3\" style=\"width: 234.15pt;\" width=\"312\">HanYu<\/td>\n<\/tr>\n<tr style=\"height: 17.25pt;\">\n<td class=\"et3\" style=\"height: 17.25pt;\" height=\"23\">Modelo n.<\/td>\n<td class=\"et4\">HY-8069D66<\/td>\n<\/tr>\n<tr style=\"height: 17.25pt;\">\n<td class=\"et3\" style=\"height: 17.25pt;\" height=\"23\">Tipo<\/td>\n<td class=\"et5\" style=\"width: 234.15pt;\" width=\"312\">Pias de m\u00e1rmore<\/td>\n<\/tr>\n<tr style=\"height: 18.00pt;\">\n<td class=\"et3\" style=\"height: 18.00pt;\" height=\"24\">Forma<\/td>\n<td class=\"et3\">Forma redonda<\/td>\n<\/tr>\n<tr style=\"height: 34.50pt;\">\n<td class=\"et4\" style=\"height: 34.50pt;\" height=\"46\">Cor<\/td>\n<td class=\"et5\" style=\"width: 234.15pt;\" width=\"312\">preto\/branco\/azul\/cinzento\/rosa\/verde\/castanho\/caqui<\/td>\n<\/tr>\n<tr style=\"height: 18.00pt;\">\n<td class=\"et3\" style=\"height: 18.00pt;\" height=\"24\">Dimens\u00e3o<\/td>\n<td class=\"et5\" style=\"width: 234.15pt;\" width=\"312\">41.5*41.5*13.5<\/td>\n<\/tr>\n<tr style=\"height: 17.25pt;\">\n<td class=\"et3\" style=\"height: 17.25pt;\" height=\"23\">N.W \/SET<\/td>\n<td class=\"et3\">7KGS\/PCS<\/td>\n<\/tr>\n<tr style=\"height: 17.25pt;\">\n<td class=\"et3\" style=\"height: 17.25pt;\" height=\"23\">MOQ<\/td>\n<td class=\"et3\">20 unidades<\/td>\n<\/tr>\n<tr style=\"height: 17.25pt;\">\n<td class=\"et3\" style=\"height: 17.25pt;\" height=\"23\">Op\u00e7\u00e3o personalizada<\/td>\n<td class=\"et3\">Cor\/Patente\/Tamanho\/Logotipo\/Embalagem<\/td>\n<\/tr>\n<\/tbody>\n<\/table>","protected":false},"featured_media":6845,"comment_status":"closed","ping_status":"closed","template":"","meta":{"_acf_changed":false},"product_brand":[],"product_cat":[54,50],"product_tag":[],"class_list":{"0":"post-6868","1":"product","2":"type-product","3":"status-publish","4":"has-post-thumbnail","6":"product_cat-wholesale-marble-sinks","7":"product_cat-wholesale-countertop-sinks","9":"first","10":"instock","11":"shipping-taxable","12":"product-type-simple"},"acf":[],"_links":{"self":[{"href":"https:\/\/www.ceramicbasin.com\/pt\/wp-json\/wp\/v2\/product\/6868","targetHints":{"allow":["GET"]}}],"collection":[{"href":"https:\/\/www.ceramicbasin.com\/pt\/wp-json\/wp\/v2\/product"}],"about":[{"href":"https:\/\/www.ceramicbasin.com\/pt\/wp-json\/wp\/v2\/types\/product"}],"replies":[{"embeddable":true,"href":"https:\/\/www.ceramicbasin.com\/pt\/wp-json\/wp\/v2\/comments?post=6868"}],"wp:featuredmedia":[{"embeddable":true,"href":"https:\/\/www.ceramicbasin.com\/pt\/wp-json\/wp\/v2\/media\/6845"}],"wp:attachment":[{"href":"https:\/\/www.ceramicbasin.com\/pt\/wp-json\/wp\/v2\/media?parent=6868"}],"wp:term":[{"taxonomy":"product_brand","embeddable":true,"href":"https:\/\/www.ceramicbasin.com\/pt\/wp-json\/wp\/v2\/product_brand?post=6868"},{"taxonomy":"product_cat","embeddable":true,"href":"https:\/\/www.ceramicbasin.com\/pt\/wp-json\/wp\/v2\/product_cat?post=6868"},{"taxonomy":"product_tag","embeddable":true,"href":"https:\/\/www.ceramicbasin.com\/pt\/wp-json\/wp\/v2\/product_tag?post=6868"}],"curies":[{"name":"wp","href":"https:\/\/api.w.org\/{rel}","templated":true}]}}