{"id":6880,"date":"2025-05-27T08:33:42","date_gmt":"2025-05-27T08:33:42","guid":{"rendered":"https:\/\/www.ceramicbasin.com\/?post_type=product&#038;p=6880"},"modified":"2025-11-03T07:48:47","modified_gmt":"2025-11-03T07:48:47","slug":"white-ceramic-sinks-wholesale","status":"publish","type":"product","link":"https:\/\/www.ceramicbasin.com\/pt\/produto\/white-ceramic-sinks-wholesale\/","title":{"rendered":"Pias de cer\u00e2mica branca por atacado, pias de bancada grandes personalizadas"},"content":{"rendered":"<div class=\"wp-block-columns is-layout-flex wp-container-core-columns-is-layout-9d6595d7 wp-block-columns-is-layout-flex\">\n<div class=\"wp-block-column is-layout-flow wp-block-column-is-layout-flow\">\n<h2 class=\"wp-block-heading\">Pias de cer\u00e2mica branca premium Carater\u00edsticas por atacado:<\/h2>\n\n\n\n<ul class=\"wp-block-list\">\n<li><strong>Material cer\u00e2mico de alta qualidade:\u00a0<\/strong>Os lava-loi\u00e7as de cer\u00e2mica branca da HanYu s\u00e3o fabricados com mat\u00e9rias-primas cer\u00e2micas de alta qualidade, que s\u00e3o cozidas a altas temperaturas, com uma textura s\u00f3lida e uma superf\u00edcie lisa, impedindo eficazmente a ader\u00eancia da sujidade.<\/li>\n\n\n\n<li><strong>Op\u00e7\u00f5es personaliz\u00e1veis:<\/strong> HanYu oferece uma sele\u00e7\u00e3o de pias de cer\u00e2mica branca por atacado que v\u00eam em v\u00e1rias cores, acabamentos de superf\u00edcie e embalagens personaliz\u00e1veis. Isto d\u00e1-lhe a flexibilidade de adaptar o produto \u00e0 sua marca e \u00e0s necessidades do seu mercado-alvo.<\/li>\n\n\n\n<li><strong>Design de grandes dimens\u00f5es: <\/strong>Os lava-loi\u00e7as de cer\u00e2mica branca por atacado t\u00eam uma largura maior e uma forma retangular mais comprida, alargando o espa\u00e7o de lavagem, mais adequado para aplica\u00e7\u00e3o em \u00e1reas residenciais, hot\u00e9is e \u00e1reas comerciais.<\/li>\n\n\n\n<li><strong>Arestas arredondadas: <\/strong>Os nossos lava-loi\u00e7as de bancada personalizados apresentam arestas arredondadas que n\u00e3o s\u00e3o apenas deslumbrantes, mas tamb\u00e9m seguras, evitando choques e contus\u00f5es e exalando aten\u00e7\u00e3o aos detalhes.<\/li>\n<\/ul>\n<\/div>\n\n\n\n<div class=\"wp-block-column is-layout-flow wp-block-column-is-layout-flow\">\n<figure class=\"wp-block-image size-full\"><img fetchpriority=\"high\" decoding=\"async\" width=\"800\" height=\"800\" src=\"https:\/\/www.ceramicbasin.com\/wp-content\/uploads\/2025\/05\/bathroom-sinks-vanity\uff0ccountertop-sink\uff0cporcelin-bathroom-sink6.webp\" alt=\"white-ceramic-sinks-wholesale-custom-countertop-sinks-large-retangular-round-edge-6\" class=\"wp-image-6886\" srcset=\"https:\/\/www.ceramicbasin.com\/wp-content\/uploads\/2025\/05\/bathroom-sinks-vanity\uff0ccountertop-sink\uff0cporcelin-bathroom-sink6.webp 800w, https:\/\/www.ceramicbasin.com\/wp-content\/uploads\/2025\/05\/bathroom-sinks-vanity\uff0ccountertop-sink\uff0cporcelin-bathroom-sink6-300x300.webp 300w, https:\/\/www.ceramicbasin.com\/wp-content\/uploads\/2025\/05\/bathroom-sinks-vanity\uff0ccountertop-sink\uff0cporcelin-bathroom-sink6-150x150.webp 150w, https:\/\/www.ceramicbasin.com\/wp-content\/uploads\/2025\/05\/bathroom-sinks-vanity\uff0ccountertop-sink\uff0cporcelin-bathroom-sink6-768x768.webp 768w, https:\/\/www.ceramicbasin.com\/wp-content\/uploads\/2025\/05\/bathroom-sinks-vanity\uff0ccountertop-sink\uff0cporcelin-bathroom-sink6-12x12.webp 12w, https:\/\/www.ceramicbasin.com\/wp-content\/uploads\/2025\/05\/bathroom-sinks-vanity\uff0ccountertop-sink\uff0cporcelin-bathroom-sink6-285x285.webp 285w, https:\/\/www.ceramicbasin.com\/wp-content\/uploads\/2025\/05\/bathroom-sinks-vanity\uff0ccountertop-sink\uff0cporcelin-bathroom-sink6-270x270.webp 270w, https:\/\/www.ceramicbasin.com\/wp-content\/uploads\/2025\/05\/bathroom-sinks-vanity\uff0ccountertop-sink\uff0cporcelin-bathroom-sink6-540x540.webp 540w, https:\/\/www.ceramicbasin.com\/wp-content\/uploads\/2025\/05\/bathroom-sinks-vanity\uff0ccountertop-sink\uff0cporcelin-bathroom-sink6-660x660.webp 660w\" sizes=\"(max-width: 800px) 100vw, 800px\" \/><\/figure>\n<\/div>\n<\/div>\n\n\n\n<p><\/p>","protected":false},"excerpt":{"rendered":"<p>Bem-vindo ao comprar os nossos lava-loi\u00e7as de cer\u00e2mica branca por grosso. Estes espa\u00e7osos lava-loi\u00e7as rectangulares, com cantos arredondados, combinam uma est\u00e9tica moderna e elegante com a praticidade do dia a dia. S\u00e3o ideais para compras a granel e v\u00e1rios projectos. Cada lava-loi\u00e7a tem uma cuba generosa, cantos arredondados para maior seguran\u00e7a e um acabamento em porcelana de alto brilho que n\u00e3o s\u00f3 tem um \u00f3timo aspeto, como tamb\u00e9m \u00e9 dur\u00e1vel e f\u00e1cil de limpar. S\u00e3o uma escolha fant\u00e1stica para elevar as casas de banho comerciais e residenciais.<\/p>\n<table style=\"border-collapse: collapse; width: 358.52pt;\" border=\"0\" width=\"478\" cellspacing=\"0\" cellpadding=\"0\">\n<tbody>\n<tr style=\"height: 17.25pt;\">\n<td class=\"et3\" style=\"height: 17.25pt; width: 125.00pt;\" width=\"166\" height=\"23\">Fabricante<\/td>\n<td class=\"et3\" style=\"width: 234.15pt;\" width=\"312\">HanYu<\/td>\n<\/tr>\n<tr style=\"height: 17.25pt;\">\n<td class=\"et3\" style=\"height: 17.25pt;\" height=\"23\">Modelo n.<\/td>\n<td class=\"et4\">HY-8247<\/td>\n<\/tr>\n<tr style=\"height: 17.25pt;\">\n<td class=\"et3\" style=\"height: 17.25pt;\" height=\"23\">Tipo<\/td>\n<td class=\"et5\" style=\"width: 234.15pt;\" width=\"312\">Lava-lou\u00e7as de bancada<\/td>\n<\/tr>\n<tr style=\"height: 18.00pt;\">\n<td class=\"et3\" style=\"height: 18.00pt;\" height=\"24\">Forma<\/td>\n<td class=\"et3\">Forma oval<\/td>\n<\/tr>\n<tr style=\"height: 34.50pt;\">\n<td class=\"et4\" style=\"height: 34.50pt;\" height=\"46\">Cor<\/td>\n<td class=\"et5\" style=\"width: 234.15pt;\" width=\"312\">preto\/branco\/azul\/cinzento\/rosa\/verde\/castanho\/caqui<\/td>\n<\/tr>\n<tr style=\"height: 18.00pt;\">\n<td class=\"et3\" style=\"height: 18.00pt;\" height=\"24\">Dimens\u00e3o<\/td>\n<td class=\"et5\" style=\"width: 234.15pt;\" width=\"312\">60.5*38*12<\/td>\n<\/tr>\n<tr style=\"height: 17.25pt;\">\n<td class=\"et3\" style=\"height: 17.25pt;\" height=\"23\">N.W \/SET<\/td>\n<td class=\"et3\">18KGS\/PCS<\/td>\n<\/tr>\n<tr style=\"height: 17.25pt;\">\n<td class=\"et3\" style=\"height: 17.25pt;\" height=\"23\">MOQ<\/td>\n<td class=\"et3\">20 unidades<\/td>\n<\/tr>\n<tr style=\"height: 17.25pt;\">\n<td class=\"et3\" style=\"height: 17.25pt;\" height=\"23\">Op\u00e7\u00e3o personalizada<\/td>\n<td class=\"et3\">Cor\/Patente\/Tamanho\/Logotipo\/Embalagem<\/td>\n<\/tr>\n<\/tbody>\n<\/table>","protected":false},"featured_media":6881,"comment_status":"closed","ping_status":"closed","template":"","meta":{"_acf_changed":false},"product_brand":[],"product_cat":[50],"product_tag":[],"class_list":{"0":"post-6880","1":"product","2":"type-product","3":"status-publish","4":"has-post-thumbnail","6":"product_cat-wholesale-countertop-sinks","8":"first","9":"instock","10":"shipping-taxable","11":"product-type-simple"},"acf":[],"_links":{"self":[{"href":"https:\/\/www.ceramicbasin.com\/pt\/wp-json\/wp\/v2\/product\/6880","targetHints":{"allow":["GET"]}}],"collection":[{"href":"https:\/\/www.ceramicbasin.com\/pt\/wp-json\/wp\/v2\/product"}],"about":[{"href":"https:\/\/www.ceramicbasin.com\/pt\/wp-json\/wp\/v2\/types\/product"}],"replies":[{"embeddable":true,"href":"https:\/\/www.ceramicbasin.com\/pt\/wp-json\/wp\/v2\/comments?post=6880"}],"wp:featuredmedia":[{"embeddable":true,"href":"https:\/\/www.ceramicbasin.com\/pt\/wp-json\/wp\/v2\/media\/6881"}],"wp:attachment":[{"href":"https:\/\/www.ceramicbasin.com\/pt\/wp-json\/wp\/v2\/media?parent=6880"}],"wp:term":[{"taxonomy":"product_brand","embeddable":true,"href":"https:\/\/www.ceramicbasin.com\/pt\/wp-json\/wp\/v2\/product_brand?post=6880"},{"taxonomy":"product_cat","embeddable":true,"href":"https:\/\/www.ceramicbasin.com\/pt\/wp-json\/wp\/v2\/product_cat?post=6880"},{"taxonomy":"product_tag","embeddable":true,"href":"https:\/\/www.ceramicbasin.com\/pt\/wp-json\/wp\/v2\/product_tag?post=6880"}],"curies":[{"name":"wp","href":"https:\/\/api.w.org\/{rel}","templated":true}]}}