{"id":6887,"date":"2025-05-27T09:01:02","date_gmt":"2025-05-27T09:01:02","guid":{"rendered":"https:\/\/www.ceramicbasin.com\/?post_type=product&#038;p=6887"},"modified":"2025-06-04T02:03:32","modified_gmt":"2025-06-04T02:03:32","slug":"bathroom-sink-custom","status":"publish","type":"product","link":"https:\/\/www.ceramicbasin.com\/pt\/produto\/bathroom-sink-custom\/","title":{"rendered":"Lavat\u00f3rio de casa de banho de primeira qualidade personalizado, lavat\u00f3rio por atacado"},"content":{"rendered":"<div class=\"wp-block-columns is-layout-flex wp-container-core-columns-is-layout-9d6595d7 wp-block-columns-is-layout-flex\">\n<div class=\"wp-block-column is-layout-flow wp-block-column-is-layout-flow\">\n<h2 class=\"wp-block-heading\">Carater\u00edsticas personalizadas do lavat\u00f3rio de casa de banho Premium:<\/h2>\n\n\n\n<ul class=\"wp-block-list\">\n<li><strong>Tratamento de esmalte f\u00e1cil de limpar:\u00a0<\/strong>A superf\u00edcie destes modelos personalizados de lavat\u00f3rio de casa de banho adopta uma tecnologia especial de esmalte f\u00e1cil de limpar, que \u00e9 suave e delicada, tornando as manchas menos suscept\u00edveis de aderir e f\u00e1ceis de limpar.<\/li>\n\n\n\n<li><strong>Vendas a quente: <\/strong>Estes designs personalizados de lavat\u00f3rios de casa de banho atraem muita aten\u00e7\u00e3o no mercado. Duram muito tempo, mant\u00eam a cor uniforme, s\u00e3o limpos e t\u00eam uma \u00f3ptima rela\u00e7\u00e3o qualidade\/pre\u00e7o.<\/li>\n\n\n\n<li><strong>Look moderno:<\/strong> Os nossos lavat\u00f3rios por atacado trazem uma mistura de classe e um aspeto fresco a qualquer casa de banho. Criam um ponto focal elegante.<\/li>\n\n\n\n<li><strong>Embalagem segura e personaliz\u00e1vel: <\/strong>A nossa venda por grosso de lavat\u00f3rios oferece v\u00e1rias op\u00e7\u00f5es de embalagem, incluindo caixas de cart\u00e3o, prote\u00e7\u00e3o interior em espuma ou favo de mel e caixas impressas personalizadas para uma entrega segura e uma imagem de marca.<\/li>\n<\/ul>\n<\/div>\n\n\n\n<div class=\"wp-block-column is-layout-flow wp-block-column-is-layout-flow\">\n<figure class=\"wp-block-image size-full\"><img fetchpriority=\"high\" decoding=\"async\" width=\"800\" height=\"800\" src=\"https:\/\/www.ceramicbasin.com\/wp-content\/uploads\/2025\/05\/white-basin-sink\uff0cceramic-laundry-basin\uff0cabove-counter-sink1.webp\" alt=\"lavat\u00f3rio de casa de banho de alta qualidade e de primeira categoria - lavat\u00f3rio personalizado - venda por grosso-1\" class=\"wp-image-6888\" srcset=\"https:\/\/www.ceramicbasin.com\/wp-content\/uploads\/2025\/05\/white-basin-sink\uff0cceramic-laundry-basin\uff0cabove-counter-sink1.webp 800w, https:\/\/www.ceramicbasin.com\/wp-content\/uploads\/2025\/05\/white-basin-sink\uff0cceramic-laundry-basin\uff0cabove-counter-sink1-300x300.webp 300w, https:\/\/www.ceramicbasin.com\/wp-content\/uploads\/2025\/05\/white-basin-sink\uff0cceramic-laundry-basin\uff0cabove-counter-sink1-150x150.webp 150w, https:\/\/www.ceramicbasin.com\/wp-content\/uploads\/2025\/05\/white-basin-sink\uff0cceramic-laundry-basin\uff0cabove-counter-sink1-768x768.webp 768w, https:\/\/www.ceramicbasin.com\/wp-content\/uploads\/2025\/05\/white-basin-sink\uff0cceramic-laundry-basin\uff0cabove-counter-sink1-12x12.webp 12w, https:\/\/www.ceramicbasin.com\/wp-content\/uploads\/2025\/05\/white-basin-sink\uff0cceramic-laundry-basin\uff0cabove-counter-sink1-285x285.webp 285w, https:\/\/www.ceramicbasin.com\/wp-content\/uploads\/2025\/05\/white-basin-sink\uff0cceramic-laundry-basin\uff0cabove-counter-sink1-270x270.webp 270w, https:\/\/www.ceramicbasin.com\/wp-content\/uploads\/2025\/05\/white-basin-sink\uff0cceramic-laundry-basin\uff0cabove-counter-sink1-540x540.webp 540w, https:\/\/www.ceramicbasin.com\/wp-content\/uploads\/2025\/05\/white-basin-sink\uff0cceramic-laundry-basin\uff0cabove-counter-sink1-660x660.webp 660w\" sizes=\"(max-width: 800px) 100vw, 800px\" \/><\/figure>\n<\/div>\n<\/div>\n\n\n\n<p><\/p>","protected":false},"excerpt":{"rendered":"<p>Estes lavat\u00f3rios de casa de banho personalizados de primeira qualidade s\u00e3o bem recebidos pelo mercado porque s\u00e3o dur\u00e1veis, t\u00eam uma cor consistente, s\u00e3o f\u00e1ceis de limpar e manter e oferecem uma elevada rela\u00e7\u00e3o pre\u00e7o\/desempenho. Os produtos t\u00eam em conta tudo, desde o material e o tamanho at\u00e9 \u00e0 configura\u00e7\u00e3o e embalagem. Cada artigo \u00e9 constru\u00eddo para durar, ter um aspeto apelativo e satisfazer as suas necessidades espec\u00edficas. Bem-vindo a contactar a Hanyu.<\/p>\n<table style=\"border-collapse: collapse; width: 358.52pt;\" border=\"0\" width=\"478\" cellspacing=\"0\" cellpadding=\"0\">\n<tbody>\n<tr style=\"height: 17.25pt;\">\n<td class=\"et3\" style=\"height: 17.25pt; width: 125.00pt;\" width=\"166\" height=\"23\">Fabricante<\/td>\n<td class=\"et3\" style=\"width: 234.15pt;\" width=\"312\">HanYu<\/td>\n<\/tr>\n<tr style=\"height: 17.25pt;\">\n<td class=\"et3\" style=\"height: 17.25pt;\" height=\"23\">Modelo n.<\/td>\n<td class=\"et4\">HY-8249<\/td>\n<\/tr>\n<tr style=\"height: 17.25pt;\">\n<td class=\"et3\" style=\"height: 17.25pt;\" height=\"23\">Tipo<\/td>\n<td class=\"et5\" style=\"width: 234.15pt;\" width=\"312\">Lava-lou\u00e7as de bancada<\/td>\n<\/tr>\n<tr style=\"height: 18.00pt;\">\n<td class=\"et3\" style=\"height: 18.00pt;\" height=\"24\">Forma<\/td>\n<td class=\"et3\">Forma oval<\/td>\n<\/tr>\n<tr style=\"height: 34.50pt;\">\n<td class=\"et4\" style=\"height: 34.50pt;\" height=\"46\">Cor<\/td>\n<td class=\"et5\" style=\"width: 234.15pt;\" width=\"312\">preto\/branco\/azul\/cinzento\/rosa\/verde\/castanho\/caqui<\/td>\n<\/tr>\n<tr style=\"height: 18.00pt;\">\n<td class=\"et3\" style=\"height: 18.00pt;\" height=\"24\">Dimens\u00e3o<\/td>\n<td class=\"et5\" style=\"width: 234.15pt;\" width=\"312\">47*34.5*15<\/td>\n<\/tr>\n<tr style=\"height: 17.25pt;\">\n<td class=\"et3\" style=\"height: 17.25pt;\" height=\"23\">N.W \/SET<\/td>\n<td class=\"et3\">15KGS\/PCS<\/td>\n<\/tr>\n<tr style=\"height: 17.25pt;\">\n<td class=\"et3\" style=\"height: 17.25pt;\" height=\"23\">MOQ<\/td>\n<td class=\"et3\">20 unidades<\/td>\n<\/tr>\n<tr style=\"height: 17.25pt;\">\n<td class=\"et3\" style=\"height: 17.25pt;\" height=\"23\">Op\u00e7\u00e3o personalizada<\/td>\n<td class=\"et3\">Cor\/Patente\/Tamanho\/Logotipo\/Embalagem<\/td>\n<\/tr>\n<\/tbody>\n<\/table>","protected":false},"featured_media":6892,"comment_status":"closed","ping_status":"closed","template":"","meta":{"_acf_changed":false},"product_brand":[],"product_cat":[50],"product_tag":[],"class_list":{"0":"post-6887","1":"product","2":"type-product","3":"status-publish","4":"has-post-thumbnail","6":"product_cat-wholesale-countertop-sinks","8":"first","9":"instock","10":"shipping-taxable","11":"product-type-simple"},"acf":[],"_links":{"self":[{"href":"https:\/\/www.ceramicbasin.com\/pt\/wp-json\/wp\/v2\/product\/6887","targetHints":{"allow":["GET"]}}],"collection":[{"href":"https:\/\/www.ceramicbasin.com\/pt\/wp-json\/wp\/v2\/product"}],"about":[{"href":"https:\/\/www.ceramicbasin.com\/pt\/wp-json\/wp\/v2\/types\/product"}],"replies":[{"embeddable":true,"href":"https:\/\/www.ceramicbasin.com\/pt\/wp-json\/wp\/v2\/comments?post=6887"}],"wp:featuredmedia":[{"embeddable":true,"href":"https:\/\/www.ceramicbasin.com\/pt\/wp-json\/wp\/v2\/media\/6892"}],"wp:attachment":[{"href":"https:\/\/www.ceramicbasin.com\/pt\/wp-json\/wp\/v2\/media?parent=6887"}],"wp:term":[{"taxonomy":"product_brand","embeddable":true,"href":"https:\/\/www.ceramicbasin.com\/pt\/wp-json\/wp\/v2\/product_brand?post=6887"},{"taxonomy":"product_cat","embeddable":true,"href":"https:\/\/www.ceramicbasin.com\/pt\/wp-json\/wp\/v2\/product_cat?post=6887"},{"taxonomy":"product_tag","embeddable":true,"href":"https:\/\/www.ceramicbasin.com\/pt\/wp-json\/wp\/v2\/product_tag?post=6887"}],"curies":[{"name":"wp","href":"https:\/\/api.w.org\/{rel}","templated":true}]}}