{"id":6894,"date":"2025-05-27T09:13:22","date_gmt":"2025-05-27T09:13:22","guid":{"rendered":"https:\/\/www.ceramicbasin.com\/?post_type=product&#038;p=6894"},"modified":"2025-09-26T07:09:34","modified_gmt":"2025-09-26T07:09:34","slug":"bespoke-wash-basins","status":"publish","type":"product","link":"https:\/\/www.ceramicbasin.com\/pt\/produto\/bespoke-wash-basins\/","title":{"rendered":"Lavat\u00f3rios feitos \u00e0 medida, lavat\u00f3rio de cer\u00e2mica branca acima do balc\u00e3o por atacado"},"content":{"rendered":"<div class=\"wp-block-columns is-layout-flex wp-container-core-columns-is-layout-9d6595d7 wp-block-columns-is-layout-flex\">\n<div class=\"wp-block-column is-layout-flow wp-block-column-is-layout-flow\">\n<h2 class=\"wp-block-heading\">Lavat\u00f3rios Premium Bespoke Carater\u00edsticas:<\/h2>\n\n\n\n<ul class=\"wp-block-list\">\n<li><strong>Design moderno e minimalista:<\/strong> Estes lavat\u00f3rios feitos \u00e0 medida s\u00e3o rectangulares com arestas n\u00edtidas e limpas. Enquadram-se perfeitamente em casas de banho modernas, contribuindo para o estilo geral.<\/li>\n\n\n\n<li><strong>Material cer\u00e2mico de alta qualidade: <\/strong>Este lavat\u00f3rio de balc\u00e3o por atacado \u00e9 produzido com cer\u00e2mica queimada a alta temperatura. A superf\u00edcie do seu aspeto brilhante \u00e9 resistente a riscos, f\u00e1cil de manter e mant\u00e9m o seu aspeto brilhante durante muitos anos.<\/li>\n\n\n\n<li><strong>Servi\u00e7os de personaliza\u00e7\u00e3o: <\/strong>Oferecemos diferentes servi\u00e7os de personaliza\u00e7\u00e3o para a bacia do balc\u00e3o acima, incluindo tamanho, cor e log\u00f3tipo, de modo a satisfazer as necessidades espec\u00edficas das marcas ou fins de engenharia.<\/li>\n\n\n\n<li><strong>Conce\u00e7\u00e3o da instala\u00e7\u00e3o da bancada: <\/strong>Estes lavat\u00f3rios feitos \u00e0 medida s\u00e3o simples de instalar e poupam espa\u00e7o. Funcionam bem em locais como apartamentos, casas ou mesmo hot\u00e9is de luxo.<\/li>\n<\/ul>\n<\/div>\n\n\n\n<div class=\"wp-block-column is-layout-flow wp-block-column-is-layout-flow\">\n<figure class=\"wp-block-image size-full\"><img fetchpriority=\"high\" decoding=\"async\" width=\"800\" height=\"800\" src=\"https:\/\/www.ceramicbasin.com\/wp-content\/uploads\/2025\/05\/vanity-sink-for-bathroom\uff0cporcelain-lavatory-sinks\uff0ccountertop-sinks6.webp\" alt=\"lavat\u00f3rios bespoke-lavat\u00f3rios-brancos-cer\u00e2micos-rectangulares-sobre-a-bancada-lavat\u00f3rio-atacado-6\" class=\"wp-image-6900\" srcset=\"https:\/\/www.ceramicbasin.com\/wp-content\/uploads\/2025\/05\/vanity-sink-for-bathroom\uff0cporcelain-lavatory-sinks\uff0ccountertop-sinks6.webp 800w, https:\/\/www.ceramicbasin.com\/wp-content\/uploads\/2025\/05\/vanity-sink-for-bathroom\uff0cporcelain-lavatory-sinks\uff0ccountertop-sinks6-300x300.webp 300w, https:\/\/www.ceramicbasin.com\/wp-content\/uploads\/2025\/05\/vanity-sink-for-bathroom\uff0cporcelain-lavatory-sinks\uff0ccountertop-sinks6-150x150.webp 150w, https:\/\/www.ceramicbasin.com\/wp-content\/uploads\/2025\/05\/vanity-sink-for-bathroom\uff0cporcelain-lavatory-sinks\uff0ccountertop-sinks6-768x768.webp 768w, https:\/\/www.ceramicbasin.com\/wp-content\/uploads\/2025\/05\/vanity-sink-for-bathroom\uff0cporcelain-lavatory-sinks\uff0ccountertop-sinks6-12x12.webp 12w, https:\/\/www.ceramicbasin.com\/wp-content\/uploads\/2025\/05\/vanity-sink-for-bathroom\uff0cporcelain-lavatory-sinks\uff0ccountertop-sinks6-285x285.webp 285w, https:\/\/www.ceramicbasin.com\/wp-content\/uploads\/2025\/05\/vanity-sink-for-bathroom\uff0cporcelain-lavatory-sinks\uff0ccountertop-sinks6-270x270.webp 270w, https:\/\/www.ceramicbasin.com\/wp-content\/uploads\/2025\/05\/vanity-sink-for-bathroom\uff0cporcelain-lavatory-sinks\uff0ccountertop-sinks6-540x540.webp 540w, https:\/\/www.ceramicbasin.com\/wp-content\/uploads\/2025\/05\/vanity-sink-for-bathroom\uff0cporcelain-lavatory-sinks\uff0ccountertop-sinks6-660x660.webp 660w\" sizes=\"(max-width: 800px) 100vw, 800px\" \/><\/figure>\n<\/div>\n<\/div>\n\n\n\n<p><\/p>","protected":false},"excerpt":{"rendered":"<p>Bem-vindo ao comprar o nosso lavat\u00f3rio de balc\u00e3o por grosso. Estes lavat\u00f3rios rectangulares de cer\u00e2mica branca por medida destacam-se pelo seu design simples e moderno. Integram-se perfeitamente em qualquer casa de banho moderna e moderna. Fabricados em cer\u00e2mica de alta qualidade, estes lavat\u00f3rios s\u00e3o suaves ao tato e t\u00eam um acabamento duradouro que requer muito pouca manuten\u00e7\u00e3o. Para al\u00e9m disso, o tamanho, a cor e at\u00e9 o log\u00f3tipo podem ser modificados, pelo que estes lavat\u00f3rios se adequam perfeitamente a grandes projectos ou como construtores de marcas.<\/p>\n<table style=\"border-collapse: collapse; width: 358.52pt;\" border=\"0\" width=\"478\" cellspacing=\"0\" cellpadding=\"0\">\n<tbody>\n<tr style=\"height: 17.25pt;\">\n<td class=\"et3\" style=\"height: 17.25pt; width: 125.00pt;\" width=\"166\" height=\"23\">Fabricante<\/td>\n<td class=\"et3\" style=\"width: 234.15pt;\" width=\"312\">HanYu<\/td>\n<\/tr>\n<tr style=\"height: 17.25pt;\">\n<td class=\"et3\" style=\"height: 17.25pt;\" height=\"23\">Modelo n.<\/td>\n<td class=\"et4\">HY-8250<\/td>\n<\/tr>\n<tr style=\"height: 17.25pt;\">\n<td class=\"et3\" style=\"height: 17.25pt;\" height=\"23\">Tipo<\/td>\n<td class=\"et5\" style=\"width: 234.15pt;\" width=\"312\">Lava-lou\u00e7as de bancada<\/td>\n<\/tr>\n<tr style=\"height: 18.00pt;\">\n<td class=\"et3\" style=\"height: 18.00pt;\" height=\"24\">Forma<\/td>\n<td class=\"et3\">Forma oval<\/td>\n<\/tr>\n<tr style=\"height: 34.50pt;\">\n<td class=\"et4\" style=\"height: 34.50pt;\" height=\"46\">Cor<\/td>\n<td class=\"et5\" style=\"width: 234.15pt;\" width=\"312\">preto\/branco\/azul\/cinzento\/rosa\/verde\/castanho\/caqui<\/td>\n<\/tr>\n<tr style=\"height: 18.00pt;\">\n<td class=\"et3\" style=\"height: 18.00pt;\" height=\"24\">Dimens\u00e3o<\/td>\n<td class=\"et5\" style=\"width: 234.15pt;\" width=\"312\">62*41.5*14<\/td>\n<\/tr>\n<tr style=\"height: 17.25pt;\">\n<td class=\"et3\" style=\"height: 17.25pt;\" height=\"23\">N.W \/SET<\/td>\n<td class=\"et3\">18KGS\/PCS<\/td>\n<\/tr>\n<tr style=\"height: 17.25pt;\">\n<td class=\"et3\" style=\"height: 17.25pt;\" height=\"23\">MOQ<\/td>\n<td class=\"et3\">20 unidades<\/td>\n<\/tr>\n<tr style=\"height: 17.25pt;\">\n<td class=\"et3\" style=\"height: 17.25pt;\" height=\"23\">Op\u00e7\u00e3o personalizada<\/td>\n<td class=\"et3\">Cor\/Patente\/Tamanho\/Logotipo\/Embalagem<\/td>\n<\/tr>\n<\/tbody>\n<\/table>","protected":false},"featured_media":6895,"comment_status":"closed","ping_status":"closed","template":"","meta":{"_acf_changed":false},"product_brand":[],"product_cat":[50],"product_tag":[],"class_list":{"0":"post-6894","1":"product","2":"type-product","3":"status-publish","4":"has-post-thumbnail","6":"product_cat-wholesale-countertop-sinks","8":"first","9":"instock","10":"shipping-taxable","11":"product-type-simple"},"acf":[],"_links":{"self":[{"href":"https:\/\/www.ceramicbasin.com\/pt\/wp-json\/wp\/v2\/product\/6894","targetHints":{"allow":["GET"]}}],"collection":[{"href":"https:\/\/www.ceramicbasin.com\/pt\/wp-json\/wp\/v2\/product"}],"about":[{"href":"https:\/\/www.ceramicbasin.com\/pt\/wp-json\/wp\/v2\/types\/product"}],"replies":[{"embeddable":true,"href":"https:\/\/www.ceramicbasin.com\/pt\/wp-json\/wp\/v2\/comments?post=6894"}],"wp:featuredmedia":[{"embeddable":true,"href":"https:\/\/www.ceramicbasin.com\/pt\/wp-json\/wp\/v2\/media\/6895"}],"wp:attachment":[{"href":"https:\/\/www.ceramicbasin.com\/pt\/wp-json\/wp\/v2\/media?parent=6894"}],"wp:term":[{"taxonomy":"product_brand","embeddable":true,"href":"https:\/\/www.ceramicbasin.com\/pt\/wp-json\/wp\/v2\/product_brand?post=6894"},{"taxonomy":"product_cat","embeddable":true,"href":"https:\/\/www.ceramicbasin.com\/pt\/wp-json\/wp\/v2\/product_cat?post=6894"},{"taxonomy":"product_tag","embeddable":true,"href":"https:\/\/www.ceramicbasin.com\/pt\/wp-json\/wp\/v2\/product_tag?post=6894"}],"curies":[{"name":"wp","href":"https:\/\/api.w.org\/{rel}","templated":true}]}}