{"id":6908,"date":"2025-05-27T09:21:32","date_gmt":"2025-05-27T09:21:32","guid":{"rendered":"https:\/\/www.ceramicbasin.com\/?post_type=product&#038;p=6908"},"modified":"2025-11-03T07:47:11","modified_gmt":"2025-11-03T07:47:11","slug":"wholesale-ceramic-fancy-wash-basin","status":"publish","type":"product","link":"https:\/\/www.ceramicbasin.com\/pt\/produto\/wholesale-ceramic-fancy-wash-basin\/","title":{"rendered":"Lavat\u00f3rio de cer\u00e2mica por atacado com forma personalizada"},"content":{"rendered":"<div class=\"wp-block-columns is-layout-flex wp-container-core-columns-is-layout-9d6595d7 wp-block-columns-is-layout-flex\">\n<div class=\"wp-block-column is-layout-flow wp-block-column-is-layout-flow\">\n<h2 class=\"wp-block-heading\">Bacia de lavagem de fantasia de cer\u00e2mica por atacado Premium Carater\u00edsticas:<\/h2>\n\n\n\n<ul class=\"wp-block-list\">\n<li><strong>Textura martelada avan\u00e7ada: <\/strong>O lavat\u00f3rio de cer\u00e2mica de fantasia por atacado apresenta um acabamento martelado branco exclusivo, que acrescenta uma carater\u00edstica t\u00e1til e visual \u00e0s casas de banho minimalistas.<\/li>\n\n\n\n<li><strong>Dom\u00ednio da cer\u00e2mica de alta qualidade: <\/strong>O lavat\u00f3rio de cer\u00e2mica de fantasia por atacado \u00e9 constru\u00eddo com cer\u00e2mica de alta qualidade com um esmalte brilhante, oferecendo resist\u00eancia a manchas e durabilidade.<\/li>\n\n\n\n<li><strong>Beleza minimalista de designer:<\/strong> O nosso lavat\u00f3rio de arte por atacado une arte contempor\u00e2nea e design funcional, perfeito para interiores de luxo, hot\u00e9is e projectos de designers.<\/li>\n\n\n\n<li><strong>Venda direta da f\u00e1brica: <\/strong>A f\u00e1brica de lavat\u00f3rios de cer\u00e2mica HanYu fornece-lhe diretamente lavat\u00f3rios de arte de alta qualidade por atacado a um pre\u00e7o preferencial para o ajudar na gest\u00e3o dos custos do projeto.<\/li>\n<\/ul>\n<\/div>\n\n\n\n<div class=\"wp-block-column is-layout-flow wp-block-column-is-layout-flow\">\n<figure class=\"wp-block-image size-full\"><img fetchpriority=\"high\" decoding=\"async\" width=\"800\" height=\"800\" src=\"https:\/\/www.ceramicbasin.com\/wp-content\/uploads\/2025\/05\/sink-above-counter\uff0ctop-counter-wash-basin\uff0cceramic-wash-basin6.webp\" alt=\"grossista-cer\u00e2mica-fancy-wash-basin-in-white-hammered-art-bathroom-sinks-custom-6\" class=\"wp-image-6907\" srcset=\"https:\/\/www.ceramicbasin.com\/wp-content\/uploads\/2025\/05\/sink-above-counter\uff0ctop-counter-wash-basin\uff0cceramic-wash-basin6.webp 800w, https:\/\/www.ceramicbasin.com\/wp-content\/uploads\/2025\/05\/sink-above-counter\uff0ctop-counter-wash-basin\uff0cceramic-wash-basin6-300x300.webp 300w, https:\/\/www.ceramicbasin.com\/wp-content\/uploads\/2025\/05\/sink-above-counter\uff0ctop-counter-wash-basin\uff0cceramic-wash-basin6-150x150.webp 150w, https:\/\/www.ceramicbasin.com\/wp-content\/uploads\/2025\/05\/sink-above-counter\uff0ctop-counter-wash-basin\uff0cceramic-wash-basin6-768x768.webp 768w, https:\/\/www.ceramicbasin.com\/wp-content\/uploads\/2025\/05\/sink-above-counter\uff0ctop-counter-wash-basin\uff0cceramic-wash-basin6-12x12.webp 12w, https:\/\/www.ceramicbasin.com\/wp-content\/uploads\/2025\/05\/sink-above-counter\uff0ctop-counter-wash-basin\uff0cceramic-wash-basin6-285x285.webp 285w, https:\/\/www.ceramicbasin.com\/wp-content\/uploads\/2025\/05\/sink-above-counter\uff0ctop-counter-wash-basin\uff0cceramic-wash-basin6-270x270.webp 270w, https:\/\/www.ceramicbasin.com\/wp-content\/uploads\/2025\/05\/sink-above-counter\uff0ctop-counter-wash-basin\uff0cceramic-wash-basin6-540x540.webp 540w, https:\/\/www.ceramicbasin.com\/wp-content\/uploads\/2025\/05\/sink-above-counter\uff0ctop-counter-wash-basin\uff0cceramic-wash-basin6-660x660.webp 660w\" sizes=\"(max-width: 800px) 100vw, 800px\" \/><\/figure>\n<\/div>\n<\/div>","protected":false},"excerpt":{"rendered":"<p>Bem-vindo ao comprar o nosso lavat\u00f3rio de cer\u00e2mica por atacado. Adicione estilo ao seu espa\u00e7o com este lavat\u00f3rio de cer\u00e2mica com uma textura branca martelada distinta que reflecte arte simples. Fabricado com cer\u00e2mica de alta qualidade, \u00e9 constru\u00eddo para durar, resiste a manchas e exala um encanto cl\u00e1ssico. Este lavat\u00f3rio combina uma utiliza\u00e7\u00e3o pr\u00e1tica com um design apelativo e adapta-se bem a v\u00e1rias configura\u00e7\u00f5es.<\/p>\n<table style=\"border-collapse: collapse; width: 311.02pt;\" border=\"0\" width=\"311\" cellspacing=\"0\" cellpadding=\"0\">\n<tbody>\n<tr style=\"height: 17.60pt;\">\n<td class=\"et3\" style=\"height: 17.60pt; width: 108.35pt;\" width=\"108\" height=\"17\">Fabricante<\/td>\n<td class=\"et3\" style=\"width: 202.95pt;\" width=\"202\">HanYu<\/td>\n<\/tr>\n<tr style=\"height: 17.60pt;\">\n<td class=\"et3\" style=\"height: 17.60pt;\" height=\"17\">Modelo n.<\/td>\n<td class=\"et4\">HY8251<\/td>\n<\/tr>\n<tr style=\"height: 18.00pt;\">\n<td class=\"et3\" style=\"height: 18.00pt;\" height=\"18\">Tipo<\/td>\n<td class=\"et5\" style=\"width: 202.95pt;\" width=\"202\">\u00a0Lavat\u00f3rio de bancada<\/td>\n<\/tr>\n<tr style=\"height: 17.60pt;\">\n<td class=\"et3\" style=\"height: 17.60pt;\" height=\"17\">Forma<\/td>\n<td class=\"et3\">Forma oval<\/td>\n<\/tr>\n<tr style=\"height: 36.00pt;\">\n<td class=\"et4\" style=\"height: 36.00pt;\" height=\"36\">Cor<\/td>\n<td class=\"et5\" style=\"width: 202.95pt;\" width=\"202\">Preto\/branco\/azul\/cinza\/rosa\/verde\/castanho\/caqui......<\/td>\n<\/tr>\n<tr style=\"height: 18.00pt;\">\n<td class=\"et3\" style=\"height: 18.00pt;\" height=\"18\">Dimens\u00e3o<\/td>\n<td class=\"et5\" style=\"width: 202.95pt;\" width=\"202\">56*34*16<\/td>\n<\/tr>\n<tr style=\"height: 17.60pt;\">\n<td class=\"et3\" style=\"height: 17.60pt;\" height=\"17\">N.W \/SET<\/td>\n<td class=\"et3\">15KGS\/PCS<\/td>\n<\/tr>\n<tr style=\"height: 17.60pt;\">\n<td class=\"et3\" style=\"height: 17.60pt;\" height=\"17\">MOQ<\/td>\n<td class=\"et3\">20 unidades<\/td>\n<\/tr>\n<tr style=\"height: 17.60pt;\">\n<td class=\"et3\" style=\"height: 17.60pt;\" height=\"17\">Op\u00e7\u00e3o personalizada<\/td>\n<td class=\"et3\">Cor\/Patente\/Tamanho\/Logotipo\/Embalagem<\/td>\n<\/tr>\n<\/tbody>\n<\/table>","protected":false},"featured_media":6902,"comment_status":"closed","ping_status":"closed","template":"","meta":{"_acf_changed":false},"product_brand":[],"product_cat":[50],"product_tag":[],"class_list":{"0":"post-6908","1":"product","2":"type-product","3":"status-publish","4":"has-post-thumbnail","6":"product_cat-wholesale-countertop-sinks","8":"first","9":"instock","10":"shipping-taxable","11":"product-type-simple"},"acf":[],"_links":{"self":[{"href":"https:\/\/www.ceramicbasin.com\/pt\/wp-json\/wp\/v2\/product\/6908","targetHints":{"allow":["GET"]}}],"collection":[{"href":"https:\/\/www.ceramicbasin.com\/pt\/wp-json\/wp\/v2\/product"}],"about":[{"href":"https:\/\/www.ceramicbasin.com\/pt\/wp-json\/wp\/v2\/types\/product"}],"replies":[{"embeddable":true,"href":"https:\/\/www.ceramicbasin.com\/pt\/wp-json\/wp\/v2\/comments?post=6908"}],"wp:featuredmedia":[{"embeddable":true,"href":"https:\/\/www.ceramicbasin.com\/pt\/wp-json\/wp\/v2\/media\/6902"}],"wp:attachment":[{"href":"https:\/\/www.ceramicbasin.com\/pt\/wp-json\/wp\/v2\/media?parent=6908"}],"wp:term":[{"taxonomy":"product_brand","embeddable":true,"href":"https:\/\/www.ceramicbasin.com\/pt\/wp-json\/wp\/v2\/product_brand?post=6908"},{"taxonomy":"product_cat","embeddable":true,"href":"https:\/\/www.ceramicbasin.com\/pt\/wp-json\/wp\/v2\/product_cat?post=6908"},{"taxonomy":"product_tag","embeddable":true,"href":"https:\/\/www.ceramicbasin.com\/pt\/wp-json\/wp\/v2\/product_tag?post=6908"}],"curies":[{"name":"wp","href":"https:\/\/api.w.org\/{rel}","templated":true}]}}