{"id":6919,"date":"2025-06-07T01:51:37","date_gmt":"2025-06-07T01:51:37","guid":{"rendered":"https:\/\/www.ceramicbasin.com\/?post_type=product&#038;p=6919"},"modified":"2025-06-07T01:51:39","modified_gmt":"2025-06-07T01:51:39","slug":"custom-drop-in-bathroom-sinks","status":"publish","type":"product","link":"https:\/\/www.ceramicbasin.com\/pt\/produto\/custom-drop-in-bathroom-sinks\/","title":{"rendered":"Lavat\u00f3rios de casa de banho personalizados, lavat\u00f3rio oval de cer\u00e2mica por atacado"},"content":{"rendered":"<div class=\"wp-block-columns is-layout-flex wp-container-core-columns-is-layout-9d6595d7 wp-block-columns-is-layout-flex\">\n<div class=\"wp-block-column is-layout-flow wp-block-column-is-layout-flow\">\n<h2 class=\"wp-block-heading\">Carater\u00edsticas dos lavat\u00f3rios de casa de banho personalizados Premium:<\/h2>\n\n\n\n<ul class=\"wp-block-list\">\n<li><strong>Design elegante: <\/strong>Este lavat\u00f3rio de cer\u00e2mica para venda por grosso apresenta uma beleza elegante com arestas arredondadas e linhas fluidas, oferecendo uma qualidade est\u00e9tica de topo de gama e acrescentando um toque de classe e sofistica\u00e7\u00e3o ao ambiente da casa de banho.<\/li>\n\n\n\n<li><strong>F\u00e1cil instala\u00e7\u00e3o de encaixe: <\/strong>Design embutido, f\u00e1cil de instalar, vers\u00e1til com muitos lavat\u00f3rios de casa de banho personalizados e poupa tempo e custos de m\u00e3o de obra.<\/li>\n\n\n\n<li><strong>Tratamento de esmalte f\u00e1cil de limpar:<\/strong>\u00a0A superf\u00edcie destes lavat\u00f3rios de casa de banho personalizados adopta uma tecnologia especial de esmalte f\u00e1cil de limpar, que \u00e9 suave e delicada, as manchas n\u00e3o s\u00e3o f\u00e1ceis de aderir e s\u00e3o f\u00e1ceis de limpar.<\/li>\n\n\n\n<li><strong>Encomenda a granel com desconto: <\/strong>Como uma f\u00e1brica e fornecedor profissional de lavat\u00f3rio de casa de banho, oferecemos pre\u00e7os muito competitivos, que s\u00e3o adequados para trabalhos de decora\u00e7\u00e3o a granel, como hot\u00e9is, apartamentos, escrit\u00f3rios, etc.<\/li>\n<\/ul>\n<\/div>\n\n\n\n<div class=\"wp-block-column is-layout-flow wp-block-column-is-layout-flow\">\n<figure class=\"wp-block-image size-full\"><img fetchpriority=\"high\" decoding=\"async\" width=\"852\" height=\"852\" src=\"https:\/\/www.ceramicbasin.com\/wp-content\/uploads\/2025\/06\/Art-Table-Ceramic-Oval-Shape-Wash-Basin-Drop-In-Counter-Bathroom-Sink-7.webp\" alt=\"lavat\u00f3rios de casa de banho personalizados-arte-cer\u00e2mica-oval-lavat\u00f3rio-venda por grosso-7\" class=\"wp-image-6927\" srcset=\"https:\/\/www.ceramicbasin.com\/wp-content\/uploads\/2025\/06\/Art-Table-Ceramic-Oval-Shape-Wash-Basin-Drop-In-Counter-Bathroom-Sink-7.webp 852w, https:\/\/www.ceramicbasin.com\/wp-content\/uploads\/2025\/06\/Art-Table-Ceramic-Oval-Shape-Wash-Basin-Drop-In-Counter-Bathroom-Sink-7-300x300.webp 300w, https:\/\/www.ceramicbasin.com\/wp-content\/uploads\/2025\/06\/Art-Table-Ceramic-Oval-Shape-Wash-Basin-Drop-In-Counter-Bathroom-Sink-7-150x150.webp 150w, https:\/\/www.ceramicbasin.com\/wp-content\/uploads\/2025\/06\/Art-Table-Ceramic-Oval-Shape-Wash-Basin-Drop-In-Counter-Bathroom-Sink-7-768x768.webp 768w, https:\/\/www.ceramicbasin.com\/wp-content\/uploads\/2025\/06\/Art-Table-Ceramic-Oval-Shape-Wash-Basin-Drop-In-Counter-Bathroom-Sink-7-12x12.webp 12w, https:\/\/www.ceramicbasin.com\/wp-content\/uploads\/2025\/06\/Art-Table-Ceramic-Oval-Shape-Wash-Basin-Drop-In-Counter-Bathroom-Sink-7-285x285.webp 285w, https:\/\/www.ceramicbasin.com\/wp-content\/uploads\/2025\/06\/Art-Table-Ceramic-Oval-Shape-Wash-Basin-Drop-In-Counter-Bathroom-Sink-7-270x270.webp 270w, https:\/\/www.ceramicbasin.com\/wp-content\/uploads\/2025\/06\/Art-Table-Ceramic-Oval-Shape-Wash-Basin-Drop-In-Counter-Bathroom-Sink-7-540x540.webp 540w, https:\/\/www.ceramicbasin.com\/wp-content\/uploads\/2025\/06\/Art-Table-Ceramic-Oval-Shape-Wash-Basin-Drop-In-Counter-Bathroom-Sink-7-660x660.webp 660w\" sizes=\"(max-width: 852px) 100vw, 852px\" \/><\/figure>\n<\/div>\n<\/div>","protected":false},"excerpt":{"rendered":"<p>Bem-vindo ao comprar estes lavat\u00f3rios de casa de banho personalizados com um design oval elegante e acabamento em cer\u00e2mica art\u00edstica, oferecendo uma atualiza\u00e7\u00e3o elegante e funcional para casas de banho modernas. Os nossos lavat\u00f3rios a granel s\u00e3o cuidadosamente fabricados para garantir a sua beleza e durabilidade. Existe uma grande quantidade de prepara\u00e7\u00e3o de invent\u00e1rio de lavat\u00f3rios de casa de banho, e servi\u00e7o de entrega r\u00e1pida, para satisfazer as necessidades urgentes do projeto. Tamb\u00e9m fornecemos servi\u00e7os personalizados para satisfazer as suas necessidades especiais.<\/p>\n<table style=\"border-collapse: collapse; width: 358.52pt;\" border=\"0\" width=\"478\" cellspacing=\"0\" cellpadding=\"0\">\n<tbody>\n<tr style=\"height: 17.25pt;\">\n<td class=\"et3\" style=\"height: 17.25pt; width: 125.00pt;\" width=\"166\" height=\"23\">Fabricante<\/td>\n<td class=\"et3\" style=\"width: 234.15pt;\" width=\"312\">HanYu<\/td>\n<\/tr>\n<tr style=\"height: 17.25pt;\">\n<td class=\"et3\" style=\"height: 17.25pt;\" height=\"23\">Modelo n.<\/td>\n<td class=\"et4\">HY-5006A<\/td>\n<\/tr>\n<tr style=\"height: 17.25pt;\">\n<td class=\"et3\" style=\"height: 17.25pt;\" height=\"23\">Tipo<\/td>\n<td class=\"et5\" style=\"width: 234.15pt;\" width=\"312\">Em lavat\u00f3rios de balc\u00e3o<\/td>\n<\/tr>\n<tr style=\"height: 18.00pt;\">\n<td class=\"et3\" style=\"height: 18.00pt;\" height=\"24\">Forma<\/td>\n<td class=\"et3\">Forma oval<\/td>\n<\/tr>\n<tr style=\"height: 34.50pt;\">\n<td class=\"et4\" style=\"height: 34.50pt;\" height=\"46\">Cor<\/td>\n<td class=\"et5\" style=\"width: 234.15pt;\" width=\"312\">preto\/branco\/azul\/cinzento\/rosa\/verde\/castanho\/caqui<\/td>\n<\/tr>\n<tr style=\"height: 18.00pt;\">\n<td class=\"et3\" style=\"height: 18.00pt;\" height=\"24\">Dimens\u00e3o<\/td>\n<td class=\"et5\" style=\"width: 234.15pt;\" width=\"312\">60*40*16.5<\/td>\n<\/tr>\n<tr style=\"height: 17.25pt;\">\n<td class=\"et3\" style=\"height: 17.25pt;\" height=\"23\">N.W \/SET<\/td>\n<td class=\"et3\">8KGS\/PCS<\/td>\n<\/tr>\n<tr style=\"height: 17.25pt;\">\n<td class=\"et3\" style=\"height: 17.25pt;\" height=\"23\">MOQ<\/td>\n<td class=\"et3\">20 unidades<\/td>\n<\/tr>\n<tr style=\"height: 17.25pt;\">\n<td class=\"et3\" style=\"height: 17.25pt;\" height=\"23\">Op\u00e7\u00e3o personalizada<\/td>\n<td class=\"et3\">Cor\/Patente\/Tamanho\/Logotipo\/Embalagem<\/td>\n<\/tr>\n<\/tbody>\n<\/table>","protected":false},"featured_media":6921,"comment_status":"closed","ping_status":"closed","template":"","meta":{"_acf_changed":false},"product_brand":[],"product_cat":[51],"product_tag":[],"class_list":{"0":"post-6919","1":"product","2":"type-product","3":"status-publish","4":"has-post-thumbnail","6":"product_cat-wholesale-drop-in-sinks","8":"first","9":"instock","10":"shipping-taxable","11":"product-type-simple"},"acf":[],"_links":{"self":[{"href":"https:\/\/www.ceramicbasin.com\/pt\/wp-json\/wp\/v2\/product\/6919","targetHints":{"allow":["GET"]}}],"collection":[{"href":"https:\/\/www.ceramicbasin.com\/pt\/wp-json\/wp\/v2\/product"}],"about":[{"href":"https:\/\/www.ceramicbasin.com\/pt\/wp-json\/wp\/v2\/types\/product"}],"replies":[{"embeddable":true,"href":"https:\/\/www.ceramicbasin.com\/pt\/wp-json\/wp\/v2\/comments?post=6919"}],"wp:featuredmedia":[{"embeddable":true,"href":"https:\/\/www.ceramicbasin.com\/pt\/wp-json\/wp\/v2\/media\/6921"}],"wp:attachment":[{"href":"https:\/\/www.ceramicbasin.com\/pt\/wp-json\/wp\/v2\/media?parent=6919"}],"wp:term":[{"taxonomy":"product_brand","embeddable":true,"href":"https:\/\/www.ceramicbasin.com\/pt\/wp-json\/wp\/v2\/product_brand?post=6919"},{"taxonomy":"product_cat","embeddable":true,"href":"https:\/\/www.ceramicbasin.com\/pt\/wp-json\/wp\/v2\/product_cat?post=6919"},{"taxonomy":"product_tag","embeddable":true,"href":"https:\/\/www.ceramicbasin.com\/pt\/wp-json\/wp\/v2\/product_tag?post=6919"}],"curies":[{"name":"wp","href":"https:\/\/api.w.org\/{rel}","templated":true}]}}