{"id":6928,"date":"2025-06-07T03:34:07","date_gmt":"2025-06-07T03:34:07","guid":{"rendered":"https:\/\/www.ceramicbasin.com\/?post_type=product&#038;p=6928"},"modified":"2025-11-03T07:43:30","modified_gmt":"2025-11-03T07:43:30","slug":"wholesale-modern-bathroom-sink-bowl","status":"publish","type":"product","link":"https:\/\/www.ceramicbasin.com\/pt\/produto\/wholesale-modern-bathroom-sink-bowl\/","title":{"rendered":"Bacia de lavat\u00f3rio de casa de banho moderna por atacado com design de forma oval"},"content":{"rendered":"<div class=\"wp-block-columns is-layout-flex wp-container-core-columns-is-layout-9d6595d7 wp-block-columns-is-layout-flex\">\n<div class=\"wp-block-column is-layout-flow wp-block-column-is-layout-flow\">\n<h2 class=\"wp-block-heading\">Carater\u00edsticas do lavat\u00f3rio de casa de banho moderno por atacado Premium<\/h2>\n\n\n\n<ul class=\"wp-block-list\">\n<li><strong>Venda direta da f\u00e1brica:<\/strong>\u00a0HanYu's pias de vaidade de cer\u00e2mica por atacado s\u00e3o vendidos diretamente pela f\u00e1brica, eliminando a diferen\u00e7a de pre\u00e7o dos intermedi\u00e1rios, e a compra a granel de pias de banheiro garante que voc\u00ea compre pias de banheiro de alta qualidade a granel com o menor custo.<\/li>\n\n\n\n<li><strong>Design moderno e minimalista:<\/strong> O lavat\u00f3rio de casa de banho moderno por atacado tem uma forma oval cl\u00e1ssica com linhas suaves, perfeitamente adequado para estilos de decora\u00e7\u00e3o de casas de banho modernas.<\/li>\n\n\n\n<li><strong>Material de porcelana branca de excelente qualidade: <\/strong>Os lavat\u00f3rios de cer\u00e2mica branca personalizados s\u00e3o fabricados \u00e0 medida com cer\u00e2mica branca cozida a alta temperatura, possuindo uma superf\u00edcie lisa e bem acabada, simples de limpar e dur\u00e1vel.<\/li>\n\n\n\n<li><strong>Servi\u00e7os de personaliza\u00e7\u00e3o multidimensional:<\/strong> O lavat\u00f3rio de casa de banho moderno por atacado suporta a personaliza\u00e7\u00e3o do tamanho, cor, log\u00f3tipo, posi\u00e7\u00e3o de drenagem, etc. para satisfazer os requisitos da marca e do projeto.<\/li>\n<\/ul>\n<\/div>\n\n\n\n<div class=\"wp-block-column is-layout-flow wp-block-column-is-layout-flow\">\n<figure class=\"wp-block-image size-full\"><img fetchpriority=\"high\" decoding=\"async\" width=\"793\" height=\"793\" src=\"https:\/\/www.ceramicbasin.com\/wp-content\/uploads\/2025\/06\/Wholesale-White-Handmade-Sinks-Oval-Shape-Modern-Ceramic-Wash-Hand-Basin-8.webp\" alt=\"grossista-moderno-lavat\u00f3rio-de-casa-de-banho-bacia-em-forma-oval-branco-cer\u00e2mica-lavat\u00f3rios-personalizado-8\" class=\"wp-image-6936\" srcset=\"https:\/\/www.ceramicbasin.com\/wp-content\/uploads\/2025\/06\/Wholesale-White-Handmade-Sinks-Oval-Shape-Modern-Ceramic-Wash-Hand-Basin-8.webp 793w, https:\/\/www.ceramicbasin.com\/wp-content\/uploads\/2025\/06\/Wholesale-White-Handmade-Sinks-Oval-Shape-Modern-Ceramic-Wash-Hand-Basin-8-300x300.webp 300w, https:\/\/www.ceramicbasin.com\/wp-content\/uploads\/2025\/06\/Wholesale-White-Handmade-Sinks-Oval-Shape-Modern-Ceramic-Wash-Hand-Basin-8-150x150.webp 150w, https:\/\/www.ceramicbasin.com\/wp-content\/uploads\/2025\/06\/Wholesale-White-Handmade-Sinks-Oval-Shape-Modern-Ceramic-Wash-Hand-Basin-8-768x768.webp 768w, https:\/\/www.ceramicbasin.com\/wp-content\/uploads\/2025\/06\/Wholesale-White-Handmade-Sinks-Oval-Shape-Modern-Ceramic-Wash-Hand-Basin-8-12x12.webp 12w, https:\/\/www.ceramicbasin.com\/wp-content\/uploads\/2025\/06\/Wholesale-White-Handmade-Sinks-Oval-Shape-Modern-Ceramic-Wash-Hand-Basin-8-285x285.webp 285w, https:\/\/www.ceramicbasin.com\/wp-content\/uploads\/2025\/06\/Wholesale-White-Handmade-Sinks-Oval-Shape-Modern-Ceramic-Wash-Hand-Basin-8-270x270.webp 270w, https:\/\/www.ceramicbasin.com\/wp-content\/uploads\/2025\/06\/Wholesale-White-Handmade-Sinks-Oval-Shape-Modern-Ceramic-Wash-Hand-Basin-8-540x540.webp 540w, https:\/\/www.ceramicbasin.com\/wp-content\/uploads\/2025\/06\/Wholesale-White-Handmade-Sinks-Oval-Shape-Modern-Ceramic-Wash-Hand-Basin-8-660x660.webp 660w\" sizes=\"(max-width: 793px) 100vw, 793px\" \/><\/figure>\n<\/div>\n<\/div>","protected":false},"excerpt":{"rendered":"<p>Bem-vindo ao comprar o nosso lavat\u00f3rio de casa de banho moderno por atacado. Fabricado em cer\u00e2mica vidrada de primeira qualidade, o lavat\u00f3rio oval para casa de banho apresenta uma superf\u00edcie lisa e de baixa manuten\u00e7\u00e3o e um desempenho duradouro. As nossas bacias de cer\u00e2mica por atacado s\u00e3o feitas de material cer\u00e2mico de alta qualidade e cozido a alta temperatura. Oferecemos descontos por grosso neste design popular para satisfazer as necessidades de projectos comerciais ou grandes renova\u00e7\u00f5es residenciais.<\/p>\n<table style=\"border-collapse: collapse; width: 358.52pt;\" border=\"0\" width=\"478\" cellspacing=\"0\" cellpadding=\"0\">\n<tbody>\n<tr style=\"height: 17.25pt;\">\n<td class=\"et3\" style=\"height: 17.25pt; width: 125.00pt;\" width=\"166\" height=\"23\">Fabricante<\/td>\n<td class=\"et3\" style=\"width: 234.15pt;\" width=\"312\">HanYu<\/td>\n<\/tr>\n<tr style=\"height: 17.25pt;\">\n<td class=\"et3\" style=\"height: 17.25pt;\" height=\"23\">Modelo n.<\/td>\n<td class=\"et4\">HY-5006B<\/td>\n<\/tr>\n<tr style=\"height: 17.25pt;\">\n<td class=\"et3\" style=\"height: 17.25pt;\" height=\"23\">Tipo<\/td>\n<td class=\"et5\" style=\"width: 234.15pt;\" width=\"312\">Lava-lou\u00e7as<\/td>\n<\/tr>\n<tr style=\"height: 18.00pt;\">\n<td class=\"et3\" style=\"height: 18.00pt;\" height=\"24\">Forma<\/td>\n<td class=\"et3\">Forma oval<\/td>\n<\/tr>\n<tr style=\"height: 34.50pt;\">\n<td class=\"et4\" style=\"height: 34.50pt;\" height=\"46\">Cor<\/td>\n<td class=\"et5\" style=\"width: 234.15pt;\" width=\"312\">preto\/branco\/azul\/cinzento\/rosa\/verde\/castanho\/caqui<\/td>\n<\/tr>\n<tr style=\"height: 18.00pt;\">\n<td class=\"et3\" style=\"height: 18.00pt;\" height=\"24\">Dimens\u00e3o<\/td>\n<td class=\"et5\" style=\"width: 234.15pt;\" width=\"312\">59*40*16<\/td>\n<\/tr>\n<tr style=\"height: 17.25pt;\">\n<td class=\"et3\" style=\"height: 17.25pt;\" height=\"23\">N.W \/SET<\/td>\n<td class=\"et3\">8KGS\/PCS<\/td>\n<\/tr>\n<tr style=\"height: 17.25pt;\">\n<td class=\"et3\" style=\"height: 17.25pt;\" height=\"23\">MOQ<\/td>\n<td class=\"et3\">20 unidades<\/td>\n<\/tr>\n<tr style=\"height: 17.25pt;\">\n<td class=\"et3\" style=\"height: 17.25pt;\" height=\"23\">Op\u00e7\u00e3o personalizada<\/td>\n<td class=\"et3\">Cor\/Patente\/Tamanho\/Logotipo\/Embalagem<\/td>\n<\/tr>\n<\/tbody>\n<\/table>","protected":false},"featured_media":6929,"comment_status":"closed","ping_status":"closed","template":"","meta":{"_acf_changed":false},"product_brand":[],"product_cat":[51],"product_tag":[],"class_list":{"0":"post-6928","1":"product","2":"type-product","3":"status-publish","4":"has-post-thumbnail","6":"product_cat-wholesale-drop-in-sinks","8":"first","9":"instock","10":"shipping-taxable","11":"product-type-simple"},"acf":[],"_links":{"self":[{"href":"https:\/\/www.ceramicbasin.com\/pt\/wp-json\/wp\/v2\/product\/6928","targetHints":{"allow":["GET"]}}],"collection":[{"href":"https:\/\/www.ceramicbasin.com\/pt\/wp-json\/wp\/v2\/product"}],"about":[{"href":"https:\/\/www.ceramicbasin.com\/pt\/wp-json\/wp\/v2\/types\/product"}],"replies":[{"embeddable":true,"href":"https:\/\/www.ceramicbasin.com\/pt\/wp-json\/wp\/v2\/comments?post=6928"}],"wp:featuredmedia":[{"embeddable":true,"href":"https:\/\/www.ceramicbasin.com\/pt\/wp-json\/wp\/v2\/media\/6929"}],"wp:attachment":[{"href":"https:\/\/www.ceramicbasin.com\/pt\/wp-json\/wp\/v2\/media?parent=6928"}],"wp:term":[{"taxonomy":"product_brand","embeddable":true,"href":"https:\/\/www.ceramicbasin.com\/pt\/wp-json\/wp\/v2\/product_brand?post=6928"},{"taxonomy":"product_cat","embeddable":true,"href":"https:\/\/www.ceramicbasin.com\/pt\/wp-json\/wp\/v2\/product_cat?post=6928"},{"taxonomy":"product_tag","embeddable":true,"href":"https:\/\/www.ceramicbasin.com\/pt\/wp-json\/wp\/v2\/product_tag?post=6928"}],"curies":[{"name":"wp","href":"https:\/\/api.w.org\/{rel}","templated":true}]}}