{"id":6937,"date":"2025-06-07T03:01:22","date_gmt":"2025-06-07T03:01:22","guid":{"rendered":"https:\/\/www.ceramicbasin.com\/?post_type=product&#038;p=6937"},"modified":"2025-06-11T01:15:37","modified_gmt":"2025-06-11T01:15:37","slug":"oval-drop-in-sink-wholesale","status":"publish","type":"product","link":"https:\/\/www.ceramicbasin.com\/pt\/produto\/oval-drop-in-sink-wholesale\/","title":{"rendered":"Oval Drop In Sink Atacado, Lavat\u00f3rio personalizado para uso dom\u00e9stico"},"content":{"rendered":"<div class=\"wp-block-columns is-layout-flex wp-container-core-columns-is-layout-9d6595d7 wp-block-columns-is-layout-flex\">\n<div class=\"wp-block-column is-layout-flow wp-block-column-is-layout-flow\">\n<h2 class=\"wp-block-heading\">Carater\u00edsticas do lava-loi\u00e7a oval de gota Premium por atacado<\/h2>\n\n\n\n<ul class=\"wp-block-list\">\n<li><strong>Amplamente adapt\u00e1vel:\u00a0<\/strong>O lavat\u00f3rio oval por atacado est\u00e1 dispon\u00edvel em v\u00e1rias cores e tamanhos, e pode ser modificado de acordo com os requisitos de decora\u00e7\u00e3o da casa de banho de diferentes tipos. Desde um tipo de casa de banho moderno e minimalista a um tipo de casa de banho art\u00edstico, este lavat\u00f3rio pode ser facilmente incorporado.<\/li>\n\n\n\n<li><strong>Materiais cer\u00e2micos de boa qualidade:<\/strong> As mat\u00e9rias-primas cer\u00e2micas de boa qualidade, cuidadosamente selecionadas e sinterizadas a alta temperatura, garantem que a nossa bacia de cer\u00e2mica por atacado \u00e9 forte em estrutura, lisa e fina na superf\u00edcie, sanit\u00e1ria e conveniente na limpeza, e como nova e dur\u00e1vel.<\/li>\n\n\n\n<li><strong>Estilo de moda: <\/strong>Este lava-loi\u00e7a oval por atacado \u00e9 elegante e assume um novo estilo de moda, combinando a est\u00e9tica da moda com fins funcionais e mostrando um efeito visual \u00fanico para a casa de banho.<\/li>\n\n\n\n<li><strong>Pre\u00e7o acess\u00edvel:<\/strong> A HanYu oferece um pre\u00e7o de compra a granel muito baixo, o que significa que pode aceder a bacias de cer\u00e2mica de qualidade a um pre\u00e7o acess\u00edvel.<\/li>\n<\/ul>\n<\/div>\n\n\n\n<div class=\"wp-block-column is-layout-flow wp-block-column-is-layout-flow\">\n<figure class=\"wp-block-image size-full\"><img fetchpriority=\"high\" decoding=\"async\" width=\"838\" height=\"838\" src=\"https:\/\/www.ceramicbasin.com\/wp-content\/uploads\/2025\/06\/Sink-Manufacturers-Household-and-Public-Use-Oval-Shape-Ceramic-Drop-In-Sink-5.webp\" alt=\"oval-drop-in-sink-wholesale-custom-wash-basins-for-household-and-public-use-5\" class=\"wp-image-6942\" srcset=\"https:\/\/www.ceramicbasin.com\/wp-content\/uploads\/2025\/06\/Sink-Manufacturers-Household-and-Public-Use-Oval-Shape-Ceramic-Drop-In-Sink-5.webp 838w, https:\/\/www.ceramicbasin.com\/wp-content\/uploads\/2025\/06\/Sink-Manufacturers-Household-and-Public-Use-Oval-Shape-Ceramic-Drop-In-Sink-5-300x300.webp 300w, https:\/\/www.ceramicbasin.com\/wp-content\/uploads\/2025\/06\/Sink-Manufacturers-Household-and-Public-Use-Oval-Shape-Ceramic-Drop-In-Sink-5-150x150.webp 150w, https:\/\/www.ceramicbasin.com\/wp-content\/uploads\/2025\/06\/Sink-Manufacturers-Household-and-Public-Use-Oval-Shape-Ceramic-Drop-In-Sink-5-768x768.webp 768w, https:\/\/www.ceramicbasin.com\/wp-content\/uploads\/2025\/06\/Sink-Manufacturers-Household-and-Public-Use-Oval-Shape-Ceramic-Drop-In-Sink-5-12x12.webp 12w, https:\/\/www.ceramicbasin.com\/wp-content\/uploads\/2025\/06\/Sink-Manufacturers-Household-and-Public-Use-Oval-Shape-Ceramic-Drop-In-Sink-5-285x285.webp 285w, https:\/\/www.ceramicbasin.com\/wp-content\/uploads\/2025\/06\/Sink-Manufacturers-Household-and-Public-Use-Oval-Shape-Ceramic-Drop-In-Sink-5-270x270.webp 270w, https:\/\/www.ceramicbasin.com\/wp-content\/uploads\/2025\/06\/Sink-Manufacturers-Household-and-Public-Use-Oval-Shape-Ceramic-Drop-In-Sink-5-540x540.webp 540w, https:\/\/www.ceramicbasin.com\/wp-content\/uploads\/2025\/06\/Sink-Manufacturers-Household-and-Public-Use-Oval-Shape-Ceramic-Drop-In-Sink-5-660x660.webp 660w\" sizes=\"(max-width: 838px) 100vw, 838px\" \/><\/figure>\n<\/div>\n<\/div>","protected":false},"excerpt":{"rendered":"<p>Bem-vindo a comprar o nosso lavat\u00f3rio oval por grosso. A bacia de cer\u00e2mica personalizada \u00e9 caracterizada pelo seu design elegante e materiais cer\u00e2micos de alta qualidade, por isso \u00e9 a melhor op\u00e7\u00e3o para a decora\u00e7\u00e3o da casa de banho. O design de apar\u00eancia aerodin\u00e2mica e o tratamento de bordas arredondadas demonstram uma beleza art\u00edstica incompar\u00e1vel. Mais quantidades podem beneficiar de uma melhor rela\u00e7\u00e3o custo-benef\u00edcio.<\/p>\n<table style=\"border-collapse: collapse; width: 358.52pt;\" border=\"0\" width=\"478\" cellspacing=\"0\" cellpadding=\"0\">\n<tbody>\n<tr style=\"height: 17.25pt;\">\n<td class=\"et3\" style=\"height: 17.25pt; width: 125.00pt;\" width=\"166\" height=\"23\">Fabricante<\/td>\n<td class=\"et3\" style=\"width: 234.15pt;\" width=\"312\">HanYu<\/td>\n<\/tr>\n<tr style=\"height: 17.25pt;\">\n<td class=\"et3\" style=\"height: 17.25pt;\" height=\"23\">Modelo n.<\/td>\n<td class=\"et4\">HY-5038A<\/td>\n<\/tr>\n<tr style=\"height: 17.25pt;\">\n<td class=\"et3\" style=\"height: 17.25pt;\" height=\"23\">Tipo<\/td>\n<td class=\"et5\" style=\"width: 234.15pt;\" width=\"312\">Lava-lou\u00e7as<\/td>\n<\/tr>\n<tr style=\"height: 18.00pt;\">\n<td class=\"et3\" style=\"height: 18.00pt;\" height=\"24\">Forma<\/td>\n<td class=\"et3\">Forma oval<\/td>\n<\/tr>\n<tr style=\"height: 34.50pt;\">\n<td class=\"et4\" style=\"height: 34.50pt;\" height=\"46\">Cor<\/td>\n<td class=\"et5\" style=\"width: 234.15pt;\" width=\"312\">preto\/branco\/azul\/cinzento\/rosa\/verde\/castanho\/caqui<\/td>\n<\/tr>\n<tr style=\"height: 18.00pt;\">\n<td class=\"et3\" style=\"height: 18.00pt;\" height=\"24\">Dimens\u00e3o<\/td>\n<td class=\"et5\" style=\"width: 234.15pt;\" width=\"312\">60*42*16.5<\/td>\n<\/tr>\n<tr style=\"height: 17.25pt;\">\n<td class=\"et3\" style=\"height: 17.25pt;\" height=\"23\">N.W \/SET<\/td>\n<td class=\"et3\">12KGS\/PCS<\/td>\n<\/tr>\n<tr style=\"height: 17.25pt;\">\n<td class=\"et3\" style=\"height: 17.25pt;\" height=\"23\">MOQ<\/td>\n<td class=\"et3\">20 unidades<\/td>\n<\/tr>\n<tr style=\"height: 17.25pt;\">\n<td class=\"et3\" style=\"height: 17.25pt;\" height=\"23\">Op\u00e7\u00e3o personalizada<\/td>\n<td class=\"et3\">Cor\/Patente\/Tamanho\/Logotipo\/Embalagem<\/td>\n<\/tr>\n<\/tbody>\n<\/table>","protected":false},"featured_media":6941,"comment_status":"closed","ping_status":"closed","template":"","meta":{"_acf_changed":false},"product_brand":[],"product_cat":[51],"product_tag":[],"class_list":{"0":"post-6937","1":"product","2":"type-product","3":"status-publish","4":"has-post-thumbnail","6":"product_cat-wholesale-drop-in-sinks","8":"first","9":"instock","10":"shipping-taxable","11":"product-type-simple"},"acf":[],"_links":{"self":[{"href":"https:\/\/www.ceramicbasin.com\/pt\/wp-json\/wp\/v2\/product\/6937","targetHints":{"allow":["GET"]}}],"collection":[{"href":"https:\/\/www.ceramicbasin.com\/pt\/wp-json\/wp\/v2\/product"}],"about":[{"href":"https:\/\/www.ceramicbasin.com\/pt\/wp-json\/wp\/v2\/types\/product"}],"replies":[{"embeddable":true,"href":"https:\/\/www.ceramicbasin.com\/pt\/wp-json\/wp\/v2\/comments?post=6937"}],"wp:featuredmedia":[{"embeddable":true,"href":"https:\/\/www.ceramicbasin.com\/pt\/wp-json\/wp\/v2\/media\/6941"}],"wp:attachment":[{"href":"https:\/\/www.ceramicbasin.com\/pt\/wp-json\/wp\/v2\/media?parent=6937"}],"wp:term":[{"taxonomy":"product_brand","embeddable":true,"href":"https:\/\/www.ceramicbasin.com\/pt\/wp-json\/wp\/v2\/product_brand?post=6937"},{"taxonomy":"product_cat","embeddable":true,"href":"https:\/\/www.ceramicbasin.com\/pt\/wp-json\/wp\/v2\/product_cat?post=6937"},{"taxonomy":"product_tag","embeddable":true,"href":"https:\/\/www.ceramicbasin.com\/pt\/wp-json\/wp\/v2\/product_tag?post=6937"}],"curies":[{"name":"wp","href":"https:\/\/api.w.org\/{rel}","templated":true}]}}