{"id":6943,"date":"2025-06-07T02:36:01","date_gmt":"2025-06-07T02:36:01","guid":{"rendered":"https:\/\/www.ceramicbasin.com\/?post_type=product&#038;p=6943"},"modified":"2025-06-07T02:36:04","modified_gmt":"2025-06-07T02:36:04","slug":"drop-in-vanity-basin-wholesale","status":"publish","type":"product","link":"https:\/\/www.ceramicbasin.com\/pt\/produto\/drop-in-vanity-basin-wholesale\/","title":{"rendered":"Bacia de vaidade por atacado, pia de vaso de cer\u00e2mica branca ret\u00e2ngulo personalizado"},"content":{"rendered":"<div class=\"wp-block-columns is-layout-flex wp-container-core-columns-is-layout-9d6595d7 wp-block-columns-is-layout-flex\">\n<div class=\"wp-block-column is-layout-flow wp-block-column-is-layout-flow\">\n<h2 class=\"wp-block-heading\">Bacia de toucador de queda premium Carater\u00edsticas por atacado:<\/h2>\n\n\n\n<ul class=\"wp-block-list\">\n<li><strong>Fornecimento direto da f\u00e1brica:\u00a0<\/strong>Como fabricante de lavat\u00f3rios de casa de banho, vendemos lavat\u00f3rios por atacado com anos de experi\u00eancia e podemos garantir que o pre\u00e7o dos lavat\u00f3rios por atacado que oferecemos \u00e9 o mais competitivo do mercado. Independentemente do tamanho da encomenda, podemos garantir uma entrega atempada.<\/li>\n\n\n\n<li><strong>F\u00e1cil de manter:\u00a0<\/strong>A superf\u00edcie da bacia de vaidade por atacado \u00e9 lisa e macia, resistente ao mofo, resistente a manchas, f\u00e1cil de limpar e f\u00e1cil de manter como nova, livre do esfor\u00e7o di\u00e1rio e do tempo gasto em limpeza e manuten\u00e7\u00e3o.<\/li>\n\n\n\n<li><strong>Compat\u00edvel com uma variedade de torneiras e acess\u00f3rios de drenagem:<\/strong> O design de interface padr\u00e3o por atacado da bacia de vaidade, altamente compat\u00edvel, f\u00e1cil de instalar e substituir. A estrutura cient\u00edfica do arco interior reduz eficazmente os salpicos de \u00e1gua e melhora a experi\u00eancia do utilizador.<\/li>\n\n\n\n<li><strong>Capacidade de entrega r\u00e1pida:\u00a0<\/strong>Com um rigoroso sistema de invent\u00e1rio e log\u00edstica, asseguramos uma resposta atempada \u00e0s encomendas de lavat\u00f3rios de casa de banho a granel, oferecemos uma entrega atempada e ajudamos o seu projeto a decorrer sem problemas.<\/li>\n<\/ul>\n<\/div>\n\n\n\n<div class=\"wp-block-column is-layout-flow wp-block-column-is-layout-flow\">\n<figure class=\"wp-block-image size-full\"><img fetchpriority=\"high\" decoding=\"async\" width=\"803\" height=\"803\" src=\"https:\/\/www.ceramicbasin.com\/wp-content\/uploads\/2025\/06\/China-Manufacturer-White-Square-Lavabo-Ceramic-Vessel-Sink-Insert-In-Counter-Hand-Wash-Basin-8.webp\" alt=\"lavat\u00f3rio de toucador de parede-\u00e0-venda-em-branco-cer\u00e2mica-vaso-sanit\u00e1rio-ret\u00e2ngulo-personalizado-8\" class=\"wp-image-6951\" srcset=\"https:\/\/www.ceramicbasin.com\/wp-content\/uploads\/2025\/06\/China-Manufacturer-White-Square-Lavabo-Ceramic-Vessel-Sink-Insert-In-Counter-Hand-Wash-Basin-8.webp 803w, https:\/\/www.ceramicbasin.com\/wp-content\/uploads\/2025\/06\/China-Manufacturer-White-Square-Lavabo-Ceramic-Vessel-Sink-Insert-In-Counter-Hand-Wash-Basin-8-300x300.webp 300w, https:\/\/www.ceramicbasin.com\/wp-content\/uploads\/2025\/06\/China-Manufacturer-White-Square-Lavabo-Ceramic-Vessel-Sink-Insert-In-Counter-Hand-Wash-Basin-8-150x150.webp 150w, https:\/\/www.ceramicbasin.com\/wp-content\/uploads\/2025\/06\/China-Manufacturer-White-Square-Lavabo-Ceramic-Vessel-Sink-Insert-In-Counter-Hand-Wash-Basin-8-768x768.webp 768w, https:\/\/www.ceramicbasin.com\/wp-content\/uploads\/2025\/06\/China-Manufacturer-White-Square-Lavabo-Ceramic-Vessel-Sink-Insert-In-Counter-Hand-Wash-Basin-8-12x12.webp 12w, https:\/\/www.ceramicbasin.com\/wp-content\/uploads\/2025\/06\/China-Manufacturer-White-Square-Lavabo-Ceramic-Vessel-Sink-Insert-In-Counter-Hand-Wash-Basin-8-285x285.webp 285w, https:\/\/www.ceramicbasin.com\/wp-content\/uploads\/2025\/06\/China-Manufacturer-White-Square-Lavabo-Ceramic-Vessel-Sink-Insert-In-Counter-Hand-Wash-Basin-8-270x270.webp 270w, https:\/\/www.ceramicbasin.com\/wp-content\/uploads\/2025\/06\/China-Manufacturer-White-Square-Lavabo-Ceramic-Vessel-Sink-Insert-In-Counter-Hand-Wash-Basin-8-540x540.webp 540w, https:\/\/www.ceramicbasin.com\/wp-content\/uploads\/2025\/06\/China-Manufacturer-White-Square-Lavabo-Ceramic-Vessel-Sink-Insert-In-Counter-Hand-Wash-Basin-8-660x660.webp 660w\" sizes=\"(max-width: 803px) 100vw, 803px\" \/><\/figure>\n<\/div>\n<\/div>","protected":false},"excerpt":{"rendered":"<p>Bem-vindo ao comprar a nossa bacia de vaidade por atacado. Esta bacia de cer\u00e2mica de alta temperatura \u00e9 o ep\u00edtome da durabilidade, resist\u00eancia a manchas e limpeza sem esfor\u00e7o. Este design contempor\u00e2neo com uma forma retangular elegante \u00e9 uma adi\u00e7\u00e3o estil\u00edstica a qualquer casa de banho. Ideal para utiliza\u00e7\u00e3o por grosso e em projectos, este lavat\u00f3rio pode ser encomendado \u00e0 medida das suas necessidades espec\u00edficas.<\/p>\n<table style=\"border-collapse: collapse; width: 358.52pt;\" border=\"0\" width=\"478\" cellspacing=\"0\" cellpadding=\"0\">\n<tbody>\n<tr style=\"height: 17.25pt;\">\n<td class=\"et3\" style=\"height: 17.25pt; width: 125.00pt;\" width=\"166\" height=\"23\">Fabricante<\/td>\n<td class=\"et3\" style=\"width: 234.15pt;\" width=\"312\">HanYu<\/td>\n<\/tr>\n<tr style=\"height: 17.25pt;\">\n<td class=\"et3\" style=\"height: 17.25pt;\" height=\"23\">Modelo n.<\/td>\n<td class=\"et4\">HY-5050<\/td>\n<\/tr>\n<tr style=\"height: 17.25pt;\">\n<td class=\"et3\" style=\"height: 17.25pt;\" height=\"23\">Tipo<\/td>\n<td class=\"et5\" style=\"width: 234.15pt;\" width=\"312\">Lava-lou\u00e7as<\/td>\n<\/tr>\n<tr style=\"height: 18.00pt;\">\n<td class=\"et3\" style=\"height: 18.00pt;\" height=\"24\">Forma<\/td>\n<td class=\"et3\">\u00a0Forma quadrada<\/td>\n<\/tr>\n<tr style=\"height: 34.50pt;\">\n<td class=\"et4\" style=\"height: 34.50pt;\" height=\"46\">Cor<\/td>\n<td class=\"et5\" style=\"width: 234.15pt;\" width=\"312\">preto\/branco\/azul\/cinzento\/rosa\/verde\/castanho\/caqui<\/td>\n<\/tr>\n<tr style=\"height: 18.00pt;\">\n<td class=\"et3\" style=\"height: 18.00pt;\" height=\"24\">Dimens\u00e3o<\/td>\n<td class=\"et5\" style=\"width: 234.15pt;\" width=\"312\">44*44*15<\/td>\n<\/tr>\n<tr style=\"height: 17.25pt;\">\n<td class=\"et3\" style=\"height: 17.25pt;\" height=\"23\">N.W \/SET<\/td>\n<td class=\"et3\">11.5KGS\/PCS<\/td>\n<\/tr>\n<tr style=\"height: 17.25pt;\">\n<td class=\"et3\" style=\"height: 17.25pt;\" height=\"23\">MOQ<\/td>\n<td class=\"et3\">20 unidades<\/td>\n<\/tr>\n<tr style=\"height: 17.25pt;\">\n<td class=\"et3\" style=\"height: 17.25pt;\" height=\"23\">Op\u00e7\u00e3o personalizada<\/td>\n<td class=\"et3\">Cor\/Patente\/Tamanho\/Logotipo\/Embalagem<\/td>\n<\/tr>\n<\/tbody>\n<\/table>","protected":false},"featured_media":6944,"comment_status":"closed","ping_status":"closed","template":"","meta":{"_acf_changed":false},"product_brand":[],"product_cat":[51],"product_tag":[],"class_list":{"0":"post-6943","1":"product","2":"type-product","3":"status-publish","4":"has-post-thumbnail","6":"product_cat-wholesale-drop-in-sinks","8":"first","9":"instock","10":"shipping-taxable","11":"product-type-simple"},"acf":[],"_links":{"self":[{"href":"https:\/\/www.ceramicbasin.com\/pt\/wp-json\/wp\/v2\/product\/6943","targetHints":{"allow":["GET"]}}],"collection":[{"href":"https:\/\/www.ceramicbasin.com\/pt\/wp-json\/wp\/v2\/product"}],"about":[{"href":"https:\/\/www.ceramicbasin.com\/pt\/wp-json\/wp\/v2\/types\/product"}],"replies":[{"embeddable":true,"href":"https:\/\/www.ceramicbasin.com\/pt\/wp-json\/wp\/v2\/comments?post=6943"}],"wp:featuredmedia":[{"embeddable":true,"href":"https:\/\/www.ceramicbasin.com\/pt\/wp-json\/wp\/v2\/media\/6944"}],"wp:attachment":[{"href":"https:\/\/www.ceramicbasin.com\/pt\/wp-json\/wp\/v2\/media?parent=6943"}],"wp:term":[{"taxonomy":"product_brand","embeddable":true,"href":"https:\/\/www.ceramicbasin.com\/pt\/wp-json\/wp\/v2\/product_brand?post=6943"},{"taxonomy":"product_cat","embeddable":true,"href":"https:\/\/www.ceramicbasin.com\/pt\/wp-json\/wp\/v2\/product_cat?post=6943"},{"taxonomy":"product_tag","embeddable":true,"href":"https:\/\/www.ceramicbasin.com\/pt\/wp-json\/wp\/v2\/product_tag?post=6943"}],"curies":[{"name":"wp","href":"https:\/\/api.w.org\/{rel}","templated":true}]}}