{"id":7000,"date":"2025-06-12T09:53:23","date_gmt":"2025-06-12T09:53:23","guid":{"rendered":"https:\/\/www.ceramicbasin.com\/?post_type=product&#038;p=7000"},"modified":"2025-06-13T02:58:58","modified_gmt":"2025-06-13T02:58:58","slug":"wholesale-art-basin","status":"publish","type":"product","link":"https:\/\/www.ceramicbasin.com\/pt\/produto\/wholesale-art-basin\/","title":{"rendered":"Novo estilo de bacia de arte por atacado para toucador com padr\u00e3o de m\u00e1rmore"},"content":{"rendered":"<div class=\"wp-block-columns is-layout-flex wp-container-core-columns-is-layout-9d6595d7 wp-block-columns-is-layout-flex\">\n<div class=\"wp-block-column is-layout-flow wp-block-column-is-layout-flow\">\n<h2 class=\"wp-block-heading\">Bacia de arte por atacado Premium Carater\u00edsticas:<\/h2>\n\n\n\n<ul class=\"wp-block-list\">\n<li><strong>Tecnologia de transfer\u00eancia de \u00e1gua para restaurar a textura natural do m\u00e1rmore: <\/strong>As nossas bacias de arte por atacado utilizam a mais avan\u00e7ada tecnologia de transfer\u00eancia de \u00e1gua para restaurar com precis\u00e3o a textura \u00fanica e a textura do m\u00e1rmore natural, e cada bacia de cer\u00e2mica tem um padr\u00e3o \u00fanico.<\/li>\n\n\n\n<li><strong>Design oval elegante para real\u00e7ar o sentido art\u00edstico do espa\u00e7o:<\/strong> Este lavat\u00f3rio com padr\u00e3o de m\u00e1rmore apresenta uma forma oval cl\u00e1ssica com curvas limpas e suaves e textura de m\u00e1rmore, pelo que o espa\u00e7o de banho ser\u00e1 ornamentado por eleg\u00e2ncia e sentimentos art\u00edsticos.<\/li>\n\n\n\n<li><strong>Material cer\u00e2mico de alta qualidade, dur\u00e1vel e f\u00e1cil de limpar: <\/strong>Estas bacias de arte por atacado feitas \u00e0 medida utilizam mat\u00e9rias-primas de alta qualidade e cozedura a alta temperatura. O corpo da bacia \u00e9 denso e forte, resistente a riscos e a manchas. A superf\u00edcie \u00e9 macia e lisa, e \u00e9 dif\u00edcil deixar marcas de \u00e1gua e impurezas.<\/li>\n\n\n\n<li><strong>Apoiar servi\u00e7os personalizados para responder a necessidades personalizadas:<\/strong> O nosso lavat\u00f3rio de padr\u00e3o de m\u00e1rmore por atacado fornece servi\u00e7os personalizados em termos de tamanho, cor e padr\u00e3o para atender \u00e0s necessidades exclusivas de moradias, hot\u00e9is e casas de luxo.<\/li>\n<\/ul>\n<\/div>\n\n\n\n<div class=\"wp-block-column is-layout-flow wp-block-column-is-layout-flow\">\n<figure class=\"wp-block-image size-full\"><img fetchpriority=\"high\" decoding=\"async\" width=\"1345\" height=\"1786\" src=\"https:\/\/www.ceramicbasin.com\/wp-content\/uploads\/2025\/06\/wholesale-Customized-color-basin-5.webp\" alt=\"Novo estilo de bacia de arte por atacado para toucador com padr\u00e3o de m\u00e1rmore-1\" class=\"wp-image-6995\" srcset=\"https:\/\/www.ceramicbasin.com\/wp-content\/uploads\/2025\/06\/wholesale-Customized-color-basin-5.webp 1345w, https:\/\/www.ceramicbasin.com\/wp-content\/uploads\/2025\/06\/wholesale-Customized-color-basin-5-226x300.webp 226w, https:\/\/www.ceramicbasin.com\/wp-content\/uploads\/2025\/06\/wholesale-Customized-color-basin-5-768x1020.webp 768w, https:\/\/www.ceramicbasin.com\/wp-content\/uploads\/2025\/06\/wholesale-Customized-color-basin-5-9x12.webp 9w, https:\/\/www.ceramicbasin.com\/wp-content\/uploads\/2025\/06\/wholesale-Customized-color-basin-5-285x378.webp 285w, https:\/\/www.ceramicbasin.com\/wp-content\/uploads\/2025\/06\/wholesale-Customized-color-basin-5-497x660.webp 497w, https:\/\/www.ceramicbasin.com\/wp-content\/uploads\/2025\/06\/wholesale-Customized-color-basin-5-113x150.webp 113w\" sizes=\"(max-width: 1345px) 100vw, 1345px\" \/><\/figure>\n<\/div>\n<\/div>\n\n\n\n<p><\/p>","protected":false},"excerpt":{"rendered":"<p>Bem-vindo \u00e0 compra de bacias de arte por atacado. Este lavat\u00f3rio retangular com padr\u00e3o de m\u00e1rmore utiliza a tecnologia de transfer\u00eancia de \u00e1gua para reproduzir com precis\u00e3o a sensa\u00e7\u00e3o luxuosa do m\u00e1rmore natural, com uma forma oval elegante, que pode ser utilizada em v\u00e1rios estilos de espa\u00e7o. Os materiais cer\u00e2micos de alta qualidade s\u00e3o duradouros e simples de limpar, e fornecem servi\u00e7os personalizados.<\/p>\n<table style=\"border-collapse: collapse; width: 311.02pt;\" border=\"0\" width=\"311\" cellspacing=\"0\" cellpadding=\"0\">\n<tbody>\n<tr style=\"height: 17.60pt;\">\n<td class=\"et3\" style=\"height: 17.60pt; width: 108.35pt;\" width=\"108\" height=\"17\">Fabricante<\/td>\n<td class=\"et3\" style=\"width: 202.95pt;\" width=\"202\">HanYu<\/td>\n<\/tr>\n<tr style=\"height: 17.60pt;\">\n<td class=\"et3\" style=\"height: 17.60pt;\" height=\"17\">Modelo n.<\/td>\n<td class=\"et4\">HY5105D77<\/td>\n<\/tr>\n<tr style=\"height: 17.60pt;\">\n<td class=\"et3\" style=\"height: 17.60pt;\" height=\"17\">Tipo<\/td>\n<td class=\"et3\">Lavat\u00f3rio de bancada<\/td>\n<\/tr>\n<tr style=\"height: 17.60pt;\">\n<td class=\"et3\" style=\"height: 17.60pt;\" height=\"17\">Forma<\/td>\n<td class=\"et2\">Forma retangular<\/td>\n<\/tr>\n<tr style=\"height: 17.60pt;\">\n<td class=\"et4\" style=\"height: 17.60pt;\" height=\"17\">Cor<\/td>\n<td class=\"et3\">Cor de m\u00e1rmore<\/td>\n<\/tr>\n<tr style=\"height: 18.00pt;\">\n<td class=\"et3\" style=\"height: 18.00pt;\" height=\"18\">Dimens\u00e3o<\/td>\n<td class=\"et5\" style=\"width: 202.95pt;\" width=\"202\">56*42*14<\/td>\n<\/tr>\n<tr style=\"height: 17.60pt;\">\n<td class=\"et3\" style=\"height: 17.60pt;\" height=\"17\">N.W \/SET<\/td>\n<td class=\"et3\">12 KGS\/PCS<\/td>\n<\/tr>\n<tr style=\"height: 17.60pt;\">\n<td class=\"et3\" style=\"height: 17.60pt;\" height=\"17\">MOQ<\/td>\n<td class=\"et3\">20 unidades<\/td>\n<\/tr>\n<tr style=\"height: 17.60pt;\">\n<td class=\"et3\" style=\"height: 17.60pt;\" height=\"17\">Op\u00e7\u00e3o personalizada<\/td>\n<td class=\"et3\">Cor\/Patente\/Tamanho\/Logotipo\/Embalagem<\/td>\n<\/tr>\n<\/tbody>\n<\/table>","protected":false},"featured_media":6991,"comment_status":"closed","ping_status":"closed","template":"","meta":{"_acf_changed":false},"product_brand":[],"product_cat":[50,54],"product_tag":[],"class_list":{"0":"post-7000","1":"product","2":"type-product","3":"status-publish","4":"has-post-thumbnail","6":"product_cat-wholesale-countertop-sinks","7":"product_cat-wholesale-marble-sinks","9":"first","10":"instock","11":"shipping-taxable","12":"product-type-simple"},"acf":[],"_links":{"self":[{"href":"https:\/\/www.ceramicbasin.com\/pt\/wp-json\/wp\/v2\/product\/7000","targetHints":{"allow":["GET"]}}],"collection":[{"href":"https:\/\/www.ceramicbasin.com\/pt\/wp-json\/wp\/v2\/product"}],"about":[{"href":"https:\/\/www.ceramicbasin.com\/pt\/wp-json\/wp\/v2\/types\/product"}],"replies":[{"embeddable":true,"href":"https:\/\/www.ceramicbasin.com\/pt\/wp-json\/wp\/v2\/comments?post=7000"}],"wp:featuredmedia":[{"embeddable":true,"href":"https:\/\/www.ceramicbasin.com\/pt\/wp-json\/wp\/v2\/media\/6991"}],"wp:attachment":[{"href":"https:\/\/www.ceramicbasin.com\/pt\/wp-json\/wp\/v2\/media?parent=7000"}],"wp:term":[{"taxonomy":"product_brand","embeddable":true,"href":"https:\/\/www.ceramicbasin.com\/pt\/wp-json\/wp\/v2\/product_brand?post=7000"},{"taxonomy":"product_cat","embeddable":true,"href":"https:\/\/www.ceramicbasin.com\/pt\/wp-json\/wp\/v2\/product_cat?post=7000"},{"taxonomy":"product_tag","embeddable":true,"href":"https:\/\/www.ceramicbasin.com\/pt\/wp-json\/wp\/v2\/product_tag?post=7000"}],"curies":[{"name":"wp","href":"https:\/\/api.w.org\/{rel}","templated":true}]}}