{"id":7057,"date":"2025-06-27T09:26:58","date_gmt":"2025-06-27T09:26:58","guid":{"rendered":"https:\/\/www.ceramicbasin.com\/?post_type=product&#038;p=7057"},"modified":"2025-09-26T06:50:29","modified_gmt":"2025-09-26T06:50:29","slug":"black-countertop-basin-wholesale","status":"publish","type":"product","link":"https:\/\/www.ceramicbasin.com\/pt\/produto\/black-countertop-basin-wholesale\/","title":{"rendered":"Bacia de bancada preta de efeito m\u00e1rmore por atacado, fornecimento de lavat\u00f3rio de cer\u00e2mica"},"content":{"rendered":"<div class=\"wp-block-columns is-layout-flex wp-container-core-columns-is-layout-9d6595d7 wp-block-columns-is-layout-flex\">\n<div class=\"wp-block-column is-layout-flow wp-block-column-is-layout-flow\">\n<h2 class=\"wp-block-heading\">Bacia de bancada preta premium Carater\u00edsticas por atacado:<\/h2>\n\n\n\n<ul class=\"wp-block-list\">\n<li><strong>Acabamento deslumbrante com efeito m\u00e1rmore:<\/strong> O lavat\u00f3rio de bancada preto por atacado apresenta um acabamento natural com efeito de m\u00e1rmore que tem um aspeto fant\u00e1stico e glamoroso, ideal para casas de banho luxuosas ou hot\u00e9is boutique, ou geralmente para casas e interiores modernos.<\/li>\n\n\n\n<li><strong>Corpo em cer\u00e2mica vidrada duradoura: <\/strong>A bacia de bancada preta por atacado \u00e9 constru\u00edda em cer\u00e2mica que passou por uma cozedura a alta temperatura e com um esmalte suave, resistente a manchas e f\u00e1cil de limpar que resiste a riscos e desvanecimento - concebida para anos de utiliza\u00e7\u00e3o comercial.<\/li>\n\n\n\n<li><strong>Tecnologia de impress\u00e3o por transfer\u00eancia de \u00e1gua:&nbsp;<\/strong>Estes lava-loi\u00e7as de porcelana por atacado utilizam a tecnologia de impress\u00e3o por transfer\u00eancia de \u00e1gua para reproduzir com precis\u00e3o a textura e a cor do m\u00e1rmore natural, acrescentando uma textura e uma beleza inigual\u00e1veis ao seu projeto topo de gama.<\/li>\n\n\n\n<li><strong>Sele\u00e7\u00e3o diversificada: <\/strong>Oferecemos uma variedade de estilos, tamanhos e cores de lavat\u00f3rios de cer\u00e2mica por atacado para escolher, satisfazendo as necessidades de diferentes estilos de casa de banho e integrando-os facilmente em v\u00e1rios designs de decora\u00e7\u00e3o.<\/li>\n<\/ul>\n<\/div>\n\n\n\n<div class=\"wp-block-column is-layout-flow wp-block-column-is-layout-flow\">\n<figure class=\"wp-block-image size-full\"><img fetchpriority=\"high\" decoding=\"async\" width=\"1345\" height=\"1786\" src=\"https:\/\/www.ceramicbasin.com\/wp-content\/uploads\/2025\/06\/Hot-sale-ceramic-washbasin-factorycounter-top-color-sinks-with-wholesale-price-5.webp\" alt=\"lavat\u00f3rio de bancada preto com efeito de m\u00e1rmore - venda por grosso - lavat\u00f3rio de cer\u00e2mica - fornecimento 5\" class=\"wp-image-7056\" srcset=\"https:\/\/www.ceramicbasin.com\/wp-content\/uploads\/2025\/06\/Hot-sale-ceramic-washbasin-factorycounter-top-color-sinks-with-wholesale-price-5.webp 1345w, https:\/\/www.ceramicbasin.com\/wp-content\/uploads\/2025\/06\/Hot-sale-ceramic-washbasin-factorycounter-top-color-sinks-with-wholesale-price-5-226x300.webp 226w, https:\/\/www.ceramicbasin.com\/wp-content\/uploads\/2025\/06\/Hot-sale-ceramic-washbasin-factorycounter-top-color-sinks-with-wholesale-price-5-768x1020.webp 768w, https:\/\/www.ceramicbasin.com\/wp-content\/uploads\/2025\/06\/Hot-sale-ceramic-washbasin-factorycounter-top-color-sinks-with-wholesale-price-5-9x12.webp 9w, https:\/\/www.ceramicbasin.com\/wp-content\/uploads\/2025\/06\/Hot-sale-ceramic-washbasin-factorycounter-top-color-sinks-with-wholesale-price-5-285x378.webp 285w, https:\/\/www.ceramicbasin.com\/wp-content\/uploads\/2025\/06\/Hot-sale-ceramic-washbasin-factorycounter-top-color-sinks-with-wholesale-price-5-497x660.webp 497w, https:\/\/www.ceramicbasin.com\/wp-content\/uploads\/2025\/06\/Hot-sale-ceramic-washbasin-factorycounter-top-color-sinks-with-wholesale-price-5-113x150.webp 113w\" sizes=\"(max-width: 1345px) 100vw, 1345px\" \/><\/figure>\n<\/div>\n<\/div>\n\n\n\n<p><\/p>","protected":false},"excerpt":{"rendered":"<p>Bem-vindo a comprar a nossa bacia de bancada preta por grosso. Actualize a sua casa de banho com a nossa bacia de bancada preta com efeito de m\u00e1rmore, fabricada em material cer\u00e2mico de alta qualidade para um acabamento duradouro. O design de m\u00e1rmore preto oferece uma apar\u00eancia impressionante e elegante, ideal para hot\u00e9is de luxo, casas de design e propriedades comerciais de boutique. Oferecemos um fornecimento est\u00e1vel a granel e servi\u00e7os OEM\/ODM.<\/p>\n<table style=\"border-collapse: collapse; width: 358.52pt;\" border=\"0\" width=\"478\" cellspacing=\"0\" cellpadding=\"0\">\n<tbody>\n<tr style=\"height: 17.25pt;\">\n<td class=\"et3\" style=\"height: 17.25pt; width: 125.00pt;\" width=\"166\" height=\"23\">Fabricante<\/td>\n<td class=\"et3\" style=\"width: 234.15pt;\" width=\"312\">HanYu<\/td>\n<\/tr>\n<tr style=\"height: 17.25pt;\">\n<td class=\"et3\" style=\"height: 17.25pt;\" height=\"23\">Modelo n.<\/td>\n<td class=\"et4\">HY-8064-45D45<\/td>\n<\/tr>\n<tr style=\"height: 17.25pt;\">\n<td class=\"et3\" style=\"height: 17.25pt;\" height=\"23\">Tipo<\/td>\n<td class=\"et5\" style=\"width: 234.15pt;\" width=\"312\">Pias de m\u00e1rmore<\/td>\n<\/tr>\n<tr style=\"height: 18.00pt;\">\n<td class=\"et3\" style=\"height: 18.00pt;\" height=\"24\">Forma<\/td>\n<td class=\"et3\">Forma retangular<\/td>\n<\/tr>\n<tr style=\"height: 34.50pt;\">\n<td class=\"et4\" style=\"height: 34.50pt;\" height=\"46\">Cor<\/td>\n<td class=\"et5\" style=\"width: 234.15pt;\" width=\"312\">preto\/branco\/azul\/cinzento\/rosa\/verde\/castanho\/caqui<\/td>\n<\/tr>\n<tr style=\"height: 18.00pt;\">\n<td class=\"et3\" style=\"height: 18.00pt;\" height=\"24\">Dimens\u00e3o<\/td>\n<td class=\"et5\" style=\"width: 234.15pt;\" width=\"312\">45*38*11<\/td>\n<\/tr>\n<tr style=\"height: 17.25pt;\">\n<td class=\"et3\" style=\"height: 17.25pt;\" height=\"23\">N.W \/SET<\/td>\n<td class=\"et3\">7KGS\/PCS<\/td>\n<\/tr>\n<tr style=\"height: 17.25pt;\">\n<td class=\"et3\" style=\"height: 17.25pt;\" height=\"23\">MOQ<\/td>\n<td class=\"et3\">20 unidades<\/td>\n<\/tr>\n<tr style=\"height: 17.25pt;\">\n<td class=\"et3\" style=\"height: 17.25pt;\" height=\"23\">Op\u00e7\u00e3o personalizada<\/td>\n<td class=\"et3\">Cor\/Patente\/Tamanho\/Logotipo\/Embalagem<\/td>\n<\/tr>\n<\/tbody>\n<\/table>","protected":false},"featured_media":7053,"comment_status":"closed","ping_status":"closed","template":"","meta":{"_acf_changed":false},"product_brand":[],"product_cat":[50,54],"product_tag":[],"class_list":{"0":"post-7057","1":"product","2":"type-product","3":"status-publish","4":"has-post-thumbnail","6":"product_cat-wholesale-countertop-sinks","7":"product_cat-wholesale-marble-sinks","9":"first","10":"instock","11":"shipping-taxable","12":"product-type-simple"},"acf":[],"_links":{"self":[{"href":"https:\/\/www.ceramicbasin.com\/pt\/wp-json\/wp\/v2\/product\/7057","targetHints":{"allow":["GET"]}}],"collection":[{"href":"https:\/\/www.ceramicbasin.com\/pt\/wp-json\/wp\/v2\/product"}],"about":[{"href":"https:\/\/www.ceramicbasin.com\/pt\/wp-json\/wp\/v2\/types\/product"}],"replies":[{"embeddable":true,"href":"https:\/\/www.ceramicbasin.com\/pt\/wp-json\/wp\/v2\/comments?post=7057"}],"wp:featuredmedia":[{"embeddable":true,"href":"https:\/\/www.ceramicbasin.com\/pt\/wp-json\/wp\/v2\/media\/7053"}],"wp:attachment":[{"href":"https:\/\/www.ceramicbasin.com\/pt\/wp-json\/wp\/v2\/media?parent=7057"}],"wp:term":[{"taxonomy":"product_brand","embeddable":true,"href":"https:\/\/www.ceramicbasin.com\/pt\/wp-json\/wp\/v2\/product_brand?post=7057"},{"taxonomy":"product_cat","embeddable":true,"href":"https:\/\/www.ceramicbasin.com\/pt\/wp-json\/wp\/v2\/product_cat?post=7057"},{"taxonomy":"product_tag","embeddable":true,"href":"https:\/\/www.ceramicbasin.com\/pt\/wp-json\/wp\/v2\/product_tag?post=7057"}],"curies":[{"name":"wp","href":"https:\/\/api.w.org\/{rel}","templated":true}]}}