{"id":7058,"date":"2025-06-30T03:55:44","date_gmt":"2025-06-30T03:55:44","guid":{"rendered":"https:\/\/www.ceramicbasin.com\/?post_type=product&#038;p=7058"},"modified":"2025-11-05T03:24:00","modified_gmt":"2025-11-05T03:24:00","slug":"wholesale-square-bathroom-sink-bowls","status":"publish","type":"product","link":"https:\/\/www.ceramicbasin.com\/pt\/produto\/wholesale-square-bathroom-sink-bowls\/","title":{"rendered":"Vasos de lavat\u00f3rio quadrados para casa de banho por atacado com textura de m\u00e1rmore"},"content":{"rendered":"<div class=\"wp-block-columns is-layout-flex wp-container-core-columns-is-layout-9d6595d7 wp-block-columns-is-layout-flex\">\n<div class=\"wp-block-column is-layout-flow wp-block-column-is-layout-flow\">\n<h2 class=\"wp-block-heading\">Bacias de lavat\u00f3rio quadradas para casa de banho por atacado Premium Carater\u00edsticas:<\/h2>\n\n\n\n<ul class=\"wp-block-list\">\n<li><strong>Padr\u00e3o de m\u00e1rmore realista:\u00a0<\/strong>Estas luxuosas bacias de lavat\u00f3rio quadradas para casa de banho em m\u00e1rmore utilizam tecnologia avan\u00e7ada de transfer\u00eancia de \u00e1gua para reproduzir com precis\u00e3o a textura e a cor naturais do m\u00e1rmore, conferindo um encanto visual \u00fanico \u00e0 bacia.<\/li>\n\n\n\n<li><strong>Anti-incrustante e f\u00e1cil de limpar:\u00a0<\/strong>O nosso lava-loi\u00e7a de porcelana por atacado \u00e9 liso e denso na superf\u00edcie. Portanto, n\u00e3o \u00e9 f\u00e1cil absorver muita \u00e1gua ou sujidade, o que tamb\u00e9m \u00e9 a raz\u00e3o pela qual o lavat\u00f3rio de cer\u00e2mica \u00e9 f\u00e1cil de limpar no uso di\u00e1rio. Normalmente, s\u00f3 precisa de limpar suavemente com detergente comum para manter o lava-loi\u00e7a limpo e brilhante para facilitar o seu conforto na utiliza\u00e7\u00e3o.<\/li>\n\n\n\n<li><strong>Sele\u00e7\u00e3o de cor personalizada:<\/strong>\u00a0Este lavat\u00f3rio feito \u00e0 medida \u00e9 fornecido com uma variedade de op\u00e7\u00f5es de cores personalizadas para satisfazer as suas necessidades na cria\u00e7\u00e3o da combina\u00e7\u00e3o de cores perfeita, assegurando que o seu lavat\u00f3rio de casa de banho se integra perfeitamente no estilo geral da sua casa e reflecte o seu gosto.<\/li>\n\n\n\n<li><strong>Desenho quadrado:<\/strong> As bacias de lavat\u00f3rio quadradas para casa de banho por atacado t\u00eam um design quadrado com linhas simples, combinando moda com funcionalidade, e adequam-se a casas de banho modernas e minimalistas, de luxo e outras.<\/li>\n<\/ul>\n<\/div>\n\n\n\n<div class=\"wp-block-column is-layout-flow wp-block-column-is-layout-flow\">\n<figure class=\"wp-block-image size-full\"><img fetchpriority=\"high\" decoding=\"async\" width=\"1345\" height=\"1786\" src=\"https:\/\/www.ceramicbasin.com\/wp-content\/uploads\/2025\/06\/Luxury-design-marble-color-basin-factorybathroom-counter-top-sinks-bowl-5.webp\" alt=\"venda por grosso de lavat\u00f3rio de casa de banho quadrado - ta\u00e7as - m\u00e1rmore - cor - lavat\u00f3rio - venda por grosso-5\" class=\"wp-image-7051\" srcset=\"https:\/\/www.ceramicbasin.com\/wp-content\/uploads\/2025\/06\/Luxury-design-marble-color-basin-factorybathroom-counter-top-sinks-bowl-5.webp 1345w, https:\/\/www.ceramicbasin.com\/wp-content\/uploads\/2025\/06\/Luxury-design-marble-color-basin-factorybathroom-counter-top-sinks-bowl-5-226x300.webp 226w, https:\/\/www.ceramicbasin.com\/wp-content\/uploads\/2025\/06\/Luxury-design-marble-color-basin-factorybathroom-counter-top-sinks-bowl-5-768x1020.webp 768w, https:\/\/www.ceramicbasin.com\/wp-content\/uploads\/2025\/06\/Luxury-design-marble-color-basin-factorybathroom-counter-top-sinks-bowl-5-9x12.webp 9w, https:\/\/www.ceramicbasin.com\/wp-content\/uploads\/2025\/06\/Luxury-design-marble-color-basin-factorybathroom-counter-top-sinks-bowl-5-285x378.webp 285w, https:\/\/www.ceramicbasin.com\/wp-content\/uploads\/2025\/06\/Luxury-design-marble-color-basin-factorybathroom-counter-top-sinks-bowl-5-497x660.webp 497w, https:\/\/www.ceramicbasin.com\/wp-content\/uploads\/2025\/06\/Luxury-design-marble-color-basin-factorybathroom-counter-top-sinks-bowl-5-113x150.webp 113w\" sizes=\"(max-width: 1345px) 100vw, 1345px\" \/><\/figure>\n<\/div>\n<\/div>","protected":false},"excerpt":{"rendered":"<p>Bem-vindo ao comprar as nossas bacias de lavat\u00f3rio quadradas para casa de banho por atacado. Esta bacia de bancada de cer\u00e2mica com padr\u00e3o de m\u00e1rmore por atacado \u00e9 projetada seguindo a moda moderna de luxo, misturando o padr\u00e3o de m\u00e1rmore com material cer\u00e2mico. Apresenta uma apar\u00eancia forte, mas elegante, que \u00e9 perfeita para ambientes de casa de banho de alta qualidade, hot\u00e9is e empresas. Pode ser comprado a granel e personalizado, o que \u00e9 uma op\u00e7\u00e3o perfeita para projectos e marcas.<\/p>\n<table style=\"border-collapse: collapse; width: 358.52pt;\" border=\"0\" width=\"478\" cellspacing=\"0\" cellpadding=\"0\">\n<tbody>\n<tr style=\"height: 17.25pt;\">\n<td class=\"et3\" style=\"height: 17.25pt; width: 125.00pt;\" width=\"166\" height=\"23\">Fabricante<\/td>\n<td class=\"et3\" style=\"width: 234.15pt;\" width=\"312\">HanYu<\/td>\n<\/tr>\n<tr style=\"height: 17.25pt;\">\n<td class=\"et3\" style=\"height: 17.25pt;\" height=\"23\">Modelo n.<\/td>\n<td class=\"et4\">HY-8064-45D41<\/td>\n<\/tr>\n<tr style=\"height: 17.25pt;\">\n<td class=\"et3\" style=\"height: 17.25pt;\" height=\"23\">Tipo<\/td>\n<td class=\"et5\" style=\"width: 234.15pt;\" width=\"312\">Pias de m\u00e1rmore<\/td>\n<\/tr>\n<tr style=\"height: 18.00pt;\">\n<td class=\"et3\" style=\"height: 18.00pt;\" height=\"24\">Forma<\/td>\n<td class=\"et3\">Forma retangular<\/td>\n<\/tr>\n<tr style=\"height: 34.50pt;\">\n<td class=\"et4\" style=\"height: 34.50pt;\" height=\"46\">Cor<\/td>\n<td class=\"et5\" style=\"width: 234.15pt;\" width=\"312\">preto\/branco\/azul\/cinzento\/rosa\/verde\/castanho\/caqui<\/td>\n<\/tr>\n<tr style=\"height: 18.00pt;\">\n<td class=\"et3\" style=\"height: 18.00pt;\" height=\"24\">Dimens\u00e3o<\/td>\n<td class=\"et5\" style=\"width: 234.15pt;\" width=\"312\">45*38*11<\/td>\n<\/tr>\n<tr style=\"height: 17.25pt;\">\n<td class=\"et3\" style=\"height: 17.25pt;\" height=\"23\">N.W \/SET<\/td>\n<td class=\"et3\">7KGS\/PCS<\/td>\n<\/tr>\n<tr style=\"height: 17.25pt;\">\n<td class=\"et3\" style=\"height: 17.25pt;\" height=\"23\">MOQ<\/td>\n<td class=\"et3\">20 unidades<\/td>\n<\/tr>\n<tr style=\"height: 17.25pt;\">\n<td class=\"et3\" style=\"height: 17.25pt;\" height=\"23\">Op\u00e7\u00e3o personalizada<\/td>\n<td class=\"et3\">Cor\/Patente\/Tamanho\/Logotipo\/Embalagem<\/td>\n<\/tr>\n<\/tbody>\n<\/table>","protected":false},"featured_media":7049,"comment_status":"closed","ping_status":"closed","template":"","meta":{"_acf_changed":false},"product_brand":[],"product_cat":[50,54],"product_tag":[],"class_list":{"0":"post-7058","1":"product","2":"type-product","3":"status-publish","4":"has-post-thumbnail","6":"product_cat-wholesale-countertop-sinks","7":"product_cat-wholesale-marble-sinks","9":"first","10":"instock","11":"shipping-taxable","12":"product-type-simple"},"acf":[],"_links":{"self":[{"href":"https:\/\/www.ceramicbasin.com\/pt\/wp-json\/wp\/v2\/product\/7058","targetHints":{"allow":["GET"]}}],"collection":[{"href":"https:\/\/www.ceramicbasin.com\/pt\/wp-json\/wp\/v2\/product"}],"about":[{"href":"https:\/\/www.ceramicbasin.com\/pt\/wp-json\/wp\/v2\/types\/product"}],"replies":[{"embeddable":true,"href":"https:\/\/www.ceramicbasin.com\/pt\/wp-json\/wp\/v2\/comments?post=7058"}],"wp:featuredmedia":[{"embeddable":true,"href":"https:\/\/www.ceramicbasin.com\/pt\/wp-json\/wp\/v2\/media\/7049"}],"wp:attachment":[{"href":"https:\/\/www.ceramicbasin.com\/pt\/wp-json\/wp\/v2\/media?parent=7058"}],"wp:term":[{"taxonomy":"product_brand","embeddable":true,"href":"https:\/\/www.ceramicbasin.com\/pt\/wp-json\/wp\/v2\/product_brand?post=7058"},{"taxonomy":"product_cat","embeddable":true,"href":"https:\/\/www.ceramicbasin.com\/pt\/wp-json\/wp\/v2\/product_cat?post=7058"},{"taxonomy":"product_tag","embeddable":true,"href":"https:\/\/www.ceramicbasin.com\/pt\/wp-json\/wp\/v2\/product_tag?post=7058"}],"curies":[{"name":"wp","href":"https:\/\/api.w.org\/{rel}","templated":true}]}}