{"id":7060,"date":"2025-06-30T01:14:56","date_gmt":"2025-06-30T01:14:56","guid":{"rendered":"https:\/\/www.ceramicbasin.com\/?post_type=product&#038;p=7060"},"modified":"2025-06-30T01:14:58","modified_gmt":"2025-06-30T01:14:58","slug":"custom-marble-bathroom-sinks","status":"publish","type":"product","link":"https:\/\/www.ceramicbasin.com\/pt\/produto\/custom-marble-bathroom-sinks\/","title":{"rendered":"Lavat\u00f3rios de casa de banho em m\u00e1rmore personalizados, lavat\u00f3rios de bancada com impress\u00e3o por transfer\u00eancia de \u00e1gua por atacado"},"content":{"rendered":"<div class=\"wp-block-columns is-layout-flex wp-container-core-columns-is-layout-9d6595d7 wp-block-columns-is-layout-flex\">\n<div class=\"wp-block-column is-layout-flow wp-block-column-is-layout-flow\">\n<h2 class=\"wp-block-heading\">Pias de casa de banho em m\u00e1rmore personalizadas Premium Carater\u00edsticas:<\/h2>\n\n\n\n<ul class=\"wp-block-list\">\n<li><strong>Material cer\u00e2mico de alta qualidade:\u00a0<\/strong>Os nossos lavat\u00f3rios de casa de banho por atacado s\u00e3o feitos de cer\u00e2mica cozida a alta temperatura, com uma superf\u00edcie dura e densa, resistente a riscos e ao desgaste, duradoura como nova, adequada para cen\u00e1rios de utiliza\u00e7\u00e3o di\u00e1ria de alta frequ\u00eancia.<\/li>\n\n\n\n<li><strong>Sele\u00e7\u00e3o de cor personalizada:<\/strong>\u00a0Estes lavat\u00f3rios de casa de banho em m\u00e1rmore personalizados v\u00eam com uma variedade de op\u00e7\u00f5es de cores personalizadas para satisfazer as suas necessidades de misturar a cor perfeita para que o seu lavat\u00f3rio de casa de banho possa combinar perfeitamente com o estilo geral da sua casa e refletir carater\u00edsticas personalizadas.<\/li>\n\n\n\n<li><strong>Tecnologia de impress\u00e3o por transfer\u00eancia de \u00e1gua:<\/strong> Estes lavat\u00f3rios de casa de banho em m\u00e1rmore personalizados utilizam uma tecnologia avan\u00e7ada de impress\u00e3o por transfer\u00eancia de \u00e1gua. Este processo cria padr\u00f5es de m\u00e1rmore claros e naturais em superf\u00edcies de cer\u00e2mica, combinando o apelo visual com a durabilidade dos materiais cer\u00e2micos.<\/li>\n\n\n\n<li><strong>Grande capacidade de produ\u00e7\u00e3o:\u00a0<\/strong>O nosso grande armaz\u00e9m cont\u00e9m v\u00e1rios tipos de lavat\u00f3rios de m\u00e1rmore para casa de banho por atacado. Escolha os itens que est\u00e3o em produ\u00e7\u00e3o, temos bacias brancas suficientes para fazer bacias de cor de m\u00e1rmore, o tempo de envio seria muito mais curto.<\/li>\n<\/ul>\n<\/div>\n\n\n\n<div class=\"wp-block-column is-layout-flow wp-block-column-is-layout-flow\">\n<figure class=\"wp-block-image size-full\"><img fetchpriority=\"high\" decoding=\"async\" width=\"721\" height=\"890\" src=\"https:\/\/www.ceramicbasin.com\/wp-content\/uploads\/2025\/06\/Custom-ceramic-color-wash-basin-supplierwholesale-water-transfer-printing-sinks-5.webp\" alt=\"lavat\u00f3rios de casa de banho em m\u00e1rmore personalizados - impress\u00e3o por transfer\u00eancia de \u00e1gua - lavat\u00f3rios de bancada - venda por grosso-5\" class=\"wp-image-7041\" srcset=\"https:\/\/www.ceramicbasin.com\/wp-content\/uploads\/2025\/06\/Custom-ceramic-color-wash-basin-supplierwholesale-water-transfer-printing-sinks-5.webp 721w, https:\/\/www.ceramicbasin.com\/wp-content\/uploads\/2025\/06\/Custom-ceramic-color-wash-basin-supplierwholesale-water-transfer-printing-sinks-5-243x300.webp 243w, https:\/\/www.ceramicbasin.com\/wp-content\/uploads\/2025\/06\/Custom-ceramic-color-wash-basin-supplierwholesale-water-transfer-printing-sinks-5-10x12.webp 10w, https:\/\/www.ceramicbasin.com\/wp-content\/uploads\/2025\/06\/Custom-ceramic-color-wash-basin-supplierwholesale-water-transfer-printing-sinks-5-285x352.webp 285w, https:\/\/www.ceramicbasin.com\/wp-content\/uploads\/2025\/06\/Custom-ceramic-color-wash-basin-supplierwholesale-water-transfer-printing-sinks-5-535x660.webp 535w, https:\/\/www.ceramicbasin.com\/wp-content\/uploads\/2025\/06\/Custom-ceramic-color-wash-basin-supplierwholesale-water-transfer-printing-sinks-5-122x150.webp 122w\" sizes=\"(max-width: 721px) 100vw, 721px\" \/><\/figure>\n<\/div>\n<\/div>","protected":false},"excerpt":{"rendered":"<p>Bem-vindo a comprar os nossos lavat\u00f3rios de casa de banho em m\u00e1rmore personalizados. Esta bacia de bancada de cer\u00e2mica utiliza tecnologia de impress\u00e3o por transfer\u00eancia de \u00e1gua para obter um efeito de textura de m\u00e1rmore cheio de riqueza e natureza, combinando apelo est\u00e9tico e praticidade. Possui v\u00e1rias solu\u00e7\u00f5es de personaliza\u00e7\u00e3o de cores para atender a diferentes requisitos de design espacial, por isso \u00e9 uma \u00f3tima op\u00e7\u00e3o para constru\u00e7\u00f5es residenciais de alto padr\u00e3o, hot\u00e9is boutique e projetos de engenharia. Ideias de coopera\u00e7\u00e3o s\u00e3o bem-vindas de parceiros globais.<\/p>\n<table style=\"border-collapse: collapse; width: 358.52pt;\" border=\"0\" width=\"478\" cellspacing=\"0\" cellpadding=\"0\">\n<tbody>\n<tr style=\"height: 17.25pt;\">\n<td class=\"et3\" style=\"height: 17.25pt; width: 125.00pt;\" width=\"166\" height=\"23\">Fabricante<\/td>\n<td class=\"et3\" style=\"width: 234.15pt;\" width=\"312\">HanYu<\/td>\n<\/tr>\n<tr style=\"height: 17.25pt;\">\n<td class=\"et3\" style=\"height: 17.25pt;\" height=\"23\">Modelo n.<\/td>\n<td class=\"et4\">HY-488AD27<\/td>\n<\/tr>\n<tr style=\"height: 17.25pt;\">\n<td class=\"et3\" style=\"height: 17.25pt;\" height=\"23\">Tipo<\/td>\n<td class=\"et5\" style=\"width: 234.15pt;\" width=\"312\">Pias de m\u00e1rmore<\/td>\n<\/tr>\n<tr style=\"height: 18.00pt;\">\n<td class=\"et3\" style=\"height: 18.00pt;\" height=\"24\">Forma<\/td>\n<td class=\"et3\">Forma oval<\/td>\n<\/tr>\n<tr style=\"height: 34.50pt;\">\n<td class=\"et4\" style=\"height: 34.50pt;\" height=\"46\">Cor<\/td>\n<td class=\"et5\" style=\"width: 234.15pt;\" width=\"312\">preto\/branco\/azul\/cinzento\/rosa\/verde\/castanho\/caqui<\/td>\n<\/tr>\n<tr style=\"height: 18.00pt;\">\n<td class=\"et3\" style=\"height: 18.00pt;\" height=\"24\">Dimens\u00e3o<\/td>\n<td class=\"et5\" style=\"width: 234.15pt;\" width=\"312\">68*44*16.5<\/td>\n<\/tr>\n<tr style=\"height: 17.25pt;\">\n<td class=\"et3\" style=\"height: 17.25pt;\" height=\"23\">N.W \/SET<\/td>\n<td class=\"et3\">10KGS\/PCS<\/td>\n<\/tr>\n<tr style=\"height: 17.25pt;\">\n<td class=\"et3\" style=\"height: 17.25pt;\" height=\"23\">MOQ<\/td>\n<td class=\"et3\">20 unidades<\/td>\n<\/tr>\n<tr style=\"height: 17.25pt;\">\n<td class=\"et3\" style=\"height: 17.25pt;\" height=\"23\">Op\u00e7\u00e3o personalizada<\/td>\n<td class=\"et3\">Cor\/Patente\/Tamanho\/Logotipo\/Embalagem<\/td>\n<\/tr>\n<\/tbody>\n<\/table>","protected":false},"featured_media":7037,"comment_status":"closed","ping_status":"closed","template":"","meta":{"_acf_changed":false},"product_brand":[],"product_cat":[50,54],"product_tag":[],"class_list":{"0":"post-7060","1":"product","2":"type-product","3":"status-publish","4":"has-post-thumbnail","6":"product_cat-wholesale-countertop-sinks","7":"product_cat-wholesale-marble-sinks","9":"first","10":"instock","11":"shipping-taxable","12":"product-type-simple"},"acf":[],"_links":{"self":[{"href":"https:\/\/www.ceramicbasin.com\/pt\/wp-json\/wp\/v2\/product\/7060","targetHints":{"allow":["GET"]}}],"collection":[{"href":"https:\/\/www.ceramicbasin.com\/pt\/wp-json\/wp\/v2\/product"}],"about":[{"href":"https:\/\/www.ceramicbasin.com\/pt\/wp-json\/wp\/v2\/types\/product"}],"replies":[{"embeddable":true,"href":"https:\/\/www.ceramicbasin.com\/pt\/wp-json\/wp\/v2\/comments?post=7060"}],"wp:featuredmedia":[{"embeddable":true,"href":"https:\/\/www.ceramicbasin.com\/pt\/wp-json\/wp\/v2\/media\/7037"}],"wp:attachment":[{"href":"https:\/\/www.ceramicbasin.com\/pt\/wp-json\/wp\/v2\/media?parent=7060"}],"wp:term":[{"taxonomy":"product_brand","embeddable":true,"href":"https:\/\/www.ceramicbasin.com\/pt\/wp-json\/wp\/v2\/product_brand?post=7060"},{"taxonomy":"product_cat","embeddable":true,"href":"https:\/\/www.ceramicbasin.com\/pt\/wp-json\/wp\/v2\/product_cat?post=7060"},{"taxonomy":"product_tag","embeddable":true,"href":"https:\/\/www.ceramicbasin.com\/pt\/wp-json\/wp\/v2\/product_tag?post=7060"}],"curies":[{"name":"wp","href":"https:\/\/api.w.org\/{rel}","templated":true}]}}