{"id":7068,"date":"2025-06-25T08:48:14","date_gmt":"2025-06-25T08:48:14","guid":{"rendered":"https:\/\/www.ceramicbasin.com\/?post_type=product&#038;p=7068"},"modified":"2025-11-05T03:29:21","modified_gmt":"2025-11-05T03:29:21","slug":"wholesale-round-bathroom-sink-bowls","status":"publish","type":"product","link":"https:\/\/www.ceramicbasin.com\/pt\/produto\/wholesale-round-bathroom-sink-bowls\/","title":{"rendered":"Lavat\u00f3rio redondo para casa de banho, lavat\u00f3rio preto mate"},"content":{"rendered":"<div class=\"wp-block-columns is-layout-flex wp-container-core-columns-is-layout-9d6595d7 wp-block-columns-is-layout-flex\">\n<div class=\"wp-block-column is-layout-flow wp-block-column-is-layout-flow\">\n<h2 class=\"wp-block-heading\">Carater\u00edsticas das bacias de lavat\u00f3rio redondas para casa de banho por atacado Premium:<\/h2>\n\n\n\n<ul class=\"wp-block-list\">\n<li><strong>Cer\u00e2mica de alta qualidade: <\/strong>Estas bacias de lavat\u00f3rio redondas para casa de banho s\u00e3o selecionadas a partir de mat\u00e9rias-primas cer\u00e2micas de alta qualidade e sinterizadas a altas temperaturas. Pode garantir uma estrutura s\u00f3lida do produto e uma superf\u00edcie delicada e lisa, f\u00e1cil de limpar e mant\u00ea-la nova.<\/li>\n\n\n\n<li><strong>Acabamento Artistic Matte Glaze: <\/strong>Estas bacias de lavat\u00f3rio redondas para casa de banho por atacado possuem um esmalte cer\u00e2mico mate \u00fanico. O acabamento apresenta um toque suave aveludado e um aspeto elegante, sendo por isso uma combina\u00e7\u00e3o perfeita para decora\u00e7\u00f5es de casa de banho minimalistas, modernas e com temas de luxo.<\/li>\n\n\n\n<li><strong>Design redondo: <\/strong>O lavat\u00f3rio de bancada por atacado apresenta uma forma redonda antiga, um contorno completo e linhas suaves, adaptando-se perfeitamente a muitas bancadas de casa de banho para desfrutar de uma beleza espacial universal.<\/li>\n\n\n\n<li><strong>Design resistente a salpicos de \u00e1gua:<\/strong> A profundidade do lava-loi\u00e7a de bancada por atacado \u00e9 profissionalmente trabalhada para minimizar os salpicos de \u00e1gua, garantindo que \u00e9 ideal para uso di\u00e1rio, particularmente em hot\u00e9is e propriedades comerciais.<\/li>\n<\/ul>\n<\/div>\n\n\n\n<div class=\"wp-block-column is-layout-flow wp-block-column-is-layout-flow\">\n<figure class=\"wp-block-image size-full\"><img fetchpriority=\"high\" decoding=\"async\" width=\"800\" height=\"800\" src=\"https:\/\/www.ceramicbasin.com\/wp-content\/uploads\/2025\/06\/wholesale-round-bathroom-sink-bowls-black-counter-top-sinks-wholesale-2.webp\" alt=\"lavat\u00f3rios redondos para casa de banho - ta\u00e7as - preto - lavat\u00f3rios de bancada - venda por grosso-2\" class=\"wp-image-7109\" srcset=\"https:\/\/www.ceramicbasin.com\/wp-content\/uploads\/2025\/06\/wholesale-round-bathroom-sink-bowls-black-counter-top-sinks-wholesale-2.webp 800w, https:\/\/www.ceramicbasin.com\/wp-content\/uploads\/2025\/06\/wholesale-round-bathroom-sink-bowls-black-counter-top-sinks-wholesale-2-300x300.webp 300w, https:\/\/www.ceramicbasin.com\/wp-content\/uploads\/2025\/06\/wholesale-round-bathroom-sink-bowls-black-counter-top-sinks-wholesale-2-150x150.webp 150w, https:\/\/www.ceramicbasin.com\/wp-content\/uploads\/2025\/06\/wholesale-round-bathroom-sink-bowls-black-counter-top-sinks-wholesale-2-768x768.webp 768w, https:\/\/www.ceramicbasin.com\/wp-content\/uploads\/2025\/06\/wholesale-round-bathroom-sink-bowls-black-counter-top-sinks-wholesale-2-12x12.webp 12w, https:\/\/www.ceramicbasin.com\/wp-content\/uploads\/2025\/06\/wholesale-round-bathroom-sink-bowls-black-counter-top-sinks-wholesale-2-285x285.webp 285w, https:\/\/www.ceramicbasin.com\/wp-content\/uploads\/2025\/06\/wholesale-round-bathroom-sink-bowls-black-counter-top-sinks-wholesale-2-270x270.webp 270w, https:\/\/www.ceramicbasin.com\/wp-content\/uploads\/2025\/06\/wholesale-round-bathroom-sink-bowls-black-counter-top-sinks-wholesale-2-540x540.webp 540w, https:\/\/www.ceramicbasin.com\/wp-content\/uploads\/2025\/06\/wholesale-round-bathroom-sink-bowls-black-counter-top-sinks-wholesale-2-660x660.webp 660w\" sizes=\"(max-width: 800px) 100vw, 800px\" \/><\/figure>\n<\/div>\n<\/div>\n\n\n\n<p><\/p>","protected":false},"excerpt":{"rendered":"<p>Bem-vindo a consultar e a efetuar as suas encomendas a granel. Estas bacias de lavat\u00f3rio redondas para casa de banho por atacado combinam simplicidade com luxo, fabricadas em cer\u00e2mica de alta qualidade atrav\u00e9s de cozedura a alta temperatura. A superf\u00edcie fina e macia e o acabamento preto criam um espa\u00e7o de banho requintado. \u00c9 adequado para espa\u00e7os residenciais, hoteleiros e comerciais de alta qualidade, que se tornaram muito populares no design contempor\u00e2neo de casas de banho.<\/p>\n<table style=\"border-collapse: collapse; width: 311.02pt;\" border=\"0\" width=\"311\" cellspacing=\"0\" cellpadding=\"0\">\n<tbody>\n<tr style=\"height: 17.60pt;\">\n<td class=\"et3\" style=\"height: 17.60pt; width: 108.35pt;\" width=\"108\" height=\"17\">Fabricante<\/td>\n<td class=\"et3\" style=\"width: 202.95pt;\" width=\"202\">HanYu<\/td>\n<\/tr>\n<tr style=\"height: 17.60pt;\">\n<td class=\"et3\" style=\"height: 17.60pt;\" height=\"17\">Modelo n.<\/td>\n<td class=\"et4\">HY-8007MB<\/td>\n<\/tr>\n<tr style=\"height: 17.60pt;\">\n<td class=\"et3\" style=\"height: 17.60pt;\" height=\"17\">Tipo<\/td>\n<td class=\"et3\">Lavat\u00f3rio mate, Lavat\u00f3rio de bancada<\/td>\n<\/tr>\n<tr style=\"height: 17.60pt;\">\n<td class=\"et3\" style=\"height: 17.60pt;\" height=\"17\">Forma<\/td>\n<td class=\"et3\">Forma redonda<\/td>\n<\/tr>\n<tr style=\"height: 36.00pt;\">\n<td class=\"et4\" style=\"height: 36.00pt;\" height=\"36\">Cor<\/td>\n<td class=\"et5\" style=\"width: 202.95pt;\" width=\"202\">Preto\/branco\/azul\/cinza\/rosa\/verde\/castanho\/caqui......<\/td>\n<\/tr>\n<tr style=\"height: 18.00pt;\">\n<td class=\"et3\" style=\"height: 18.00pt;\" height=\"18\">Dimens\u00e3o<\/td>\n<td class=\"et5\" style=\"width: 202.95pt;\" width=\"202\">32.5*32.5*14<\/td>\n<\/tr>\n<tr style=\"height: 17.60pt;\">\n<td class=\"et3\" style=\"height: 17.60pt;\" height=\"17\">N.W \/SET<\/td>\n<td class=\"et3\">7KGS\/PCS<\/td>\n<\/tr>\n<tr style=\"height: 17.60pt;\">\n<td class=\"et3\" style=\"height: 17.60pt;\" height=\"17\">MOQ<\/td>\n<td class=\"et3\">20 unidades<\/td>\n<\/tr>\n<tr style=\"height: 17.60pt;\">\n<td class=\"et3\" style=\"height: 17.60pt;\" height=\"17\">Op\u00e7\u00e3o personalizada<\/td>\n<td class=\"et3\">Cor\/Patente\/Tamanho\/Logotipo\/Embalagem<\/td>\n<\/tr>\n<\/tbody>\n<\/table>","protected":false},"featured_media":7108,"comment_status":"closed","ping_status":"closed","template":"","meta":{"_acf_changed":false},"product_brand":[],"product_cat":[50,55],"product_tag":[],"class_list":{"0":"post-7068","1":"product","2":"type-product","3":"status-publish","4":"has-post-thumbnail","6":"product_cat-wholesale-countertop-sinks","7":"product_cat-wholesale-matte-sinks","9":"first","10":"instock","11":"shipping-taxable","12":"product-type-simple"},"acf":[],"_links":{"self":[{"href":"https:\/\/www.ceramicbasin.com\/pt\/wp-json\/wp\/v2\/product\/7068","targetHints":{"allow":["GET"]}}],"collection":[{"href":"https:\/\/www.ceramicbasin.com\/pt\/wp-json\/wp\/v2\/product"}],"about":[{"href":"https:\/\/www.ceramicbasin.com\/pt\/wp-json\/wp\/v2\/types\/product"}],"replies":[{"embeddable":true,"href":"https:\/\/www.ceramicbasin.com\/pt\/wp-json\/wp\/v2\/comments?post=7068"}],"wp:featuredmedia":[{"embeddable":true,"href":"https:\/\/www.ceramicbasin.com\/pt\/wp-json\/wp\/v2\/media\/7108"}],"wp:attachment":[{"href":"https:\/\/www.ceramicbasin.com\/pt\/wp-json\/wp\/v2\/media?parent=7068"}],"wp:term":[{"taxonomy":"product_brand","embeddable":true,"href":"https:\/\/www.ceramicbasin.com\/pt\/wp-json\/wp\/v2\/product_brand?post=7068"},{"taxonomy":"product_cat","embeddable":true,"href":"https:\/\/www.ceramicbasin.com\/pt\/wp-json\/wp\/v2\/product_cat?post=7068"},{"taxonomy":"product_tag","embeddable":true,"href":"https:\/\/www.ceramicbasin.com\/pt\/wp-json\/wp\/v2\/product_tag?post=7068"}],"curies":[{"name":"wp","href":"https:\/\/api.w.org\/{rel}","templated":true}]}}