{"id":7075,"date":"2025-06-25T08:59:20","date_gmt":"2025-06-25T08:59:20","guid":{"rendered":"https:\/\/www.ceramicbasin.com\/?post_type=product&#038;p=7075"},"modified":"2025-06-27T16:06:21","modified_gmt":"2025-06-27T16:06:21","slug":"matte-black-bathroom-sink-wholesale","status":"publish","type":"product","link":"https:\/\/www.ceramicbasin.com\/pt\/produto\/matte-black-bathroom-sink-wholesale\/","title":{"rendered":"Mais vendido pia de banheiro preto fosco por atacado, pia de bancada personalizada"},"content":{"rendered":"<div class=\"wp-block-columns is-layout-flex wp-container-core-columns-is-layout-9d6595d7 wp-block-columns-is-layout-flex\">\n<div class=\"wp-block-column is-layout-flow wp-block-column-is-layout-flow\">\n<h2 class=\"wp-block-heading\">Lavat\u00f3rio de casa de banho preto mate Premium Carater\u00edsticas por atacado:<\/h2>\n\n\n\n<ul class=\"wp-block-list\">\n<li><strong>Design minimalista em preto mate: <\/strong>Com um acabamento preto mate polido e refinado, este lavat\u00f3rio de casa de banho preto mate por atacado define o estilo minimalista moderno, real\u00e7ando uma apar\u00eancia de elite que \u00e9 compat\u00edvel com o acabamento geral da casa de banho. \u00c9 aplic\u00e1vel em edif\u00edcios residenciais de baixa densidade, boutiques de luxo, hot\u00e9is, lojas comerciais, etc.<\/li>\n\n\n\n<li><strong>Um best-seller:<\/strong> Este lavat\u00f3rio de casa de banho preto mate por atacado continua a ser um dos mais vendidos em economias como a Europa, as Am\u00e9ricas e o M\u00e9dio Oriente. O seu design cl\u00e1ssico e o seu stock regular fazem dele a primeira escolha para compras a granel.<\/li>\n\n\n\n<li><strong>Resistente a riscos e impress\u00f5es digitais:<\/strong> O nosso lava-loi\u00e7a de bancada feito \u00e0 medida tem um processo de esmaltagem mate \u00fanico, que d\u00e1 uma textura suave, mas n\u00e3o brilhante. A superf\u00edcie \u00e9 menos suscet\u00edvel de deixar riscos e impress\u00f5es digitais, mantendo um aspeto de alta qualidade mesmo ap\u00f3s uma utiliza\u00e7\u00e3o intensa.<\/li>\n\n\n\n<li><strong>Personaliza\u00e7\u00e3o em massa de tamanhos e log\u00f3tipos de marcas:<\/strong> O nosso lava-loi\u00e7a de bancada personalizado pode alcan\u00e7ar a personaliza\u00e7\u00e3o em massa de v\u00e1rios tamanhos, formas e impress\u00e3o de log\u00f3tipo, satisfazendo as diferentes necessidades dos fabricantes de marcas, constru\u00e7\u00e3o civil e distribuidores.<\/li>\n<\/ul>\n<\/div>\n\n\n\n<div class=\"wp-block-column is-layout-flow wp-block-column-is-layout-flow\">\n<figure class=\"wp-block-image size-full\"><img fetchpriority=\"high\" decoding=\"async\" width=\"800\" height=\"800\" src=\"https:\/\/www.ceramicbasin.com\/wp-content\/uploads\/2025\/06\/best-seller-matte-black-bathroom-sink-wholesale-custom-countertop-sink-2.webp\" alt=\"best-seller-matte-black-bathroom-sink-wholesale-custom-countertop-sink-2\" class=\"wp-image-7102\" srcset=\"https:\/\/www.ceramicbasin.com\/wp-content\/uploads\/2025\/06\/best-seller-matte-black-bathroom-sink-wholesale-custom-countertop-sink-2.webp 800w, https:\/\/www.ceramicbasin.com\/wp-content\/uploads\/2025\/06\/best-seller-matte-black-bathroom-sink-wholesale-custom-countertop-sink-2-300x300.webp 300w, https:\/\/www.ceramicbasin.com\/wp-content\/uploads\/2025\/06\/best-seller-matte-black-bathroom-sink-wholesale-custom-countertop-sink-2-150x150.webp 150w, https:\/\/www.ceramicbasin.com\/wp-content\/uploads\/2025\/06\/best-seller-matte-black-bathroom-sink-wholesale-custom-countertop-sink-2-768x768.webp 768w, https:\/\/www.ceramicbasin.com\/wp-content\/uploads\/2025\/06\/best-seller-matte-black-bathroom-sink-wholesale-custom-countertop-sink-2-12x12.webp 12w, https:\/\/www.ceramicbasin.com\/wp-content\/uploads\/2025\/06\/best-seller-matte-black-bathroom-sink-wholesale-custom-countertop-sink-2-285x285.webp 285w, https:\/\/www.ceramicbasin.com\/wp-content\/uploads\/2025\/06\/best-seller-matte-black-bathroom-sink-wholesale-custom-countertop-sink-2-270x270.webp 270w, https:\/\/www.ceramicbasin.com\/wp-content\/uploads\/2025\/06\/best-seller-matte-black-bathroom-sink-wholesale-custom-countertop-sink-2-540x540.webp 540w, https:\/\/www.ceramicbasin.com\/wp-content\/uploads\/2025\/06\/best-seller-matte-black-bathroom-sink-wholesale-custom-countertop-sink-2-660x660.webp 660w\" sizes=\"(max-width: 800px) 100vw, 800px\" \/><\/figure>\n<\/div>\n<\/div>","protected":false},"excerpt":{"rendered":"<p>Bem-vindo \u00e0 compra por grosso de lavat\u00f3rio de casa de banho preto mate. Este novo lavat\u00f3rio de bancada de casa de banho em preto mate combina a tecnologia de queima de cer\u00e2mica de alta temperatura com um design minimalista moderno, oferecendo uma combina\u00e7\u00e3o de textura e praticidade que fornece uma solu\u00e7\u00e3o de lavat\u00f3rio suave e funcional. Dispon\u00edvel para compra por atacado e personaliza\u00e7\u00e3o da marca, \u00e9 amplamente utilizado em hot\u00e9is, complexos residenciais e locais comerciais.<\/p>\n<table style=\"border-collapse: collapse; width: 311.02pt;\" border=\"0\" width=\"311\" cellspacing=\"0\" cellpadding=\"0\">\n<tbody>\n<tr style=\"height: 17.60pt;\">\n<td class=\"et3\" style=\"height: 17.60pt; width: 108.35pt;\" width=\"108\" height=\"17\">Fabricante<\/td>\n<td class=\"et3\" style=\"width: 202.95pt;\" width=\"202\">HanYu<\/td>\n<\/tr>\n<tr style=\"height: 17.60pt;\">\n<td class=\"et3\" style=\"height: 17.60pt;\" height=\"17\">Modelo n.<\/td>\n<td class=\"et4\">HY-8008MB<\/td>\n<\/tr>\n<tr style=\"height: 17.60pt;\">\n<td class=\"et3\" style=\"height: 17.60pt;\" height=\"17\">Tipo<\/td>\n<td class=\"et3\">Lavat\u00f3rio mate, Lavat\u00f3rio de bancada<\/td>\n<\/tr>\n<tr style=\"height: 17.60pt;\">\n<td class=\"et3\" style=\"height: 17.60pt;\" height=\"17\">Forma<\/td>\n<td class=\"et3\">Forma redonda<\/td>\n<\/tr>\n<tr style=\"height: 36.00pt;\">\n<td class=\"et4\" style=\"height: 36.00pt;\" height=\"36\">Cor<\/td>\n<td class=\"et5\" style=\"width: 202.95pt;\" width=\"202\">Preto\/branco\/azul\/cinza\/rosa\/verde\/castanho\/caqui......<\/td>\n<\/tr>\n<tr style=\"height: 18.00pt;\">\n<td class=\"et3\" style=\"height: 18.00pt;\" height=\"18\">Dimens\u00e3o<\/td>\n<td class=\"et5\" style=\"width: 202.95pt;\" width=\"202\">38.5*38.5*10.5<\/td>\n<\/tr>\n<tr style=\"height: 17.60pt;\">\n<td class=\"et3\" style=\"height: 17.60pt;\" height=\"17\">N.W \/SET<\/td>\n<td class=\"et3\">10KGS\/PCS<\/td>\n<\/tr>\n<tr style=\"height: 17.60pt;\">\n<td class=\"et3\" style=\"height: 17.60pt;\" height=\"17\">MOQ<\/td>\n<td class=\"et3\">20 unidades<\/td>\n<\/tr>\n<tr style=\"height: 17.60pt;\">\n<td class=\"et3\" style=\"height: 17.60pt;\" height=\"17\">Op\u00e7\u00e3o personalizada<\/td>\n<td class=\"et3\">Cor\/Patente\/Tamanho\/Logotipo\/Embalagem<\/td>\n<\/tr>\n<\/tbody>\n<\/table>","protected":false},"featured_media":7101,"comment_status":"closed","ping_status":"closed","template":"","meta":{"_acf_changed":false},"product_brand":[],"product_cat":[50,55],"product_tag":[],"class_list":{"0":"post-7075","1":"product","2":"type-product","3":"status-publish","4":"has-post-thumbnail","6":"product_cat-wholesale-countertop-sinks","7":"product_cat-wholesale-matte-sinks","9":"first","10":"instock","11":"shipping-taxable","12":"product-type-simple"},"acf":[],"_links":{"self":[{"href":"https:\/\/www.ceramicbasin.com\/pt\/wp-json\/wp\/v2\/product\/7075","targetHints":{"allow":["GET"]}}],"collection":[{"href":"https:\/\/www.ceramicbasin.com\/pt\/wp-json\/wp\/v2\/product"}],"about":[{"href":"https:\/\/www.ceramicbasin.com\/pt\/wp-json\/wp\/v2\/types\/product"}],"replies":[{"embeddable":true,"href":"https:\/\/www.ceramicbasin.com\/pt\/wp-json\/wp\/v2\/comments?post=7075"}],"wp:featuredmedia":[{"embeddable":true,"href":"https:\/\/www.ceramicbasin.com\/pt\/wp-json\/wp\/v2\/media\/7101"}],"wp:attachment":[{"href":"https:\/\/www.ceramicbasin.com\/pt\/wp-json\/wp\/v2\/media?parent=7075"}],"wp:term":[{"taxonomy":"product_brand","embeddable":true,"href":"https:\/\/www.ceramicbasin.com\/pt\/wp-json\/wp\/v2\/product_brand?post=7075"},{"taxonomy":"product_cat","embeddable":true,"href":"https:\/\/www.ceramicbasin.com\/pt\/wp-json\/wp\/v2\/product_cat?post=7075"},{"taxonomy":"product_tag","embeddable":true,"href":"https:\/\/www.ceramicbasin.com\/pt\/wp-json\/wp\/v2\/product_tag?post=7075"}],"curies":[{"name":"wp","href":"https:\/\/api.w.org\/{rel}","templated":true}]}}