{"id":7148,"date":"2025-07-07T07:45:57","date_gmt":"2025-07-07T07:45:57","guid":{"rendered":"https:\/\/www.ceramicbasin.com\/?post_type=product&#038;p=7148"},"modified":"2025-11-05T03:21:55","modified_gmt":"2025-11-05T03:21:55","slug":"custom-white-ceramic-bathroom-sink","status":"publish","type":"product","link":"https:\/\/www.ceramicbasin.com\/pt\/produto\/custom-white-ceramic-bathroom-sink\/","title":{"rendered":"Lavat\u00f3rio de casa de banho em cer\u00e2mica branca personalizada, bacia quadrada por atacado"},"content":{"rendered":"<div class=\"wp-block-columns is-layout-flex wp-container-core-columns-is-layout-9d6595d7 wp-block-columns-is-layout-flex\">\n<div class=\"wp-block-column is-layout-flow wp-block-column-is-layout-flow\">\n<h2 class=\"wp-block-heading\">Carater\u00edsticas do lavat\u00f3rio de casa de banho em cer\u00e2mica branca personalizada Premium:<\/h2>\n\n\n\n<ul class=\"wp-block-list\">\n<li><strong>Design de moda:<\/strong> O nosso lavat\u00f3rio de casa de banho em cer\u00e2mica branca com design personalizado tem um aspeto elegante com linhas suaves, \u00e9 adequadamente concebido para v\u00e1rios estilos de casa de banho, e traz beleza e gra\u00e7a a toda a \u00e1rea.<\/li>\n\n\n\n<li><strong>Material cer\u00e2mico de primeira qualidade:<\/strong> Os nossos lava-loi\u00e7as de bancada a granel s\u00e3o feitos de vidro de primeira qualidade com elevada transpar\u00eancia e textura fina, que tem um excelente desempenho visual e um sentido de modernidade, proporcionando a estabilidade e a beleza do produto.<\/li>\n\n\n\n<li><strong>Instala\u00e7\u00e3o f\u00e1cil: <\/strong>Uma vez que os lavat\u00f3rios de casa de banho em cer\u00e2mica branca personalizada s\u00e3o especificamente concebidos para montagem acima do balc\u00e3o, s\u00e3o f\u00e1ceis de instalar e oferecem uma op\u00e7\u00e3o sem complica\u00e7\u00f5es para novas constru\u00e7\u00f5es, bem como para a renova\u00e7\u00e3o de casas de banho.<\/li>\n\n\n\n<li><strong>Compat\u00edvel com v\u00e1rias torneiras:<\/strong> A norma de abertura por atacado dos lava-loi\u00e7as de bancada quadrados \u00e9 adapt\u00e1vel a quase todos os tipos de estilos de torneiras de lavat\u00f3rio de bancada.<\/li>\n<\/ul>\n<\/div>\n\n\n\n<div class=\"wp-block-column is-layout-flow wp-block-column-is-layout-flow\">\n<figure class=\"wp-block-image size-full\"><img fetchpriority=\"high\" decoding=\"async\" width=\"884\" height=\"883\" src=\"https:\/\/www.ceramicbasin.com\/wp-content\/uploads\/2025\/07\/White-Color-Square-Ceramic-Art-Wash-Basin-Bathroom-Vanities-Counter-Top-Sink-2.webp\" alt=\"lavat\u00f3rio de casa de banho em cer\u00e2mica branca personalizada - lavat\u00f3rio de bancada quadrado - venda por grosso-2\" class=\"wp-image-7150\" srcset=\"https:\/\/www.ceramicbasin.com\/wp-content\/uploads\/2025\/07\/White-Color-Square-Ceramic-Art-Wash-Basin-Bathroom-Vanities-Counter-Top-Sink-2.webp 884w, https:\/\/www.ceramicbasin.com\/wp-content\/uploads\/2025\/07\/White-Color-Square-Ceramic-Art-Wash-Basin-Bathroom-Vanities-Counter-Top-Sink-2-300x300.webp 300w, https:\/\/www.ceramicbasin.com\/wp-content\/uploads\/2025\/07\/White-Color-Square-Ceramic-Art-Wash-Basin-Bathroom-Vanities-Counter-Top-Sink-2-150x150.webp 150w, https:\/\/www.ceramicbasin.com\/wp-content\/uploads\/2025\/07\/White-Color-Square-Ceramic-Art-Wash-Basin-Bathroom-Vanities-Counter-Top-Sink-2-768x767.webp 768w, https:\/\/www.ceramicbasin.com\/wp-content\/uploads\/2025\/07\/White-Color-Square-Ceramic-Art-Wash-Basin-Bathroom-Vanities-Counter-Top-Sink-2-12x12.webp 12w, https:\/\/www.ceramicbasin.com\/wp-content\/uploads\/2025\/07\/White-Color-Square-Ceramic-Art-Wash-Basin-Bathroom-Vanities-Counter-Top-Sink-2-285x285.webp 285w, https:\/\/www.ceramicbasin.com\/wp-content\/uploads\/2025\/07\/White-Color-Square-Ceramic-Art-Wash-Basin-Bathroom-Vanities-Counter-Top-Sink-2-270x270.webp 270w, https:\/\/www.ceramicbasin.com\/wp-content\/uploads\/2025\/07\/White-Color-Square-Ceramic-Art-Wash-Basin-Bathroom-Vanities-Counter-Top-Sink-2-540x540.webp 540w, https:\/\/www.ceramicbasin.com\/wp-content\/uploads\/2025\/07\/White-Color-Square-Ceramic-Art-Wash-Basin-Bathroom-Vanities-Counter-Top-Sink-2-660x660.webp 660w\" sizes=\"(max-width: 884px) 100vw, 884px\" \/><\/figure>\n<\/div>\n<\/div>\n\n\n\n<p><\/p>","protected":false},"excerpt":{"rendered":"<p>Bem-vindo ao comprar o nosso lavat\u00f3rio de casa de banho em cer\u00e2mica branca personalizada. Constru\u00eddo a partir de cer\u00e2mica de qualidade superior, com um aspeto minimalista e elegante, este lavat\u00f3rio de bancada \u00e9 dur\u00e1vel, f\u00e1cil de instalar e perfeito para casas de banho modernas. \u00c9 uma escolha ideal para a decora\u00e7\u00e3o de casas de banho. Oferecemos descontos por grosso neste design popular para satisfazer as necessidades de projectos comerciais ou grandes renova\u00e7\u00f5es residenciais.<\/p>\n<table style=\"border-collapse: collapse; width: 358.52pt;\" border=\"0\" width=\"478\" cellspacing=\"0\" cellpadding=\"0\">\n<tbody>\n<tr style=\"height: 17.25pt;\">\n<td class=\"et3\" style=\"height: 17.25pt; width: 125.00pt;\" width=\"166\" height=\"23\">Fabricante<\/td>\n<td class=\"et3\" style=\"width: 234.15pt;\" width=\"312\">HanYu<\/td>\n<\/tr>\n<tr style=\"height: 17.25pt;\">\n<td class=\"et3\" style=\"height: 17.25pt;\" height=\"23\">Modelo n.<\/td>\n<td class=\"et4\">HY-403<\/td>\n<\/tr>\n<tr style=\"height: 17.25pt;\">\n<td class=\"et3\" style=\"height: 17.25pt;\" height=\"23\">Tipo<\/td>\n<td class=\"et5\" style=\"width: 234.15pt;\" width=\"312\">Lava-lou\u00e7as de bancada<\/td>\n<\/tr>\n<tr style=\"height: 18.00pt;\">\n<td class=\"et3\" style=\"height: 18.00pt;\" height=\"24\">Forma<\/td>\n<td class=\"et3\">Forma quadrada<\/td>\n<\/tr>\n<tr style=\"height: 34.50pt;\">\n<td class=\"et4\" style=\"height: 34.50pt;\" height=\"46\">Cor<\/td>\n<td class=\"et5\" style=\"width: 234.15pt;\" width=\"312\">preto\/branco\/azul\/cinzento\/rosa\/verde\/castanho\/caqui<\/td>\n<\/tr>\n<tr style=\"height: 18.00pt;\">\n<td class=\"et3\" style=\"height: 18.00pt;\" height=\"24\">Dimens\u00e3o<\/td>\n<td class=\"et5\" style=\"width: 234.15pt;\" width=\"312\">\n<p>46*46*15.5<\/p>\n<\/td>\n<\/tr>\n<tr style=\"height: 17.25pt;\">\n<td class=\"et3\" style=\"height: 17.25pt;\" height=\"23\">N.W \/SET<\/td>\n<td class=\"et3\">14.5KGS\/PCS<\/td>\n<\/tr>\n<tr style=\"height: 17.25pt;\">\n<td class=\"et3\" style=\"height: 17.25pt;\" height=\"23\">MOQ<\/td>\n<td class=\"et3\">20 unidades<\/td>\n<\/tr>\n<tr style=\"height: 17.25pt;\">\n<td class=\"et3\" style=\"height: 17.25pt;\" height=\"23\">Op\u00e7\u00e3o personalizada<\/td>\n<td class=\"et3\">Cor\/Patente\/Tamanho\/Logotipo\/Embalagem<\/td>\n<\/tr>\n<\/tbody>\n<\/table>","protected":false},"featured_media":7155,"comment_status":"closed","ping_status":"closed","template":"","meta":{"_acf_changed":false},"product_brand":[],"product_cat":[50],"product_tag":[],"class_list":{"0":"post-7148","1":"product","2":"type-product","3":"status-publish","4":"has-post-thumbnail","6":"product_cat-wholesale-countertop-sinks","8":"first","9":"instock","10":"shipping-taxable","11":"product-type-simple"},"acf":[],"_links":{"self":[{"href":"https:\/\/www.ceramicbasin.com\/pt\/wp-json\/wp\/v2\/product\/7148","targetHints":{"allow":["GET"]}}],"collection":[{"href":"https:\/\/www.ceramicbasin.com\/pt\/wp-json\/wp\/v2\/product"}],"about":[{"href":"https:\/\/www.ceramicbasin.com\/pt\/wp-json\/wp\/v2\/types\/product"}],"replies":[{"embeddable":true,"href":"https:\/\/www.ceramicbasin.com\/pt\/wp-json\/wp\/v2\/comments?post=7148"}],"wp:featuredmedia":[{"embeddable":true,"href":"https:\/\/www.ceramicbasin.com\/pt\/wp-json\/wp\/v2\/media\/7155"}],"wp:attachment":[{"href":"https:\/\/www.ceramicbasin.com\/pt\/wp-json\/wp\/v2\/media?parent=7148"}],"wp:term":[{"taxonomy":"product_brand","embeddable":true,"href":"https:\/\/www.ceramicbasin.com\/pt\/wp-json\/wp\/v2\/product_brand?post=7148"},{"taxonomy":"product_cat","embeddable":true,"href":"https:\/\/www.ceramicbasin.com\/pt\/wp-json\/wp\/v2\/product_cat?post=7148"},{"taxonomy":"product_tag","embeddable":true,"href":"https:\/\/www.ceramicbasin.com\/pt\/wp-json\/wp\/v2\/product_tag?post=7148"}],"curies":[{"name":"wp","href":"https:\/\/api.w.org\/{rel}","templated":true}]}}