{"id":7159,"date":"2025-07-07T07:23:18","date_gmt":"2025-07-07T07:23:18","guid":{"rendered":"https:\/\/www.ceramicbasin.com\/?post_type=product&#038;p=7159"},"modified":"2025-07-07T07:23:21","modified_gmt":"2025-07-07T07:23:21","slug":"custom-square-ceramic-bathroom-sink","status":"publish","type":"product","link":"https:\/\/www.ceramicbasin.com\/pt\/produto\/custom-square-ceramic-bathroom-sink\/","title":{"rendered":"Lavat\u00f3rio quadrado personalizado de cer\u00e2mica para casa de banho, lavat\u00f3rio de bancada para lavagem das m\u00e3os por atacado"},"content":{"rendered":"<div class=\"wp-block-columns is-layout-flex wp-container-core-columns-is-layout-9d6595d7 wp-block-columns-is-layout-flex\">\n<div class=\"wp-block-column is-layout-flow wp-block-column-is-layout-flow\">\n<h2 class=\"wp-block-heading\">Carater\u00edsticas do lavat\u00f3rio quadrado personalizado de cer\u00e2mica para casa de banho:<\/h2>\n\n\n\n<ul class=\"wp-block-list\">\n<li><strong>Tratamento de esmalte f\u00e1cil de limpar:<\/strong>\u00a0A superf\u00edcie do lavat\u00f3rio de casa de banho em cer\u00e2mica quadrada personalizada destes modelos personalizados de lavat\u00f3rio de casa de banho adopta uma tecnologia especial de esmalte f\u00e1cil de limpar, que \u00e9 suave e delicada, tornando as manchas menos suscept\u00edveis de aderir e f\u00e1ceis de limpar.<\/li>\n\n\n\n<li><strong>Vendas a quente:<\/strong> Estes modelos de lavat\u00f3rio de casa de banho em cer\u00e2mica quadrada personalizada atraem muita aten\u00e7\u00e3o no mercado. Duram muito tempo, n\u00e3o desbotam, s\u00e3o f\u00e1ceis de limpar e t\u00eam uma \u00f3ptima rela\u00e7\u00e3o qualidade\/pre\u00e7o.<\/li>\n\n\n\n<li><strong>Forma quadrada:<\/strong> O aspeto quadrado, elegante e simples do lavat\u00f3rio por atacado melhora a \u00e1rea de lavagem da casa de banho e da sala de estar em geral e \u00e9 bem complementado pela maioria dos estilos de decora\u00e7\u00e3o, como o moderno, o minimalista e o n\u00f3rdico.<\/li>\n\n\n\n<li><strong>Adequado para muitos fins:<\/strong> A bacia de lavagem por atacado fornece tamanho, cor, logotipo e embalagem personalizados de acordo com as diferentes demandas de fam\u00edlias, hot\u00e9is, apartamentos, salas de lavagem comerciais, etc., o que \u00e9 mais adequado para pedidos por atacado e constru\u00e7\u00e3o de engenharia.<\/li>\n<\/ul>\n<\/div>\n\n\n\n<div class=\"wp-block-column is-layout-flow wp-block-column-is-layout-flow\">\n<figure class=\"wp-block-image size-full\"><img fetchpriority=\"high\" decoding=\"async\" width=\"1024\" height=\"1024\" src=\"https:\/\/www.ceramicbasin.com\/wp-content\/uploads\/2025\/07\/Porcelain-Home-Living-Room-Bathroom-Use-Hand-Wash-Basin-Square-Ceramic-Vessel-Countertop-Art-Basin-5.webp\" alt=\"lavat\u00f3rio de casa de banho em cer\u00e2mica quadrada personalizada - bancada - lavat\u00f3rio para lavar as m\u00e3os - venda por grosso-5\" class=\"wp-image-7164\" srcset=\"https:\/\/www.ceramicbasin.com\/wp-content\/uploads\/2025\/07\/Porcelain-Home-Living-Room-Bathroom-Use-Hand-Wash-Basin-Square-Ceramic-Vessel-Countertop-Art-Basin-5.webp 1024w, https:\/\/www.ceramicbasin.com\/wp-content\/uploads\/2025\/07\/Porcelain-Home-Living-Room-Bathroom-Use-Hand-Wash-Basin-Square-Ceramic-Vessel-Countertop-Art-Basin-5-300x300.webp 300w, https:\/\/www.ceramicbasin.com\/wp-content\/uploads\/2025\/07\/Porcelain-Home-Living-Room-Bathroom-Use-Hand-Wash-Basin-Square-Ceramic-Vessel-Countertop-Art-Basin-5-150x150.webp 150w, https:\/\/www.ceramicbasin.com\/wp-content\/uploads\/2025\/07\/Porcelain-Home-Living-Room-Bathroom-Use-Hand-Wash-Basin-Square-Ceramic-Vessel-Countertop-Art-Basin-5-768x768.webp 768w, https:\/\/www.ceramicbasin.com\/wp-content\/uploads\/2025\/07\/Porcelain-Home-Living-Room-Bathroom-Use-Hand-Wash-Basin-Square-Ceramic-Vessel-Countertop-Art-Basin-5-12x12.webp 12w, https:\/\/www.ceramicbasin.com\/wp-content\/uploads\/2025\/07\/Porcelain-Home-Living-Room-Bathroom-Use-Hand-Wash-Basin-Square-Ceramic-Vessel-Countertop-Art-Basin-5-285x285.webp 285w, https:\/\/www.ceramicbasin.com\/wp-content\/uploads\/2025\/07\/Porcelain-Home-Living-Room-Bathroom-Use-Hand-Wash-Basin-Square-Ceramic-Vessel-Countertop-Art-Basin-5-270x270.webp 270w, https:\/\/www.ceramicbasin.com\/wp-content\/uploads\/2025\/07\/Porcelain-Home-Living-Room-Bathroom-Use-Hand-Wash-Basin-Square-Ceramic-Vessel-Countertop-Art-Basin-5-540x540.webp 540w, https:\/\/www.ceramicbasin.com\/wp-content\/uploads\/2025\/07\/Porcelain-Home-Living-Room-Bathroom-Use-Hand-Wash-Basin-Square-Ceramic-Vessel-Countertop-Art-Basin-5-660x660.webp 660w\" sizes=\"(max-width: 1024px) 100vw, 1024px\" \/><\/figure>\n<\/div>\n<\/div>\n\n\n\n<p><\/p>","protected":false},"excerpt":{"rendered":"<p>Este lavat\u00f3rio quadrado personalizado de cer\u00e2mica para casa de banho \u00e9 uma mistura de estilo minimalista inovador e artesanato em cer\u00e2mica de alta temperatura, resist\u00eancia e limpeza f\u00e1cil. \u00c9 adequado para uma variedade de espa\u00e7os, como casas de banho e \u00e1reas de lavagem de salas de estar, e suporta personaliza\u00e7\u00e3o. \u00c9 um produto de lavat\u00f3rio de cer\u00e2mica por atacado ideal para decora\u00e7\u00e3o de casa e projetos de engenharia. Estamos ansiosos por estabelecer uma parceria com a sua marca.<\/p>\n<table style=\"border-collapse: collapse; width: 358.52pt;\" border=\"0\" width=\"478\" cellspacing=\"0\" cellpadding=\"0\">\n<tbody>\n<tr style=\"height: 17.25pt;\">\n<td class=\"et3\" style=\"height: 17.25pt; width: 125.00pt;\" width=\"166\" height=\"23\">Fabricante<\/td>\n<td class=\"et3\" style=\"width: 234.15pt;\" width=\"312\">HanYu<\/td>\n<\/tr>\n<tr style=\"height: 17.25pt;\">\n<td class=\"et3\" style=\"height: 17.25pt;\" height=\"23\">Modelo n.<\/td>\n<td class=\"et4\">HY-8134<\/td>\n<\/tr>\n<tr style=\"height: 17.25pt;\">\n<td class=\"et3\" style=\"height: 17.25pt;\" height=\"23\">Tipo<\/td>\n<td class=\"et5\" style=\"width: 234.15pt;\" width=\"312\">Lava-lou\u00e7as de bancada<\/td>\n<\/tr>\n<tr style=\"height: 18.00pt;\">\n<td class=\"et3\" style=\"height: 18.00pt;\" height=\"24\">Forma<\/td>\n<td class=\"et3\">Forma retangular<\/td>\n<\/tr>\n<tr style=\"height: 34.50pt;\">\n<td class=\"et4\" style=\"height: 34.50pt;\" height=\"46\">Cor<\/td>\n<td class=\"et5\" style=\"width: 234.15pt;\" width=\"312\">preto\/branco\/azul\/cinzento\/rosa\/verde\/castanho\/caqui<\/td>\n<\/tr>\n<tr style=\"height: 18.00pt;\">\n<td class=\"et3\" style=\"height: 18.00pt;\" height=\"24\">Dimens\u00e3o<\/td>\n<td class=\"et5\" style=\"width: 234.15pt;\" width=\"312\">41*36*13<\/td>\n<\/tr>\n<tr style=\"height: 17.25pt;\">\n<td class=\"et3\" style=\"height: 17.25pt;\" height=\"23\">N.W \/SET<\/td>\n<td class=\"et3\">9KGS\/PCS<\/td>\n<\/tr>\n<tr style=\"height: 17.25pt;\">\n<td class=\"et3\" style=\"height: 17.25pt;\" height=\"23\">MOQ<\/td>\n<td class=\"et3\">20 unidades<\/td>\n<\/tr>\n<tr style=\"height: 17.25pt;\">\n<td class=\"et3\" style=\"height: 17.25pt;\" height=\"23\">Op\u00e7\u00e3o personalizada<\/td>\n<td class=\"et3\">Cor\/Patente\/Tamanho\/Logotipo\/Embalagem<\/td>\n<\/tr>\n<\/tbody>\n<\/table>","protected":false},"featured_media":7162,"comment_status":"closed","ping_status":"closed","template":"","meta":{"_acf_changed":false},"product_brand":[],"product_cat":[50],"product_tag":[],"class_list":{"0":"post-7159","1":"product","2":"type-product","3":"status-publish","4":"has-post-thumbnail","6":"product_cat-wholesale-countertop-sinks","8":"first","9":"instock","10":"shipping-taxable","11":"product-type-simple"},"acf":[],"_links":{"self":[{"href":"https:\/\/www.ceramicbasin.com\/pt\/wp-json\/wp\/v2\/product\/7159","targetHints":{"allow":["GET"]}}],"collection":[{"href":"https:\/\/www.ceramicbasin.com\/pt\/wp-json\/wp\/v2\/product"}],"about":[{"href":"https:\/\/www.ceramicbasin.com\/pt\/wp-json\/wp\/v2\/types\/product"}],"replies":[{"embeddable":true,"href":"https:\/\/www.ceramicbasin.com\/pt\/wp-json\/wp\/v2\/comments?post=7159"}],"wp:featuredmedia":[{"embeddable":true,"href":"https:\/\/www.ceramicbasin.com\/pt\/wp-json\/wp\/v2\/media\/7162"}],"wp:attachment":[{"href":"https:\/\/www.ceramicbasin.com\/pt\/wp-json\/wp\/v2\/media?parent=7159"}],"wp:term":[{"taxonomy":"product_brand","embeddable":true,"href":"https:\/\/www.ceramicbasin.com\/pt\/wp-json\/wp\/v2\/product_brand?post=7159"},{"taxonomy":"product_cat","embeddable":true,"href":"https:\/\/www.ceramicbasin.com\/pt\/wp-json\/wp\/v2\/product_cat?post=7159"},{"taxonomy":"product_tag","embeddable":true,"href":"https:\/\/www.ceramicbasin.com\/pt\/wp-json\/wp\/v2\/product_tag?post=7159"}],"curies":[{"name":"wp","href":"https:\/\/api.w.org\/{rel}","templated":true}]}}