{"id":7165,"date":"2025-07-07T10:45:14","date_gmt":"2025-07-07T10:45:14","guid":{"rendered":"https:\/\/www.ceramicbasin.com\/?post_type=product&#038;p=7165"},"modified":"2025-11-03T07:38:11","modified_gmt":"2025-11-03T07:38:11","slug":"wall-hung-bathroom-sink-wholesale-2","status":"publish","type":"product","link":"https:\/\/www.ceramicbasin.com\/pt\/produto\/wall-hung-bathroom-sink-wholesale-2\/","title":{"rendered":"Design de lavat\u00f3rio de casa de banho suspenso com prateleira para toalhas"},"content":{"rendered":"<div class=\"wp-block-columns is-layout-flex wp-container-core-columns-is-layout-9d6595d7 wp-block-columns-is-layout-flex\">\n<div class=\"wp-block-column is-layout-flow wp-block-column-is-layout-flow\">\n<h2 class=\"wp-block-heading\">Lavat\u00f3rio de casa de banho suspenso de qualidade superior Carater\u00edsticas por atacado:<\/h2>\n\n\n\n<ul class=\"wp-block-list\">\n<li><strong>Conce\u00e7\u00e3o art\u00edstica:<\/strong> O lavat\u00f3rio de casa de banho personalizado combina luxo e beleza art\u00edstica. O estilo retangular est\u00e1 na moda e \u00e9 requintado, possuindo uma forma \u00fanica e detalhes meticulosos, o que d\u00e1 uma sensa\u00e7\u00e3o de ornamenta\u00e7\u00e3o art\u00edstica contempor\u00e2nea ao espa\u00e7o da casa de banho.<\/li>\n\n\n\n<li><strong>Tipo de montagem na parede:<\/strong> O nosso lavat\u00f3rio de casa de banho suspenso por atacado \u00e9 um estilo de instala\u00e7\u00e3o montado na parede, n\u00e3o ocupando espa\u00e7o no ch\u00e3o, e adequado para casas de banho pequenas e m\u00e9dias, hot\u00e9is e salas de neg\u00f3cios.<\/li>\n\n\n\n<li><strong>Toalheiro funcional:<\/strong> O nosso lavat\u00f3rio de casa de banho suspenso na parede integra as fun\u00e7\u00f5es de lavagem das m\u00e3os e de armazenamento em perfeita harmonia, melhorando a funcionalidade e a higiene da casa de banho.<\/li>\n\n\n\n<li><strong>Excelente cer\u00e2mica:<\/strong> O lavat\u00f3rio de casa de banho de produ\u00e7\u00e3o personalizada \u00e9 produzido por cozedura de cer\u00e2mica a alta temperatura, a superf\u00edcie \u00e9 densa e lisa, anti-manchas, f\u00e1cil de manter e com uma longa vida \u00fatil.<\/li>\n<\/ul>\n<\/div>\n\n\n\n<div class=\"wp-block-column is-layout-flow wp-block-column-is-layout-flow\">\n<figure class=\"wp-block-image size-full\"><img fetchpriority=\"high\" decoding=\"async\" width=\"1024\" height=\"1024\" src=\"https:\/\/www.ceramicbasin.com\/wp-content\/uploads\/2025\/07\/China-Factory-Small-Wall-Hung-Rectangular-Basin-With-Towel-Shelf-Luxury-Artistic-Ceramic-Custom-Bathroom-Sink-5.webp\" alt=\"lavat\u00f3rio de casa de banho suspenso - venda por grosso com prateleira para toalhas - lavat\u00f3rio de casa de banho personalizado em cer\u00e2mica - 5\" class=\"wp-image-7170\" srcset=\"https:\/\/www.ceramicbasin.com\/wp-content\/uploads\/2025\/07\/China-Factory-Small-Wall-Hung-Rectangular-Basin-With-Towel-Shelf-Luxury-Artistic-Ceramic-Custom-Bathroom-Sink-5.webp 1024w, https:\/\/www.ceramicbasin.com\/wp-content\/uploads\/2025\/07\/China-Factory-Small-Wall-Hung-Rectangular-Basin-With-Towel-Shelf-Luxury-Artistic-Ceramic-Custom-Bathroom-Sink-5-300x300.webp 300w, https:\/\/www.ceramicbasin.com\/wp-content\/uploads\/2025\/07\/China-Factory-Small-Wall-Hung-Rectangular-Basin-With-Towel-Shelf-Luxury-Artistic-Ceramic-Custom-Bathroom-Sink-5-150x150.webp 150w, https:\/\/www.ceramicbasin.com\/wp-content\/uploads\/2025\/07\/China-Factory-Small-Wall-Hung-Rectangular-Basin-With-Towel-Shelf-Luxury-Artistic-Ceramic-Custom-Bathroom-Sink-5-768x768.webp 768w, https:\/\/www.ceramicbasin.com\/wp-content\/uploads\/2025\/07\/China-Factory-Small-Wall-Hung-Rectangular-Basin-With-Towel-Shelf-Luxury-Artistic-Ceramic-Custom-Bathroom-Sink-5-12x12.webp 12w, https:\/\/www.ceramicbasin.com\/wp-content\/uploads\/2025\/07\/China-Factory-Small-Wall-Hung-Rectangular-Basin-With-Towel-Shelf-Luxury-Artistic-Ceramic-Custom-Bathroom-Sink-5-285x285.webp 285w, https:\/\/www.ceramicbasin.com\/wp-content\/uploads\/2025\/07\/China-Factory-Small-Wall-Hung-Rectangular-Basin-With-Towel-Shelf-Luxury-Artistic-Ceramic-Custom-Bathroom-Sink-5-270x270.webp 270w, https:\/\/www.ceramicbasin.com\/wp-content\/uploads\/2025\/07\/China-Factory-Small-Wall-Hung-Rectangular-Basin-With-Towel-Shelf-Luxury-Artistic-Ceramic-Custom-Bathroom-Sink-5-540x540.webp 540w, https:\/\/www.ceramicbasin.com\/wp-content\/uploads\/2025\/07\/China-Factory-Small-Wall-Hung-Rectangular-Basin-With-Towel-Shelf-Luxury-Artistic-Ceramic-Custom-Bathroom-Sink-5-660x660.webp 660w\" sizes=\"(max-width: 1024px) 100vw, 1024px\" \/><\/figure>\n<\/div>\n<\/div>","protected":false},"excerpt":{"rendered":"<p>Bem-vindo a contactar a Hanyu para adquirir a mistura perfeita de luxo e funcionalidade com o nosso lavat\u00f3rio de casa de banho suspenso por atacado. Com um design art\u00edstico e uma prateleira de toalhas integrada, este lavat\u00f3rio de casa de banho personalizado que poupa espa\u00e7o \u00e9 ideal para casas de banho modernas, hot\u00e9is e espa\u00e7os comerciais. Venda por grosso e personaliza\u00e7\u00e3o est\u00e3o dispon\u00edveis!<\/p>\n<table style=\"border-collapse: collapse; width: 358.52pt;\" border=\"0\" width=\"478\" cellspacing=\"0\" cellpadding=\"0\">\n<tbody>\n<tr style=\"height: 17.25pt;\">\n<td class=\"et3\" style=\"height: 17.25pt; width: 125.00pt;\" width=\"166\" height=\"23\">Fabricante<\/td>\n<td class=\"et3\" style=\"width: 234.15pt;\" width=\"312\">HanYu<\/td>\n<\/tr>\n<tr style=\"height: 17.25pt;\">\n<td class=\"et3\" style=\"height: 17.25pt;\" height=\"23\">Modelo n.<\/td>\n<td class=\"et4\">HY-8135-S2\/46<\/td>\n<\/tr>\n<tr style=\"height: 17.25pt;\">\n<td class=\"et3\" style=\"height: 17.25pt;\" height=\"23\">Tipo<\/td>\n<td class=\"et5\" style=\"width: 234.15pt;\" width=\"312\">Lava-loi\u00e7as de parede<\/td>\n<\/tr>\n<tr style=\"height: 18.00pt;\">\n<td class=\"et3\" style=\"height: 18.00pt;\" height=\"24\">Forma<\/td>\n<td class=\"et3\">Forma retangular<\/td>\n<\/tr>\n<tr style=\"height: 34.50pt;\">\n<td class=\"et4\" style=\"height: 34.50pt;\" height=\"46\">Cor<\/td>\n<td class=\"et5\" style=\"width: 234.15pt;\" width=\"312\">preto\/branco\/azul\/cinzento\/rosa\/verde\/castanho\/caqui<\/td>\n<\/tr>\n<tr style=\"height: 18.00pt;\">\n<td class=\"et3\" style=\"height: 18.00pt;\" height=\"24\">Dimens\u00e3o<\/td>\n<td class=\"et5\" style=\"width: 234.15pt;\" width=\"312\">51*36*22.5<\/td>\n<\/tr>\n<tr style=\"height: 17.25pt;\">\n<td class=\"et3\" style=\"height: 17.25pt;\" height=\"23\">N.W \/SET<\/td>\n<td class=\"et3\">14KGS\/PCS<\/td>\n<\/tr>\n<tr style=\"height: 17.25pt;\">\n<td class=\"et3\" style=\"height: 17.25pt;\" height=\"23\">MOQ<\/td>\n<td class=\"et3\">20 unidades<\/td>\n<\/tr>\n<tr style=\"height: 17.25pt;\">\n<td class=\"et3\" style=\"height: 17.25pt;\" height=\"23\">Op\u00e7\u00e3o personalizada<\/td>\n<td class=\"et3\">Cor\/Patente\/Tamanho\/Logotipo\/Embalagem<\/td>\n<\/tr>\n<\/tbody>\n<\/table>","protected":false},"featured_media":7166,"comment_status":"closed","ping_status":"closed","template":"","meta":{"_acf_changed":false},"product_brand":[],"product_cat":[57],"product_tag":[],"class_list":{"0":"post-7165","1":"product","2":"type-product","3":"status-publish","4":"has-post-thumbnail","6":"product_cat-wholesale-wall-mounted-sinks","8":"first","9":"instock","10":"shipping-taxable","11":"product-type-simple"},"acf":[],"_links":{"self":[{"href":"https:\/\/www.ceramicbasin.com\/pt\/wp-json\/wp\/v2\/product\/7165","targetHints":{"allow":["GET"]}}],"collection":[{"href":"https:\/\/www.ceramicbasin.com\/pt\/wp-json\/wp\/v2\/product"}],"about":[{"href":"https:\/\/www.ceramicbasin.com\/pt\/wp-json\/wp\/v2\/types\/product"}],"replies":[{"embeddable":true,"href":"https:\/\/www.ceramicbasin.com\/pt\/wp-json\/wp\/v2\/comments?post=7165"}],"wp:featuredmedia":[{"embeddable":true,"href":"https:\/\/www.ceramicbasin.com\/pt\/wp-json\/wp\/v2\/media\/7166"}],"wp:attachment":[{"href":"https:\/\/www.ceramicbasin.com\/pt\/wp-json\/wp\/v2\/media?parent=7165"}],"wp:term":[{"taxonomy":"product_brand","embeddable":true,"href":"https:\/\/www.ceramicbasin.com\/pt\/wp-json\/wp\/v2\/product_brand?post=7165"},{"taxonomy":"product_cat","embeddable":true,"href":"https:\/\/www.ceramicbasin.com\/pt\/wp-json\/wp\/v2\/product_cat?post=7165"},{"taxonomy":"product_tag","embeddable":true,"href":"https:\/\/www.ceramicbasin.com\/pt\/wp-json\/wp\/v2\/product_tag?post=7165"}],"curies":[{"name":"wp","href":"https:\/\/api.w.org\/{rel}","templated":true}]}}