{"id":7172,"date":"2025-07-07T08:41:00","date_gmt":"2025-07-07T08:41:00","guid":{"rendered":"https:\/\/www.ceramicbasin.com\/?post_type=product&#038;p=7172"},"modified":"2025-11-03T07:40:10","modified_gmt":"2025-11-03T07:40:10","slug":"small-wall-mounted-basin-wholesale","status":"publish","type":"product","link":"https:\/\/www.ceramicbasin.com\/pt\/produto\/small-wall-mounted-basin-wholesale\/","title":{"rendered":"Lavat\u00f3rio pequeno de parede com design de toalheiro"},"content":{"rendered":"<div class=\"wp-block-columns is-layout-flex wp-container-core-columns-is-layout-9d6595d7 wp-block-columns-is-layout-flex\">\n<div class=\"wp-block-column is-layout-flow wp-block-column-is-layout-flow\">\n<h2 class=\"wp-block-heading\">Bacia pequena de parede Premium Carater\u00edsticas por atacado:<\/h2>\n\n\n\n<ul class=\"wp-block-list\">\n<li><strong>Design especial do suporte para toalhas:<\/strong>\u00a0Este pequeno lavat\u00f3rio de parede tem um elegante suporte para toalhas e linhas suaves, dando um toque suave e moderno ao espa\u00e7o, poupando outros suportes e deixando a casa de banho mais seca.<\/li>\n\n\n\n<li><strong>Instala\u00e7\u00e3o na parede: <\/strong>O tipo de montagem na parede \u00e9 eficiente em termos de espa\u00e7o e f\u00e1cil de limpar. As bacias de cer\u00e2mica personalizadas s\u00e3o particularmente adequadas para casas de banho pequenas e modernas, trazendo arruma\u00e7\u00e3o e modernidade a toda a divis\u00e3o.<\/li>\n\n\n\n<li><strong>Tratamento de esmalte simples de limpar:<\/strong> O exterior deste pequeno lavat\u00f3rio de parede por atacado emprega um tratamento especial de esmalte simples de limpar, liso e macio, dif\u00edcil de aderir \u00e0s manchas e f\u00e1cil de limpar.<\/li>\n\n\n\n<li><strong>Compra a granel com desconto: <\/strong>Como uma f\u00e1brica e fornecedor profissional de bacias de cer\u00e2mica por atacado, oferecemos pre\u00e7os por atacado muito bons, que s\u00e3o adequados para grandes projectos de decora\u00e7\u00e3o, como hot\u00e9is, apartamentos, escrit\u00f3rios, etc.<\/li>\n<\/ul>\n<\/div>\n\n\n\n<div class=\"wp-block-column is-layout-flow wp-block-column-is-layout-flow\">\n<figure class=\"wp-block-image size-full\"><img fetchpriority=\"high\" decoding=\"async\" width=\"1024\" height=\"1024\" src=\"https:\/\/www.ceramicbasin.com\/wp-content\/uploads\/2025\/07\/White-Ceramic-Rectangular-Hand-Wash-Wall-Mounted-China-Design-Vessel-Bathroom-Hanging-Towel-Basin-5.webp\" alt=\"lavat\u00f3rio de parede pequeno-venda por grosso-retangular-pias personalizadas-com toalha de casa de banho suspensa-5\" class=\"wp-image-7177\" srcset=\"https:\/\/www.ceramicbasin.com\/wp-content\/uploads\/2025\/07\/White-Ceramic-Rectangular-Hand-Wash-Wall-Mounted-China-Design-Vessel-Bathroom-Hanging-Towel-Basin-5.webp 1024w, https:\/\/www.ceramicbasin.com\/wp-content\/uploads\/2025\/07\/White-Ceramic-Rectangular-Hand-Wash-Wall-Mounted-China-Design-Vessel-Bathroom-Hanging-Towel-Basin-5-300x300.webp 300w, https:\/\/www.ceramicbasin.com\/wp-content\/uploads\/2025\/07\/White-Ceramic-Rectangular-Hand-Wash-Wall-Mounted-China-Design-Vessel-Bathroom-Hanging-Towel-Basin-5-150x150.webp 150w, https:\/\/www.ceramicbasin.com\/wp-content\/uploads\/2025\/07\/White-Ceramic-Rectangular-Hand-Wash-Wall-Mounted-China-Design-Vessel-Bathroom-Hanging-Towel-Basin-5-768x768.webp 768w, https:\/\/www.ceramicbasin.com\/wp-content\/uploads\/2025\/07\/White-Ceramic-Rectangular-Hand-Wash-Wall-Mounted-China-Design-Vessel-Bathroom-Hanging-Towel-Basin-5-12x12.webp 12w, https:\/\/www.ceramicbasin.com\/wp-content\/uploads\/2025\/07\/White-Ceramic-Rectangular-Hand-Wash-Wall-Mounted-China-Design-Vessel-Bathroom-Hanging-Towel-Basin-5-285x285.webp 285w, https:\/\/www.ceramicbasin.com\/wp-content\/uploads\/2025\/07\/White-Ceramic-Rectangular-Hand-Wash-Wall-Mounted-China-Design-Vessel-Bathroom-Hanging-Towel-Basin-5-270x270.webp 270w, https:\/\/www.ceramicbasin.com\/wp-content\/uploads\/2025\/07\/White-Ceramic-Rectangular-Hand-Wash-Wall-Mounted-China-Design-Vessel-Bathroom-Hanging-Towel-Basin-5-540x540.webp 540w, https:\/\/www.ceramicbasin.com\/wp-content\/uploads\/2025\/07\/White-Ceramic-Rectangular-Hand-Wash-Wall-Mounted-China-Design-Vessel-Bathroom-Hanging-Towel-Basin-5-660x660.webp 660w\" sizes=\"(max-width: 1024px) 100vw, 1024px\" \/><\/figure>\n<\/div>\n<\/div>\n\n\n\n<p><\/p>","protected":false},"excerpt":{"rendered":"<p>N\u00e3o hesite em comprar o nosso pequeno lavat\u00f3rio de parede por grosso. Os lavat\u00f3rios de cer\u00e2mica suspensos na parede por atacado t\u00eam uma forma limpa e retangular e v\u00eam com um cabide para toalhas incorporado. Este lavat\u00f3rio de cer\u00e2mica personalizado \u00e9 adequado para divis\u00f5es pequenas. A venda por grosso e a personaliza\u00e7\u00e3o s\u00e3o bem-vindas!<\/p>\n<table style=\"border-collapse: collapse; width: 358.52pt;\" border=\"0\" width=\"478\" cellspacing=\"0\" cellpadding=\"0\">\n<tbody>\n<tr style=\"height: 17.25pt;\">\n<td class=\"et3\" style=\"height: 17.25pt; width: 125.00pt;\" width=\"166\" height=\"23\">Fabricante<\/td>\n<td class=\"et3\" style=\"width: 234.15pt;\" width=\"312\">HanYu<\/td>\n<\/tr>\n<tr style=\"height: 17.25pt;\">\n<td class=\"et3\" style=\"height: 17.25pt;\" height=\"23\">Modelo n.<\/td>\n<td class=\"et4\">HY-8136-S2\/55<\/td>\n<\/tr>\n<tr style=\"height: 17.25pt;\">\n<td class=\"et3\" style=\"height: 17.25pt;\" height=\"23\">Tipo<\/td>\n<td class=\"et5\" style=\"width: 234.15pt;\" width=\"312\">Lava-loi\u00e7as de parede<\/td>\n<\/tr>\n<tr style=\"height: 18.00pt;\">\n<td class=\"et3\" style=\"height: 18.00pt;\" height=\"24\">Forma<\/td>\n<td class=\"et3\">Forma retangular<\/td>\n<\/tr>\n<tr style=\"height: 34.50pt;\">\n<td class=\"et4\" style=\"height: 34.50pt;\" height=\"46\">Cor<\/td>\n<td class=\"et5\" style=\"width: 234.15pt;\" width=\"312\">preto\/branco\/azul\/cinzento\/rosa\/verde\/castanho\/caqui<\/td>\n<\/tr>\n<tr style=\"height: 18.00pt;\">\n<td class=\"et3\" style=\"height: 18.00pt;\" height=\"24\">Dimens\u00e3o<\/td>\n<td class=\"et5\" style=\"width: 234.15pt;\" width=\"312\">60.5*36*23.3<\/td>\n<\/tr>\n<tr style=\"height: 17.25pt;\">\n<td class=\"et3\" style=\"height: 17.25pt;\" height=\"23\">N.W \/SET<\/td>\n<td class=\"et3\">16KGS\/PCS<\/td>\n<\/tr>\n<tr style=\"height: 17.25pt;\">\n<td class=\"et3\" style=\"height: 17.25pt;\" height=\"23\">MOQ<\/td>\n<td class=\"et3\">20 unidades<\/td>\n<\/tr>\n<tr style=\"height: 17.25pt;\">\n<td class=\"et3\" style=\"height: 17.25pt;\" height=\"23\">Op\u00e7\u00e3o personalizada<\/td>\n<td class=\"et3\">Cor\/Patente\/Tamanho\/Logotipo\/Embalagem<\/td>\n<\/tr>\n<\/tbody>\n<\/table>","protected":false},"featured_media":7176,"comment_status":"closed","ping_status":"closed","template":"","meta":{"_acf_changed":false},"product_brand":[],"product_cat":[57],"product_tag":[],"class_list":{"0":"post-7172","1":"product","2":"type-product","3":"status-publish","4":"has-post-thumbnail","6":"product_cat-wholesale-wall-mounted-sinks","8":"first","9":"instock","10":"shipping-taxable","11":"product-type-simple"},"acf":[],"_links":{"self":[{"href":"https:\/\/www.ceramicbasin.com\/pt\/wp-json\/wp\/v2\/product\/7172","targetHints":{"allow":["GET"]}}],"collection":[{"href":"https:\/\/www.ceramicbasin.com\/pt\/wp-json\/wp\/v2\/product"}],"about":[{"href":"https:\/\/www.ceramicbasin.com\/pt\/wp-json\/wp\/v2\/types\/product"}],"replies":[{"embeddable":true,"href":"https:\/\/www.ceramicbasin.com\/pt\/wp-json\/wp\/v2\/comments?post=7172"}],"wp:featuredmedia":[{"embeddable":true,"href":"https:\/\/www.ceramicbasin.com\/pt\/wp-json\/wp\/v2\/media\/7176"}],"wp:attachment":[{"href":"https:\/\/www.ceramicbasin.com\/pt\/wp-json\/wp\/v2\/media?parent=7172"}],"wp:term":[{"taxonomy":"product_brand","embeddable":true,"href":"https:\/\/www.ceramicbasin.com\/pt\/wp-json\/wp\/v2\/product_brand?post=7172"},{"taxonomy":"product_cat","embeddable":true,"href":"https:\/\/www.ceramicbasin.com\/pt\/wp-json\/wp\/v2\/product_cat?post=7172"},{"taxonomy":"product_tag","embeddable":true,"href":"https:\/\/www.ceramicbasin.com\/pt\/wp-json\/wp\/v2\/product_tag?post=7172"}],"curies":[{"name":"wp","href":"https:\/\/api.w.org\/{rel}","templated":true}]}}