{"id":7187,"date":"2025-07-11T08:58:34","date_gmt":"2025-07-11T08:58:34","guid":{"rendered":"https:\/\/www.ceramicbasin.com\/?post_type=product&#038;p=7187"},"modified":"2025-11-03T07:36:00","modified_gmt":"2025-11-03T07:36:00","slug":"wholesale-round-sink-bowl-bathroom","status":"publish","type":"product","link":"https:\/\/www.ceramicbasin.com\/pt\/produto\/wholesale-round-sink-bowl-bathroom\/","title":{"rendered":"Lavat\u00f3rio redondo de f\u00e1brica Lavat\u00f3rio de casa de banho"},"content":{"rendered":"<div class=\"wp-block-columns is-layout-flex wp-container-core-columns-is-layout-9d6595d7 wp-block-columns-is-layout-flex\">\n<div class=\"wp-block-column is-layout-flow wp-block-column-is-layout-flow\">\n<h2 class=\"wp-block-heading\">Bacia de pia redonda por atacado Premium Carater\u00edsticas da casa de banho:<\/h2>\n\n\n\n<ul class=\"wp-block-list\">\n<li><strong>Arestas arredondadas: <\/strong>Os nossos lava-loi\u00e7as de bancada personalizados apresentam arestas arredondadas que n\u00e3o s\u00e3o apenas deslumbrantes, mas tamb\u00e9m seguras, evitando choques e contus\u00f5es e exalando aten\u00e7\u00e3o aos detalhes.<\/li>\n\n\n\n<li><strong>Design \u00fanico:<\/strong> O lavat\u00f3rio redondo para casa de banho por atacado apresenta um design art\u00edstico sem poros que \u00e9 distinto. Este lavat\u00f3rio tem um aspeto contempor\u00e2neo e elegante que complementa facilmente v\u00e1rios estilos de casa de banho.<\/li>\n\n\n\n<li><strong>Materiais de alta qualidade:<\/strong> O lavat\u00f3rio redondo para casa de banho \u00e9 constru\u00eddo a partir de materiais cer\u00e2micos de alta qualidade. Este lavat\u00f3rio \u00e9 dur\u00e1vel e duradouro, com uma superf\u00edcie lisa que \u00e9 f\u00e1cil de limpar e manter.<\/li>\n\n\n\n<li><strong>Variedade de aplica\u00e7\u00f5es:<\/strong> Os lavat\u00f3rios de cer\u00e2mica por atacado podem ser utilizados em diversos locais como resid\u00eancias, hot\u00e9is e escrit\u00f3rios, contribuindo para a beleza e qualidade do local.<\/li>\n<\/ul>\n<\/div>\n\n\n\n<div class=\"wp-block-column is-layout-flow wp-block-column-is-layout-flow\">\n<figure class=\"wp-block-image size-full\"><img fetchpriority=\"high\" decoding=\"async\" width=\"623\" height=\"819\" src=\"https:\/\/www.ceramicbasin.com\/wp-content\/uploads\/2025\/07\/Wholesale-round-sink-5.webp\" alt=\"lavat\u00f3rio redondo para casa de banho sem orif\u00edcio - arte do lavat\u00f3rio - venda por grosso - 5\" class=\"wp-image-7188\" srcset=\"https:\/\/www.ceramicbasin.com\/wp-content\/uploads\/2025\/07\/Wholesale-round-sink-5.webp 623w, https:\/\/www.ceramicbasin.com\/wp-content\/uploads\/2025\/07\/Wholesale-round-sink-5-228x300.webp 228w, https:\/\/www.ceramicbasin.com\/wp-content\/uploads\/2025\/07\/Wholesale-round-sink-5-9x12.webp 9w, https:\/\/www.ceramicbasin.com\/wp-content\/uploads\/2025\/07\/Wholesale-round-sink-5-285x375.webp 285w, https:\/\/www.ceramicbasin.com\/wp-content\/uploads\/2025\/07\/Wholesale-round-sink-5-502x660.webp 502w, https:\/\/www.ceramicbasin.com\/wp-content\/uploads\/2025\/07\/Wholesale-round-sink-5-114x150.webp 114w\" sizes=\"(max-width: 623px) 100vw, 623px\" \/><\/figure>\n<\/div>\n<\/div>\n\n\n\n<p><\/p>","protected":false},"excerpt":{"rendered":"<p>Bem-vindo a comprar o nosso lavat\u00f3rio redondo para casa de banho por atacado. O nosso lavat\u00f3rio redondo de cer\u00e2mica sem poros, especialmente concebido, combina design art\u00edstico moderno e fun\u00e7\u00e3o, criando um ambiente de casa de banho moderno e elegante. Feito de material cer\u00e2mico de alta qualidade, \u00e9 dur\u00e1vel e tamb\u00e9m f\u00e1cil de limpar, adequado para uso comercial e dom\u00e9stico.<\/p>\n<table style=\"border-collapse: collapse; width: 358.52pt;\" border=\"0\" width=\"478\" cellspacing=\"0\" cellpadding=\"0\">\n<tbody>\n<tr style=\"height: 17.25pt;\">\n<td class=\"et3\" style=\"height: 17.25pt; width: 125.00pt;\" width=\"166\" height=\"23\">Fabricante<\/td>\n<td class=\"et3\" style=\"width: 234.15pt;\" width=\"312\">HanYu<\/td>\n<\/tr>\n<tr style=\"height: 17.25pt;\">\n<td class=\"et3\" style=\"height: 17.25pt;\" height=\"23\">Modelo n.<\/td>\n<td class=\"et4\">HY-417<\/td>\n<\/tr>\n<tr style=\"height: 17.25pt;\">\n<td class=\"et3\" style=\"height: 17.25pt;\" height=\"23\">Tipo<\/td>\n<td class=\"et5\" style=\"width: 234.15pt;\" width=\"312\">Lava-lou\u00e7as de bancada<\/td>\n<\/tr>\n<tr style=\"height: 18.00pt;\">\n<td class=\"et3\" style=\"height: 18.00pt;\" height=\"24\">Forma<\/td>\n<td class=\"et3\">Forma redonda<\/td>\n<\/tr>\n<tr style=\"height: 34.50pt;\">\n<td class=\"et4\" style=\"height: 34.50pt;\" height=\"46\">Cor<\/td>\n<td class=\"et5\" style=\"width: 234.15pt;\" width=\"312\">preto\/branco\/azul\/cinzento\/rosa\/verde\/castanho\/caqui<\/td>\n<\/tr>\n<tr style=\"height: 18.00pt;\">\n<td class=\"et3\" style=\"height: 18.00pt;\" height=\"24\">Dimens\u00e3o<\/td>\n<td class=\"et5\" style=\"width: 234.15pt;\" width=\"312\">39*39*16.5<\/td>\n<\/tr>\n<tr style=\"height: 17.25pt;\">\n<td class=\"et3\" style=\"height: 17.25pt;\" height=\"23\">N.W \/SET<\/td>\n<td class=\"et3\">10KGS\/PCS<\/td>\n<\/tr>\n<tr style=\"height: 17.25pt;\">\n<td class=\"et3\" style=\"height: 17.25pt;\" height=\"23\">MOQ<\/td>\n<td class=\"et3\">20 unidades<\/td>\n<\/tr>\n<tr style=\"height: 17.25pt;\">\n<td class=\"et3\" style=\"height: 17.25pt;\" height=\"23\">Op\u00e7\u00e3o personalizada<\/td>\n<td class=\"et3\">Cor\/Patente\/Tamanho\/Logotipo\/Embalagem<\/td>\n<\/tr>\n<\/tbody>\n<\/table>","protected":false},"featured_media":7189,"comment_status":"closed","ping_status":"closed","template":"","meta":{"_acf_changed":false},"product_brand":[],"product_cat":[50],"product_tag":[],"class_list":{"0":"post-7187","1":"product","2":"type-product","3":"status-publish","4":"has-post-thumbnail","6":"product_cat-wholesale-countertop-sinks","8":"first","9":"instock","10":"shipping-taxable","11":"product-type-simple"},"acf":[],"_links":{"self":[{"href":"https:\/\/www.ceramicbasin.com\/pt\/wp-json\/wp\/v2\/product\/7187","targetHints":{"allow":["GET"]}}],"collection":[{"href":"https:\/\/www.ceramicbasin.com\/pt\/wp-json\/wp\/v2\/product"}],"about":[{"href":"https:\/\/www.ceramicbasin.com\/pt\/wp-json\/wp\/v2\/types\/product"}],"replies":[{"embeddable":true,"href":"https:\/\/www.ceramicbasin.com\/pt\/wp-json\/wp\/v2\/comments?post=7187"}],"wp:featuredmedia":[{"embeddable":true,"href":"https:\/\/www.ceramicbasin.com\/pt\/wp-json\/wp\/v2\/media\/7189"}],"wp:attachment":[{"href":"https:\/\/www.ceramicbasin.com\/pt\/wp-json\/wp\/v2\/media?parent=7187"}],"wp:term":[{"taxonomy":"product_brand","embeddable":true,"href":"https:\/\/www.ceramicbasin.com\/pt\/wp-json\/wp\/v2\/product_brand?post=7187"},{"taxonomy":"product_cat","embeddable":true,"href":"https:\/\/www.ceramicbasin.com\/pt\/wp-json\/wp\/v2\/product_cat?post=7187"},{"taxonomy":"product_tag","embeddable":true,"href":"https:\/\/www.ceramicbasin.com\/pt\/wp-json\/wp\/v2\/product_tag?post=7187"}],"curies":[{"name":"wp","href":"https:\/\/api.w.org\/{rel}","templated":true}]}}