{"id":7201,"date":"2025-07-11T09:41:37","date_gmt":"2025-07-11T09:41:37","guid":{"rendered":"https:\/\/www.ceramicbasin.com\/?post_type=product&#038;p=7201"},"modified":"2025-11-05T03:17:34","modified_gmt":"2025-11-05T03:17:34","slug":"customized-oval-countertop-sink","status":"publish","type":"product","link":"https:\/\/www.ceramicbasin.com\/pt\/produto\/customized-oval-countertop-sink\/","title":{"rendered":"Lavat\u00f3rio de bancada oval personalizado, Lavat\u00f3rio de cer\u00e2mica a granel por atacado"},"content":{"rendered":"<div class=\"wp-block-columns is-layout-flex wp-container-core-columns-is-layout-9d6595d7 wp-block-columns-is-layout-flex\">\n<div class=\"wp-block-column is-layout-flow wp-block-column-is-layout-flow\">\n<h2 class=\"wp-block-heading\">Carater\u00edsticas do lavat\u00f3rio de bancada oval personalizado Premium:<\/h2>\n\n\n\n<ul class=\"wp-block-list\">\n<li><strong>Material cer\u00e2mico de qualidade: <\/strong>O lava-loi\u00e7a de bancada oval personalizado utiliza tecnologia cer\u00e2mica avan\u00e7ada, tem uma superf\u00edcie lisa, durabilidade e limpeza, garantindo uma vida \u00fatil prolongada sem sofrer desgaste.<\/li>\n\n\n\n<li><strong>Desenho oval original:<\/strong> O lavat\u00f3rio de cer\u00e2mica por atacado apresenta um design oval sofisticado e moderno, que se enquadra perfeitamente em v\u00e1rias decora\u00e7\u00f5es de casa de banho, proporcionando uma beleza geral.<\/li>\n\n\n\n<li><strong>Design de furo \u00fanico: <\/strong>O lavat\u00f3rio de bancada oval personalizado possui um orif\u00edcio para torneira, compat\u00edvel com a maioria das torneiras de casa de banho, com um aspeto moderno e funcional e uma instala\u00e7\u00e3o simples.<\/li>\n\n\n\n<li><strong>Excelente desempenho na resist\u00eancia \u00e0s n\u00f3doas:<\/strong> A tecnologia de tratamento da superf\u00edcie do lava-loi\u00e7a de cer\u00e2mica por atacado apresenta uma resist\u00eancia superior \u00e0s manchas e propriedades antibacterianas, o que garante o saneamento e reduz os tempos de limpeza.<\/li>\n<\/ul>\n<\/div>\n\n\n\n<div class=\"wp-block-column is-layout-flow wp-block-column-is-layout-flow\">\n<figure class=\"wp-block-image size-full\"><img fetchpriority=\"high\" decoding=\"async\" width=\"731\" height=\"927\" src=\"https:\/\/www.ceramicbasin.com\/wp-content\/uploads\/2025\/07\/Single-hole-wholesales-sink-5.webp\" alt=\"lava-loi\u00e7a de bancada oval personalizada-lava-loi\u00e7a de cer\u00e2mica de furo \u00fanico-venda por grosso-5\" class=\"wp-image-7202\" srcset=\"https:\/\/www.ceramicbasin.com\/wp-content\/uploads\/2025\/07\/Single-hole-wholesales-sink-5.webp 731w, https:\/\/www.ceramicbasin.com\/wp-content\/uploads\/2025\/07\/Single-hole-wholesales-sink-5-237x300.webp 237w, https:\/\/www.ceramicbasin.com\/wp-content\/uploads\/2025\/07\/Single-hole-wholesales-sink-5-9x12.webp 9w, https:\/\/www.ceramicbasin.com\/wp-content\/uploads\/2025\/07\/Single-hole-wholesales-sink-5-285x361.webp 285w, https:\/\/www.ceramicbasin.com\/wp-content\/uploads\/2025\/07\/Single-hole-wholesales-sink-5-520x660.webp 520w, https:\/\/www.ceramicbasin.com\/wp-content\/uploads\/2025\/07\/Single-hole-wholesales-sink-5-118x150.webp 118w\" sizes=\"(max-width: 731px) 100vw, 731px\" \/><\/figure>\n<\/div>\n<\/div>","protected":false},"excerpt":{"rendered":"<p>Bem-vindo ao comprar este lava-loi\u00e7a oval personalizado de alta qualidade, que \u00e9 uma combina\u00e7\u00e3o perfeita de desempenho excecional e beleza deslumbrante. Feito de material cer\u00e2mico dur\u00e1vel, \u00e9 resistente a manchas e f\u00e1cil de limpar. O design de furo \u00fanico \u00e9 f\u00e1cil de instalar e integra-se bem com estilos variados. Ideal para hot\u00e9is de luxo, casas particulares e muito mais, \u00e9 poss\u00edvel a personaliza\u00e7\u00e3o por grosso.<\/p>\n<table style=\"border-collapse: collapse; width: 358.52pt;\" border=\"0\" width=\"478\" cellspacing=\"0\" cellpadding=\"0\">\n<tbody>\n<tr style=\"height: 17.25pt;\">\n<td class=\"et3\" style=\"height: 17.25pt; width: 125.00pt;\" width=\"166\" height=\"23\">Fabricante<\/td>\n<td class=\"et3\" style=\"width: 234.15pt;\" width=\"312\">HanYu<\/td>\n<\/tr>\n<tr style=\"height: 17.25pt;\">\n<td class=\"et3\" style=\"height: 17.25pt;\" height=\"23\">Modelo n.<\/td>\n<td class=\"et4\">HY-8058<\/td>\n<\/tr>\n<tr style=\"height: 17.25pt;\">\n<td class=\"et3\" style=\"height: 17.25pt;\" height=\"23\">Tipo<\/td>\n<td class=\"et5\" style=\"width: 234.15pt;\" width=\"312\">lavat\u00f3rios brancos<\/td>\n<\/tr>\n<tr style=\"height: 18.00pt;\">\n<td class=\"et3\" style=\"height: 18.00pt;\" height=\"24\">Forma\u00a0\u00a0<\/td>\n<td class=\"et3\">\u00a0Forma oval<\/td>\n<\/tr>\n<tr style=\"height: 34.50pt;\">\n<td class=\"et4\" style=\"height: 34.50pt;\" height=\"46\">Cor<\/td>\n<td class=\"et5\" style=\"width: 234.15pt;\" width=\"312\">preto\/branco\/azul\/cinzento\/rosa\/verde\/castanho\/caqui<\/td>\n<\/tr>\n<tr style=\"height: 18.00pt;\">\n<td class=\"et3\" style=\"height: 18.00pt;\" height=\"24\">Dimens\u00e3o<\/td>\n<td class=\"et5\" style=\"width: 234.15pt;\" width=\"312\">80.5*40.5*13.5<\/td>\n<\/tr>\n<tr style=\"height: 17.25pt;\">\n<td class=\"et3\" style=\"height: 17.25pt;\" height=\"23\">N.W \/SET<\/td>\n<td class=\"et3\">18KGS\/PCS<\/td>\n<\/tr>\n<tr style=\"height: 17.25pt;\">\n<td class=\"et3\" style=\"height: 17.25pt;\" height=\"23\">MOQ<\/td>\n<td class=\"et3\">20 unidades<\/td>\n<\/tr>\n<tr style=\"height: 17.25pt;\">\n<td class=\"et3\" style=\"height: 17.25pt;\" height=\"23\">Op\u00e7\u00e3o personalizada<\/td>\n<td class=\"et3\">Cor\/Patente\/Tamanho\/Logotipo\/Embalagem<\/td>\n<\/tr>\n<\/tbody>\n<\/table>","protected":false},"featured_media":7203,"comment_status":"closed","ping_status":"closed","template":"","meta":{"_acf_changed":false},"product_brand":[],"product_cat":[50],"product_tag":[],"class_list":{"0":"post-7201","1":"product","2":"type-product","3":"status-publish","4":"has-post-thumbnail","6":"product_cat-wholesale-countertop-sinks","8":"first","9":"instock","10":"shipping-taxable","11":"product-type-simple"},"acf":[],"_links":{"self":[{"href":"https:\/\/www.ceramicbasin.com\/pt\/wp-json\/wp\/v2\/product\/7201","targetHints":{"allow":["GET"]}}],"collection":[{"href":"https:\/\/www.ceramicbasin.com\/pt\/wp-json\/wp\/v2\/product"}],"about":[{"href":"https:\/\/www.ceramicbasin.com\/pt\/wp-json\/wp\/v2\/types\/product"}],"replies":[{"embeddable":true,"href":"https:\/\/www.ceramicbasin.com\/pt\/wp-json\/wp\/v2\/comments?post=7201"}],"wp:featuredmedia":[{"embeddable":true,"href":"https:\/\/www.ceramicbasin.com\/pt\/wp-json\/wp\/v2\/media\/7203"}],"wp:attachment":[{"href":"https:\/\/www.ceramicbasin.com\/pt\/wp-json\/wp\/v2\/media?parent=7201"}],"wp:term":[{"taxonomy":"product_brand","embeddable":true,"href":"https:\/\/www.ceramicbasin.com\/pt\/wp-json\/wp\/v2\/product_brand?post=7201"},{"taxonomy":"product_cat","embeddable":true,"href":"https:\/\/www.ceramicbasin.com\/pt\/wp-json\/wp\/v2\/product_cat?post=7201"},{"taxonomy":"product_tag","embeddable":true,"href":"https:\/\/www.ceramicbasin.com\/pt\/wp-json\/wp\/v2\/product_tag?post=7201"}],"curies":[{"name":"wp","href":"https:\/\/api.w.org\/{rel}","templated":true}]}}