{"id":7208,"date":"2025-07-11T09:47:39","date_gmt":"2025-07-11T09:47:39","guid":{"rendered":"https:\/\/www.ceramicbasin.com\/?post_type=product&#038;p=7208"},"modified":"2025-07-19T01:57:54","modified_gmt":"2025-07-19T01:57:54","slug":"basin-custom","status":"publish","type":"product","link":"https:\/\/www.ceramicbasin.com\/pt\/produto\/basin-custom\/","title":{"rendered":"Novo design de bacia brilhante personalizado, bacia de cer\u00e2mica branca por atacado"},"content":{"rendered":"<div class=\"wp-block-columns is-layout-flex wp-container-core-columns-is-layout-9d6595d7 wp-block-columns-is-layout-flex\">\n<div class=\"wp-block-column is-layout-flow wp-block-column-is-layout-flow\">\n<h2 class=\"wp-block-heading\">Bacia brilhante Premium Carater\u00edsticas personalizadas:<\/h2>\n\n\n\n<ul class=\"wp-block-list\">\n<li><strong>Design moderno e de moda:<\/strong> O design moderno, mas simples e elegante, em branco brilhante, \u00e9 conveniente para aplica\u00e7\u00e3o em v\u00e1rios estilos de casa de banho.<\/li>\n\n\n\n<li><strong>Resistente \u00e0 press\u00e3o e dur\u00e1vel: <\/strong>O fabrico artesanal de alta qualidade permite que cada lava-loi\u00e7a de cer\u00e2mica por atacado tenha uma resist\u00eancia \u00e0 press\u00e3o e uma durabilidade extremamente elevadas, e manter\u00e1 a estabilidade mesmo com uma utiliza\u00e7\u00e3o frequente.<\/li>\n\n\n\n<li><strong>V\u00e1rias op\u00e7\u00f5es de tamanho: <\/strong>O lavat\u00f3rio brilhante personalizado oferece op\u00e7\u00f5es de tamanho personaliz\u00e1veis para acomodar diferentes requisitos de espa\u00e7o, satisfazendo as necessidades das compras a granel.<\/li>\n\n\n\n<li><strong>Vantagem de pre\u00e7o: <\/strong>Fornecemos servi\u00e7os de encomendas a granel para pias de cer\u00e2mica por atacado, que n\u00e3o s\u00e3o apenas acess\u00edveis, mas tamb\u00e9m de entrega r\u00e1pida, adequados para projectos comerciais e decora\u00e7\u00e3o residencial em grande escala, satisfazendo as necessidades de alta efici\u00eancia e baixo custo.<\/li>\n<\/ul>\n<\/div>\n\n\n\n<div class=\"wp-block-column is-layout-flow wp-block-column-is-layout-flow\">\n<figure class=\"wp-block-image size-full\"><img fetchpriority=\"high\" decoding=\"async\" width=\"980\" height=\"1352\" src=\"https:\/\/www.ceramicbasin.com\/wp-content\/uploads\/2025\/07\/wholesales-basin-factory-5.webp\" alt=\"novo-design-bacia-bancada brilhante-custom-white-ceramic-basin-wholesale-5\" class=\"wp-image-7209\" srcset=\"https:\/\/www.ceramicbasin.com\/wp-content\/uploads\/2025\/07\/wholesales-basin-factory-5.webp 980w, https:\/\/www.ceramicbasin.com\/wp-content\/uploads\/2025\/07\/wholesales-basin-factory-5-217x300.webp 217w, https:\/\/www.ceramicbasin.com\/wp-content\/uploads\/2025\/07\/wholesales-basin-factory-5-768x1060.webp 768w, https:\/\/www.ceramicbasin.com\/wp-content\/uploads\/2025\/07\/wholesales-basin-factory-5-9x12.webp 9w, https:\/\/www.ceramicbasin.com\/wp-content\/uploads\/2025\/07\/wholesales-basin-factory-5-285x393.webp 285w, https:\/\/www.ceramicbasin.com\/wp-content\/uploads\/2025\/07\/wholesales-basin-factory-5-478x660.webp 478w, https:\/\/www.ceramicbasin.com\/wp-content\/uploads\/2025\/07\/wholesales-basin-factory-5-109x150.webp 109w\" sizes=\"(max-width: 980px) 100vw, 980px\" \/><\/figure>\n<\/div>\n<\/div>","protected":false},"excerpt":{"rendered":"<p>Bem-vindo ao comprar o lavat\u00f3rio brilhante personalizado. Este atraente lavat\u00f3rio de cer\u00e2mica branca combina design avan\u00e7ado e funcionalidade de primeira classe, fabricado em material cer\u00e2mico dur\u00e1vel e de alta qualidade com um acabamento polido e brilhante que \u00e9 f\u00e1cil de limpar. \u00c9 ideal para casas de banho dom\u00e9sticas e de hotel, adequado para compras por grosso a granel.<\/p>\n<table style=\"border-collapse: collapse; width: 311.02pt;\" border=\"0\" width=\"311\" cellspacing=\"0\" cellpadding=\"0\">\n<tbody>\n<tr style=\"height: 17.60pt;\">\n<td class=\"et3\" style=\"height: 17.60pt; width: 108.35pt;\" width=\"108\" height=\"17\">Fabricante<\/td>\n<td class=\"et3\" style=\"width: 202.95pt;\" width=\"202\">HanYu<\/td>\n<\/tr>\n<tr style=\"height: 17.60pt;\">\n<td class=\"et3\" style=\"height: 17.60pt;\" height=\"17\">Modelo n.<\/td>\n<td class=\"et4\">HY-8025H<\/td>\n<\/tr>\n<tr style=\"height: 17.60pt;\">\n<td class=\"et3\" style=\"height: 17.60pt;\" height=\"17\">Tipo<\/td>\n<td class=\"et3\">Lavat\u00f3rio de bancada<\/td>\n<\/tr>\n<tr style=\"height: 17.60pt;\">\n<td class=\"et3\" style=\"height: 17.60pt;\" height=\"17\">Forma<\/td>\n<td class=\"et3\">Forma retangular<\/td>\n<\/tr>\n<tr style=\"height: 17.60pt;\">\n<td class=\"et4\" style=\"height: 17.60pt;\" height=\"17\">Cor<\/td>\n<td class=\"et3\">Branco<\/td>\n<\/tr>\n<tr style=\"height: 18.00pt;\">\n<td class=\"et3\" style=\"height: 18.00pt;\" height=\"18\">Dimens\u00e3o<\/td>\n<td class=\"et5\" style=\"width: 202.95pt;\" width=\"202\">38.5*38.5*13<\/td>\n<\/tr>\n<tr style=\"height: 17.60pt;\">\n<td class=\"et3\" style=\"height: 17.60pt;\" height=\"17\">N.W \/SET<\/td>\n<td class=\"et3\">11KGS\/PCS<\/td>\n<\/tr>\n<tr style=\"height: 17.60pt;\">\n<td class=\"et3\" style=\"height: 17.60pt;\" height=\"17\">MOQ<\/td>\n<td class=\"et3\">20 unidades<\/td>\n<\/tr>\n<tr style=\"height: 17.60pt;\">\n<td class=\"et3\" style=\"height: 17.60pt;\" height=\"17\">Op\u00e7\u00e3o personalizada<\/td>\n<td class=\"et3\">Cor\/Patente\/Tamanho\/Logotipo\/Embalagem<\/td>\n<\/tr>\n<\/tbody>\n<\/table>","protected":false},"featured_media":7210,"comment_status":"closed","ping_status":"closed","template":"","meta":{"_acf_changed":false},"product_brand":[],"product_cat":[50],"product_tag":[],"class_list":{"0":"post-7208","1":"product","2":"type-product","3":"status-publish","4":"has-post-thumbnail","6":"product_cat-wholesale-countertop-sinks","8":"first","9":"instock","10":"shipping-taxable","11":"product-type-simple"},"acf":[],"_links":{"self":[{"href":"https:\/\/www.ceramicbasin.com\/pt\/wp-json\/wp\/v2\/product\/7208","targetHints":{"allow":["GET"]}}],"collection":[{"href":"https:\/\/www.ceramicbasin.com\/pt\/wp-json\/wp\/v2\/product"}],"about":[{"href":"https:\/\/www.ceramicbasin.com\/pt\/wp-json\/wp\/v2\/types\/product"}],"replies":[{"embeddable":true,"href":"https:\/\/www.ceramicbasin.com\/pt\/wp-json\/wp\/v2\/comments?post=7208"}],"wp:featuredmedia":[{"embeddable":true,"href":"https:\/\/www.ceramicbasin.com\/pt\/wp-json\/wp\/v2\/media\/7210"}],"wp:attachment":[{"href":"https:\/\/www.ceramicbasin.com\/pt\/wp-json\/wp\/v2\/media?parent=7208"}],"wp:term":[{"taxonomy":"product_brand","embeddable":true,"href":"https:\/\/www.ceramicbasin.com\/pt\/wp-json\/wp\/v2\/product_brand?post=7208"},{"taxonomy":"product_cat","embeddable":true,"href":"https:\/\/www.ceramicbasin.com\/pt\/wp-json\/wp\/v2\/product_cat?post=7208"},{"taxonomy":"product_tag","embeddable":true,"href":"https:\/\/www.ceramicbasin.com\/pt\/wp-json\/wp\/v2\/product_tag?post=7208"}],"curies":[{"name":"wp","href":"https:\/\/api.w.org\/{rel}","templated":true}]}}