{"id":7258,"date":"2025-07-25T01:20:56","date_gmt":"2025-07-25T01:20:56","guid":{"rendered":"https:\/\/www.ceramicbasin.com\/?post_type=product&#038;p=7258"},"modified":"2025-11-03T07:28:40","modified_gmt":"2025-11-03T07:28:40","slug":"porcelain-bathroom-basins-wholesale","status":"publish","type":"product","link":"https:\/\/www.ceramicbasin.com\/pt\/produto\/porcelain-bathroom-basins-wholesale\/","title":{"rendered":"Lavat\u00f3rios de porcelana para casa de banho por atacado com impress\u00e3o em m\u00e1rmore"},"content":{"rendered":"<div class=\"wp-block-columns is-layout-flex wp-container-core-columns-is-layout-9d6595d7 wp-block-columns-is-layout-flex\">\n<div class=\"wp-block-column is-layout-flow wp-block-column-is-layout-flow\">\n<h2 class=\"wp-block-heading\">Bacias de casa de banho em porcelana Premium Carater\u00edsticas por atacado:<\/h2>\n\n\n\n<ul class=\"wp-block-list\">\n<li><strong>Aspeto elegante: <\/strong>Estas bacias de casa de banho em porcelana t\u00eam um design oval simples e moderno, adequado para v\u00e1rios estilos de casa de banho, especialmente em combina\u00e7\u00e3o com tons cl\u00e1ssicos de textura de m\u00e1rmore, acrescentando eleg\u00e2ncia.<\/li>\n\n\n\n<li><strong>Padr\u00e3o de m\u00e1rmore realista:<\/strong>&nbsp;Estes lavat\u00f3rios de casa de banho em m\u00e1rmore utilizam tecnologia avan\u00e7ada de transfer\u00eancia de \u00e1gua para reproduzir com precis\u00e3o a textura e a cor naturais do m\u00e1rmore, conferindo um encanto visual \u00fanico ao lavat\u00f3rio.<\/li>\n\n\n\n<li><strong>Anti-incrustante e f\u00e1cil de limpar:\u00a0<\/strong>Estes lavat\u00f3rios de casa de banho em porcelana s\u00e3o lisos e densos na superf\u00edcie. Portanto, n\u00e3o \u00e9 f\u00e1cil absorver muita \u00e1gua ou sujidade, o que tamb\u00e9m \u00e9 a raz\u00e3o pela qual o lavat\u00f3rio de cer\u00e2mica \u00e9 f\u00e1cil de limpar no uso di\u00e1rio. Normalmente, basta limpar suavemente com detergente comum para manter o lavat\u00f3rio limpo e brilhante para facilitar o seu conforto na utiliza\u00e7\u00e3o.<\/li>\n\n\n\n<li><strong>Colorido:&nbsp;<\/strong>A cor de m\u00e1rmore deste lavat\u00f3rio de casa de banho por atacado \u00e9 feita por impress\u00e3o de transfer\u00eancia de \u00e1gua com base numa bacia branca brilhante comum, que \u00e9 bonita e dur\u00e1vel. Oferecemos mais de 100 cores e padr\u00f5es para escolher, e todos os modelos de lavat\u00f3rio por atacado podem ser personalizados em cor e textura.<\/li>\n<\/ul>\n<\/div>\n\n\n\n<div class=\"wp-block-column is-layout-flow wp-block-column-is-layout-flow\">\n<figure class=\"wp-block-image size-full\"><img fetchpriority=\"high\" decoding=\"async\" width=\"592\" height=\"798\" src=\"https:\/\/www.ceramicbasin.com\/wp-content\/uploads\/2025\/07\/Oval-shape-porcelain-sink-factorymarble-color-hand-washing-basin-5.webp\" alt=\"lavat\u00f3rio de casa de banho em porcelana de forma oval - venda por grosso - lavat\u00f3rios de cer\u00e2mica de cor m\u00e1rmore - venda por grosso - 5\" class=\"wp-image-7250\" srcset=\"https:\/\/www.ceramicbasin.com\/wp-content\/uploads\/2025\/07\/Oval-shape-porcelain-sink-factorymarble-color-hand-washing-basin-5.webp 592w, https:\/\/www.ceramicbasin.com\/wp-content\/uploads\/2025\/07\/Oval-shape-porcelain-sink-factorymarble-color-hand-washing-basin-5-223x300.webp 223w, https:\/\/www.ceramicbasin.com\/wp-content\/uploads\/2025\/07\/Oval-shape-porcelain-sink-factorymarble-color-hand-washing-basin-5-9x12.webp 9w, https:\/\/www.ceramicbasin.com\/wp-content\/uploads\/2025\/07\/Oval-shape-porcelain-sink-factorymarble-color-hand-washing-basin-5-285x384.webp 285w, https:\/\/www.ceramicbasin.com\/wp-content\/uploads\/2025\/07\/Oval-shape-porcelain-sink-factorymarble-color-hand-washing-basin-5-490x660.webp 490w, https:\/\/www.ceramicbasin.com\/wp-content\/uploads\/2025\/07\/Oval-shape-porcelain-sink-factorymarble-color-hand-washing-basin-5-111x150.webp 111w\" sizes=\"(max-width: 592px) 100vw, 592px\" \/><\/figure>\n<\/div>\n<\/div>\n\n\n\n<p><\/p>","protected":false},"excerpt":{"rendered":"<p>Bem-vindo ao comprar lavat\u00f3rios de porcelana para casa de banho por atacado. O lavat\u00f3rio de m\u00e1rmore por atacado \u00e9 feito por impress\u00e3o de transfer\u00eancia de \u00e1gua, que combina textura de m\u00e1rmore com design moderno e simples, \u00e9 perfeito para v\u00e1rios ambientes de casa de banho, proporcionando super durabilidade e sentido de moda, e \u00e9 uma escolha ideal para a sua casa e locais comerciais<\/p>\n<table style=\"border-collapse: collapse; width: 358.52pt;\" border=\"0\" width=\"478\" cellspacing=\"0\" cellpadding=\"0\">\n<tbody>\n<tr style=\"height: 17.25pt;\">\n<td class=\"et3\" style=\"height: 17.25pt; width: 125.00pt;\" width=\"166\" height=\"23\">Fabricante<\/td>\n<td class=\"et3\" style=\"width: 234.15pt;\" width=\"312\">HanYu<\/td>\n<\/tr>\n<tr style=\"height: 17.25pt;\">\n<td class=\"et3\" style=\"height: 17.25pt;\" height=\"23\">Modelo n.<\/td>\n<td class=\"et4\">HY-5006D13<\/td>\n<\/tr>\n<tr style=\"height: 17.25pt;\">\n<td class=\"et3\" style=\"height: 17.25pt;\" height=\"23\">Tipo<\/td>\n<td class=\"et5\" style=\"width: 234.15pt;\" width=\"312\">Pias de m\u00e1rmore<\/td>\n<\/tr>\n<tr style=\"height: 18.00pt;\">\n<td class=\"et3\" style=\"height: 18.00pt;\" height=\"24\">Forma<\/td>\n<td class=\"et3\">Forma oval<\/td>\n<\/tr>\n<tr style=\"height: 34.50pt;\">\n<td class=\"et4\" style=\"height: 34.50pt;\" height=\"46\">Cor<\/td>\n<td class=\"et5\" style=\"width: 234.15pt;\" width=\"312\">preto\/branco\/azul\/cinzento\/rosa\/verde\/castanho\/caqui<\/td>\n<\/tr>\n<tr style=\"height: 18.00pt;\">\n<td class=\"et3\" style=\"height: 18.00pt;\" height=\"24\">Dimens\u00e3o<\/td>\n<td class=\"et5\" style=\"width: 234.15pt;\" width=\"312\">59*42*14<\/td>\n<\/tr>\n<tr style=\"height: 17.25pt;\">\n<td class=\"et3\" style=\"height: 17.25pt;\" height=\"23\">N.W \/SET<\/td>\n<td class=\"et3\">9KGS\/PCS<\/td>\n<\/tr>\n<tr style=\"height: 17.25pt;\">\n<td class=\"et3\" style=\"height: 17.25pt;\" height=\"23\">MOQ<\/td>\n<td class=\"et3\">20 unidades<\/td>\n<\/tr>\n<tr style=\"height: 17.25pt;\">\n<td class=\"et3\" style=\"height: 17.25pt;\" height=\"23\">Op\u00e7\u00e3o personalizada<\/td>\n<td class=\"et3\">Cor\/Patente\/Tamanho\/Logotipo\/Embalagem<\/td>\n<\/tr>\n<\/tbody>\n<\/table>","protected":false},"featured_media":7249,"comment_status":"closed","ping_status":"closed","template":"","meta":{"_acf_changed":false},"product_brand":[],"product_cat":[54,50],"product_tag":[],"class_list":{"0":"post-7258","1":"product","2":"type-product","3":"status-publish","4":"has-post-thumbnail","6":"product_cat-wholesale-marble-sinks","7":"product_cat-wholesale-countertop-sinks","9":"first","10":"instock","11":"shipping-taxable","12":"product-type-simple"},"acf":[],"_links":{"self":[{"href":"https:\/\/www.ceramicbasin.com\/pt\/wp-json\/wp\/v2\/product\/7258","targetHints":{"allow":["GET"]}}],"collection":[{"href":"https:\/\/www.ceramicbasin.com\/pt\/wp-json\/wp\/v2\/product"}],"about":[{"href":"https:\/\/www.ceramicbasin.com\/pt\/wp-json\/wp\/v2\/types\/product"}],"replies":[{"embeddable":true,"href":"https:\/\/www.ceramicbasin.com\/pt\/wp-json\/wp\/v2\/comments?post=7258"}],"wp:featuredmedia":[{"embeddable":true,"href":"https:\/\/www.ceramicbasin.com\/pt\/wp-json\/wp\/v2\/media\/7249"}],"wp:attachment":[{"href":"https:\/\/www.ceramicbasin.com\/pt\/wp-json\/wp\/v2\/media?parent=7258"}],"wp:term":[{"taxonomy":"product_brand","embeddable":true,"href":"https:\/\/www.ceramicbasin.com\/pt\/wp-json\/wp\/v2\/product_brand?post=7258"},{"taxonomy":"product_cat","embeddable":true,"href":"https:\/\/www.ceramicbasin.com\/pt\/wp-json\/wp\/v2\/product_cat?post=7258"},{"taxonomy":"product_tag","embeddable":true,"href":"https:\/\/www.ceramicbasin.com\/pt\/wp-json\/wp\/v2\/product_tag?post=7258"}],"curies":[{"name":"wp","href":"https:\/\/api.w.org\/{rel}","templated":true}]}}