{"id":7259,"date":"2025-07-25T02:28:00","date_gmt":"2025-07-25T02:28:00","guid":{"rendered":"https:\/\/www.ceramicbasin.com\/?post_type=product&#038;p=7259"},"modified":"2025-07-25T02:28:53","modified_gmt":"2025-07-25T02:28:53","slug":"oval-bathroom-sink-wholesale","status":"publish","type":"product","link":"https:\/\/www.ceramicbasin.com\/pt\/produto\/oval-bathroom-sink-wholesale\/","title":{"rendered":"Lavat\u00f3rio oval de casa de banho por atacado, lavat\u00f3rio personalizado por atacado"},"content":{"rendered":"<div class=\"wp-block-columns is-layout-flex wp-container-core-columns-is-layout-9d6595d7 wp-block-columns-is-layout-flex\">\n<div class=\"wp-block-column is-layout-flow wp-block-column-is-layout-flow\">\n<h2 class=\"wp-block-heading\">Lavat\u00f3rio de casa de banho oval Premium Carater\u00edsticas por atacado:<\/h2>\n\n\n\n<ul class=\"wp-block-list\">\n<li><strong>Padr\u00e3o cl\u00e1ssico de m\u00e1rmore:<\/strong> Este lavat\u00f3rio de casa de banho oval por atacado tem um design de padr\u00e3o de m\u00e1rmore \u00fanico; cada um deles \u00e9 uma obra de arte em si, irradiando luxo e eleg\u00e2ncia natural.<\/li>\n\n\n\n<li><strong>Moda e comodidade:<\/strong> Este lavat\u00f3rio de casa de banho por atacado tem um estilo oval na moda, simples e moderno, pode ser perfeitamente conjugado com v\u00e1rios ambientes de casa de banho, tanto elegantes como convenientes.<\/li>\n\n\n\n<li><strong>Anti-incrustante e dur\u00e1vel:<\/strong> Este lavat\u00f3rio oval para casa de banho \u00e9 feito de material cer\u00e2mico de alta qualidade, superf\u00edcie lisa, anti-incrustante e f\u00e1cil de limpar, mantendo-se como novo durante muito tempo.<\/li>\n\n\n\n<li><strong>Fluxo de \u00e1gua suave:<\/strong> O design c\u00f4ncavo do lavat\u00f3rio personalizado \u00e9 requintado, a drenagem \u00e9 suave, evita a acumula\u00e7\u00e3o de \u00e1gua e melhora a comodidade de utiliza\u00e7\u00e3o.<\/li>\n<\/ul>\n<\/div>\n\n\n\n<div class=\"wp-block-column is-layout-flow wp-block-column-is-layout-flow\">\n<figure class=\"wp-block-image size-full\"><img fetchpriority=\"high\" decoding=\"async\" width=\"700\" height=\"950\" src=\"https:\/\/www.ceramicbasin.com\/wp-content\/uploads\/2025\/07\/Bathroom-ceramic-basin-suppliercustom-washbasin-wholesale-5_\u526f\u672c.jpg\" alt=\"lavat\u00f3rio de casa de banho oval - venda por grosso - lavat\u00f3rio personalizado - venda por grosso-5\" class=\"wp-image-7260\" srcset=\"https:\/\/www.ceramicbasin.com\/wp-content\/uploads\/2025\/07\/Bathroom-ceramic-basin-suppliercustom-washbasin-wholesale-5_\u526f\u672c.jpg 700w, https:\/\/www.ceramicbasin.com\/wp-content\/uploads\/2025\/07\/Bathroom-ceramic-basin-suppliercustom-washbasin-wholesale-5_\u526f\u672c-221x300.jpg 221w, https:\/\/www.ceramicbasin.com\/wp-content\/uploads\/2025\/07\/Bathroom-ceramic-basin-suppliercustom-washbasin-wholesale-5_\u526f\u672c-9x12.jpg 9w, https:\/\/www.ceramicbasin.com\/wp-content\/uploads\/2025\/07\/Bathroom-ceramic-basin-suppliercustom-washbasin-wholesale-5_\u526f\u672c-285x387.jpg 285w, https:\/\/www.ceramicbasin.com\/wp-content\/uploads\/2025\/07\/Bathroom-ceramic-basin-suppliercustom-washbasin-wholesale-5_\u526f\u672c-486x660.jpg 486w, https:\/\/www.ceramicbasin.com\/wp-content\/uploads\/2025\/07\/Bathroom-ceramic-basin-suppliercustom-washbasin-wholesale-5_\u526f\u672c-111x150.jpg 111w\" sizes=\"(max-width: 700px) 100vw, 700px\" \/><\/figure>\n<\/div>\n<\/div>\n\n\n\n<p><\/p>","protected":false},"excerpt":{"rendered":"<p>Bem-vindo a comprar o nosso lavat\u00f3rio de casa de banho oval por atacado. Este lavat\u00f3rio de cer\u00e2mica com textura de m\u00e1rmore, com o seu ador\u00e1vel design oval, \u00e9 a personifica\u00e7\u00e3o perfeita do estilo moderno e minimalista. O bordo aerodin\u00e2mico e a textura de m\u00e1rmore natural d\u00e3o um toque de natureza e eleg\u00e2ncia \u00e0 casa de banho. Pode trazer dignidade e sensa\u00e7\u00e3o de estilo \u00e0 casa de banho dom\u00e9stica, bem como \u00e0 casa de banho do hotel.<\/p>\n<table style=\"border-collapse: collapse; width: 358.52pt;\" border=\"0\" width=\"478\" cellspacing=\"0\" cellpadding=\"0\">\n<tbody>\n<tr style=\"height: 17.25pt;\">\n<td class=\"et3\" style=\"height: 17.25pt; width: 125.00pt;\" width=\"166\" height=\"23\">Fabricante<\/td>\n<td class=\"et3\" style=\"width: 234.15pt;\" width=\"312\">HanYu<\/td>\n<\/tr>\n<tr style=\"height: 17.25pt;\">\n<td class=\"et3\" style=\"height: 17.25pt;\" height=\"23\">Modelo n.<\/td>\n<td class=\"et4\">HY-5061D62<\/td>\n<\/tr>\n<tr style=\"height: 17.25pt;\">\n<td class=\"et3\" style=\"height: 17.25pt;\" height=\"23\">Tipo<\/td>\n<td class=\"et5\" style=\"width: 234.15pt;\" width=\"312\">Pias de m\u00e1rmore<\/td>\n<\/tr>\n<tr style=\"height: 18.00pt;\">\n<td class=\"et3\" style=\"height: 18.00pt;\" height=\"24\">Forma<\/td>\n<td class=\"et3\">Forma oval<\/td>\n<\/tr>\n<tr style=\"height: 34.50pt;\">\n<td class=\"et4\" style=\"height: 34.50pt;\" height=\"46\">Cor<\/td>\n<td class=\"et5\" style=\"width: 234.15pt;\" width=\"312\">preto\/branco\/azul\/cinzento\/rosa\/verde\/castanho\/caqui<\/td>\n<\/tr>\n<tr style=\"height: 18.00pt;\">\n<td class=\"et3\" style=\"height: 18.00pt;\" height=\"24\">Dimens\u00e3o<\/td>\n<td class=\"et5\" style=\"width: 234.15pt;\" width=\"312\">59*41*17<\/td>\n<\/tr>\n<tr style=\"height: 17.25pt;\">\n<td class=\"et3\" style=\"height: 17.25pt;\" height=\"23\">N.W \/SET<\/td>\n<td class=\"et3\">8.5KGS\/PCS<\/td>\n<\/tr>\n<tr style=\"height: 17.25pt;\">\n<td class=\"et3\" style=\"height: 17.25pt;\" height=\"23\">MOQ<\/td>\n<td class=\"et3\">20 unidades<\/td>\n<\/tr>\n<tr style=\"height: 17.25pt;\">\n<td class=\"et3\" style=\"height: 17.25pt;\" height=\"23\">Op\u00e7\u00e3o personalizada<\/td>\n<td class=\"et3\">Cor\/Patente\/Tamanho\/Logotipo\/Embalagem<\/td>\n<\/tr>\n<\/tbody>\n<\/table>","protected":false},"featured_media":7244,"comment_status":"closed","ping_status":"closed","template":"","meta":{"_acf_changed":false},"product_brand":[],"product_cat":[54,50],"product_tag":[],"class_list":{"0":"post-7259","1":"product","2":"type-product","3":"status-publish","4":"has-post-thumbnail","6":"product_cat-wholesale-marble-sinks","7":"product_cat-wholesale-countertop-sinks","9":"first","10":"instock","11":"shipping-taxable","12":"product-type-simple"},"acf":[],"_links":{"self":[{"href":"https:\/\/www.ceramicbasin.com\/pt\/wp-json\/wp\/v2\/product\/7259","targetHints":{"allow":["GET"]}}],"collection":[{"href":"https:\/\/www.ceramicbasin.com\/pt\/wp-json\/wp\/v2\/product"}],"about":[{"href":"https:\/\/www.ceramicbasin.com\/pt\/wp-json\/wp\/v2\/types\/product"}],"replies":[{"embeddable":true,"href":"https:\/\/www.ceramicbasin.com\/pt\/wp-json\/wp\/v2\/comments?post=7259"}],"wp:featuredmedia":[{"embeddable":true,"href":"https:\/\/www.ceramicbasin.com\/pt\/wp-json\/wp\/v2\/media\/7244"}],"wp:attachment":[{"href":"https:\/\/www.ceramicbasin.com\/pt\/wp-json\/wp\/v2\/media?parent=7259"}],"wp:term":[{"taxonomy":"product_brand","embeddable":true,"href":"https:\/\/www.ceramicbasin.com\/pt\/wp-json\/wp\/v2\/product_brand?post=7259"},{"taxonomy":"product_cat","embeddable":true,"href":"https:\/\/www.ceramicbasin.com\/pt\/wp-json\/wp\/v2\/product_cat?post=7259"},{"taxonomy":"product_tag","embeddable":true,"href":"https:\/\/www.ceramicbasin.com\/pt\/wp-json\/wp\/v2\/product_tag?post=7259"}],"curies":[{"name":"wp","href":"https:\/\/api.w.org\/{rel}","templated":true}]}}