{"id":7261,"date":"2025-07-25T06:06:54","date_gmt":"2025-07-25T06:06:54","guid":{"rendered":"https:\/\/www.ceramicbasin.com\/?post_type=product&#038;p=7261"},"modified":"2025-07-25T06:06:59","modified_gmt":"2025-07-25T06:06:59","slug":"custom-marble-color-basin","status":"publish","type":"product","link":"https:\/\/www.ceramicbasin.com\/pt\/produto\/custom-marble-color-basin\/","title":{"rendered":"Bacia de cor de m\u00e1rmore personalizada, pias de casa de banho de cer\u00e2mica de tamanho grande por atacado"},"content":{"rendered":"<div class=\"wp-block-columns is-layout-flex wp-container-core-columns-is-layout-9d6595d7 wp-block-columns-is-layout-flex\">\n<div class=\"wp-block-column is-layout-flow wp-block-column-is-layout-flow\">\n<h2 class=\"wp-block-heading\">Bacia de cor de m\u00e1rmore personalizada Premium Carater\u00edsticas:<\/h2>\n\n\n\n<ul class=\"wp-block-list\">\n<li><strong>Colorido:<\/strong>\u00a0A cor de m\u00e1rmore deste lavat\u00f3rio de casa de banho de cer\u00e2mica por atacado \u00e9 feita por impress\u00e3o de transfer\u00eancia de \u00e1gua com base numa bacia branca brilhante comum, que \u00e9 bonita e dur\u00e1vel. Oferecemos mais de 100 cores e padr\u00f5es para escolher, e todos os modelos de lavat\u00f3rio por atacado podem ser personalizados em cor e textura.<\/li>\n\n\n\n<li><strong>Durabilidade superior:\u00a0<\/strong>Os nossos lavat\u00f3rios de m\u00e1rmore personalizados s\u00e3o feitos de material cer\u00e2mico de alta qualidade, que tem uma excelente resist\u00eancia a riscos e durabilidade. Tem uma excelente resist\u00eancia qu\u00edmica e pode ser limpo com qualquer detergente.<\/li>\n\n\n\n<li><strong>Instala\u00e7\u00e3o em bancada, f\u00e1cil instala\u00e7\u00e3o:<\/strong>\u00a0Esta bacia de cor de m\u00e1rmore personalizada adopta um design de estrutura de bancada, que \u00e9 f\u00e1cil de instalar e adequado para bancadas de v\u00e1rios materiais. \u00c9 adequado para uma vasta gama de aplica\u00e7\u00f5es em hot\u00e9is, projectos residenciais e comerciais.<\/li>\n\n\n\n<li><strong>Fornecimento a granel, apoio \u00e0 personaliza\u00e7\u00e3o e coopera\u00e7\u00e3o OEM:\u00a0<\/strong>Fornecemos uma variedade de tamanhos e texturas para lavat\u00f3rios de casa de banho por atacado, apoiamos a personaliza\u00e7\u00e3o a granel de solu\u00e7\u00f5es de LOGO e embalagem e satisfazemos as diversas necessidades dos propriet\u00e1rios de marcas e clientes de engenharia.<\/li>\n<\/ul>\n<\/div>\n\n\n\n<div class=\"wp-block-column is-layout-flow wp-block-column-is-layout-flow\">\n<figure class=\"wp-block-image size-full\"><img fetchpriority=\"high\" decoding=\"async\" width=\"826\" height=\"1091\" src=\"https:\/\/www.ceramicbasin.com\/wp-content\/uploads\/2025\/07\/Big-size-ceramic-custom-color-basin-with-wholesale-price-1.webp\" alt=\"lavat\u00f3rio de m\u00e1rmore personalizado de tamanho grande em cer\u00e2mica para casa de banho - grossista-1\" class=\"wp-image-7238\" srcset=\"https:\/\/www.ceramicbasin.com\/wp-content\/uploads\/2025\/07\/Big-size-ceramic-custom-color-basin-with-wholesale-price-1.webp 826w, https:\/\/www.ceramicbasin.com\/wp-content\/uploads\/2025\/07\/Big-size-ceramic-custom-color-basin-with-wholesale-price-1-227x300.webp 227w, https:\/\/www.ceramicbasin.com\/wp-content\/uploads\/2025\/07\/Big-size-ceramic-custom-color-basin-with-wholesale-price-1-768x1014.webp 768w, https:\/\/www.ceramicbasin.com\/wp-content\/uploads\/2025\/07\/Big-size-ceramic-custom-color-basin-with-wholesale-price-1-9x12.webp 9w, https:\/\/www.ceramicbasin.com\/wp-content\/uploads\/2025\/07\/Big-size-ceramic-custom-color-basin-with-wholesale-price-1-285x376.webp 285w, https:\/\/www.ceramicbasin.com\/wp-content\/uploads\/2025\/07\/Big-size-ceramic-custom-color-basin-with-wholesale-price-1-500x660.webp 500w, https:\/\/www.ceramicbasin.com\/wp-content\/uploads\/2025\/07\/Big-size-ceramic-custom-color-basin-with-wholesale-price-1-114x150.webp 114w\" sizes=\"(max-width: 826px) 100vw, 826px\" \/><\/figure>\n<\/div>\n<\/div>","protected":false},"excerpt":{"rendered":"<p>Bem-vindo ao comprar a nossa bacia de cor de m\u00e1rmore personalizada. Esta pia de cer\u00e2mica de grande porte adota um design de estrutura de bancada e \u00e9 f\u00e1cil de instalar. O design exclusivo de m\u00e1rmore d\u00e1 \u00e0 casa de banho uma apar\u00eancia atraente e, com as torneiras da moda, \u00e9 amplamente adequado para o estilo geral. \u00c9 adequado para uma vasta gama de aplica\u00e7\u00f5es em hot\u00e9is, projectos residenciais e comerciais.<\/p>\n<table style=\"border-collapse: collapse; width: 358.52pt;\" border=\"0\" width=\"478\" cellspacing=\"0\" cellpadding=\"0\">\n<tbody>\n<tr style=\"height: 17.25pt;\">\n<td class=\"et3\" style=\"height: 17.25pt; width: 125.00pt;\" width=\"166\" height=\"23\">Fabricante<\/td>\n<td class=\"et3\" style=\"width: 234.15pt;\" width=\"312\">HanYu<\/td>\n<\/tr>\n<tr style=\"height: 17.25pt;\">\n<td class=\"et3\" style=\"height: 17.25pt;\" height=\"23\">Modelo n.<\/td>\n<td class=\"et4\">HY-5106D59<\/td>\n<\/tr>\n<tr style=\"height: 17.25pt;\">\n<td class=\"et3\" style=\"height: 17.25pt;\" height=\"23\">Tipo<\/td>\n<td class=\"et5\" style=\"width: 234.15pt;\" width=\"312\">Pias de m\u00e1rmore<\/td>\n<\/tr>\n<tr style=\"height: 18.00pt;\">\n<td class=\"et3\" style=\"height: 18.00pt;\" height=\"24\">Forma<\/td>\n<td class=\"et3\">Forma retangular<\/td>\n<\/tr>\n<tr style=\"height: 34.50pt;\">\n<td class=\"et4\" style=\"height: 34.50pt;\" height=\"46\">Cor<\/td>\n<td class=\"et5\" style=\"width: 234.15pt;\" width=\"312\">preto\/branco\/azul\/cinzento\/rosa\/verde\/castanho\/caqui<\/td>\n<\/tr>\n<tr style=\"height: 18.00pt;\">\n<td class=\"et3\" style=\"height: 18.00pt;\" height=\"24\">Dimens\u00e3o<\/td>\n<td class=\"et5\" style=\"width: 234.15pt;\" width=\"312\">71.5*41*14.5<\/td>\n<\/tr>\n<tr style=\"height: 17.25pt;\">\n<td class=\"et3\" style=\"height: 17.25pt;\" height=\"23\">N.W \/SET<\/td>\n<td class=\"et3\">12KGS\/PCS<\/td>\n<\/tr>\n<tr style=\"height: 17.25pt;\">\n<td class=\"et3\" style=\"height: 17.25pt;\" height=\"23\">MOQ<\/td>\n<td class=\"et3\">20 unidades<\/td>\n<\/tr>\n<tr style=\"height: 17.25pt;\">\n<td class=\"et3\" style=\"height: 17.25pt;\" height=\"23\">Op\u00e7\u00e3o personalizada<\/td>\n<td class=\"et3\">Cor\/Patente\/Tamanho\/Logotipo\/Embalagem<\/td>\n<\/tr>\n<\/tbody>\n<\/table>","protected":false},"featured_media":7262,"comment_status":"closed","ping_status":"closed","template":"","meta":{"_acf_changed":false},"product_brand":[],"product_cat":[54,50],"product_tag":[],"class_list":{"0":"post-7261","1":"product","2":"type-product","3":"status-publish","4":"has-post-thumbnail","6":"product_cat-wholesale-marble-sinks","7":"product_cat-wholesale-countertop-sinks","9":"first","10":"instock","11":"shipping-taxable","12":"product-type-simple"},"acf":[],"_links":{"self":[{"href":"https:\/\/www.ceramicbasin.com\/pt\/wp-json\/wp\/v2\/product\/7261","targetHints":{"allow":["GET"]}}],"collection":[{"href":"https:\/\/www.ceramicbasin.com\/pt\/wp-json\/wp\/v2\/product"}],"about":[{"href":"https:\/\/www.ceramicbasin.com\/pt\/wp-json\/wp\/v2\/types\/product"}],"replies":[{"embeddable":true,"href":"https:\/\/www.ceramicbasin.com\/pt\/wp-json\/wp\/v2\/comments?post=7261"}],"wp:featuredmedia":[{"embeddable":true,"href":"https:\/\/www.ceramicbasin.com\/pt\/wp-json\/wp\/v2\/media\/7262"}],"wp:attachment":[{"href":"https:\/\/www.ceramicbasin.com\/pt\/wp-json\/wp\/v2\/media?parent=7261"}],"wp:term":[{"taxonomy":"product_brand","embeddable":true,"href":"https:\/\/www.ceramicbasin.com\/pt\/wp-json\/wp\/v2\/product_brand?post=7261"},{"taxonomy":"product_cat","embeddable":true,"href":"https:\/\/www.ceramicbasin.com\/pt\/wp-json\/wp\/v2\/product_cat?post=7261"},{"taxonomy":"product_tag","embeddable":true,"href":"https:\/\/www.ceramicbasin.com\/pt\/wp-json\/wp\/v2\/product_tag?post=7261"}],"curies":[{"name":"wp","href":"https:\/\/api.w.org\/{rel}","templated":true}]}}