{"id":7263,"date":"2025-07-25T06:37:59","date_gmt":"2025-07-25T06:37:59","guid":{"rendered":"https:\/\/www.ceramicbasin.com\/?post_type=product&#038;p=7263"},"modified":"2025-11-03T07:26:46","modified_gmt":"2025-11-03T07:26:46","slug":"custom-ceramic-counter-top-basin","status":"publish","type":"product","link":"https:\/\/www.ceramicbasin.com\/pt\/produto\/custom-ceramic-counter-top-basin\/","title":{"rendered":"Bacia de balc\u00e3o em cer\u00e2mica personalizada a granel com padr\u00f5es de m\u00e1rmore"},"content":{"rendered":"<div class=\"wp-block-columns is-layout-flex wp-container-core-columns-is-layout-9d6595d7 wp-block-columns-is-layout-flex\">\n<div class=\"wp-block-column is-layout-flow wp-block-column-is-layout-flow\">\n<h2 class=\"wp-block-heading\">Bancada de cer\u00e2mica personalizada de qualidade superior Carater\u00edstica da bacia:<\/h2>\n\n\n\n<ul class=\"wp-block-list\">\n<li><strong>Textura \u00fanica de m\u00e1rmore: <\/strong>A textura cl\u00e1ssica de m\u00e1rmore preto do lavat\u00f3rio da bancada de cer\u00e2mica personalizada confere um toque de alta qualidade e um impacto visual, adaptando-se perfeitamente ao design moderno da casa de banho.<\/li>\n\n\n\n<li><strong>Material cer\u00e2mico de alta qualidade: <\/strong>A bacia da bancada de cer\u00e2mica personalizada \u00e9 feita de cer\u00e2mica de alta qualidade, superf\u00edcie lisa, grande durabilidade, excelente resist\u00eancia a manchas e f\u00e1cil limpeza.<\/li>\n\n\n\n<li><strong>Design retangular requintado:<\/strong> O aspeto retangular simplificado dos lavat\u00f3rios de casa de banho em m\u00e1rmore \u00e9 simples e generoso, e o design c\u00f4ncavo melhora eficazmente a velocidade de drenagem e evita problemas de acumula\u00e7\u00e3o de \u00e1gua, adequado para v\u00e1rios estilos de casa de banho.<\/li>\n\n\n\n<li><strong>Aplica\u00e7\u00e3o multifuncional:<\/strong> Os lavat\u00f3rios de casa de banho por atacado s\u00e3o adequados para casa, hotel, casas de banho comerciais e outros locais para satisfazer diferentes necessidades de espa\u00e7o.<\/li>\n<\/ul>\n<\/div>\n\n\n\n<div class=\"wp-block-column is-layout-flow wp-block-column-is-layout-flow\">\n<figure class=\"wp-block-image size-full\"><img fetchpriority=\"high\" decoding=\"async\" width=\"733\" height=\"981\" src=\"https:\/\/www.ceramicbasin.com\/wp-content\/uploads\/2025\/07\/Customized-color-ceramic-basin-manufacturerhigh-quality-coiuntertop-sink-bowl-5.webp\" alt=\"lavat\u00f3rio de bancada em cer\u00e2mica personalizada, cor de m\u00e1rmore, lavat\u00f3rios de casa de banho - grossista-5\" class=\"wp-image-7237\" srcset=\"https:\/\/www.ceramicbasin.com\/wp-content\/uploads\/2025\/07\/Customized-color-ceramic-basin-manufacturerhigh-quality-coiuntertop-sink-bowl-5.webp 733w, https:\/\/www.ceramicbasin.com\/wp-content\/uploads\/2025\/07\/Customized-color-ceramic-basin-manufacturerhigh-quality-coiuntertop-sink-bowl-5-224x300.webp 224w, https:\/\/www.ceramicbasin.com\/wp-content\/uploads\/2025\/07\/Customized-color-ceramic-basin-manufacturerhigh-quality-coiuntertop-sink-bowl-5-9x12.webp 9w, https:\/\/www.ceramicbasin.com\/wp-content\/uploads\/2025\/07\/Customized-color-ceramic-basin-manufacturerhigh-quality-coiuntertop-sink-bowl-5-285x381.webp 285w, https:\/\/www.ceramicbasin.com\/wp-content\/uploads\/2025\/07\/Customized-color-ceramic-basin-manufacturerhigh-quality-coiuntertop-sink-bowl-5-493x660.webp 493w, https:\/\/www.ceramicbasin.com\/wp-content\/uploads\/2025\/07\/Customized-color-ceramic-basin-manufacturerhigh-quality-coiuntertop-sink-bowl-5-112x150.webp 112w\" sizes=\"(max-width: 733px) 100vw, 733px\" \/><\/figure>\n<\/div>\n<\/div>\n\n\n\n<p><\/p>","protected":false},"excerpt":{"rendered":"<p>Bem-vindo ao comprar o nosso lavat\u00f3rio de cer\u00e2mica de bancada personalizado. Este lavat\u00f3rio de casa de banho em cer\u00e2mica com textura de m\u00e1rmore preto tem um design retangular elegante e moderno e material cer\u00e2mico de alta qualidade, que \u00e9 ideal para qualquer ambiente de casa de banho de luxo. A sua resist\u00eancia \u00e0s manchas e o seu escoamento eficaz permitem a sua utiliza\u00e7\u00e3o em lavat\u00f3rios dom\u00e9sticos e comerciais.<\/p>\n<table style=\"border-collapse: collapse; width: 358.52pt;\" border=\"0\" width=\"478\" cellspacing=\"0\" cellpadding=\"0\">\n<tbody>\n<tr style=\"height: 17.25pt;\">\n<td class=\"et3\" style=\"height: 17.25pt; width: 125.00pt;\" width=\"166\" height=\"23\">Fabricante<\/td>\n<td class=\"et3\" style=\"width: 234.15pt;\" width=\"312\">HanYu<\/td>\n<\/tr>\n<tr style=\"height: 17.25pt;\">\n<td class=\"et3\" style=\"height: 17.25pt;\" height=\"23\">Modelo n.<\/td>\n<td class=\"et4\">HY-8064-65D91<\/td>\n<\/tr>\n<tr style=\"height: 17.25pt;\">\n<td class=\"et3\" style=\"height: 17.25pt;\" height=\"23\">Tipo<\/td>\n<td class=\"et5\" style=\"width: 234.15pt;\" width=\"312\">Pias de m\u00e1rmore<\/td>\n<\/tr>\n<tr style=\"height: 18.00pt;\">\n<td class=\"et3\" style=\"height: 18.00pt;\" height=\"24\">Forma<\/td>\n<td class=\"et3\">Forma retangular<\/td>\n<\/tr>\n<tr style=\"height: 34.50pt;\">\n<td class=\"et4\" style=\"height: 34.50pt;\" height=\"46\">Cor<\/td>\n<td class=\"et5\" style=\"width: 234.15pt;\" width=\"312\">preto\/branco\/azul\/cinzento\/rosa\/verde\/castanho\/caqui<\/td>\n<\/tr>\n<tr style=\"height: 18.00pt;\">\n<td class=\"et3\" style=\"height: 18.00pt;\" height=\"24\">Dimens\u00e3o<\/td>\n<td class=\"et5\" style=\"width: 234.15pt;\" width=\"312\">65*38*11<\/td>\n<\/tr>\n<tr style=\"height: 17.25pt;\">\n<td class=\"et3\" style=\"height: 17.25pt;\" height=\"23\">N.W \/SET<\/td>\n<td class=\"et3\">10KGS\/PCS<\/td>\n<\/tr>\n<tr style=\"height: 17.25pt;\">\n<td class=\"et3\" style=\"height: 17.25pt;\" height=\"23\">MOQ<\/td>\n<td class=\"et3\">20 unidades<\/td>\n<\/tr>\n<tr style=\"height: 17.25pt;\">\n<td class=\"et3\" style=\"height: 17.25pt;\" height=\"23\">Op\u00e7\u00e3o personalizada<\/td>\n<td class=\"et3\">Cor\/Patente\/Tamanho\/Logotipo\/Embalagem<\/td>\n<\/tr>\n<\/tbody>\n<\/table>","protected":false},"featured_media":7236,"comment_status":"closed","ping_status":"closed","template":"","meta":{"_acf_changed":false},"product_brand":[],"product_cat":[54,50],"product_tag":[],"class_list":{"0":"post-7263","1":"product","2":"type-product","3":"status-publish","4":"has-post-thumbnail","6":"product_cat-wholesale-marble-sinks","7":"product_cat-wholesale-countertop-sinks","9":"first","10":"instock","11":"shipping-taxable","12":"product-type-simple"},"acf":[],"_links":{"self":[{"href":"https:\/\/www.ceramicbasin.com\/pt\/wp-json\/wp\/v2\/product\/7263","targetHints":{"allow":["GET"]}}],"collection":[{"href":"https:\/\/www.ceramicbasin.com\/pt\/wp-json\/wp\/v2\/product"}],"about":[{"href":"https:\/\/www.ceramicbasin.com\/pt\/wp-json\/wp\/v2\/types\/product"}],"replies":[{"embeddable":true,"href":"https:\/\/www.ceramicbasin.com\/pt\/wp-json\/wp\/v2\/comments?post=7263"}],"wp:featuredmedia":[{"embeddable":true,"href":"https:\/\/www.ceramicbasin.com\/pt\/wp-json\/wp\/v2\/media\/7236"}],"wp:attachment":[{"href":"https:\/\/www.ceramicbasin.com\/pt\/wp-json\/wp\/v2\/media?parent=7263"}],"wp:term":[{"taxonomy":"product_brand","embeddable":true,"href":"https:\/\/www.ceramicbasin.com\/pt\/wp-json\/wp\/v2\/product_brand?post=7263"},{"taxonomy":"product_cat","embeddable":true,"href":"https:\/\/www.ceramicbasin.com\/pt\/wp-json\/wp\/v2\/product_cat?post=7263"},{"taxonomy":"product_tag","embeddable":true,"href":"https:\/\/www.ceramicbasin.com\/pt\/wp-json\/wp\/v2\/product_tag?post=7263"}],"curies":[{"name":"wp","href":"https:\/\/api.w.org\/{rel}","templated":true}]}}