{"id":7293,"date":"2025-07-23T09:46:04","date_gmt":"2025-07-23T09:46:04","guid":{"rendered":"https:\/\/www.ceramicbasin.com\/?post_type=product&#038;p=7293"},"modified":"2025-11-03T07:30:43","modified_gmt":"2025-11-03T07:30:43","slug":"custom-bathroom-sink-bowls","status":"publish","type":"product","link":"https:\/\/www.ceramicbasin.com\/pt\/produto\/custom-bathroom-sink-bowls\/","title":{"rendered":"Bacias de lavat\u00f3rio de casa de banho personalizadas, bacias em preto mate por atacado"},"content":{"rendered":"<div class=\"wp-block-columns is-layout-flex wp-container-core-columns-is-layout-9d6595d7 wp-block-columns-is-layout-flex\">\n<div class=\"wp-block-column is-layout-flow wp-block-column-is-layout-flow\">\n<h2 class=\"wp-block-heading\">Carater\u00edsticas das bacias de lavat\u00f3rio de casa de banho personalizadas Premium<\/h2>\n\n\n\n<ul class=\"wp-block-list\">\n<li><strong>Material cer\u00e2mico de alta qualidade:<\/strong> A bacia de bancada por atacado \u00e9 feita de cer\u00e2mica de alta qualidade, que n\u00e3o se mancha facilmente e \u00e9 dur\u00e1vel para uma utiliza\u00e7\u00e3o prolongada sem perder a cor, e \u00e9 simples de limpar.<\/li>\n\n\n\n<li><strong>Design de moda:<\/strong> Os nossos lavat\u00f3rios de casa de banho personalizados t\u00eam um design moderno e elegante com linhas suaves, s\u00e3o adequados para v\u00e1rias disposi\u00e7\u00f5es de casa de banho e real\u00e7am a beleza geral e a qualidade do espa\u00e7o.<\/li>\n\n\n\n<li><strong>Design de grande capacidade:<\/strong> Estes lavat\u00f3rios de casa de banho personalizados proporcionam um espa\u00e7o de lavagem maior. A profundidade do lavat\u00f3rio foi cientificamente concebida, o que \u00e9 adequado para utiliza\u00e7\u00e3o dom\u00e9stica ou comercial e pode evitar eficazmente os salpicos de \u00e1gua.<\/li>\n\n\n\n<li><strong>Servi\u00e7o personalizado de alta qualidade:\u00a0<\/strong>Fornecer um servi\u00e7o personalizado de lavat\u00f3rio de vaso de cer\u00e2mica por atacado para garantir que cada lavat\u00f3rio de casa de banho satisfa\u00e7a o design da sua casa de banho e crie um estilo exclusivo.<\/li>\n<\/ul>\n<\/div>\n\n\n\n<div class=\"wp-block-column is-layout-flow wp-block-column-is-layout-flow\">\n<figure class=\"wp-block-image size-full\"><img fetchpriority=\"high\" decoding=\"async\" width=\"800\" height=\"800\" src=\"https:\/\/www.ceramicbasin.com\/wp-content\/uploads\/2025\/07\/sink-matte-finish\uff0cmatte-black-bathroom-sink\uff0cbathroom-sink-in-countertop5.webp\" alt=\"black-custom-bathroom-sink-bowls-large-ceramic-countertop-basin-wholesale-5\" class=\"wp-image-7298\" srcset=\"https:\/\/www.ceramicbasin.com\/wp-content\/uploads\/2025\/07\/sink-matte-finish\uff0cmatte-black-bathroom-sink\uff0cbathroom-sink-in-countertop5.webp 800w, https:\/\/www.ceramicbasin.com\/wp-content\/uploads\/2025\/07\/sink-matte-finish\uff0cmatte-black-bathroom-sink\uff0cbathroom-sink-in-countertop5-300x300.webp 300w, https:\/\/www.ceramicbasin.com\/wp-content\/uploads\/2025\/07\/sink-matte-finish\uff0cmatte-black-bathroom-sink\uff0cbathroom-sink-in-countertop5-150x150.webp 150w, https:\/\/www.ceramicbasin.com\/wp-content\/uploads\/2025\/07\/sink-matte-finish\uff0cmatte-black-bathroom-sink\uff0cbathroom-sink-in-countertop5-768x768.webp 768w, https:\/\/www.ceramicbasin.com\/wp-content\/uploads\/2025\/07\/sink-matte-finish\uff0cmatte-black-bathroom-sink\uff0cbathroom-sink-in-countertop5-12x12.webp 12w, https:\/\/www.ceramicbasin.com\/wp-content\/uploads\/2025\/07\/sink-matte-finish\uff0cmatte-black-bathroom-sink\uff0cbathroom-sink-in-countertop5-285x285.webp 285w, https:\/\/www.ceramicbasin.com\/wp-content\/uploads\/2025\/07\/sink-matte-finish\uff0cmatte-black-bathroom-sink\uff0cbathroom-sink-in-countertop5-270x270.webp 270w, https:\/\/www.ceramicbasin.com\/wp-content\/uploads\/2025\/07\/sink-matte-finish\uff0cmatte-black-bathroom-sink\uff0cbathroom-sink-in-countertop5-540x540.webp 540w, https:\/\/www.ceramicbasin.com\/wp-content\/uploads\/2025\/07\/sink-matte-finish\uff0cmatte-black-bathroom-sink\uff0cbathroom-sink-in-countertop5-660x660.webp 660w\" sizes=\"(max-width: 800px) 100vw, 800px\" \/><\/figure>\n<\/div>\n<\/div>\n\n\n\n<p><\/p>","protected":false},"excerpt":{"rendered":"<div class=\"highlights-border-container\" data-v-df95d256=\"\"><span class=\"highlights\" data-v-df95d256=\"\">Bem-vindo a comprar os nossos lavat\u00f3rios de casa de banho personalizados. As vendas diretas da f\u00e1brica Hanyu de bacia de bancada de banheiro de cer\u00e2mica preta personalizada s\u00e3o feitas de material cer\u00e2mico de alta qualidade, dur\u00e1vel e f\u00e1cil de limpar. Adequado para uso dom\u00e9stico e comercial, suporta design personalizado e oferece pre\u00e7os preferenciais por atacado.<\/span><\/div>\n<div class=\"text-stats\" data-v-df95d256=\"\">\u00a0<\/div>\n<table style=\"border-collapse: collapse; width: 311.02pt;\" border=\"0\" width=\"311\" cellspacing=\"0\" cellpadding=\"0\">\n<tbody>\n<tr style=\"height: 17.60pt;\">\n<td class=\"et3\" style=\"height: 17.60pt; width: 108.35pt;\" width=\"108\" height=\"17\">Fabricante<\/td>\n<td class=\"et3\" style=\"width: 202.95pt;\" width=\"202\">HanYu<\/td>\n<\/tr>\n<tr style=\"height: 17.60pt;\">\n<td class=\"et3\" style=\"height: 17.60pt;\" height=\"17\">Modelo n.<\/td>\n<td class=\"et4\">HY8058MB<\/td>\n<\/tr>\n<tr style=\"height: 36.00pt;\">\n<td class=\"et3\" style=\"height: 36.00pt;\" height=\"36\">Tipo<\/td>\n<td class=\"et5\" style=\"width: 202.95pt;\" width=\"202\">\u00a0Lavat\u00f3rio mate, Lavat\u00f3rio de bancada<\/td>\n<\/tr>\n<tr style=\"height: 17.60pt;\">\n<td class=\"et3\" style=\"height: 17.60pt;\" height=\"17\">Forma<\/td>\n<td class=\"et3\">Forma oval<\/td>\n<\/tr>\n<tr style=\"height: 18.00pt;\">\n<td class=\"et4\" style=\"height: 18.00pt;\" height=\"18\">Cor<\/td>\n<td class=\"et5\" style=\"width: 202.95pt;\" width=\"202\">Preto mate<\/td>\n<\/tr>\n<tr style=\"height: 18.00pt;\">\n<td class=\"et3\" style=\"height: 18.00pt;\" height=\"18\">Dimens\u00e3o<\/td>\n<td class=\"et5\" style=\"width: 202.95pt;\" width=\"202\">80.5*40.5*13.5<\/td>\n<\/tr>\n<tr style=\"height: 17.60pt;\">\n<td class=\"et3\" style=\"height: 17.60pt;\" height=\"17\">N.W \/SET<\/td>\n<td class=\"et3\">20KGS\/PCS<\/td>\n<\/tr>\n<tr style=\"height: 17.60pt;\">\n<td class=\"et3\" style=\"height: 17.60pt;\" height=\"17\">MOQ<\/td>\n<td class=\"et3\">20 unidades<\/td>\n<\/tr>\n<tr style=\"height: 17.60pt;\">\n<td class=\"et3\" style=\"height: 17.60pt;\" height=\"17\">Op\u00e7\u00e3o personalizada<\/td>\n<td class=\"et3\">Cor\/Patente\/Tamanho\/Logotipo\/Embalagem<\/td>\n<\/tr>\n<\/tbody>\n<\/table>","protected":false},"featured_media":7297,"comment_status":"closed","ping_status":"closed","template":"","meta":{"_acf_changed":false},"product_brand":[],"product_cat":[50,55],"product_tag":[],"class_list":{"0":"post-7293","1":"product","2":"type-product","3":"status-publish","4":"has-post-thumbnail","6":"product_cat-wholesale-countertop-sinks","7":"product_cat-wholesale-matte-sinks","9":"first","10":"instock","11":"shipping-taxable","12":"product-type-simple"},"acf":[],"_links":{"self":[{"href":"https:\/\/www.ceramicbasin.com\/pt\/wp-json\/wp\/v2\/product\/7293","targetHints":{"allow":["GET"]}}],"collection":[{"href":"https:\/\/www.ceramicbasin.com\/pt\/wp-json\/wp\/v2\/product"}],"about":[{"href":"https:\/\/www.ceramicbasin.com\/pt\/wp-json\/wp\/v2\/types\/product"}],"replies":[{"embeddable":true,"href":"https:\/\/www.ceramicbasin.com\/pt\/wp-json\/wp\/v2\/comments?post=7293"}],"wp:featuredmedia":[{"embeddable":true,"href":"https:\/\/www.ceramicbasin.com\/pt\/wp-json\/wp\/v2\/media\/7297"}],"wp:attachment":[{"href":"https:\/\/www.ceramicbasin.com\/pt\/wp-json\/wp\/v2\/media?parent=7293"}],"wp:term":[{"taxonomy":"product_brand","embeddable":true,"href":"https:\/\/www.ceramicbasin.com\/pt\/wp-json\/wp\/v2\/product_brand?post=7293"},{"taxonomy":"product_cat","embeddable":true,"href":"https:\/\/www.ceramicbasin.com\/pt\/wp-json\/wp\/v2\/product_cat?post=7293"},{"taxonomy":"product_tag","embeddable":true,"href":"https:\/\/www.ceramicbasin.com\/pt\/wp-json\/wp\/v2\/product_tag?post=7293"}],"curies":[{"name":"wp","href":"https:\/\/api.w.org\/{rel}","templated":true}]}}