{"id":7334,"date":"2025-08-01T03:23:44","date_gmt":"2025-08-01T03:23:44","guid":{"rendered":"https:\/\/www.ceramicbasin.com\/?post_type=product&#038;p=7334"},"modified":"2025-08-01T03:23:46","modified_gmt":"2025-08-01T03:23:46","slug":"wholesale-wall-mounted-basin","status":"publish","type":"product","link":"https:\/\/www.ceramicbasin.com\/pt\/produto\/wholesale-wall-mounted-basin\/","title":{"rendered":"Lavat\u00f3rios de parede por atacado, lavat\u00f3rios de cer\u00e2mica de estilo europeu"},"content":{"rendered":"<div class=\"wp-block-columns is-layout-flex wp-container-core-columns-is-layout-9d6595d7 wp-block-columns-is-layout-flex\">\n<div class=\"wp-block-column is-layout-flow wp-block-column-is-layout-flow\">\n<h2 class=\"wp-block-heading\">Lavat\u00f3rio de parede Premium Wholesale Carater\u00edsticas:<\/h2>\n\n\n\n<ul class=\"wp-block-list\">\n<li><strong>Design cl\u00e1ssico:\u00a0<\/strong>O nosso lavat\u00f3rio de montagem na parede por atacado apresenta um design cl\u00e1ssico intemporal com linhas limpas e elegantes que combinam perfeitamente com qualquer estilo de casa de banho moderno ou tradicional.<\/li>\n\n\n\n<li><strong>Artesanato de primeira qualidade:<\/strong>\u00a0Este lava-loi\u00e7a suspenso em cer\u00e2mica, fornecido pela f\u00e1brica, utiliza materiais selecionados e processos de produ\u00e7\u00e3o de precis\u00e3o para garantir que a bacia \u00e9 constru\u00edda de forma s\u00f3lida, suave, f\u00e1cil de limpar e dur\u00e1vel.<\/li>\n\n\n\n<li><strong>Diretamente da f\u00e1brica:\u00a0<\/strong>As bacias de montagem na parede por atacado da HanYu s\u00e3o vendidas diretamente por atacado a partir da f\u00e1brica, eliminando o intermedi\u00e1rio para garantir que obt\u00e9m bacias de montagem na parede de alta qualidade ao pre\u00e7o mais baixo.<\/li>\n\n\n\n<li><strong>Stock suficiente:\u00a0<\/strong>A nossa f\u00e1brica de pias de cer\u00e2mica penduradas na parede tem um grande estoque para atender \u00e0s suas ordens urgentes ou necessidades de grande volume, encurtar o tempo de espera e responder rapidamente \u00e0s necessidades do seu projeto.<\/li>\n<\/ul>\n<\/div>\n\n\n\n<div class=\"wp-block-column is-layout-flow wp-block-column-is-layout-flow\">\n<figure class=\"wp-block-image size-full\"><img fetchpriority=\"high\" decoding=\"async\" width=\"866\" height=\"866\" src=\"https:\/\/www.ceramicbasin.com\/wp-content\/uploads\/2025\/07\/European-Style-Ceramic-Vanity-SinksWall-Mounted-Sink-Wholesale-5.webp\" alt=\"Lavat\u00f3rios de parede por atacado, lavat\u00f3rios de cer\u00e2mica de estilo europeu-1\" class=\"wp-image-7339\" srcset=\"https:\/\/www.ceramicbasin.com\/wp-content\/uploads\/2025\/07\/European-Style-Ceramic-Vanity-SinksWall-Mounted-Sink-Wholesale-5.webp 866w, https:\/\/www.ceramicbasin.com\/wp-content\/uploads\/2025\/07\/European-Style-Ceramic-Vanity-SinksWall-Mounted-Sink-Wholesale-5-300x300.webp 300w, https:\/\/www.ceramicbasin.com\/wp-content\/uploads\/2025\/07\/European-Style-Ceramic-Vanity-SinksWall-Mounted-Sink-Wholesale-5-150x150.webp 150w, https:\/\/www.ceramicbasin.com\/wp-content\/uploads\/2025\/07\/European-Style-Ceramic-Vanity-SinksWall-Mounted-Sink-Wholesale-5-768x768.webp 768w, https:\/\/www.ceramicbasin.com\/wp-content\/uploads\/2025\/07\/European-Style-Ceramic-Vanity-SinksWall-Mounted-Sink-Wholesale-5-12x12.webp 12w, https:\/\/www.ceramicbasin.com\/wp-content\/uploads\/2025\/07\/European-Style-Ceramic-Vanity-SinksWall-Mounted-Sink-Wholesale-5-285x285.webp 285w, https:\/\/www.ceramicbasin.com\/wp-content\/uploads\/2025\/07\/European-Style-Ceramic-Vanity-SinksWall-Mounted-Sink-Wholesale-5-270x270.webp 270w, https:\/\/www.ceramicbasin.com\/wp-content\/uploads\/2025\/07\/European-Style-Ceramic-Vanity-SinksWall-Mounted-Sink-Wholesale-5-540x540.webp 540w, https:\/\/www.ceramicbasin.com\/wp-content\/uploads\/2025\/07\/European-Style-Ceramic-Vanity-SinksWall-Mounted-Sink-Wholesale-5-660x660.webp 660w\" sizes=\"(max-width: 866px) 100vw, 866px\" \/><\/figure>\n<\/div>\n<\/div>\n\n\n\n<p><\/p>","protected":false},"excerpt":{"rendered":"<p>Bem-vindo \u00e0 compra de lavat\u00f3rios de parede por atacado. A nossa f\u00e1brica de pias de cer\u00e2mica suspensas na parede utiliza materiais de alta qualidade e artesanato requintado para garantir a durabilidade e a conveni\u00eancia de limpeza da pia. N\u00f3s fornecemos servi\u00e7os personalizados para atender \u00e0s necessidades do projeto.<\/p>\n<table style=\"border-collapse: collapse; width: 358.52pt;\" border=\"0\" width=\"478\" cellspacing=\"0\" cellpadding=\"0\">\n<tbody>\n<tr style=\"height: 17.25pt;\">\n<td class=\"et3\" style=\"height: 17.25pt; width: 125.00pt;\" width=\"166\" height=\"23\">Fabricante<\/td>\n<td class=\"et3\" style=\"width: 234.15pt;\" width=\"312\">HanYu<\/td>\n<\/tr>\n<tr style=\"height: 17.25pt;\">\n<td class=\"et3\" style=\"height: 17.25pt;\" height=\"23\">Modelo n.<\/td>\n<td class=\"et4\">HY-3058L_R<\/td>\n<\/tr>\n<tr style=\"height: 17.25pt;\">\n<td class=\"et3\" style=\"height: 17.25pt;\" height=\"23\">Tipo<\/td>\n<td class=\"et5\" style=\"width: 234.15pt;\" width=\"312\">Lava-loi\u00e7as de parede<\/td>\n<\/tr>\n<tr style=\"height: 18.00pt;\">\n<td class=\"et3\" style=\"height: 18.00pt;\" height=\"24\">Forma<\/td>\n<td class=\"et3\">Forma quadrada<\/td>\n<\/tr>\n<tr style=\"height: 34.50pt;\">\n<td class=\"et4\" style=\"height: 34.50pt;\" height=\"46\">Cor<\/td>\n<td class=\"et5\" style=\"width: 234.15pt;\" width=\"312\">preto\/branco\/azul\/cinzento\/rosa\/verde\/castanho\/caqui<\/td>\n<\/tr>\n<tr style=\"height: 18.00pt;\">\n<td class=\"et3\" style=\"height: 18.00pt;\" height=\"24\">Dimens\u00e3o<\/td>\n<td class=\"et5\" style=\"width: 234.15pt;\" width=\"312\">50.5*27*21<\/td>\n<\/tr>\n<tr style=\"height: 17.25pt;\">\n<td class=\"et3\" style=\"height: 17.25pt;\" height=\"23\">N.W \/SET<\/td>\n<td class=\"et3\">10KGS\/PCS<\/td>\n<\/tr>\n<tr style=\"height: 17.25pt;\">\n<td class=\"et3\" style=\"height: 17.25pt;\" height=\"23\">MOQ<\/td>\n<td class=\"et3\">20 unidades<\/td>\n<\/tr>\n<tr style=\"height: 17.25pt;\">\n<td class=\"et3\" style=\"height: 17.25pt;\" height=\"23\">Op\u00e7\u00e3o personalizada<\/td>\n<td class=\"et3\">Cor\/Patente\/Tamanho\/Logotipo\/Embalagem<\/td>\n<\/tr>\n<\/tbody>\n<\/table>","protected":false},"featured_media":7336,"comment_status":"closed","ping_status":"closed","template":"","meta":{"_acf_changed":false},"product_brand":[],"product_cat":[57],"product_tag":[],"class_list":{"0":"post-7334","1":"product","2":"type-product","3":"status-publish","4":"has-post-thumbnail","6":"product_cat-wholesale-wall-mounted-sinks","8":"first","9":"instock","10":"shipping-taxable","11":"product-type-simple"},"acf":[],"_links":{"self":[{"href":"https:\/\/www.ceramicbasin.com\/pt\/wp-json\/wp\/v2\/product\/7334","targetHints":{"allow":["GET"]}}],"collection":[{"href":"https:\/\/www.ceramicbasin.com\/pt\/wp-json\/wp\/v2\/product"}],"about":[{"href":"https:\/\/www.ceramicbasin.com\/pt\/wp-json\/wp\/v2\/types\/product"}],"replies":[{"embeddable":true,"href":"https:\/\/www.ceramicbasin.com\/pt\/wp-json\/wp\/v2\/comments?post=7334"}],"wp:featuredmedia":[{"embeddable":true,"href":"https:\/\/www.ceramicbasin.com\/pt\/wp-json\/wp\/v2\/media\/7336"}],"wp:attachment":[{"href":"https:\/\/www.ceramicbasin.com\/pt\/wp-json\/wp\/v2\/media?parent=7334"}],"wp:term":[{"taxonomy":"product_brand","embeddable":true,"href":"https:\/\/www.ceramicbasin.com\/pt\/wp-json\/wp\/v2\/product_brand?post=7334"},{"taxonomy":"product_cat","embeddable":true,"href":"https:\/\/www.ceramicbasin.com\/pt\/wp-json\/wp\/v2\/product_cat?post=7334"},{"taxonomy":"product_tag","embeddable":true,"href":"https:\/\/www.ceramicbasin.com\/pt\/wp-json\/wp\/v2\/product_tag?post=7334"}],"curies":[{"name":"wp","href":"https:\/\/api.w.org\/{rel}","templated":true}]}}