{"id":7342,"date":"2025-08-01T03:17:22","date_gmt":"2025-08-01T03:17:22","guid":{"rendered":"https:\/\/www.ceramicbasin.com\/?post_type=product&#038;p=7342"},"modified":"2025-08-01T03:17:24","modified_gmt":"2025-08-01T03:17:24","slug":"wall-mount-sinks-wholesale","status":"publish","type":"product","link":"https:\/\/www.ceramicbasin.com\/pt\/produto\/wall-mount-sinks-wholesale\/","title":{"rendered":"Pias modernas de montagem na parede por atacado, bacias de fornecimento de f\u00e1brica"},"content":{"rendered":"<div class=\"wp-block-columns is-layout-flex wp-container-core-columns-is-layout-9d6595d7 wp-block-columns-is-layout-flex\">\n<div class=\"wp-block-column is-layout-flow wp-block-column-is-layout-flow\">\n<h2 class=\"wp-block-heading\">Pias de montagem na parede Premium Carater\u00edsticas por atacado:<\/h2>\n\n\n\n<ul class=\"wp-block-list\">\n<li><strong>Conce\u00e7\u00e3o da otimiza\u00e7\u00e3o do espa\u00e7o: <\/strong>Estes lavat\u00f3rios de cer\u00e2mica para montagem na parede, compridos e estreitos, s\u00e3o particularmente adequados para pequenas casas de banho, melhorando a utiliza\u00e7\u00e3o do espa\u00e7o.<\/li>\n\n\n\n<li><strong>Fabricado em porcelana de alta qualidade: <\/strong>A nossa f\u00e1brica fornece lavat\u00f3rios feitos de barro de porcelana de alta qualidade e s\u00e3o cozidos a altas temperaturas para garantir que os lavat\u00f3rios t\u00eam uma textura s\u00f3lida, uma superf\u00edcie lisa, s\u00e3o f\u00e1ceis de limpar e t\u00eam um brilho duradouro.<\/li>\n\n\n\n<li><strong>Instala\u00e7\u00e3o na parede:<\/strong> Estes lavat\u00f3rios fornecidos pela f\u00e1brica n\u00e3o s\u00f3 poupam espa\u00e7o, como tamb\u00e9m facilitam a limpeza do ch\u00e3o por baixo, mantendo a casa de banho arrumada e criando um ambiente de utiliza\u00e7\u00e3o refrescante.<\/li>\n\n\n\n<li><strong>Poupan\u00e7a de custos na compra em massa:<\/strong> Como grossista de lava-loi\u00e7as de cer\u00e2mica para montagem na parede, a HanYu pode fornecer-lhe pre\u00e7os de compra competitivos para o ajudar a controlar eficazmente os custos de decora\u00e7\u00e3o sem sacrificar a qualidade.<\/li>\n<\/ul>\n<\/div>\n\n\n\n<div class=\"wp-block-column is-layout-flow wp-block-column-is-layout-flow\">\n<figure class=\"wp-block-image size-full\"><img fetchpriority=\"high\" decoding=\"async\" width=\"914\" height=\"914\" src=\"https:\/\/www.ceramicbasin.com\/wp-content\/uploads\/2025\/07\/Wholesale-Modern-Wall-Mount-SinksFactory-Supply-Wash-Basins-2.webp\" alt=\"Pias modernas de montagem na parede por atacado, bacias de fornecimento de f\u00e1brica-1\" class=\"wp-image-7344\" srcset=\"https:\/\/www.ceramicbasin.com\/wp-content\/uploads\/2025\/07\/Wholesale-Modern-Wall-Mount-SinksFactory-Supply-Wash-Basins-2.webp 914w, https:\/\/www.ceramicbasin.com\/wp-content\/uploads\/2025\/07\/Wholesale-Modern-Wall-Mount-SinksFactory-Supply-Wash-Basins-2-300x300.webp 300w, https:\/\/www.ceramicbasin.com\/wp-content\/uploads\/2025\/07\/Wholesale-Modern-Wall-Mount-SinksFactory-Supply-Wash-Basins-2-150x150.webp 150w, https:\/\/www.ceramicbasin.com\/wp-content\/uploads\/2025\/07\/Wholesale-Modern-Wall-Mount-SinksFactory-Supply-Wash-Basins-2-768x768.webp 768w, https:\/\/www.ceramicbasin.com\/wp-content\/uploads\/2025\/07\/Wholesale-Modern-Wall-Mount-SinksFactory-Supply-Wash-Basins-2-12x12.webp 12w, https:\/\/www.ceramicbasin.com\/wp-content\/uploads\/2025\/07\/Wholesale-Modern-Wall-Mount-SinksFactory-Supply-Wash-Basins-2-285x285.webp 285w, https:\/\/www.ceramicbasin.com\/wp-content\/uploads\/2025\/07\/Wholesale-Modern-Wall-Mount-SinksFactory-Supply-Wash-Basins-2-270x270.webp 270w, https:\/\/www.ceramicbasin.com\/wp-content\/uploads\/2025\/07\/Wholesale-Modern-Wall-Mount-SinksFactory-Supply-Wash-Basins-2-540x540.webp 540w, https:\/\/www.ceramicbasin.com\/wp-content\/uploads\/2025\/07\/Wholesale-Modern-Wall-Mount-SinksFactory-Supply-Wash-Basins-2-660x660.webp 660w\" sizes=\"(max-width: 914px) 100vw, 914px\" \/><\/figure>\n<\/div>\n<\/div>\n\n\n\n<p><\/p>","protected":false},"excerpt":{"rendered":"<p>Bem-vindo \u00e0 compra de lavat\u00f3rios de f\u00e1brica. Os nossos lavat\u00f3rios de cer\u00e2mica para montagem na parede s\u00e3o concebidos para pequenas casas de banho que procuram praticidade e beleza. A sele\u00e7\u00e3o de materiais cer\u00e2micos superiores garante que o nosso lavat\u00f3rio de parede tem uma excelente durabilidade e beleza.<\/p>\n<table style=\"border-collapse: collapse; width: 358.52pt;\" border=\"0\" width=\"478\" cellspacing=\"0\" cellpadding=\"0\">\n<tbody>\n<tr style=\"height: 17.25pt;\">\n<td class=\"et3\" style=\"height: 17.25pt; width: 125.00pt;\" width=\"166\" height=\"23\">Fabricante<\/td>\n<td class=\"et3\" style=\"width: 234.15pt;\" width=\"312\">HanYu<\/td>\n<\/tr>\n<tr style=\"height: 17.25pt;\">\n<td class=\"et3\" style=\"height: 17.25pt;\" height=\"23\">Modelo n.<\/td>\n<td class=\"et4\">HY-3059<\/td>\n<\/tr>\n<tr style=\"height: 17.25pt;\">\n<td class=\"et3\" style=\"height: 17.25pt;\" height=\"23\">Tipo<\/td>\n<td class=\"et5\" style=\"width: 234.15pt;\" width=\"312\">Lava-loi\u00e7as de parede<\/td>\n<\/tr>\n<tr style=\"height: 18.00pt;\">\n<td class=\"et3\" style=\"height: 18.00pt;\" height=\"24\">Forma<\/td>\n<td class=\"et3\">Forma retangular<\/td>\n<\/tr>\n<tr style=\"height: 34.50pt;\">\n<td class=\"et4\" style=\"height: 34.50pt;\" height=\"46\">Cor<\/td>\n<td class=\"et5\" style=\"width: 234.15pt;\" width=\"312\">preto\/branco\/azul\/cinzento\/rosa\/verde\/castanho\/caqui<\/td>\n<\/tr>\n<tr style=\"height: 18.00pt;\">\n<td class=\"et3\" style=\"height: 18.00pt;\" height=\"24\">Dimens\u00e3o<\/td>\n<td class=\"et5\" style=\"width: 234.15pt;\" width=\"312\">40.5*27*21<\/td>\n<\/tr>\n<tr style=\"height: 17.25pt;\">\n<td class=\"et3\" style=\"height: 17.25pt;\" height=\"23\">N.W \/SET<\/td>\n<td class=\"et3\">8.5KGS\/PCS<\/td>\n<\/tr>\n<tr style=\"height: 17.25pt;\">\n<td class=\"et3\" style=\"height: 17.25pt;\" height=\"23\">MOQ<\/td>\n<td class=\"et3\">20 unidades<\/td>\n<\/tr>\n<tr style=\"height: 17.25pt;\">\n<td class=\"et3\" style=\"height: 17.25pt;\" height=\"23\">Op\u00e7\u00e3o personalizada<\/td>\n<td class=\"et3\">Cor\/Patente\/Tamanho\/Logotipo\/Embalagem<\/td>\n<\/tr>\n<\/tbody>\n<\/table>","protected":false},"featured_media":7348,"comment_status":"closed","ping_status":"closed","template":"","meta":{"_acf_changed":false},"product_brand":[],"product_cat":[57],"product_tag":[],"class_list":{"0":"post-7342","1":"product","2":"type-product","3":"status-publish","4":"has-post-thumbnail","6":"product_cat-wholesale-wall-mounted-sinks","8":"first","9":"instock","10":"shipping-taxable","11":"product-type-simple"},"acf":[],"_links":{"self":[{"href":"https:\/\/www.ceramicbasin.com\/pt\/wp-json\/wp\/v2\/product\/7342","targetHints":{"allow":["GET"]}}],"collection":[{"href":"https:\/\/www.ceramicbasin.com\/pt\/wp-json\/wp\/v2\/product"}],"about":[{"href":"https:\/\/www.ceramicbasin.com\/pt\/wp-json\/wp\/v2\/types\/product"}],"replies":[{"embeddable":true,"href":"https:\/\/www.ceramicbasin.com\/pt\/wp-json\/wp\/v2\/comments?post=7342"}],"wp:featuredmedia":[{"embeddable":true,"href":"https:\/\/www.ceramicbasin.com\/pt\/wp-json\/wp\/v2\/media\/7348"}],"wp:attachment":[{"href":"https:\/\/www.ceramicbasin.com\/pt\/wp-json\/wp\/v2\/media?parent=7342"}],"wp:term":[{"taxonomy":"product_brand","embeddable":true,"href":"https:\/\/www.ceramicbasin.com\/pt\/wp-json\/wp\/v2\/product_brand?post=7342"},{"taxonomy":"product_cat","embeddable":true,"href":"https:\/\/www.ceramicbasin.com\/pt\/wp-json\/wp\/v2\/product_cat?post=7342"},{"taxonomy":"product_tag","embeddable":true,"href":"https:\/\/www.ceramicbasin.com\/pt\/wp-json\/wp\/v2\/product_tag?post=7342"}],"curies":[{"name":"wp","href":"https:\/\/api.w.org\/{rel}","templated":true}]}}