{"id":7356,"date":"2025-08-01T02:59:03","date_gmt":"2025-08-01T02:59:03","guid":{"rendered":"https:\/\/www.ceramicbasin.com\/?post_type=product&#038;p=7356"},"modified":"2025-08-01T02:59:06","modified_gmt":"2025-08-01T02:59:06","slug":"wholesale-wall-mount-corner-sink","status":"publish","type":"product","link":"https:\/\/www.ceramicbasin.com\/pt\/produto\/wholesale-wall-mount-corner-sink\/","title":{"rendered":"Lavat\u00f3rios de canto de montagem na parede por atacado, bacias de design cl\u00e1ssico"},"content":{"rendered":"<div class=\"wp-block-columns is-layout-flex wp-container-core-columns-is-layout-9d6595d7 wp-block-columns-is-layout-flex\">\n<div class=\"wp-block-column is-layout-flow wp-block-column-is-layout-flow\">\n<h2 class=\"wp-block-heading\">Carater\u00edsticas do lavat\u00f3rio de canto de montagem na parede Premium Wholesale:<\/h2>\n\n\n\n<ul class=\"wp-block-list\">\n<li><strong>Tratamento de esmalte f\u00e1cil de limpar:<\/strong>\u00a0A superf\u00edcie desta bacia de cer\u00e2mica suspensa na parede adopta uma tecnologia especial de esmalte f\u00e1cil de limpar, que \u00e9 suave e delicada, as manchas n\u00e3o s\u00e3o f\u00e1ceis de aderir e s\u00e3o f\u00e1ceis de limpar.<\/li>\n\n\n\n<li><strong>Alta qualidade e durabilidade: <\/strong>Os nossos lavat\u00f3rios de canto para montagem na parede por atacado s\u00e3o feitos de material cer\u00e2mico de alta qualidade, e a superf\u00edcie \u00e9 resistente a riscos e a manchas. N\u00e3o acumula \u00e1gua ou manchas residuais facilmente.<\/li>\n\n\n\n<li><strong>F\u00e1cil de instalar:<\/strong> Esta bacia de cer\u00e2mica suspensa na parede \u00e9 completa com acess\u00f3rios e passos de instala\u00e7\u00e3o simplificados. S\u00e3o adequados para espa\u00e7os residenciais, hoteleiros e comerciais e satisfazem v\u00e1rias necessidades de disposi\u00e7\u00e3o e decora\u00e7\u00e3o de casas de banho.<\/li>\n\n\n\n<li><strong>Optimiza a disposi\u00e7\u00e3o da casa de banho: <\/strong>O nosso lavat\u00f3rio de canto de montagem na parede por atacado optimiza a disposi\u00e7\u00e3o da casa de banho com uma estrutura triangular de montagem na parede que poupa espa\u00e7o. O estilo de design moderno e simples \u00e9 adequado para uma variedade de estilos decorativos e \u00e9 uma escolha ideal para espa\u00e7os compactos.<\/li>\n<\/ul>\n<\/div>\n\n\n\n<div class=\"wp-block-column is-layout-flow wp-block-column-is-layout-flow\">\n<figure class=\"wp-block-image size-full\"><img fetchpriority=\"high\" decoding=\"async\" width=\"912\" height=\"912\" src=\"https:\/\/www.ceramicbasin.com\/wp-content\/uploads\/2025\/07\/Classical-Design-Sanitary-Corner-Wall-Hung-Basin-Triangle-Shape-Basin-6.webp\" alt=\"Lavat\u00f3rios de canto de montagem na parede por atacado, bacias de design cl\u00e1ssico-1\" class=\"wp-image-7362\" srcset=\"https:\/\/www.ceramicbasin.com\/wp-content\/uploads\/2025\/07\/Classical-Design-Sanitary-Corner-Wall-Hung-Basin-Triangle-Shape-Basin-6.webp 912w, https:\/\/www.ceramicbasin.com\/wp-content\/uploads\/2025\/07\/Classical-Design-Sanitary-Corner-Wall-Hung-Basin-Triangle-Shape-Basin-6-300x300.webp 300w, https:\/\/www.ceramicbasin.com\/wp-content\/uploads\/2025\/07\/Classical-Design-Sanitary-Corner-Wall-Hung-Basin-Triangle-Shape-Basin-6-150x150.webp 150w, https:\/\/www.ceramicbasin.com\/wp-content\/uploads\/2025\/07\/Classical-Design-Sanitary-Corner-Wall-Hung-Basin-Triangle-Shape-Basin-6-768x768.webp 768w, https:\/\/www.ceramicbasin.com\/wp-content\/uploads\/2025\/07\/Classical-Design-Sanitary-Corner-Wall-Hung-Basin-Triangle-Shape-Basin-6-12x12.webp 12w, https:\/\/www.ceramicbasin.com\/wp-content\/uploads\/2025\/07\/Classical-Design-Sanitary-Corner-Wall-Hung-Basin-Triangle-Shape-Basin-6-285x285.webp 285w, https:\/\/www.ceramicbasin.com\/wp-content\/uploads\/2025\/07\/Classical-Design-Sanitary-Corner-Wall-Hung-Basin-Triangle-Shape-Basin-6-270x270.webp 270w, https:\/\/www.ceramicbasin.com\/wp-content\/uploads\/2025\/07\/Classical-Design-Sanitary-Corner-Wall-Hung-Basin-Triangle-Shape-Basin-6-540x540.webp 540w, https:\/\/www.ceramicbasin.com\/wp-content\/uploads\/2025\/07\/Classical-Design-Sanitary-Corner-Wall-Hung-Basin-Triangle-Shape-Basin-6-660x660.webp 660w\" sizes=\"(max-width: 912px) 100vw, 912px\" \/><\/figure>\n<\/div>\n<\/div>","protected":false},"excerpt":{"rendered":"<p>Bem-vindo ao comprar lavat\u00f3rio de cer\u00e2mica por atacado. O nosso lavat\u00f3rio de canto de montagem na parede por atacado optimiza a disposi\u00e7\u00e3o da casa de banho com uma estrutura triangular de montagem na parede que poupa espa\u00e7o. O estilo de design moderno e simples \u00e9 adequado para uma variedade de estilos decorativos e \u00e9 uma escolha ideal para espa\u00e7os compactos.<\/p>\n<table style=\"border-collapse: collapse; width: 311.02pt;\" border=\"0\" width=\"311\" cellspacing=\"0\" cellpadding=\"0\">\n<tbody>\n<tr style=\"height: 17.60pt;\">\n<td class=\"et3\" style=\"height: 17.60pt; width: 108.35pt;\" width=\"108\" height=\"17\">Fabricante<\/td>\n<td class=\"et3\" style=\"width: 202.95pt;\" width=\"202\">HanYu<\/td>\n<\/tr>\n<tr style=\"height: 17.60pt;\">\n<td class=\"et3\" style=\"height: 17.60pt;\" height=\"17\">Modelo n.<\/td>\n<td class=\"et4\">HY3061<\/td>\n<\/tr>\n<tr style=\"height: 17.60pt;\">\n<td class=\"et3\" style=\"height: 17.60pt;\" height=\"17\">Tipo<\/td>\n<td class=\"et3\">Lavat\u00f3rio de parede<\/td>\n<\/tr>\n<tr style=\"height: 17.60pt;\">\n<td class=\"et3\" style=\"height: 17.60pt;\" height=\"17\">Forma<\/td>\n<td class=\"et2\">Forma de tri\u00e2ngulo<\/td>\n<\/tr>\n<tr style=\"height: 17.60pt;\">\n<td class=\"et4\" style=\"height: 17.60pt;\" height=\"17\">Cor<\/td>\n<td class=\"et3\">Branco<\/td>\n<\/tr>\n<tr style=\"height: 18.00pt;\">\n<td class=\"et3\" style=\"height: 18.00pt;\" height=\"18\">Dimens\u00e3o<\/td>\n<td class=\"et5\" style=\"width: 202.95pt;\" width=\"202\">31*31*19.5<\/td>\n<\/tr>\n<tr style=\"height: 17.60pt;\">\n<td class=\"et3\" style=\"height: 17.60pt;\" height=\"17\">N.W \/SET<\/td>\n<td class=\"et3\">7.5KGS\/PCS<\/td>\n<\/tr>\n<tr style=\"height: 17.60pt;\">\n<td class=\"et3\" style=\"height: 17.60pt;\" height=\"17\">MOQ<\/td>\n<td class=\"et3\">20 unidades<\/td>\n<\/tr>\n<tr style=\"height: 17.60pt;\">\n<td class=\"et3\" style=\"height: 17.60pt;\" height=\"17\">Op\u00e7\u00e3o personalizada<\/td>\n<td class=\"et3\">Cor\/Patente\/Tamanho\/Logotipo\/Embalagem<\/td>\n<\/tr>\n<\/tbody>\n<\/table>","protected":false},"featured_media":7361,"comment_status":"closed","ping_status":"closed","template":"","meta":{"_acf_changed":false},"product_brand":[],"product_cat":[57],"product_tag":[],"class_list":{"0":"post-7356","1":"product","2":"type-product","3":"status-publish","4":"has-post-thumbnail","6":"product_cat-wholesale-wall-mounted-sinks","8":"first","9":"instock","10":"shipping-taxable","11":"product-type-simple"},"acf":[],"_links":{"self":[{"href":"https:\/\/www.ceramicbasin.com\/pt\/wp-json\/wp\/v2\/product\/7356","targetHints":{"allow":["GET"]}}],"collection":[{"href":"https:\/\/www.ceramicbasin.com\/pt\/wp-json\/wp\/v2\/product"}],"about":[{"href":"https:\/\/www.ceramicbasin.com\/pt\/wp-json\/wp\/v2\/types\/product"}],"replies":[{"embeddable":true,"href":"https:\/\/www.ceramicbasin.com\/pt\/wp-json\/wp\/v2\/comments?post=7356"}],"wp:featuredmedia":[{"embeddable":true,"href":"https:\/\/www.ceramicbasin.com\/pt\/wp-json\/wp\/v2\/media\/7361"}],"wp:attachment":[{"href":"https:\/\/www.ceramicbasin.com\/pt\/wp-json\/wp\/v2\/media?parent=7356"}],"wp:term":[{"taxonomy":"product_brand","embeddable":true,"href":"https:\/\/www.ceramicbasin.com\/pt\/wp-json\/wp\/v2\/product_brand?post=7356"},{"taxonomy":"product_cat","embeddable":true,"href":"https:\/\/www.ceramicbasin.com\/pt\/wp-json\/wp\/v2\/product_cat?post=7356"},{"taxonomy":"product_tag","embeddable":true,"href":"https:\/\/www.ceramicbasin.com\/pt\/wp-json\/wp\/v2\/product_tag?post=7356"}],"curies":[{"name":"wp","href":"https:\/\/api.w.org\/{rel}","templated":true}]}}