{"id":7373,"date":"2025-08-07T08:58:46","date_gmt":"2025-08-07T08:58:46","guid":{"rendered":"https:\/\/www.ceramicbasin.com\/?post_type=product&#038;p=7373"},"modified":"2025-11-05T03:11:39","modified_gmt":"2025-11-05T03:11:39","slug":"wholesale-modern-countertop-basin","status":"publish","type":"product","link":"https:\/\/www.ceramicbasin.com\/pt\/produto\/wholesale-modern-countertop-basin\/","title":{"rendered":"Lavat\u00f3rio de bancada moderno por atacado, lavat\u00f3rio de toucador retangular"},"content":{"rendered":"<div class=\"wp-block-columns is-layout-flex wp-container-core-columns-is-layout-9d6595d7 wp-block-columns-is-layout-flex\">\n<div class=\"wp-block-column is-layout-flow wp-block-column-is-layout-flow\">\n<h2 class=\"wp-block-heading\">Bacia de bancada moderna por atacado Premium Carater\u00edsticas:<\/h2>\n\n\n\n<ul class=\"wp-block-list\">\n<li><strong>Design cl\u00e1ssico retangular: <\/strong>Este lavat\u00f3rio de bancada de casa de banho personalizado adopta um design retangular cl\u00e1ssico, com linhas simples e elegantes e uma forma cl\u00e1ssica e vers\u00e1til, adequada a v\u00e1rios estilos de casa de banho, acrescentando um temperamento moderno e elegante ao espa\u00e7o de banho.<\/li>\n\n\n\n<li><strong>Material de alta qualidade: <\/strong>Feito de materiais cer\u00e2micos de alta qualidade, cozido a alta temperatura, para tornar a nossa bacia de bancada moderna por atacado robusta, resistente, \u00e0 prova de manchas e \u00e0 prova de arranh\u00f5es. A superf\u00edcie clara n\u00e3o s\u00f3 \u00e9 conveniente para limpar, mas tamb\u00e9m se torna dur\u00e1vel e brilhante por muito tempo, fazendo com que a casa de banho tenha um temperamento de alta qualidade.<\/li>\n\n\n\n<li><strong>Design moderno e minimalista: <\/strong>Estes lava-lou\u00e7as em cer\u00e2mica, feitos \u00e0 m\u00e3o, t\u00eam arestas rectas, limpas e quadradas que criam uma afirma\u00e7\u00e3o visual clara e n\u00edtida, adequada a estilos de casa de banho modernos, n\u00f3rdicos, minimalistas e outros. O esmalte na superf\u00edcie \u00e9 plano, uniforme, \u00e0 prova de riscos, \u00e0 prova de manchas, f\u00e1cil de limpar e mant\u00e9m o seu acabamento branco brilhante ap\u00f3s uma utiliza\u00e7\u00e3o prolongada.<\/li>\n\n\n\n<li><strong>Personaliza\u00e7\u00e3o profissional:<\/strong> A Hanyu oferece uma variedade de op\u00e7\u00f5es de personaliza\u00e7\u00e3o para bacias de bancada modernas por atacado. Quer se trate de cor, forma ou textura, pode atender \u00e0s suas necessidades e fornecer-lhe produtos de bacia de cer\u00e2mica por atacado mais competitivos.<\/li>\n<\/ul>\n<\/div>\n\n\n\n<div class=\"wp-block-column is-layout-flow wp-block-column-is-layout-flow\">\n<figure class=\"wp-block-image size-full\"><img fetchpriority=\"high\" decoding=\"async\" width=\"634\" height=\"855\" src=\"https:\/\/www.ceramicbasin.com\/wp-content\/uploads\/2025\/08\/Wholesales-Sanitary-Ware-Basin-5.webp\" alt=\"grossista-moderno-countertop-basin-hotel-cer\u00e2mica-lavat\u00f3rio-do-banheiro-personalizado-5\" class=\"wp-image-7418\" srcset=\"https:\/\/www.ceramicbasin.com\/wp-content\/uploads\/2025\/08\/Wholesales-Sanitary-Ware-Basin-5.webp 634w, https:\/\/www.ceramicbasin.com\/wp-content\/uploads\/2025\/08\/Wholesales-Sanitary-Ware-Basin-5-222x300.webp 222w, https:\/\/www.ceramicbasin.com\/wp-content\/uploads\/2025\/08\/Wholesales-Sanitary-Ware-Basin-5-9x12.webp 9w, https:\/\/www.ceramicbasin.com\/wp-content\/uploads\/2025\/08\/Wholesales-Sanitary-Ware-Basin-5-285x384.webp 285w, https:\/\/www.ceramicbasin.com\/wp-content\/uploads\/2025\/08\/Wholesales-Sanitary-Ware-Basin-5-489x660.webp 489w, https:\/\/www.ceramicbasin.com\/wp-content\/uploads\/2025\/08\/Wholesales-Sanitary-Ware-Basin-5-111x150.webp 111w\" sizes=\"(max-width: 634px) 100vw, 634px\" \/><\/figure>\n<\/div>\n<\/div>","protected":false},"excerpt":{"rendered":"<div class=\"highlights-border-container\" data-v-944c06bb=\"\"><span class=\"highlights\" data-v-944c06bb=\"\">Bem-vindo ao comprar o lavat\u00f3rio de bancada moderno por atacado da HanYu. Este lavat\u00f3rio quadrado de cer\u00e2mica branca \u00e9 feito usando tecnologia de queima de alta temperatura, com uma superf\u00edcie de esmalte suave e delicada que oferece excelente resist\u00eancia a manchas e arranh\u00f5es, tornando-o f\u00e1cil de limpar e mantendo-o com apar\u00eancia de novo por muito tempo. Oferecemos pre\u00e7os muito competitivos para satisfazer as suas necessidades de compra de lavat\u00f3rios de casa de banho.<\/span><\/div>\n<div class=\"text-stats\" data-v-944c06bb=\"\">\n<div class=\"stats\" data-v-944c06bb=\"\"><span class=\"highlights-note\" data-v-944c06bb=\"\">\u00a0<\/span><\/div>\n<\/div>\n<table style=\"border-collapse: collapse; width: 311.02pt;\" border=\"0\" width=\"311\" cellspacing=\"0\" cellpadding=\"0\">\n<tbody>\n<tr style=\"height: 17.60pt;\">\n<td class=\"et3\" style=\"height: 17.60pt; width: 108.35pt;\" width=\"108\" height=\"17\">Fabricante<\/td>\n<td class=\"et3\" style=\"width: 202.95pt;\" width=\"202\">HanYu<\/td>\n<\/tr>\n<tr style=\"height: 17.60pt;\">\n<td class=\"et3\" style=\"height: 17.60pt;\" height=\"17\">Modelo n.<\/td>\n<td class=\"et4\">HY-8064-45<\/td>\n<\/tr>\n<tr style=\"height: 17.60pt;\">\n<td class=\"et3\" style=\"height: 17.60pt;\" height=\"17\">Tipo<\/td>\n<td class=\"et3\">Lavat\u00f3rio de bancada<\/td>\n<\/tr>\n<tr style=\"height: 17.60pt;\">\n<td class=\"et3\" style=\"height: 17.60pt;\" height=\"17\">Forma<\/td>\n<td class=\"et3\">Forma retangular<\/td>\n<\/tr>\n<tr style=\"height: 17.60pt;\">\n<td class=\"et4\" style=\"height: 17.60pt;\" height=\"17\">Cor<\/td>\n<td class=\"et3\">Branco<\/td>\n<\/tr>\n<tr style=\"height: 18.00pt;\">\n<td class=\"et3\" style=\"height: 18.00pt;\" height=\"18\">Dimens\u00e3o<\/td>\n<td class=\"et5\" style=\"width: 202.95pt;\" width=\"202\">45*38*11<\/td>\n<\/tr>\n<tr style=\"height: 17.60pt;\">\n<td class=\"et3\" style=\"height: 17.60pt;\" height=\"17\">N.W \/SET<\/td>\n<td class=\"et3\">8KGS\/PCS<\/td>\n<\/tr>\n<tr style=\"height: 17.60pt;\">\n<td class=\"et3\" style=\"height: 17.60pt;\" height=\"17\">MOQ<\/td>\n<td class=\"et3\">20 unidades<\/td>\n<\/tr>\n<tr style=\"height: 17.60pt;\">\n<td class=\"et3\" style=\"height: 17.60pt;\" height=\"17\">Op\u00e7\u00e3o personalizada<\/td>\n<td class=\"et3\">Cor\/Patente\/Tamanho\/Logotipo\/Embalagem<\/td>\n<\/tr>\n<\/tbody>\n<\/table>","protected":false},"featured_media":7419,"comment_status":"closed","ping_status":"closed","template":"","meta":{"_acf_changed":false},"product_brand":[],"product_cat":[50],"product_tag":[],"class_list":{"0":"post-7373","1":"product","2":"type-product","3":"status-publish","4":"has-post-thumbnail","6":"product_cat-wholesale-countertop-sinks","8":"first","9":"instock","10":"shipping-taxable","11":"product-type-simple"},"acf":[],"_links":{"self":[{"href":"https:\/\/www.ceramicbasin.com\/pt\/wp-json\/wp\/v2\/product\/7373","targetHints":{"allow":["GET"]}}],"collection":[{"href":"https:\/\/www.ceramicbasin.com\/pt\/wp-json\/wp\/v2\/product"}],"about":[{"href":"https:\/\/www.ceramicbasin.com\/pt\/wp-json\/wp\/v2\/types\/product"}],"replies":[{"embeddable":true,"href":"https:\/\/www.ceramicbasin.com\/pt\/wp-json\/wp\/v2\/comments?post=7373"}],"wp:featuredmedia":[{"embeddable":true,"href":"https:\/\/www.ceramicbasin.com\/pt\/wp-json\/wp\/v2\/media\/7419"}],"wp:attachment":[{"href":"https:\/\/www.ceramicbasin.com\/pt\/wp-json\/wp\/v2\/media?parent=7373"}],"wp:term":[{"taxonomy":"product_brand","embeddable":true,"href":"https:\/\/www.ceramicbasin.com\/pt\/wp-json\/wp\/v2\/product_brand?post=7373"},{"taxonomy":"product_cat","embeddable":true,"href":"https:\/\/www.ceramicbasin.com\/pt\/wp-json\/wp\/v2\/product_cat?post=7373"},{"taxonomy":"product_tag","embeddable":true,"href":"https:\/\/www.ceramicbasin.com\/pt\/wp-json\/wp\/v2\/product_tag?post=7373"}],"curies":[{"name":"wp","href":"https:\/\/api.w.org\/{rel}","templated":true}]}}