{"id":7381,"date":"2025-08-07T09:21:35","date_gmt":"2025-08-07T09:21:35","guid":{"rendered":"https:\/\/www.ceramicbasin.com\/?post_type=product&#038;p=7381"},"modified":"2025-11-03T07:24:19","modified_gmt":"2025-11-03T07:24:19","slug":"custom-modern-countertop-basin","status":"publish","type":"product","link":"https:\/\/www.ceramicbasin.com\/pt\/produto\/custom-modern-countertop-basin\/","title":{"rendered":"Bacia de bancada moderna personalizada, pias de cer\u00e2mica por atacado"},"content":{"rendered":"<div class=\"wp-block-columns is-layout-flex wp-container-core-columns-is-layout-9d6595d7 wp-block-columns-is-layout-flex\">\n<div class=\"wp-block-column is-layout-flow wp-block-column-is-layout-flow\">\n<h2 class=\"wp-block-heading\">Carater\u00edsticas da bacia de bancada moderna personalizada Premium:<\/h2>\n\n\n\n<ul class=\"wp-block-list\">\n<li><strong>Design retangular moderno:<\/strong> Este lavat\u00f3rio de bancada moderno personalizado adopta um design retangular simples e elegante, com linhas suaves e estilo moderno. Pode combinar perfeitamente com v\u00e1rios estilos de decora\u00e7\u00e3o de casa de banho, acrescentando eleg\u00e2ncia e modernidade ao espa\u00e7o de banho.<\/li>\n\n\n\n<li><strong>Design de grandes dimens\u00f5es: <\/strong>O lavat\u00f3rio de bancada personalizado de grandes dimens\u00f5es satisfaz a procura de um espa\u00e7o de lavat\u00f3rio espa\u00e7oso. N\u00e3o s\u00f3 \u00e9 pr\u00e1tico, como tamb\u00e9m pode melhorar a qualidade geral e o conforto da casa de banho. \u00c9 adequado para casas e hot\u00e9is de luxo.<\/li>\n\n\n\n<li><strong>Op\u00e7\u00f5es personalizadas: <\/strong>A HanYu oferece servi\u00e7os personalizados de bacias de bancada modernas, fornecendo uma variedade de tamanhos, cores e texturas de acordo com as necessidades do cliente, atendendo a diferentes designs de casas de banho e prefer\u00eancias pessoais, e criando um espa\u00e7o de casa de banho \u00fanico para si.<\/li>\n\n\n\n<li><strong>Pre\u00e7o por grosso: <\/strong>A nossa pia de vaso personalizada a granel \u00e9 vendida a um pre\u00e7o grossista direto de f\u00e1brica para obter mais espa\u00e7o de lucro para os clientes. Bem-vindo aos compradores B2B para compras a granel.<\/li>\n<\/ul>\n<\/div>\n\n\n\n<div class=\"wp-block-column is-layout-flow wp-block-column-is-layout-flow\">\n<figure class=\"wp-block-image size-full\"><img fetchpriority=\"high\" decoding=\"async\" width=\"757\" height=\"857\" src=\"https:\/\/www.ceramicbasin.com\/wp-content\/uploads\/2025\/08\/Table-Top-Hand-Wash-Basin-5.webp\" alt=\"lavat\u00f3rios de bancada modernos e personalizados, lavat\u00f3rios rectangulares, lavat\u00f3rios de cer\u00e2mica para venda-5\" class=\"wp-image-7412\" srcset=\"https:\/\/www.ceramicbasin.com\/wp-content\/uploads\/2025\/08\/Table-Top-Hand-Wash-Basin-5.webp 757w, https:\/\/www.ceramicbasin.com\/wp-content\/uploads\/2025\/08\/Table-Top-Hand-Wash-Basin-5-265x300.webp 265w, https:\/\/www.ceramicbasin.com\/wp-content\/uploads\/2025\/08\/Table-Top-Hand-Wash-Basin-5-11x12.webp 11w, https:\/\/www.ceramicbasin.com\/wp-content\/uploads\/2025\/08\/Table-Top-Hand-Wash-Basin-5-285x323.webp 285w, https:\/\/www.ceramicbasin.com\/wp-content\/uploads\/2025\/08\/Table-Top-Hand-Wash-Basin-5-583x660.webp 583w, https:\/\/www.ceramicbasin.com\/wp-content\/uploads\/2025\/08\/Table-Top-Hand-Wash-Basin-5-132x150.webp 132w\" sizes=\"(max-width: 757px) 100vw, 757px\" \/><\/figure>\n<\/div>\n<\/div>","protected":false},"excerpt":{"rendered":"<p>Bem-vindo ao comprar estes lavat\u00f3rios de bancada modernos e personalizados. Este grande lavat\u00f3rio retangular personalizado \u00e9 dur\u00e1vel e bonito, perfeitamente adequado para v\u00e1rios estilos de casa de banho, e \u00e9 vendido por atacado a um pre\u00e7o muito competitivo. N\u00e3o \u00e9 apenas pr\u00e1tico, mas tamb\u00e9m pode melhorar a qualidade geral e o conforto da casa de banho. \u00c9 adequado para casa e hot\u00e9is de luxo.<\/p>\n<table style=\"border-collapse: collapse; width: 311.02pt;\" border=\"0\" width=\"311\" cellspacing=\"0\" cellpadding=\"0\">\n<tbody>\n<tr style=\"height: 17.60pt;\">\n<td class=\"et3\" style=\"height: 17.60pt; width: 108.35pt;\" width=\"108\" height=\"17\">Fabricante<\/td>\n<td class=\"et3\" style=\"width: 202.95pt;\" width=\"202\">HanYu<\/td>\n<\/tr>\n<tr style=\"height: 17.60pt;\">\n<td class=\"et3\" style=\"height: 17.60pt;\" height=\"17\">Modelo n.<\/td>\n<td class=\"et4\">HY-8064-65<\/td>\n<\/tr>\n<tr style=\"height: 17.60pt;\">\n<td class=\"et3\" style=\"height: 17.60pt;\" height=\"17\">Tipo<\/td>\n<td class=\"et3\">Lavat\u00f3rio de bancada<\/td>\n<\/tr>\n<tr style=\"height: 17.60pt;\">\n<td class=\"et3\" style=\"height: 17.60pt;\" height=\"17\">Forma<\/td>\n<td class=\"et3\">Forma retangular<\/td>\n<\/tr>\n<tr style=\"height: 17.60pt;\">\n<td class=\"et4\" style=\"height: 17.60pt;\" height=\"17\">Cor<\/td>\n<td class=\"et3\">Branco<\/td>\n<\/tr>\n<tr style=\"height: 18.00pt;\">\n<td class=\"et3\" style=\"height: 18.00pt;\" height=\"18\">Dimens\u00e3o<\/td>\n<td class=\"et5\" style=\"width: 202.95pt;\" width=\"202\">65*38*11<\/td>\n<\/tr>\n<tr style=\"height: 17.60pt;\">\n<td class=\"et3\" style=\"height: 17.60pt;\" height=\"17\">N.W \/SET<\/td>\n<td class=\"et3\">12KG\/PCS<\/td>\n<\/tr>\n<tr style=\"height: 17.60pt;\">\n<td class=\"et3\" style=\"height: 17.60pt;\" height=\"17\">MOQ<\/td>\n<td class=\"et3\">20 unidades<\/td>\n<\/tr>\n<tr style=\"height: 17.60pt;\">\n<td class=\"et3\" style=\"height: 17.60pt;\" height=\"17\">Op\u00e7\u00e3o personalizada<\/td>\n<td class=\"et3\">Cor\/Patente\/Tamanho\/Logotipo\/Embalagem<\/td>\n<\/tr>\n<\/tbody>\n<\/table>","protected":false},"featured_media":7413,"comment_status":"closed","ping_status":"closed","template":"","meta":{"_acf_changed":false},"product_brand":[],"product_cat":[50],"product_tag":[],"class_list":{"0":"post-7381","1":"product","2":"type-product","3":"status-publish","4":"has-post-thumbnail","6":"product_cat-wholesale-countertop-sinks","8":"first","9":"instock","10":"shipping-taxable","11":"product-type-simple"},"acf":[],"_links":{"self":[{"href":"https:\/\/www.ceramicbasin.com\/pt\/wp-json\/wp\/v2\/product\/7381","targetHints":{"allow":["GET"]}}],"collection":[{"href":"https:\/\/www.ceramicbasin.com\/pt\/wp-json\/wp\/v2\/product"}],"about":[{"href":"https:\/\/www.ceramicbasin.com\/pt\/wp-json\/wp\/v2\/types\/product"}],"replies":[{"embeddable":true,"href":"https:\/\/www.ceramicbasin.com\/pt\/wp-json\/wp\/v2\/comments?post=7381"}],"wp:featuredmedia":[{"embeddable":true,"href":"https:\/\/www.ceramicbasin.com\/pt\/wp-json\/wp\/v2\/media\/7413"}],"wp:attachment":[{"href":"https:\/\/www.ceramicbasin.com\/pt\/wp-json\/wp\/v2\/media?parent=7381"}],"wp:term":[{"taxonomy":"product_brand","embeddable":true,"href":"https:\/\/www.ceramicbasin.com\/pt\/wp-json\/wp\/v2\/product_brand?post=7381"},{"taxonomy":"product_cat","embeddable":true,"href":"https:\/\/www.ceramicbasin.com\/pt\/wp-json\/wp\/v2\/product_cat?post=7381"},{"taxonomy":"product_tag","embeddable":true,"href":"https:\/\/www.ceramicbasin.com\/pt\/wp-json\/wp\/v2\/product_tag?post=7381"}],"curies":[{"name":"wp","href":"https:\/\/api.w.org\/{rel}","templated":true}]}}