{"id":7389,"date":"2025-08-07T09:26:37","date_gmt":"2025-08-07T09:26:37","guid":{"rendered":"https:\/\/www.ceramicbasin.com\/?post_type=product&#038;p=7389"},"modified":"2025-11-03T07:23:49","modified_gmt":"2025-11-03T07:23:49","slug":"countertop-basins-wholesale","status":"publish","type":"product","link":"https:\/\/www.ceramicbasin.com\/pt\/produto\/countertop-basins-wholesale\/","title":{"rendered":"Lavat\u00f3rios de bancada por atacado, comprar lavat\u00f3rios de casa de banho modernos"},"content":{"rendered":"<div class=\"wp-block-columns is-layout-flex wp-container-core-columns-is-layout-9d6595d7 wp-block-columns-is-layout-flex\">\n<div class=\"wp-block-column is-layout-flow wp-block-column-is-layout-flow\">\n<h2 class=\"wp-block-heading\">Bacias de bancada Premium Carater\u00edsticas por atacado:<\/h2>\n\n\n\n<ul class=\"wp-block-list\">\n<li><strong>Design elegante: <\/strong>Estas bacias de bancada por atacado s\u00e3o bonitas e adoptam um novo design na moda, combinando a est\u00e9tica moderna com fun\u00e7\u00f5es pr\u00e1ticas para acrescentar um efeito visual \u00fanico \u00e0 casa de banho.<\/li>\n\n\n\n<li><strong>Materiais cuidadosamente selecionados: <\/strong>A f\u00e1brica HanYu seleciona cuidadosamente materiais cer\u00e2micos de alta qualidade para garantir que os lavat\u00f3rios de casa de banho em cer\u00e2mica personalizados s\u00e3o dur\u00e1veis, resistentes a manchas e a riscos. Os lavat\u00f3rios de balc\u00e3o por atacado t\u00eam um esmalte suave que \u00e9 f\u00e1cil de limpar e pode manter a sua beleza e brilho durante muito tempo.<\/li>\n\n\n\n<li><strong>Instala\u00e7\u00e3o em cima do balc\u00e3o: <\/strong>Estes lavat\u00f3rios de bancada por atacado foram concebidos para serem instalados por cima do balc\u00e3o e o processo de instala\u00e7\u00e3o \u00e9 simples e pr\u00e1tico, podendo ser adaptados \u00e0 maioria dos arm\u00e1rios de casa de banho normais.<\/li>\n\n\n\n<li><strong>Poupan\u00e7a de custos:<\/strong> A f\u00e1brica de bacias de cer\u00e2mica HanYu fornece-lhe diretamente lavat\u00f3rios de casa de banho por atacado, e os nossos pre\u00e7os competitivos podem ajudar a sua empresa a aumentar as margens de lucro.<\/li>\n<\/ul>\n<\/div>\n\n\n\n<div class=\"wp-block-column is-layout-flow wp-block-column-is-layout-flow\">\n<figure class=\"wp-block-image size-full\"><img fetchpriority=\"high\" decoding=\"async\" width=\"643\" height=\"873\" src=\"https:\/\/www.ceramicbasin.com\/wp-content\/uploads\/2025\/08\/Rectangular-Lavabo-Table-Top-Bathroom-Countertop-Basin-5.webp\" alt=\"lavat\u00f3rios de bancada rectangulares - venda por grosso - lavat\u00f3rios de casa de banho em cer\u00e2mica personalizados modernos - 5\" class=\"wp-image-7405\" srcset=\"https:\/\/www.ceramicbasin.com\/wp-content\/uploads\/2025\/08\/Rectangular-Lavabo-Table-Top-Bathroom-Countertop-Basin-5.webp 643w, https:\/\/www.ceramicbasin.com\/wp-content\/uploads\/2025\/08\/Rectangular-Lavabo-Table-Top-Bathroom-Countertop-Basin-5-221x300.webp 221w, https:\/\/www.ceramicbasin.com\/wp-content\/uploads\/2025\/08\/Rectangular-Lavabo-Table-Top-Bathroom-Countertop-Basin-5-9x12.webp 9w, https:\/\/www.ceramicbasin.com\/wp-content\/uploads\/2025\/08\/Rectangular-Lavabo-Table-Top-Bathroom-Countertop-Basin-5-285x387.webp 285w, https:\/\/www.ceramicbasin.com\/wp-content\/uploads\/2025\/08\/Rectangular-Lavabo-Table-Top-Bathroom-Countertop-Basin-5-486x660.webp 486w, https:\/\/www.ceramicbasin.com\/wp-content\/uploads\/2025\/08\/Rectangular-Lavabo-Table-Top-Bathroom-Countertop-Basin-5-110x150.webp 110w\" sizes=\"(max-width: 643px) 100vw, 643px\" \/><\/figure>\n<\/div>\n<\/div>\n\n\n\n<p><\/p>","protected":false},"excerpt":{"rendered":"<p>Bem-vindo a comprar estes lavat\u00f3rios de bancada por grosso. Este design elegante e inovador de lavat\u00f3rios de casa de banho em cer\u00e2mica personalizados a um pre\u00e7o competitivo. Feito de materiais cer\u00e2micos de alta qualidade, \u00e9 bonito e dur\u00e1vel, f\u00e1cil e eficiente de instalar e adequado para v\u00e1rios estilos de casa de banho. Atrav\u00e9s do com\u00e9rcio grossista direto da f\u00e1brica, fornecemos pre\u00e7os altamente competitivos para ajudar a sua empresa a aumentar as margens de lucro.<\/p>\n<table style=\"border-collapse: collapse; width: 311.02pt;\" border=\"0\" width=\"311\" cellspacing=\"0\" cellpadding=\"0\">\n<tbody>\n<tr style=\"height: 17.60pt;\">\n<td class=\"et3\" style=\"height: 17.60pt; width: 108.35pt;\" width=\"108\" height=\"17\">Fabricante<\/td>\n<td class=\"et3\" style=\"width: 202.95pt;\" width=\"202\">HanYu<\/td>\n<\/tr>\n<tr style=\"height: 17.60pt;\">\n<td class=\"et3\" style=\"height: 17.60pt;\" height=\"17\">Modelo n.<\/td>\n<td class=\"et4\">HY-8025<\/td>\n<\/tr>\n<tr style=\"height: 17.60pt;\">\n<td class=\"et3\" style=\"height: 17.60pt;\" height=\"17\">Tipo<\/td>\n<td class=\"et3\">Lavat\u00f3rio de bancada<\/td>\n<\/tr>\n<tr style=\"height: 17.60pt;\">\n<td class=\"et3\" style=\"height: 17.60pt;\" height=\"17\">Forma<\/td>\n<td class=\"et3\">Forma retangular<\/td>\n<\/tr>\n<tr style=\"height: 17.60pt;\">\n<td class=\"et4\" style=\"height: 17.60pt;\" height=\"17\">Cor<\/td>\n<td class=\"et3\">Branco<\/td>\n<\/tr>\n<tr style=\"height: 18.00pt;\">\n<td class=\"et3\" style=\"height: 18.00pt;\" height=\"18\">Dimens\u00e3o<\/td>\n<td class=\"et5\" style=\"width: 202.95pt;\" width=\"202\">38.5*38.5*13.5<\/td>\n<\/tr>\n<tr style=\"height: 17.60pt;\">\n<td class=\"et3\" style=\"height: 17.60pt;\" height=\"17\">N.W \/SET<\/td>\n<td class=\"et3\">9.5KGS\/PCS<\/td>\n<\/tr>\n<tr style=\"height: 17.60pt;\">\n<td class=\"et3\" style=\"height: 17.60pt;\" height=\"17\">MOQ<\/td>\n<td class=\"et3\">20 unidades<\/td>\n<\/tr>\n<tr style=\"height: 17.60pt;\">\n<td class=\"et3\" style=\"height: 17.60pt;\" height=\"17\">Op\u00e7\u00e3o personalizada<\/td>\n<td class=\"et3\">Cor\/Patente\/Tamanho\/Logotipo\/Embalagem<\/td>\n<\/tr>\n<\/tbody>\n<\/table>","protected":false},"featured_media":7407,"comment_status":"closed","ping_status":"closed","template":"","meta":{"_acf_changed":false},"product_brand":[],"product_cat":[50],"product_tag":[],"class_list":{"0":"post-7389","1":"product","2":"type-product","3":"status-publish","4":"has-post-thumbnail","6":"product_cat-wholesale-countertop-sinks","8":"first","9":"instock","10":"shipping-taxable","11":"product-type-simple"},"acf":[],"_links":{"self":[{"href":"https:\/\/www.ceramicbasin.com\/pt\/wp-json\/wp\/v2\/product\/7389","targetHints":{"allow":["GET"]}}],"collection":[{"href":"https:\/\/www.ceramicbasin.com\/pt\/wp-json\/wp\/v2\/product"}],"about":[{"href":"https:\/\/www.ceramicbasin.com\/pt\/wp-json\/wp\/v2\/types\/product"}],"replies":[{"embeddable":true,"href":"https:\/\/www.ceramicbasin.com\/pt\/wp-json\/wp\/v2\/comments?post=7389"}],"wp:featuredmedia":[{"embeddable":true,"href":"https:\/\/www.ceramicbasin.com\/pt\/wp-json\/wp\/v2\/media\/7407"}],"wp:attachment":[{"href":"https:\/\/www.ceramicbasin.com\/pt\/wp-json\/wp\/v2\/media?parent=7389"}],"wp:term":[{"taxonomy":"product_brand","embeddable":true,"href":"https:\/\/www.ceramicbasin.com\/pt\/wp-json\/wp\/v2\/product_brand?post=7389"},{"taxonomy":"product_cat","embeddable":true,"href":"https:\/\/www.ceramicbasin.com\/pt\/wp-json\/wp\/v2\/product_cat?post=7389"},{"taxonomy":"product_tag","embeddable":true,"href":"https:\/\/www.ceramicbasin.com\/pt\/wp-json\/wp\/v2\/product_tag?post=7389"}],"curies":[{"name":"wp","href":"https:\/\/api.w.org\/{rel}","templated":true}]}}