{"id":7463,"date":"2025-08-21T10:27:22","date_gmt":"2025-08-21T10:27:22","guid":{"rendered":"https:\/\/www.ceramicbasin.com\/?post_type=product&#038;p=7463"},"modified":"2025-11-03T07:20:18","modified_gmt":"2025-11-03T07:20:18","slug":"custom-undermount-bathroom-sink","status":"publish","type":"product","link":"https:\/\/www.ceramicbasin.com\/pt\/produto\/custom-undermount-bathroom-sink\/","title":{"rendered":"Lavat\u00f3rio de casa de banho de montagem personalizada, lavat\u00f3rios a granel por atacado"},"content":{"rendered":"<div class=\"wp-block-columns is-layout-flex wp-container-core-columns-is-layout-9d6595d7 wp-block-columns-is-layout-flex\">\n<div class=\"wp-block-column is-layout-flow wp-block-column-is-layout-flow\">\n<h2 class=\"wp-block-heading\">Carater\u00edsticas do lavat\u00f3rio de casa de banho personalizado Premium Undermount:<\/h2>\n\n\n\n<ul class=\"wp-block-list\">\n<li><strong>Duradouro:<\/strong>\u00a0Os nossos lavat\u00f3rios de casa de banho de encastrar personalizados s\u00e3o fabricados com mat\u00e9rias-primas cer\u00e2micas de alta qualidade e cozidos a altas temperaturas para garantir que os produtos t\u00eam uma dureza e resist\u00eancia \u00e0 corros\u00e3o extremamente elevadas, s\u00e3o dur\u00e1veis e f\u00e1ceis de limpar.<\/li>\n\n\n\n<li><strong>F\u00e1cil de instalar e manter:\u00a0<\/strong>Uma vez que as dimens\u00f5es exactas s\u00e3o pr\u00e9-definidas, a instala\u00e7\u00e3o destes lavat\u00f3rios de casa de banho personalizados de montagem inferior ser\u00e1 bastante r\u00e1pida e f\u00e1cil. A superf\u00edcie do lavat\u00f3rio \u00e9 suave para limpar, resistente a riscos e anti-manchas, o que lhe permitir\u00e1 manter-se bonito durante muitos anos.<\/li>\n\n\n\n<li><strong>Entrega r\u00e1pida:<\/strong>\u00a0Podemos assegurar que as suas encomendas de grande volume s\u00e3o produzidas e entregues rapidamente, acelerando o progresso do seu projeto e satisfazendo necessidades urgentes de constru\u00e7\u00e3o.<\/li>\n\n\n\n<li><strong>Personaliza\u00e7\u00e3o:<\/strong> Temos personaliza\u00e7\u00e3o de tamanho a granel, personaliza\u00e7\u00e3o de cor, personaliza\u00e7\u00e3o de log\u00f3tipo e servi\u00e7o de personaliza\u00e7\u00e3o de embalagem e podemos oferecer servi\u00e7o OEM\/ODM para encomendas a granel que \u00e9 adequado para grandes encomendas como hot\u00e9is, apartamentos, escrit\u00f3rios, etc.<\/li>\n<\/ul>\n<\/div>\n\n\n\n<div class=\"wp-block-column is-layout-flow wp-block-column-is-layout-flow\">\n<figure class=\"wp-block-image size-full\"><img fetchpriority=\"high\" decoding=\"async\" width=\"612\" height=\"828\" src=\"https:\/\/www.ceramicbasin.com\/wp-content\/uploads\/2025\/08\/Bathroom-ceramic-under-counter-sink-bowl-supplier-1.webp\" alt=\"lavat\u00f3rio de casa de banho de montagem personalizada-lava-loi\u00e7as de montagem em cer\u00e2mica-venda por grosso-1\" class=\"wp-image-7446\" srcset=\"https:\/\/www.ceramicbasin.com\/wp-content\/uploads\/2025\/08\/Bathroom-ceramic-under-counter-sink-bowl-supplier-1.webp 612w, https:\/\/www.ceramicbasin.com\/wp-content\/uploads\/2025\/08\/Bathroom-ceramic-under-counter-sink-bowl-supplier-1-222x300.webp 222w, https:\/\/www.ceramicbasin.com\/wp-content\/uploads\/2025\/08\/Bathroom-ceramic-under-counter-sink-bowl-supplier-1-9x12.webp 9w, https:\/\/www.ceramicbasin.com\/wp-content\/uploads\/2025\/08\/Bathroom-ceramic-under-counter-sink-bowl-supplier-1-285x386.webp 285w, https:\/\/www.ceramicbasin.com\/wp-content\/uploads\/2025\/08\/Bathroom-ceramic-under-counter-sink-bowl-supplier-1-488x660.webp 488w, https:\/\/www.ceramicbasin.com\/wp-content\/uploads\/2025\/08\/Bathroom-ceramic-under-counter-sink-bowl-supplier-1-111x150.webp 111w\" sizes=\"(max-width: 612px) 100vw, 612px\" \/><\/figure>\n<\/div>\n<\/div>","protected":false},"excerpt":{"rendered":"<p>Bem-vindo a comprar os nossos lavat\u00f3rios de casa de banho personalizados de montagem inferior. Estes lavat\u00f3rios de encastrar por atacado s\u00e3o feitos de mat\u00e9rias-primas cer\u00e2micas de alta qualidade e cozidos a altas temperaturas para garantir que os produtos t\u00eam uma dureza extremamente elevada e resist\u00eancia \u00e0 corros\u00e3o, s\u00e3o dur\u00e1veis e f\u00e1ceis de limpar.<\/p>\n<table style=\"border-collapse: collapse; width: 358.52pt;\" border=\"0\" width=\"478\" cellspacing=\"0\" cellpadding=\"0\">\n<tbody>\n<tr style=\"height: 17.25pt;\">\n<td class=\"et3\" style=\"height: 17.25pt; width: 125.00pt;\" width=\"166\" height=\"23\">Fabricante<\/td>\n<td class=\"et3\" style=\"width: 234.15pt;\" width=\"312\">HanYu<\/td>\n<\/tr>\n<tr style=\"height: 17.25pt;\">\n<td class=\"et3\" style=\"height: 17.25pt;\" height=\"23\">Modelo n.<\/td>\n<td class=\"et4\">HY-3024<\/td>\n<\/tr>\n<tr style=\"height: 17.25pt;\">\n<td class=\"et3\" style=\"height: 17.25pt;\" height=\"23\">Tipo<\/td>\n<td class=\"et5\" style=\"width: 234.15pt;\" width=\"312\">Lava-loi\u00e7as de encastrar<\/td>\n<\/tr>\n<tr style=\"height: 18.00pt;\">\n<td class=\"et3\" style=\"height: 18.00pt;\" height=\"24\">Forma<\/td>\n<td class=\"et3\">Forma oval<\/td>\n<\/tr>\n<tr style=\"height: 34.50pt;\">\n<td class=\"et4\" style=\"height: 34.50pt;\" height=\"46\">Cor<\/td>\n<td class=\"et5\" style=\"width: 234.15pt;\" width=\"312\">preto\/branco\/azul\/cinzento\/rosa\/verde\/castanho\/caqui<\/td>\n<\/tr>\n<tr style=\"height: 18.00pt;\">\n<td class=\"et3\" style=\"height: 18.00pt;\" height=\"24\">Dimens\u00e3o<\/td>\n<td class=\"et5\" style=\"width: 234.15pt;\" width=\"312\">44*44*17<\/td>\n<\/tr>\n<tr style=\"height: 17.25pt;\">\n<td class=\"et3\" style=\"height: 17.25pt;\" height=\"23\">N.W \/SET<\/td>\n<td class=\"et3\">4.5KGS\/PCS<\/td>\n<\/tr>\n<tr style=\"height: 17.25pt;\">\n<td class=\"et3\" style=\"height: 17.25pt;\" height=\"23\">MOQ<\/td>\n<td class=\"et3\">20 unidades<\/td>\n<\/tr>\n<tr style=\"height: 17.25pt;\">\n<td class=\"et3\" style=\"height: 17.25pt;\" height=\"23\">Op\u00e7\u00e3o personalizada<\/td>\n<td class=\"et3\">Cor\/Patente\/Tamanho\/Logotipo\/Embalagem<\/td>\n<\/tr>\n<\/tbody>\n<\/table>","protected":false},"featured_media":7447,"comment_status":"closed","ping_status":"closed","template":"","meta":{"_acf_changed":false},"product_brand":[],"product_cat":[59],"product_tag":[],"class_list":{"0":"post-7463","1":"product","2":"type-product","3":"status-publish","4":"has-post-thumbnail","6":"product_cat-wholesale-undermount-sinks","8":"first","9":"instock","10":"shipping-taxable","11":"product-type-simple"},"acf":[],"_links":{"self":[{"href":"https:\/\/www.ceramicbasin.com\/pt\/wp-json\/wp\/v2\/product\/7463","targetHints":{"allow":["GET"]}}],"collection":[{"href":"https:\/\/www.ceramicbasin.com\/pt\/wp-json\/wp\/v2\/product"}],"about":[{"href":"https:\/\/www.ceramicbasin.com\/pt\/wp-json\/wp\/v2\/types\/product"}],"replies":[{"embeddable":true,"href":"https:\/\/www.ceramicbasin.com\/pt\/wp-json\/wp\/v2\/comments?post=7463"}],"wp:featuredmedia":[{"embeddable":true,"href":"https:\/\/www.ceramicbasin.com\/pt\/wp-json\/wp\/v2\/media\/7447"}],"wp:attachment":[{"href":"https:\/\/www.ceramicbasin.com\/pt\/wp-json\/wp\/v2\/media?parent=7463"}],"wp:term":[{"taxonomy":"product_brand","embeddable":true,"href":"https:\/\/www.ceramicbasin.com\/pt\/wp-json\/wp\/v2\/product_brand?post=7463"},{"taxonomy":"product_cat","embeddable":true,"href":"https:\/\/www.ceramicbasin.com\/pt\/wp-json\/wp\/v2\/product_cat?post=7463"},{"taxonomy":"product_tag","embeddable":true,"href":"https:\/\/www.ceramicbasin.com\/pt\/wp-json\/wp\/v2\/product_tag?post=7463"}],"curies":[{"name":"wp","href":"https:\/\/api.w.org\/{rel}","templated":true}]}}