{"id":7464,"date":"2025-08-27T02:47:23","date_gmt":"2025-08-27T02:47:23","guid":{"rendered":"https:\/\/www.ceramicbasin.com\/?post_type=product&#038;p=7464"},"modified":"2025-08-27T02:47:26","modified_gmt":"2025-08-27T02:47:26","slug":"wholesale-under-counter-sinks","status":"publish","type":"product","link":"https:\/\/www.ceramicbasin.com\/pt\/produto\/wholesale-under-counter-sinks\/","title":{"rendered":"F\u00e1brica de lavat\u00f3rios de balc\u00e3o por atacado, lavat\u00f3rio de forma oval"},"content":{"rendered":"<div class=\"wp-block-columns is-layout-flex wp-container-core-columns-is-layout-9d6595d7 wp-block-columns-is-layout-flex\">\n<div class=\"wp-block-column is-layout-flow wp-block-column-is-layout-flow\">\n<h2 class=\"wp-block-heading\">Carater\u00edsticas dos lavat\u00f3rios de balc\u00e3o Premium Wholesale:<\/h2>\n\n\n\n<ul class=\"wp-block-list\">\n<li><strong>Forma oval cl\u00e1ssica: <\/strong>Estes lavat\u00f3rios de balc\u00e3o por atacado apresentam um design oval suave que \u00e9 ergon\u00f3mico e intemporal, perfeito para uma variedade de bancadas de casa de banho.<\/li>\n\n\n\n<li><strong>Esmalte liso e f\u00e1cil de limpar:<\/strong> Os nossos lavat\u00f3rios de montagem por atacado s\u00e3o cozidos a altas temperaturas para criar um acabamento brilhante que resiste a manchas e riscos, facilitando a limpeza e a manuten\u00e7\u00e3o.<\/li>\n\n\n\n<li><strong>Entrega r\u00e1pida:<\/strong> Os nossos lavat\u00f3rios de balc\u00e3o por atacado utilizam o nosso sistema de produ\u00e7\u00e3o abrangente e a nossa capacidade de produ\u00e7\u00e3o em grande escala para garantir uma entrega eficiente.<\/li>\n\n\n\n<li><strong>Personaliza\u00e7\u00e3o: <\/strong>Os nossos lavat\u00f3rios de montagem por atacado podem ser personalizados em termos de cor, tamanho e outras op\u00e7\u00f5es para satisfazer as necessidades individuais de diferentes projectos e mercados.<\/li>\n<\/ul>\n<\/div>\n\n\n\n<div class=\"wp-block-column is-layout-flow wp-block-column-is-layout-flow\">\n<figure class=\"wp-block-image size-full is-resized\"><img fetchpriority=\"high\" decoding=\"async\" width=\"621\" height=\"836\" src=\"https:\/\/www.ceramicbasin.com\/wp-content\/uploads\/2025\/08\/Oval-shape-cabinet-under-counter-hand-washing-basin-sink-factory-5.webp\" alt=\"F\u00e1brica de lavat\u00f3rios de balc\u00e3o por atacado, lavat\u00f3rio de forma oval-1\" class=\"wp-image-7445\" style=\"width:361px;height:auto\" srcset=\"https:\/\/www.ceramicbasin.com\/wp-content\/uploads\/2025\/08\/Oval-shape-cabinet-under-counter-hand-washing-basin-sink-factory-5.webp 621w, https:\/\/www.ceramicbasin.com\/wp-content\/uploads\/2025\/08\/Oval-shape-cabinet-under-counter-hand-washing-basin-sink-factory-5-223x300.webp 223w, https:\/\/www.ceramicbasin.com\/wp-content\/uploads\/2025\/08\/Oval-shape-cabinet-under-counter-hand-washing-basin-sink-factory-5-9x12.webp 9w, https:\/\/www.ceramicbasin.com\/wp-content\/uploads\/2025\/08\/Oval-shape-cabinet-under-counter-hand-washing-basin-sink-factory-5-285x384.webp 285w, https:\/\/www.ceramicbasin.com\/wp-content\/uploads\/2025\/08\/Oval-shape-cabinet-under-counter-hand-washing-basin-sink-factory-5-490x660.webp 490w, https:\/\/www.ceramicbasin.com\/wp-content\/uploads\/2025\/08\/Oval-shape-cabinet-under-counter-hand-washing-basin-sink-factory-5-111x150.webp 111w\" sizes=\"(max-width: 621px) 100vw, 621px\" \/><\/figure>\n<\/div>\n<\/div>","protected":false},"excerpt":{"rendered":"<p>Bem-vindo \u00e0 compra de lavat\u00f3rios de balc\u00e3o por grosso. Este lavat\u00f3rio oval cl\u00e1ssico de montagem inferior apresenta um design simples e elegante, e o seu esmalte liso n\u00e3o s\u00f3 melhora a est\u00e9tica geral, mas tamb\u00e9m facilita a limpeza. Diretamente da f\u00e1brica, com entrega r\u00e1pida e op\u00e7\u00f5es de personaliza\u00e7\u00e3o dispon\u00edveis.<\/p>\n<table style=\"border-collapse: collapse; width: 358.52pt;\" border=\"0\" width=\"478\" cellspacing=\"0\" cellpadding=\"0\">\n<tbody>\n<tr style=\"height: 17.25pt;\">\n<td class=\"et3\" style=\"height: 17.25pt; width: 125.00pt;\" width=\"166\" height=\"23\">Fabricante<\/td>\n<td class=\"et3\" style=\"width: 234.15pt;\" width=\"312\">HanYu<\/td>\n<\/tr>\n<tr style=\"height: 17.25pt;\">\n<td class=\"et3\" style=\"height: 17.25pt;\" height=\"23\">Modelo n.<\/td>\n<td class=\"et4\">HY-3025<\/td>\n<\/tr>\n<tr style=\"height: 17.25pt;\">\n<td class=\"et3\" style=\"height: 17.25pt;\" height=\"23\">Tipo<\/td>\n<td class=\"et5\" style=\"width: 234.15pt;\" width=\"312\">Lava-loi\u00e7as de encastrar<\/td>\n<\/tr>\n<tr style=\"height: 18.00pt;\">\n<td class=\"et3\" style=\"height: 18.00pt;\" height=\"24\">Forma<\/td>\n<td class=\"et3\">Forma oval<\/td>\n<\/tr>\n<tr style=\"height: 34.50pt;\">\n<td class=\"et4\" style=\"height: 34.50pt;\" height=\"46\">Cor<\/td>\n<td class=\"et5\" style=\"width: 234.15pt;\" width=\"312\">preto\/branco\/azul\/cinzento\/rosa\/verde\/castanho\/caqui<\/td>\n<\/tr>\n<tr style=\"height: 18.00pt;\">\n<td class=\"et3\" style=\"height: 18.00pt;\" height=\"24\">Dimens\u00e3o<\/td>\n<td class=\"et5\" style=\"width: 234.15pt;\" width=\"312\">64*46*19.5<\/td>\n<\/tr>\n<tr style=\"height: 17.25pt;\">\n<td class=\"et3\" style=\"height: 17.25pt;\" height=\"23\">N.W \/SET<\/td>\n<td class=\"et3\">6.5KGS\/PCS<\/td>\n<\/tr>\n<tr style=\"height: 17.25pt;\">\n<td class=\"et3\" style=\"height: 17.25pt;\" height=\"23\">MOQ<\/td>\n<td class=\"et3\">20 unidades<\/td>\n<\/tr>\n<tr style=\"height: 17.25pt;\">\n<td class=\"et3\" style=\"height: 17.25pt;\" height=\"23\">Op\u00e7\u00e3o personalizada<\/td>\n<td class=\"et3\">Cor\/Patente\/Tamanho\/Logotipo\/Embalagem<\/td>\n<\/tr>\n<\/tbody>\n<\/table>","protected":false},"featured_media":7441,"comment_status":"closed","ping_status":"closed","template":"","meta":{"_acf_changed":false},"product_brand":[],"product_cat":[59],"product_tag":[],"class_list":{"0":"post-7464","1":"product","2":"type-product","3":"status-publish","4":"has-post-thumbnail","6":"product_cat-wholesale-undermount-sinks","8":"first","9":"instock","10":"shipping-taxable","11":"product-type-simple"},"acf":[],"_links":{"self":[{"href":"https:\/\/www.ceramicbasin.com\/pt\/wp-json\/wp\/v2\/product\/7464","targetHints":{"allow":["GET"]}}],"collection":[{"href":"https:\/\/www.ceramicbasin.com\/pt\/wp-json\/wp\/v2\/product"}],"about":[{"href":"https:\/\/www.ceramicbasin.com\/pt\/wp-json\/wp\/v2\/types\/product"}],"replies":[{"embeddable":true,"href":"https:\/\/www.ceramicbasin.com\/pt\/wp-json\/wp\/v2\/comments?post=7464"}],"wp:featuredmedia":[{"embeddable":true,"href":"https:\/\/www.ceramicbasin.com\/pt\/wp-json\/wp\/v2\/media\/7441"}],"wp:attachment":[{"href":"https:\/\/www.ceramicbasin.com\/pt\/wp-json\/wp\/v2\/media?parent=7464"}],"wp:term":[{"taxonomy":"product_brand","embeddable":true,"href":"https:\/\/www.ceramicbasin.com\/pt\/wp-json\/wp\/v2\/product_brand?post=7464"},{"taxonomy":"product_cat","embeddable":true,"href":"https:\/\/www.ceramicbasin.com\/pt\/wp-json\/wp\/v2\/product_cat?post=7464"},{"taxonomy":"product_tag","embeddable":true,"href":"https:\/\/www.ceramicbasin.com\/pt\/wp-json\/wp\/v2\/product_tag?post=7464"}],"curies":[{"name":"wp","href":"https:\/\/api.w.org\/{rel}","templated":true}]}}