{"id":7465,"date":"2025-08-27T02:39:57","date_gmt":"2025-08-27T02:39:57","guid":{"rendered":"https:\/\/www.ceramicbasin.com\/?post_type=product&#038;p=7465"},"modified":"2025-08-27T02:39:59","modified_gmt":"2025-08-27T02:39:59","slug":"wholesale-undermount-bathroom-sinks","status":"publish","type":"product","link":"https:\/\/www.ceramicbasin.com\/pt\/produto\/wholesale-undermount-bathroom-sinks\/","title":{"rendered":"Lavat\u00f3rios de casa de banho de montagem inferior por atacado, lavat\u00f3rios de alta qualidade"},"content":{"rendered":"<div class=\"wp-block-columns is-layout-flex wp-container-core-columns-is-layout-9d6595d7 wp-block-columns-is-layout-flex\">\n<div class=\"wp-block-column is-layout-flow wp-block-column-is-layout-flow\">\n<h2 class=\"wp-block-heading\">Pias de casa de banho de montagem inferior por atacado Premium Carater\u00edsticas:<\/h2>\n\n\n\n<ul class=\"wp-block-list\">\n<li><strong>Design simples e optimizado:<\/strong> Estes lavat\u00f3rios de casa de banho de montagem inferior por atacado apresentam linhas suaves e fluidas, criando um aspeto forte e integrado que acentua a limpeza e a eleg\u00e2ncia da sua casa de banho.<\/li>\n\n\n\n<li><strong>Cer\u00e2mica de alta qualidade: <\/strong>Os nossos lavat\u00f3rios de balc\u00e3o por atacado s\u00e3o fabricados a partir de cer\u00e2mica de alta qualidade cozida a altas temperaturas, resultando numa superf\u00edcie lisa e refinada que oferece uma excelente resist\u00eancia ao desgaste, resist\u00eancia \u00e0s manchas e limpeza f\u00e1cil.<\/li>\n\n\n\n<li><strong>Entrega r\u00e1pida: <\/strong>A F\u00e1brica de Lavat\u00f3rio de Casa de Banho HanYu tem um sistema de produ\u00e7\u00e3o abrangente e suporte de invent\u00e1rio para garantir a entrega eficiente dos nossos lavat\u00f3rios de casa de banho de montagem inferior por atacado, cumprindo os hor\u00e1rios dos projectos dos clientes.<\/li>\n\n\n\n<li><strong>Personaliza\u00e7\u00e3o: <\/strong>Os nossos lavat\u00f3rios de balc\u00e3o por atacado est\u00e3o dispon\u00edveis numa variedade de cores para se adequarem ao seu espa\u00e7o de banho espec\u00edfico e estilo de design.<\/li>\n<\/ul>\n<\/div>\n\n\n\n<div class=\"wp-block-column is-layout-flow wp-block-column-is-layout-flow\">\n<figure class=\"wp-block-image size-full\"><img fetchpriority=\"high\" decoding=\"async\" width=\"629\" height=\"861\" src=\"https:\/\/www.ceramicbasin.com\/wp-content\/uploads\/2025\/08\/High-quality-bathroom-under-mounted-hand-washbasin-bowl-custom-5.webp\" alt=\"Lavat\u00f3rios de casa de banho de montagem inferior por atacado, lavat\u00f3rios de alta qualidade-1\" class=\"wp-image-7440\" srcset=\"https:\/\/www.ceramicbasin.com\/wp-content\/uploads\/2025\/08\/High-quality-bathroom-under-mounted-hand-washbasin-bowl-custom-5.webp 629w, https:\/\/www.ceramicbasin.com\/wp-content\/uploads\/2025\/08\/High-quality-bathroom-under-mounted-hand-washbasin-bowl-custom-5-219x300.webp 219w, https:\/\/www.ceramicbasin.com\/wp-content\/uploads\/2025\/08\/High-quality-bathroom-under-mounted-hand-washbasin-bowl-custom-5-9x12.webp 9w, https:\/\/www.ceramicbasin.com\/wp-content\/uploads\/2025\/08\/High-quality-bathroom-under-mounted-hand-washbasin-bowl-custom-5-285x390.webp 285w, https:\/\/www.ceramicbasin.com\/wp-content\/uploads\/2025\/08\/High-quality-bathroom-under-mounted-hand-washbasin-bowl-custom-5-482x660.webp 482w, https:\/\/www.ceramicbasin.com\/wp-content\/uploads\/2025\/08\/High-quality-bathroom-under-mounted-hand-washbasin-bowl-custom-5-110x150.webp 110w\" sizes=\"(max-width: 629px) 100vw, 629px\" \/><\/figure>\n<\/div>\n<\/div>\n\n\n\n<p><\/p>","protected":false},"excerpt":{"rendered":"<p>Bem-vindo \u00e0 compra por grosso de lavat\u00f3rios de casa de banho de montagem inferior. Este lavat\u00f3rio de cer\u00e2mica branca e lisa apresenta um design elegante, criando um aspeto simples e elegante que combina na perfei\u00e7\u00e3o com qualquer bancada de casa de banho. Est\u00e3o dispon\u00edveis cores personaliz\u00e1veis, perfeitas para projectos e compras a granel.<\/p>\n<table style=\"border-collapse: collapse; width: 358.52pt;\" border=\"0\" width=\"478\" cellspacing=\"0\" cellpadding=\"0\">\n<tbody>\n<tr style=\"height: 17.25pt;\">\n<td class=\"et3\" style=\"height: 17.25pt; width: 125.00pt;\" width=\"166\" height=\"23\">Fabricante<\/td>\n<td class=\"et3\" style=\"width: 234.15pt;\" width=\"312\">HanYu<\/td>\n<\/tr>\n<tr style=\"height: 17.25pt;\">\n<td class=\"et3\" style=\"height: 17.25pt;\" height=\"23\">Modelo n.<\/td>\n<td class=\"et4\">HY-3029<\/td>\n<\/tr>\n<tr style=\"height: 17.25pt;\">\n<td class=\"et3\" style=\"height: 17.25pt;\" height=\"23\">Tipo<\/td>\n<td class=\"et5\" style=\"width: 234.15pt;\" width=\"312\">Lava-loi\u00e7as de encastrar<\/td>\n<\/tr>\n<tr style=\"height: 18.00pt;\">\n<td class=\"et3\" style=\"height: 18.00pt;\" height=\"24\">Forma<\/td>\n<td class=\"et3\">Forma oval<\/td>\n<\/tr>\n<tr style=\"height: 34.50pt;\">\n<td class=\"et4\" style=\"height: 34.50pt;\" height=\"46\">Cor<\/td>\n<td class=\"et5\" style=\"width: 234.15pt;\" width=\"312\">preto\/branco\/azul\/cinzento\/rosa\/verde\/castanho\/caqui<\/td>\n<\/tr>\n<tr style=\"height: 18.00pt;\">\n<td class=\"et3\" style=\"height: 18.00pt;\" height=\"24\">Dimens\u00e3o<\/td>\n<td class=\"et5\" style=\"width: 234.15pt;\" width=\"312\">33*28*16.5<\/td>\n<\/tr>\n<tr style=\"height: 17.25pt;\">\n<td class=\"et3\" style=\"height: 17.25pt;\" height=\"23\">N.W \/SET<\/td>\n<td class=\"et3\">4KGS\/PCS<\/td>\n<\/tr>\n<tr style=\"height: 17.25pt;\">\n<td class=\"et3\" style=\"height: 17.25pt;\" height=\"23\">MOQ<\/td>\n<td class=\"et3\">20 unidades<\/td>\n<\/tr>\n<tr style=\"height: 17.25pt;\">\n<td class=\"et3\" style=\"height: 17.25pt;\" height=\"23\">Op\u00e7\u00e3o personalizada<\/td>\n<td class=\"et3\">Cor\/Patente\/Tamanho\/Logotipo\/Embalagem<\/td>\n<\/tr>\n<\/tbody>\n<\/table>","protected":false},"featured_media":7436,"comment_status":"closed","ping_status":"closed","template":"","meta":{"_acf_changed":false},"product_brand":[],"product_cat":[59],"product_tag":[],"class_list":{"0":"post-7465","1":"product","2":"type-product","3":"status-publish","4":"has-post-thumbnail","6":"product_cat-wholesale-undermount-sinks","8":"first","9":"instock","10":"shipping-taxable","11":"product-type-simple"},"acf":[],"_links":{"self":[{"href":"https:\/\/www.ceramicbasin.com\/pt\/wp-json\/wp\/v2\/product\/7465","targetHints":{"allow":["GET"]}}],"collection":[{"href":"https:\/\/www.ceramicbasin.com\/pt\/wp-json\/wp\/v2\/product"}],"about":[{"href":"https:\/\/www.ceramicbasin.com\/pt\/wp-json\/wp\/v2\/types\/product"}],"replies":[{"embeddable":true,"href":"https:\/\/www.ceramicbasin.com\/pt\/wp-json\/wp\/v2\/comments?post=7465"}],"wp:featuredmedia":[{"embeddable":true,"href":"https:\/\/www.ceramicbasin.com\/pt\/wp-json\/wp\/v2\/media\/7436"}],"wp:attachment":[{"href":"https:\/\/www.ceramicbasin.com\/pt\/wp-json\/wp\/v2\/media?parent=7465"}],"wp:term":[{"taxonomy":"product_brand","embeddable":true,"href":"https:\/\/www.ceramicbasin.com\/pt\/wp-json\/wp\/v2\/product_brand?post=7465"},{"taxonomy":"product_cat","embeddable":true,"href":"https:\/\/www.ceramicbasin.com\/pt\/wp-json\/wp\/v2\/product_cat?post=7465"},{"taxonomy":"product_tag","embeddable":true,"href":"https:\/\/www.ceramicbasin.com\/pt\/wp-json\/wp\/v2\/product_tag?post=7465"}],"curies":[{"name":"wp","href":"https:\/\/api.w.org\/{rel}","templated":true}]}}