{"id":7474,"date":"2025-08-18T07:21:32","date_gmt":"2025-08-18T07:21:32","guid":{"rendered":"https:\/\/www.ceramicbasin.com\/?post_type=product&#038;p=7474"},"modified":"2025-08-27T02:25:26","modified_gmt":"2025-08-27T02:25:26","slug":"wholesale-bathroom-vessel-sink","status":"publish","type":"product","link":"https:\/\/www.ceramicbasin.com\/pt\/produto\/wholesale-bathroom-vessel-sink\/","title":{"rendered":"Lavat\u00f3rio de vaso de casa de banho por atacado, bacias de cer\u00e2mica com efeito de m\u00e1rmore"},"content":{"rendered":"<div class=\"wp-block-columns is-layout-flex wp-container-core-columns-is-layout-9d6595d7 wp-block-columns-is-layout-flex\">\n<div class=\"wp-block-column is-layout-flow wp-block-column-is-layout-flow\">\n<h2 class=\"wp-block-heading\">Carater\u00edsticas do lavat\u00f3rio de vaso de casa de banho por atacado Premium:<\/h2>\n\n\n\n<ul class=\"wp-block-list\">\n<li><strong>Efeito de m\u00e1rmore realista: <\/strong>Estes lavat\u00f3rios para casa de banho por atacado em amarelo p\u00e1lido apresentam uma textura de m\u00e1rmore natural, suave e realista, criando uma experi\u00eancia visual quente e sofisticada, acrescentando um toque de estilo a qualquer espa\u00e7o de casa de banho.<\/li>\n\n\n\n<li><strong>Material cer\u00e2mico de qualidade superior: <\/strong>As nossas bacias de bancada de cer\u00e2mica por atacado s\u00e3o fabricadas em cer\u00e2mica de alta qualidade, cozida a altas temperaturas. As bacias s\u00e3o dur\u00e1veis, com um acabamento liso e fino que resiste a manchas e riscos, garantindo que tenham um aspeto novo durante anos.<\/li>\n\n\n\n<li><strong>Pre\u00e7o direto de f\u00e1brica: <\/strong>Os nossos lavat\u00f3rios de casa de banho por atacado s\u00e3o adquiridos diretamente da f\u00e1brica, eliminando intermedi\u00e1rios e oferecendo produtos de alta qualidade a pre\u00e7os competitivos, ajudando os grossistas e os projectos de constru\u00e7\u00e3o a reduzir os custos.<\/li>\n\n\n\n<li><strong>Vers\u00e1til: <\/strong>Quer se trate de resid\u00eancias de luxo, hot\u00e9is com estrelas ou projectos comerciais, os nossos lavat\u00f3rios de bancada em cer\u00e2mica por atacado integram-se facilmente em qualquer espa\u00e7o, proporcionando praticidade e apelo decorativo.<\/li>\n<\/ul>\n<\/div>\n\n\n\n<div class=\"wp-block-column is-layout-flow wp-block-column-is-layout-flow\">\n<figure class=\"wp-block-image size-full\"><img fetchpriority=\"high\" decoding=\"async\" width=\"800\" height=\"800\" src=\"https:\/\/www.ceramicbasin.com\/wp-content\/uploads\/2025\/08\/marble-vanity-sinks\uff0ccustom-marble-sink\uff0cvessel-sink-countertop5.webp\" alt=\"Lavat\u00f3rio de vaso de casa de banho por atacado, bacias de cer\u00e2mica com efeito de m\u00e1rmore-1\" class=\"wp-image-7479\" srcset=\"https:\/\/www.ceramicbasin.com\/wp-content\/uploads\/2025\/08\/marble-vanity-sinks\uff0ccustom-marble-sink\uff0cvessel-sink-countertop5.webp 800w, https:\/\/www.ceramicbasin.com\/wp-content\/uploads\/2025\/08\/marble-vanity-sinks\uff0ccustom-marble-sink\uff0cvessel-sink-countertop5-300x300.webp 300w, https:\/\/www.ceramicbasin.com\/wp-content\/uploads\/2025\/08\/marble-vanity-sinks\uff0ccustom-marble-sink\uff0cvessel-sink-countertop5-150x150.webp 150w, https:\/\/www.ceramicbasin.com\/wp-content\/uploads\/2025\/08\/marble-vanity-sinks\uff0ccustom-marble-sink\uff0cvessel-sink-countertop5-768x768.webp 768w, https:\/\/www.ceramicbasin.com\/wp-content\/uploads\/2025\/08\/marble-vanity-sinks\uff0ccustom-marble-sink\uff0cvessel-sink-countertop5-12x12.webp 12w, https:\/\/www.ceramicbasin.com\/wp-content\/uploads\/2025\/08\/marble-vanity-sinks\uff0ccustom-marble-sink\uff0cvessel-sink-countertop5-285x285.webp 285w, https:\/\/www.ceramicbasin.com\/wp-content\/uploads\/2025\/08\/marble-vanity-sinks\uff0ccustom-marble-sink\uff0cvessel-sink-countertop5-270x270.webp 270w, https:\/\/www.ceramicbasin.com\/wp-content\/uploads\/2025\/08\/marble-vanity-sinks\uff0ccustom-marble-sink\uff0cvessel-sink-countertop5-540x540.webp 540w, https:\/\/www.ceramicbasin.com\/wp-content\/uploads\/2025\/08\/marble-vanity-sinks\uff0ccustom-marble-sink\uff0cvessel-sink-countertop5-660x660.webp 660w\" sizes=\"(max-width: 800px) 100vw, 800px\" \/><\/figure>\n<\/div>\n<\/div>\n\n\n\n<p><\/p>","protected":false},"excerpt":{"rendered":"<p>Compre lavat\u00f3rios de casa de banho por grosso para o seu projeto. Estes lavat\u00f3rios de bancada em cer\u00e2mica com efeito de m\u00e1rmore amarelo p\u00e1lido, com a sua textura natural realista e delicada e tonalidade elegante, criam uma atmosfera acolhedora e elegante. O pre\u00e7o direto da f\u00e1brica oferece aos clientes uma escolha mais competitiva.<\/p>\n<table style=\"border-collapse: collapse; width: 311.02pt;\" border=\"0\" width=\"311\" cellspacing=\"0\" cellpadding=\"0\">\n<tbody>\n<tr style=\"height: 17.60pt;\">\n<td class=\"et3\" style=\"height: 17.60pt; width: 108.35pt;\" width=\"108\" height=\"17\">Fabricante<\/td>\n<td class=\"et3\" style=\"width: 202.95pt;\" width=\"202\">HanYu<\/td>\n<\/tr>\n<tr style=\"height: 17.60pt;\">\n<td class=\"et3\" style=\"height: 17.60pt;\" height=\"17\">Modelo n.<\/td>\n<td class=\"et4\">HY-8004D1<\/td>\n<\/tr>\n<tr style=\"height: 36.00pt;\">\n<td class=\"et3\" style=\"height: 36.00pt;\" height=\"36\">Tipo<\/td>\n<td class=\"et5\" style=\"width: 202.95pt;\" width=\"202\">Lavat\u00f3rio em m\u00e1rmore, Lavat\u00f3rio de bancada<\/td>\n<\/tr>\n<tr style=\"height: 17.60pt;\">\n<td class=\"et3\" style=\"height: 17.60pt;\" height=\"17\">Forma<\/td>\n<td class=\"et3\">Forma redonda<\/td>\n<\/tr>\n<tr style=\"height: 18.00pt;\">\n<td class=\"et4\" style=\"height: 18.00pt;\" height=\"18\">Cor<\/td>\n<td class=\"et5\" style=\"width: 202.95pt;\" width=\"202\">m\u00e1rmore<\/td>\n<\/tr>\n<tr style=\"height: 18.00pt;\">\n<td class=\"et3\" style=\"height: 18.00pt;\" height=\"18\">Dimens\u00e3o<\/td>\n<td class=\"et5\" style=\"width: 202.95pt;\" width=\"202\">44.5*44.5*15.5<\/td>\n<\/tr>\n<tr style=\"height: 17.60pt;\">\n<td class=\"et3\" style=\"height: 17.60pt;\" height=\"17\">N.W \/SET<\/td>\n<td class=\"et3\">15 KGS\/PCS<\/td>\n<\/tr>\n<tr style=\"height: 17.60pt;\">\n<td class=\"et3\" style=\"height: 17.60pt;\" height=\"17\">MOQ<\/td>\n<td class=\"et3\">20 unidades<\/td>\n<\/tr>\n<tr style=\"height: 17.60pt;\">\n<td class=\"et3\" style=\"height: 17.60pt;\" height=\"17\">Op\u00e7\u00e3o personalizada<\/td>\n<td class=\"et3\">Cor\/Patente\/Tamanho\/Logotipo\/Embalagem<\/td>\n<\/tr>\n<\/tbody>\n<\/table>","protected":false},"featured_media":7478,"comment_status":"closed","ping_status":"closed","template":"","meta":{"_acf_changed":false},"product_brand":[],"product_cat":[54,50],"product_tag":[],"class_list":{"0":"post-7474","1":"product","2":"type-product","3":"status-publish","4":"has-post-thumbnail","6":"product_cat-wholesale-marble-sinks","7":"product_cat-wholesale-countertop-sinks","9":"first","10":"instock","11":"shipping-taxable","12":"product-type-simple"},"acf":[],"_links":{"self":[{"href":"https:\/\/www.ceramicbasin.com\/pt\/wp-json\/wp\/v2\/product\/7474","targetHints":{"allow":["GET"]}}],"collection":[{"href":"https:\/\/www.ceramicbasin.com\/pt\/wp-json\/wp\/v2\/product"}],"about":[{"href":"https:\/\/www.ceramicbasin.com\/pt\/wp-json\/wp\/v2\/types\/product"}],"replies":[{"embeddable":true,"href":"https:\/\/www.ceramicbasin.com\/pt\/wp-json\/wp\/v2\/comments?post=7474"}],"wp:featuredmedia":[{"embeddable":true,"href":"https:\/\/www.ceramicbasin.com\/pt\/wp-json\/wp\/v2\/media\/7478"}],"wp:attachment":[{"href":"https:\/\/www.ceramicbasin.com\/pt\/wp-json\/wp\/v2\/media?parent=7474"}],"wp:term":[{"taxonomy":"product_brand","embeddable":true,"href":"https:\/\/www.ceramicbasin.com\/pt\/wp-json\/wp\/v2\/product_brand?post=7474"},{"taxonomy":"product_cat","embeddable":true,"href":"https:\/\/www.ceramicbasin.com\/pt\/wp-json\/wp\/v2\/product_cat?post=7474"},{"taxonomy":"product_tag","embeddable":true,"href":"https:\/\/www.ceramicbasin.com\/pt\/wp-json\/wp\/v2\/product_tag?post=7474"}],"curies":[{"name":"wp","href":"https:\/\/api.w.org\/{rel}","templated":true}]}}